{"id":2744,"date":"2012-06-29T12:44:22","date_gmt":"2012-06-29T12:44:22","guid":{"rendered":"http:\/\/www.labeljoy.com\/features-2\/"},"modified":"2026-03-06T06:38:04","modified_gmt":"2026-03-06T06:38:04","slug":"caracteristicas","status":"publish","type":"page","link":"https:\/\/www.labeljoy.com\/es\/caracteristicas\/","title":{"rendered":"Caracter\u00edsticas de Labeljoy"},"content":{"rendered":"<h1>Caracter\u00edsticas de Labeljoy<\/h1>\n<p>Labeljoy es un <strong>software de etiquetado de c\u00f3digos de barras<\/strong> profesional, avanzado y f\u00e1cil de usar. Permite generar <strong>c\u00f3digos de barras lineales y 2D<\/strong>, crear e <strong>imprimir etiquetas personalizadas<\/strong> e importar datos de fuentes externas. Compatible con impresoras est\u00e1ndar l\u00e1ser, de inyecci\u00f3n de tinta o de rollo.<\/p>\n<p>&nbsp;<\/p>\n<p class=\"tt-icon icon-star\"><strong>R\u00c1PIDO Y SENCILLO<\/strong><br \/>\nCrear e imprimir etiquetas con Labeljoy es muy f\u00e1cil gracias a su interfaz intuitiva. Con unos pocos clics puede crear etiquetas b\u00e1sicas o profesionales, utilizando todas las funcionalidades del software.<\/p>\n<p style=\"text-align: center;\"><a class=\"small white tt-button\" title=\"video presentacion\" href=\"https:\/\/youtu.be\/F3Meb6JwWqE\" target=\"_blank\" rel=\"noopener\"> Presentaci\u00f3n Software <\/a><\/p>\n<div class=\"hr hr-dotted\">&nbsp;<\/div>\n<p class=\"tt-icon icon-db2\"><a href=\"http:\/\/www.labeljoy.com\/es\/soporte\/como-hacer\/imprimir-etiquetas-desde-excel\/\"><strong>CONEXI\u00d3N A UNA BASE DE DATOS EXTERNA<\/strong><\/a><br \/>\nPuede conectar textos, c\u00f3digos de barras e im\u00e1genes a una fuente de datos externa tal como Excel, Access, Outlook, SQLite, csv, txt, wk1-2-3, Sql Server, MySql, Oracle. Podr\u00e1 generar r\u00e1pidamente etiquetas con c\u00f3digos de barras personalizadas.<\/p>\n<p style=\"text-align: center;\"><a class=\"small white tt-button\" title=\"Conectar a fuentes de Datos Externas\" href=\"https:\/\/youtu.be\/CN4ZACL9z4M\" target=\"_blank\" rel=\"noopener\"> C\u00f3mo conectar a fuentes de Datos Externas <\/a><\/p>\n<div class=\"hr hr-dotted\">&nbsp;<\/div>\n<div class=\"one_half\">\n<p class=\"tt-icon icon-refresh\"> <strong>ACTUALIZACI\u00d3N DIN\u00c1MICA<\/strong><br \/>\nActualice r\u00e1pidamente todos los campos de las etiquetas vinculadas a datos con un solo clic. <\/p>\n<p style=\"text-align: center;\"><a class=\"small white tt-button\" title=\"actualizaci\u00f3n din\u00e1mica\" href=\"https:\/\/youtu.be\/rhqsP3ufmJw\" target=\"_blank\" rel=\"noopener\"> C\u00f3mo Actualizar Din\u00e1micamente <\/a><\/p>\n<\/div>\n<div class=\"one_half\">\n<p class=\"tt-icon icon-arrow-up-b\"> <a href=\"http:\/\/www.labeljoy.com\/es\/soporte\/como-hacer\/contador-incremental\/\"><strong>CONTADORES INCREMENTALES <\/strong><\/a><br \/>\nPuede insertar contadores incrementales en los campos de c\u00f3digo de barra y texto, con valores num\u00e9ricos y alfanum\u00e9ricos.<\/p>\n<p style=\"text-align: center;\"><a href=\"https:\/\/youtu.be\/x6-RbQrlbmM\" class=\"small white tt-button\" data-gal=\"prettyPhoto\" title=\"Contador Incremental\">C\u00f3mo Utilizar el Contador Incremental<\/a>\n<\/div>\n<div class=\"hr hr-dotted\">&nbsp;<\/div>\n<p class=\"tt-icon icon-qrcode\"><strong>GENERADOR DE C\u00d3DIGOS QR<\/strong><br \/>\nLabeljoy contiene un generador de c\u00f3digos QR. Genera, exporta e imprime ilimitados c\u00f3digos de barras 2D. Consulte nuestra <a title=\"guia C\u00f3digo QR\" href=\"http:\/\/www.labeljoy.com\/es\/soporte\/que-es-codigo-qr\/\">gu\u00eda de C\u00f3digo QR<\/a> para saber m\u00e1s sobre C\u00f3digos QR.<\/p>\n<p style=\"text-align: center;\"><a class=\"small white tt-button\" title=\"Generador C\u00f3digo QR\" href=\"https:\/\/youtu.be\/-R06glsVgNU\" target=\"_blank\" rel=\"noopener\"> C\u00f3mo Generar C\u00f3digo QR <\/a><\/p>\n<div class=\"hr hr-dotted\">&nbsp;<\/div>\n<p class=\"tt-icon icon-barcode\"><strong>GENERADOR DE C\u00d3DIGOS DE BARRAS<\/strong><br \/>\nLabeljoy permite crear e imprimir los siguientes c\u00f3digos de barras: Ean 13, Ean 8, Ean 128, ITF 14, UPC, Code 32, Code 39, Code 93, GS1-128, Code 39 Extended, Interleaved 2 of 5, Industrial 2 of 5, Codabar, Datamatrix, Postnet code y Planet code. Consulte nuestra <a title=\"Gu\u00eda de C\u00f3digos de Barra\" href=\"http:\/\/www.labeljoy.com\/es\/soporte\/generar-codigo-barras\/\">secci\u00f3n de c\u00f3digos de barras<\/a> para conocer las principales caracter\u00edsticas de cada simbolog\u00eda.<\/p>\n<p style=\"text-align: center;\"><a class=\"small white tt-button\" title=\"Generador C\u00f3digos de Barra\" href=\"https:\/\/youtu.be\/-R06glsVgNU\" target=\"_blank\" rel=\"noopener\"> C\u00f3mo Generar C\u00f3digos de Barra <\/a><\/p>\n<div class=\"hr hr-dotted\">&nbsp;<\/div>\n<div class=\"one_half\">\n<p class=\"tt-icon icon-printer\"><strong>IMPRESORAS EST\u00c1NDAR<\/strong><br \/>\nImprime en hojas de tama\u00f1o A4, A5 y otras en impresoras est\u00e1ndar, eligiendo la distribuci\u00f3n del papel entre 11.000 distribuciones precargadas.<\/p>\n<p style=\"text-align: center;\"><a class=\"small white tt-button\" title=\"Seleccionar layout\" href=\"https:\/\/youtu.be\/TlVIn2_JjH4\" target=\"_blank\" rel=\"noopener\"> C\u00f3mo Seleccionar el Layout <\/a><\/p>\n<\/div>\n<div class=\"one_half\">\n<p class=\"tt-icon icon-roll-printer\"><a href=\"http:\/\/www.labeljoy.com\/es\/soporte\/como-hacer\/imprimir-con-impresoras-rollo\/\"><strong>IMPRESORAS DE ROLLO<\/strong><\/a><br \/>\nImprima con una impresora de rollo personalizando su distribuci\u00f3n.<\/p>\n<p style=\"text-align: center;\"><a class=\"small white tt-button\" title=\"impresora de rollo\" href=\"https:\/\/youtu.be\/SPUcAXbVH-I\" target=\"_blank\" rel=\"noopener\"> C\u00f3mo Imprimir en una Impresora de Rollo <\/a><\/p>\n<\/div>\n<div class=\"hr hr-dotted\">&nbsp;<\/div>\n<p class=\"tt-icon icon-laptop\"><strong>WYSIWYG<\/strong><br \/>\nLa interfaz &#8220;What You See Is What You Get&#8221; (Lo que ves es lo que obtienes) permite crear etiquetas de forma f\u00e1cil y r\u00e1pida. Compruebe los resultados directamente en la pantalla y simplemente proceda a imprimir las etiquetas.<\/p>\n<p style=\"text-align: center;\"><a class=\"small white tt-button\" title=\"impirmir etiquetas\" href=\"https:\/\/youtu.be\/F3Meb6JwWqE\" target=\"_blank\" rel=\"noopener\"> Interfaz WYSIWYG <\/a><\/p>\n<div class=\"hr hr-dotted\">&nbsp;<\/div>\n<p class=\"tt-icon icon-layout\"><strong>11.000 LAYOUTS<\/strong><br \/>\nSeleccione entre las 11.000 distribuciones precargadas utilizando el motor de b\u00fasqueda interno. Busque por fabricante o por c\u00f3digo de producto. Tambi\u00e9n puede crear o personalizar su propia distribuci\u00f3n, introduciendo las dimensiones correspondientes.<\/p>\n<p style=\"text-align: center;\"><a class=\"small white tt-button\" title=\"Configurar Layout\" href=\"https:\/\/youtu.be\/TlVIn2_JjH4\" target=\"_blank\" rel=\"noopener\"> C\u00f3mo Configurar un Layout <\/a><\/p>\n<div class=\"hr hr-dotted\">&nbsp;<\/div>\n<div class=\"one_third\">\n<p class=\"tt-icon icon-export\"><strong><strong>EXPORTAR COMO IMAGEN<\/strong><\/strong><br \/>\nExporte hojas, etiquetas o c\u00f3digos de barras a los formatos gr\u00e1ficos m\u00e1s comunes, como jpg, png y pdf, as\u00ed como a Labeljoy Reader.<\/p>\n<\/div>\n<div class=\"one_third\">\n<p class=\"tt-icon icon-photos\"><strong>AGREGAR IM\u00c1GENES<\/strong><br \/>\nLabeljoy le permite agregar im\u00e1genes a su proyecto de etiquetas. Los formatos soportados incluyen png, tif, bmp, jpg, gif e ico.<\/p>\n<\/div>\n<div class=\"one_third\">\n<p class=\"tt-icon icon-cliparts\"><strong>4.500 CLIPARTS<\/strong><br \/>\nLabeljoy incluye una biblioteca con m\u00e1s de 4.500 cliparts categorizados, para simplificar su proceso de creaci\u00f3n.<\/p>\n<\/div>\n<div class=\"hr hr-dotted\">&nbsp;<\/div>\n<div class=\"one_half\">\n<p class=\"tt-icon icon-custom\"><strong><strong>ETIQUETAS TOTALMENTE PERSONALIZABLES<\/strong><\/strong><br \/>\npersonaliza completamente las etiquetas, edita textos, im\u00e1genes y c\u00f3digos de barras. Decides los gr\u00e1ficos que consideras apropiados.<\/p>\n<\/div>\n<div class=\"one_half\">\n<p class=\"tt-icon icon-effect\"><strong><strong>EFECTOS GR\u00c1FICOS<\/strong><\/strong><br \/>\nPersonalice los gr\u00e1ficos con efectos adicionales como transparencia, desvanecimiento, texturas y bordes.<\/p>\n<\/div>\n<div class=\"hr hr-dotted\">&nbsp;<\/div>\n<div class=\"one_half\">\n<p class=\"tt-icon icon-multilanguage\"><strong>MULTI-IDIOMA<\/strong><br \/>\nLabeljoy est\u00e1 disponible en 27 idiomas: Alem\u00e1n, \u00c1rabe, B\u00falgaro, Chino, Croata, Checo, Dan\u00e9s, Espa\u00f1ol, Finland\u00e9s, Franc\u00e9s, Griego, Hebreo, Hindi, H\u00fangaro, Indonesio, Italiano, Japon\u00e9s, Coreano, Noruego, Polaco, Portugu\u00e9s, Rumano, Ruso, Sueco y Turco.<\/p>\n<\/div>\n<div class=\"one_half\">\n<p class=\"tt-icon icon-measure\"><strong><strong>CENT\u00cdMETROS O PULGADAS<\/strong><\/strong><br \/>\nElija entre cent\u00edmetros o pulgadas como unidad de medida.<\/p>\n<\/div>\n<div class=\"column-clear\"><\/div>\n<p style=\"text-align: center;\">\u00a0<a href=\"\/es\/download-es\/\" class=\"large orange tt-button\" target=\"_self\"> \u00a0 \u00a0 \u00a0 \u00a0 \u00a0 \u00a0 \u00a0 \u00a0 \u00a0 PRUEBE AHORA\u00a0 \u00a0 \u00a0 \u00a0 \u00a0 \u00a0 \u00a0 \u00a0 \u00a0 <\/a>\n<p>&nbsp;<\/p>\n","protected":false},"excerpt":{"rendered":"<p>Caracter\u00edsticas de Labeljoy Labeljoy es un software de etiquetado de c\u00f3digos de barras profesional, avanzado y f\u00e1cil de usar. Permite generar c\u00f3digos de barras lineales y 2D, crear e imprimir etiquetas personalizadas e importar datos de fuentes externas. Compatible con impresoras est\u00e1ndar l\u00e1ser, de inyecci\u00f3n de tinta o de rollo. &nbsp; R\u00c1PIDO Y SENCILLO Crear &#8230; <a title=\"Caracter\u00edsticas de Labeljoy\" class=\"read-more\" href=\"https:\/\/www.labeljoy.com\/es\/caracteristicas\/\" aria-label=\"Leer m\u00e1s sobre Caracter\u00edsticas de Labeljoy\">Read more<\/a><\/p>\n","protected":false},"author":1,"featured_media":0,"parent":0,"menu_order":36,"comment_status":"closed","ping_status":"closed","template":"","meta":{"inline_featured_image":false,"_monsterinsights_skip_tracking":false,"_monsterinsights_sitenote_active":false,"_monsterinsights_sitenote_note":"","_monsterinsights_sitenote_category":0,"footnotes":""},"class_list":{"0":"post-2744","1":"page","2":"type-page","3":"status-publish","5":"infinite-scroll-item"},"aioseo_notices":[],"_links":{"self":[{"href":"https:\/\/www.labeljoy.com\/es\/wp-json\/wp\/v2\/pages\/2744","targetHints":{"allow":["GET"]}}],"collection":[{"href":"https:\/\/www.labeljoy.com\/es\/wp-json\/wp\/v2\/pages"}],"about":[{"href":"https:\/\/www.labeljoy.com\/es\/wp-json\/wp\/v2\/types\/page"}],"author":[{"embeddable":true,"href":"https:\/\/www.labeljoy.com\/es\/wp-json\/wp\/v2\/users\/1"}],"replies":[{"embeddable":true,"href":"https:\/\/www.labeljoy.com\/es\/wp-json\/wp\/v2\/comments?post=2744"}],"version-history":[{"count":33,"href":"https:\/\/www.labeljoy.com\/es\/wp-json\/wp\/v2\/pages\/2744\/revisions"}],"predecessor-version":[{"id":45123,"href":"https:\/\/www.labeljoy.com\/es\/wp-json\/wp\/v2\/pages\/2744\/revisions\/45123"}],"wp:attachment":[{"href":"https:\/\/www.labeljoy.com\/es\/wp-json\/wp\/v2\/media?parent=2744"}],"curies":[{"name":"wp","href":"https:\/\/api.w.org\/{rel}","templated":true}]}}