{"id":2774,"date":"2012-07-26T12:22:23","date_gmt":"2012-07-26T12:22:23","guid":{"rendered":"http:\/\/www.labeljoy.com\/soporte\/how-to\/how-to-create-your-own-business-cards\/"},"modified":"2022-05-18T07:29:56","modified_gmt":"2022-05-18T07:29:56","slug":"crear-tarjeta-visita","status":"publish","type":"page","link":"https:\/\/www.labeljoy.com\/es\/soporte\/como-hacer\/crear-tarjeta-visita\/","title":{"rendered":"Crear tarjetas de visita"},"content":{"rendered":"<h1>C\u00f3mo Crear sus propias tarjetas de visita<\/h1>\n<p>Si necesita dise\u00f1ar e imprimir sus propias tarjetas de visita, Labeljoy es la herramienta ideal. Simplemente siga estos consejos y podr\u00e1 imprimir tantas tarjetas de visitas como necesite, cada vez que las necesite.<\/p>\n<p><a class=\"hover-item\" data-gal=\"prettyPhoto [tarjeta visita]\" href=\"http:\/\/www.labeljoy.com\/images\/how-to\/business-card\/image001.png\"><img decoding=\"async\" width=\"296\" height=\"169\" src=\"http:\/\/www.labeljoy.com\/images\/how-to\/business-card\/image002.jpg\" alt=\"Tarjeta de visita\"><\/a><\/p>\n<h2>1 \u2013 Selecci\u00f3n del tama\u00f1o correcto<\/h2>\n<p>Primero, necesitamos definir el tama\u00f1o correcto para nuestra tarjeta de negocios. Un tama\u00f1o de 9.6 por 6.1 cm (aproximadamente 3 \u00be por2 \u215c pulgadas.) es considerado como est\u00e1ndar pero la elecci\u00f3n realmente depende del tipo de papel en el cu\u00e1l usted realizar\u00e1 la impresi\u00f3n. Si ha seleccionado un papel de tarjetas de negocios pre cortado necesitar\u00e1 seleccionar la distribuci\u00f3n apropiada desde la biblioteca de Labeljoy. Nuevamente, podr\u00eda estar imprimiendo en un papel de tarjetas de negocios est\u00e1ndar que cortar\u00e1 usted mismo despu\u00e9s de imprimir.<\/p>\n<p>De cualquier forma, el primer lugar a ingresar es la ventana de Layout:<\/p>\n<p><a class=\"hover-item\" data-gal=\"prettyPhoto [tarjeta visita]\" href=\"http:\/\/www.labeljoy.com\/images\/how-to\/business-card\/image003.png\"><img decoding=\"async\" width=\"700\" height=\"456\" src=\"http:\/\/www.labeljoy.com\/images\/how-to\/business-card\/image004.jpg\" alt=\"Configurar layout tarjeta\"><\/a><\/p>\n<p>Si est\u00e1 trabajando con un papel de tarjetas de negocios pre cortado, ingrese el nombre (o parte del mismo) en la caja de texto y presione <em>buscar<\/em>. Una lista aparecer\u00e1 con todos los layouts que coincidan con el texto ingresado. Seleccione el layout apropiado y presione <em>Ok<\/em>.<\/p>\n<p>Si est\u00e1 trabajando con papel com\u00fan y desea definir libremente el tama\u00f1o de su tarjeta de negocio, entonces necesita presionar en la pesta\u00f1a <em>Personalizado<\/em>:<\/p>\n<p><a class=\"hover-item\" data-gal=\"prettyPhoto [tarjeta visita]\" href=\"http:\/\/www.labeljoy.com\/images\/how-to\/business-card\/image005.png\"><img decoding=\"async\" width=\"350\" height=\"228\" src=\"http:\/\/www.labeljoy.com\/images\/how-to\/business-card\/image006.jpg\" alt=\"Configurar layout tarjeta\"><\/a><\/p>\n<p>Esta pantalla le permite definir el tama\u00f1o de papel, m\u00e1rgenes, espaciado vertical y horizontal, cantidad de filas y columnas que definen el \u00e1rea en que se imprimir\u00e1 cada tarjeta. El panel derecho muestra una vista previa y el tama\u00f1o de la tarjeta de negocios resultante es mostrado en la secci\u00f3n inferior en la que se encuentra el texto de <em>Tama\u00f1o de etiqueta<\/em>. Ingrese los par\u00e1metros deseados.<\/p>\n<p>Debe prestar atenci\u00f3n especial al par\u00e1metro de <em>tolerancia de l\u00edmites<\/em>. Este valor define la cantidad de difusi\u00f3n permitida en cada posici\u00f3n. Si planea tener un color de fondo o colocar elementos cerca de un borde, agregar alguna tolerancia le permitir\u00e1 actuar como mecanismo de correcci\u00f3n de error que compensar\u00e1 la fluctuaci\u00f3n durante la impresi\u00f3n.<\/p>\n<p>Finalmente, si est\u00e1 imprimiendo en un papel com\u00fan puede ser \u00fatil imprimir marcas de corte, esto le asegurar\u00e1 cortes precisos. Abra la ventana de <em>Opci\u00f3n<\/em> y presione la pesta\u00f1a de <em>Impresi\u00f3n<\/em>:<\/p>\n<p><a class=\"hover-item\" data-gal=\"prettyPhoto [tarjeta visita]\" href=\"http:\/\/www.labeljoy.com\/images\/how-to\/business-card\/image007.png\"><img decoding=\"async\" width=\"700\" height=\"456\" src=\"http:\/\/www.labeljoy.com\/images\/how-to\/business-card\/image008.jpg\" alt=\"Configurar color  margenes tarjeta\"><\/a><\/p>\n<p>Defina el tipo de marcas de cortes necesario y el color. Presione <em>Ok<\/em> para aplicar la configuraci\u00f3n.<\/p>\n<p>Ahora se encuentra listo para comenzar a dise\u00f1ar su propia tarjeta de negocios.<\/p>\n<h2>2 \u2013 Agregar elementos de texto<\/h2>\n<p>Ahora que el layout de su p\u00e1gina ha sido definido, puede comenzar a agregar elementos a su tarjeta de negocios.<\/p>\n<p>Estas son algunas l\u00edneas que pueden ayudarle a definir el estilo correcto:<\/p>\n<ul>\n<li>Mantenga alguna distancia a los bordes, aproximadamente 0.5 cm (\u00bc pulgadas.)<\/li>\n<li>Evite utilizar texto inferior a 6 puntos, no desea que sus contactos posean dificultad para encontrar su informaci\u00f3n.<\/li>\n<li>Nombre y\/o empresa deber\u00edan tener al menos 12 puntos.<\/li>\n<li>Incremente el tama\u00f1o del texto si utiliza un fondo oscuro.<\/li>\n<li>Mantenga un dise\u00f1o simple.<\/li>\n<\/ul>\n<p>Primero, aseg\u00farese de eliminar cualquier elemento existente que haya sido agregado autom\u00e1ticamente por Labeljoy, para obtener una superficie blanca:<\/p>\n<p><a class=\"hover-item\" data-gal=\"prettyPhoto [tarjeta visita]\" href=\"http:\/\/www.labeljoy.com\/images\/how-to\/business-card\/image009.png\"><img decoding=\"async\" width=\"284\" height=\"215\" src=\"http:\/\/www.labeljoy.com\/images\/how-to\/business-card\/image010.gif\" alt=\"A\u00f1adir elementos de texto\"><\/a><\/p>\n<p>Ahora comencemos por agregar un nombre a la tarjeta de negocios: presione la herramienta de <em>Texto<\/em> en la barra de herramientas de la izquierda y dibuje un \u00e1rea rectangular en una de las tarjetas de negocios. Libere el bot\u00f3n izquierdo del mouse y un nuevo texto ser\u00e1 insertado en todas las tarjetas de negocios:<\/p>\n<p><a class=\"hover-item\" data-gal=\"prettyPhoto [tarjeta visita]\" href=\"http:\/\/www.labeljoy.com\/images\/how-to\/business-card\/image011.png\"><img decoding=\"async\" width=\"284\" height=\"215\" src=\"http:\/\/www.labeljoy.com\/images\/how-to\/business-card\/image012.gif\" alt=\"Campo texto\"><\/a><\/p>\n<p>Ahora necesitamos ingresar la informaci\u00f3n correcta y editar la apariencia del texto. Realice doble clic en el elemento de texto para invocar la ventana de propiedades.<\/p>\n<p>Nota: dependiendo de la configuraci\u00f3n de la ventana de <em>Opci\u00f3n<\/em> \u2013 <em>pesta\u00f1a Principal \u2013 Mostrar editor despu\u00e9s de agregar un \u00edtem<\/em>, cada vez que agregue un nuevo elemento, su ventana de propiedades se mostrar\u00e1 autom\u00e1ticamente. Si no lo hace, simplemente realice doble clic sobre el elemento agregado para personalizar su apariencia.<\/p>\n<p>Seleccione la pesta\u00f1a <em>Texto<\/em> y reemplace el texto existente con su nombre.<\/p>\n<p><a class=\"hover-item\" data-gal=\"prettyPhoto [tarjeta visita]\" href=\"http:\/\/www.labeljoy.com\/images\/how-to\/business-card\/image013.png\"><img decoding=\"async\" width=\"352\" height=\"229\" src=\"http:\/\/www.labeljoy.com\/images\/how-to\/business-card\/image014.jpg\" alt=\"Configuraciones elementos de texto\"><\/a><\/p>\n<p>Seleccione la pesta\u00f1a <em>Fuente<\/em> y defina las propiedades de la fuente, tales como nombre de la fuente, tama\u00f1o, y alineaci\u00f3n de texto.<\/p>\n<p><a class=\"hover-item\" data-gal=\"prettyPhoto [tarjeta visita]\" href=\"http:\/\/www.labeljoy.com\/images\/how-to\/business-card\/image015.png\"><img decoding=\"async\" width=\"351\" height=\"229\" src=\"http:\/\/www.labeljoy.com\/images\/how-to\/business-card\/image016.jpg\" alt=\"Caracter elementos de texto\"><\/a><\/p>\n<p>Seleccione la pesta\u00f1a de <em>color de Relleno<\/em> y defina un color para el texto:<\/p>\n<p><a class=\"hover-item\" data-gal=\"prettyPhoto [tarjeta visita]\" href=\"http:\/\/www.labeljoy.com\/images\/how-to\/business-card\/image017.png\"><img decoding=\"async\" width=\"700\" height=\"456\" src=\"http:\/\/www.labeljoy.com\/images\/how-to\/business-card\/image018.jpg\" alt=\"Color texto\"><\/a><\/p>\n<p>Finalmente, presione <em>Ok<\/em> para aplicar los cambios:<\/p>\n<p><a class=\"hover-item\" data-gal=\"prettyPhoto [tarjeta visita]\" href=\"http:\/\/www.labeljoy.com\/images\/how-to\/business-card\/image019.png\"><img decoding=\"async\" width=\"284\" height=\"215\" src=\"http:\/\/www.labeljoy.com\/images\/how-to\/business-card\/image020.gif\" alt=\"Simple tarjeta con texto\"><\/a><\/p>\n<p>Ahora cree una copia del texto agregado seleccionando los botones copiar \/pegar encontrados en la barra de herramientas de la derecha (3<sup>er<\/sup> grupo de abajo):<\/p>\n<p><a class=\"hover-item\" data-gal=\"prettyPhoto [tarjeta visita]\" href=\"http:\/\/www.labeljoy.com\/images\/how-to\/business-card\/image021.png\"><img decoding=\"async\" width=\"284\" height=\"215\" src=\"http:\/\/www.labeljoy.com\/images\/how-to\/business-card\/image022.gif\" alt=\"Simple tarjeta con texto\"><\/a><\/p>\n<p>Al utilizar una copia del primer texto podemos agregar informaci\u00f3n de la direcci\u00f3n manteniendo el formato previo. Realice doble clic en la copia y cambie el texto con su informaci\u00f3n de direcci\u00f3n.<\/p>\n<p>Luego, ingrese a la pesta\u00f1a de <em>Fuente<\/em>, seleccionando un tama\u00f1o menor y remueva el atributo <em>Negrita<\/em>:<\/p>\n<p><a class=\"hover-item\" data-gal=\"prettyPhoto [tarjeta visita]\" href=\"http:\/\/www.labeljoy.com\/images\/how-to\/business-card\/image023.png\"><img decoding=\"async\" width=\"284\" height=\"215\" src=\"http:\/\/www.labeljoy.com\/images\/how-to\/business-card\/image024.gif\" alt=\"Tarjeta con texto y direcci\u00f3n\"><\/a><\/p>\n<p>Mueva los dos elementos de texto a la posici\u00f3n deseada y utilice los comandos de alineaci\u00f3n y tama\u00f1o encontrados en la secci\u00f3n inferior de la caja de herramientas para asegurar la posici\u00f3n exacta.<\/p>\n<p>Usando el mismo enfoque de copiar\/pegar, ahora agregaremos alguna informaci\u00f3n de contacto:<\/p>\n<p><a class=\"hover-item\" data-gal=\"prettyPhoto [tarjeta visita]\" href=\"http:\/\/www.labeljoy.com\/images\/how-to\/business-card\/image025.png\"><img decoding=\"async\" width=\"284\" height=\"215\" src=\"http:\/\/www.labeljoy.com\/images\/how-to\/business-card\/image026.gif\" alt=\"A\u00f1adir contactos a terjeta\"><\/a><\/p>\n<h2>3 \u2013 Agregar un logo<\/h2>\n<p>Presione el bot\u00f3n <em>Insertar gr\u00e1fico <\/em>de la barra de herramientas y dibuje un rect\u00e1ngulo en la zona superior izquierda. Se agregar\u00e1 la imagen por defecto:<\/p>\n<p><a class=\"hover-item\" data-gal=\"prettyPhoto [tarjeta visita]\" href=\"http:\/\/www.labeljoy.com\/images\/how-to\/business-card\/image027.png\"><img decoding=\"async\" width=\"284\" height=\"215\" src=\"http:\/\/www.labeljoy.com\/images\/how-to\/business-card\/image028.gif\" alt=\"A\u00f1adir logo\"><\/a><\/p>\n<p>En este caso, presionaremos en el bot\u00f3n <em>Archivo<\/em> que se encuentra en la pesta\u00f1a de <em>Imagen<\/em> para navegar los archivos de su computadora y localizar el logo de su empresa:<\/p>\n<p><a class=\"hover-item\" data-gal=\"prettyPhoto [tarjeta visita]\" href=\"http:\/\/www.labeljoy.com\/images\/how-to\/business-card\/image029.png\"><img decoding=\"async\" width=\"352\" height=\"232\" src=\"http:\/\/www.labeljoy.com\/images\/how-to\/business-card\/image030.jpg\" alt=\"Logo de la empresa\"><\/a><\/p>\n<p>Mueva y redimensione el logo para que se ajuste en la tarjeta de negocios:<\/p>\n<p><a class=\"hover-item\" data-gal=\"prettyPhoto [tarjeta visita]\" href=\"http:\/\/www.labeljoy.com\/images\/how-to\/business-card\/image031.png\"><img decoding=\"async\" width=\"284\" height=\"215\" src=\"http:\/\/www.labeljoy.com\/images\/how-to\/business-card\/image032.gif\" alt=\"Tarjeta de visita con logo\"><\/a><\/p>\n<h2>4 \u2013 Mejoras gr\u00e1ficas<\/h2>\n<p>Toda la informaci\u00f3n se encuentra ahora en la tarjeta de negocios. Hasta ahora la hemos mantenido simple y efectiva. Ahora juguemos un poco para hacerla un poco m\u00e1s atractiva a la vista.<\/p>\n<p>Primero, agregaremos una l\u00ednea de separaci\u00f3n entre el nombre y el \u00e1rea del nombre y logo y el \u00e1rea de informaci\u00f3n de contacto inferior. Realizaremos esto agregando un nuevo elemento <em>Gr\u00e1fico<\/em>, quitando la imagen por defecto y trabajando con los par\u00e1metros encontrados en la pesta\u00f1a de <em>L\u00ednea<\/em>. El color de la l\u00ednea es definido en la pesta\u00f1a de <em>color de Frente<\/em>:<\/p>\n<p><a class=\"hover-item\" data-gal=\"prettyPhoto [tarjeta visita]\" href=\"http:\/\/www.labeljoy.com\/images\/how-to\/business-card\/image033.png\"><img decoding=\"async\" width=\"354\" height=\"234\" src=\"http:\/\/www.labeljoy.com\/images\/how-to\/business-card\/image034.jpg\" alt=\"L\u00ednea para dividir\"><\/a><\/p>\n<p>En este caso el color es definido bajo la pesta\u00f1a <em>color de Frente<\/em> y es el color del logo \u201c<em>J\u201d<\/em>. Realice clic en Ok para aplicar las configuraciones y mover la l\u00ednea para crear dos \u00e1reas separadas:<\/p>\n<p><a class=\"hover-item\" data-gal=\"prettyPhoto [tarjeta visita]\" href=\"http:\/\/www.labeljoy.com\/images\/how-to\/business-card\/image035.png\"><img decoding=\"async\" width=\"284\" height=\"215\" src=\"http:\/\/www.labeljoy.com\/images\/how-to\/business-card\/image036.gif\" alt=\"Tarjeta de visita con elementos gr\u00e1ficos\"><\/a><\/p>\n<p>Finalmente, definiremos un color de fondo global para la tarjeta con un efecto de degrade.<\/p>\n<p>Realice doble clic en la esquina superior izquierda de la tarjeta de negocios (o cualquier otra \u00e1rea vac\u00eda) para visualizar la ventana de <em>Grupo<\/em> de propiedades. Seleccione la pesta\u00f1a de <em>color de Fondo<\/em> y active la casilla <em>Activar color de fondo<\/em>. Ahora realice clic en el bot\u00f3n de <em>Degrade<\/em> para activar la visualizaci\u00f3n de los controles necesarios para definir un color de degrade:<\/p>\n<p><a class=\"hover-item\" data-gal=\"prettyPhoto [tarjeta visita]\" href=\"http:\/\/www.labeljoy.com\/images\/how-to\/business-card\/image037.png\"><img decoding=\"async\" width=\"700\" height=\"456\" src=\"http:\/\/www.labeljoy.com\/images\/how-to\/business-card\/image038.jpg\" alt=\"Efecto degradado\"><\/a><\/p>\n<p>Definiremos un fondo muy suave desde un blanco casi tinto (secci\u00f3n izquierda) hacia un marr\u00f3n suave con un \u00e1ngulo de 45\u00b0. Esto agregar\u00e1 un efecto de iluminaci\u00f3n desde la esquina superior izquierda a su tarjeta de negocios:<\/p>\n<p><a class=\"hover-item\" data-gal=\"prettyPhoto [tarjeta visita]\" href=\"http:\/\/www.labeljoy.com\/images\/how-to\/business-card\/image039.png\"><img decoding=\"async\" width=\"284\" height=\"215\" src=\"http:\/\/www.labeljoy.com\/images\/how-to\/business-card\/image040.gif\" alt=\"Tarjeta de visita fondo degradado\"><\/a><\/p>\n<p style=\"text-align: center\"><a href=\"http:\/\/www.labeljoy.com\/images\/how-to\/business-card\/businesscard1.lpa\" class=\"large green tt-button\" target=\"_self\"> Descargar este archivo de Labeljoy <\/a>\n<h2>5 \u2013 C\u00f3digo QR<\/h2>\n<p>Al agregar un c\u00f3digo de barras 2D a su tarjeta de negocios, sus clientes podr\u00e1n digitalizar su informaci\u00f3n de contacto mediante el uso de un lector de c\u00f3digo de barras 2D o simplemente utilizando su Smartphone. Para lograr esto, necesitamos agregar un elemento de c\u00f3digo de barra a la tarjeta de negocios codificando el tipo de informaci\u00f3n correcta.<\/p>\n<p>Primero, movamos algunas cosas un poco para hacer un poco de espacio para el s\u00edmbolo de C\u00f3digo QR:<\/p>\n<p><a class=\"hover-item\" data-gal=\"prettyPhoto [tarjeta visita]\" href=\"http:\/\/www.labeljoy.com\/images\/how-to\/business-card\/image041.png\"><img decoding=\"async\" width=\"284\" height=\"215\" src=\"http:\/\/www.labeljoy.com\/images\/how-to\/business-card\/image042.gif\" alt=\"Crear espacio para QR Code\"><\/a><\/p>\n<p>Luego, utilizando el bot\u00f3n de <em>C\u00f3digo de Barras<\/em>, agregue un elemento de c\u00f3digo de barras en el \u00e1rea superior izquierda:<\/p>\n<p><a class=\"hover-item\" data-gal=\"prettyPhoto [tarjeta visita]\" href=\"http:\/\/www.labeljoy.com\/images\/how-to\/business-card\/image043.png\"><img decoding=\"async\" width=\"284\" height=\"215\" src=\"http:\/\/www.labeljoy.com\/images\/how-to\/business-card\/image044.gif\" alt=\"A\u00f1adir c\u00f3digo de barras\"><\/a><\/p>\n<p>Realice doble clic sobre el elemento de c\u00f3digo de barra para definir sus atributos:<\/p>\n<p><a class=\"hover-item\" data-gal=\"prettyPhoto [tarjeta visita]\" href=\"http:\/\/www.labeljoy.com\/images\/how-to\/business-card\/image045.png\"><img decoding=\"async\" width=\"354\" height=\"231\" src=\"http:\/\/www.labeljoy.com\/images\/how-to\/business-card\/image046.jpg\" alt=\"Configurar QR Code\"><\/a><\/p>\n<p>Como puede observar, primero necesitamos seleccionar <em>C\u00f3digo QR<\/em> desde la lista de s\u00edmbolos. Luego, necesitamos agregar alg\u00fan texto conteniendo nuestra informaci\u00f3n de contacto, formateada de acuerdo al formato <em>VCARD<\/em>. Puede encontrar m\u00e1s informaci\u00f3n en <a title=\"wikiedia VCard\" href=\"http:\/\/es.wikipedia.org\/wiki\/VCard\" target=\"_blank\" rel=\"noopener\">wikipedia<\/a>.<\/p>\n<p>Debido a que el texto contiene muchas letras en min\u00fasculas, utilizaremos la codificaci\u00f3n <em>Byte (string)<\/em> que producir\u00e1 un s\u00edmbolo menor.<\/p>\n<p>Finalmente, debido a que el fondo sobre el cual aparecer\u00e1 el c\u00f3digo de barra es casi blanco, podemos desactivar con seguridad el fondo blanco por defecto, para que el s\u00edmbolo se integre mejor al degrade del fondo blanco y su legibilidad se encuentre asegurada. Ingrese a la pesta\u00f1a de <em>color de Fondo<\/em> y deseleccione la opci\u00f3n <em>Activar color de fondo<\/em>.<\/p>\n<p>Presione <em>Ok<\/em> para aplicar los cambios.<\/p>\n<p>Mueva y redimensione el s\u00edmbolo de c\u00f3digo de barras para que encaje en el dise\u00f1o existente. Tenga en cuenta que para asegurar la legibilidad, el s\u00edmbolo no deber\u00eda ser demasiado peque\u00f1o.<\/p>\n<p><a class=\"hover-item\" data-gal=\"prettyPhoto [tarjeta visita]\" href=\"http:\/\/www.labeljoy.com\/images\/how-to\/business-card\/image047.png\"><img decoding=\"async\" width=\"284\" height=\"215\" src=\"http:\/\/www.labeljoy.com\/images\/how-to\/business-card\/image048.gif\" alt=\"Tarjeta de visita con QR Code\"><\/a><\/p>\n<p style=\"text-align: center\"><a href=\"http:\/\/www.labeljoy.com\/images\/how-to\/business-card\/businesscard2.lpa\" class=\"large green tt-button\" target=\"_self\"> Descargar este archivo de Labeljoy  <\/a>\n<p><a href=\"#\" class=\"scrollup\">Scroll<\/a><\/p>\n","protected":false},"excerpt":{"rendered":"<p>C\u00f3mo Crear sus propias tarjetas de visita Si necesita dise\u00f1ar e imprimir sus propias tarjetas de visita, Labeljoy es la herramienta ideal. Simplemente siga estos consejos y podr\u00e1 imprimir tantas tarjetas de visitas como necesite, cada vez que las necesite. 1 \u2013 Selecci\u00f3n del tama\u00f1o correcto Primero, necesitamos definir el tama\u00f1o correcto para nuestra tarjeta &#8230; <a title=\"Crear tarjetas de visita\" class=\"read-more\" href=\"https:\/\/www.labeljoy.com\/es\/soporte\/como-hacer\/crear-tarjeta-visita\/\" aria-label=\"Leer m\u00e1s sobre Crear tarjetas de visita\">Read more<\/a><\/p>\n","protected":false},"author":1,"featured_media":0,"parent":2768,"menu_order":0,"comment_status":"open","ping_status":"closed","template":"","meta":{"inline_featured_image":false,"_monsterinsights_skip_tracking":false,"_monsterinsights_sitenote_active":false,"_monsterinsights_sitenote_note":"","_monsterinsights_sitenote_category":0,"footnotes":""},"class_list":{"0":"post-2774","1":"page","2":"type-page","3":"status-publish","5":"infinite-scroll-item"},"aioseo_notices":[],"_links":{"self":[{"href":"https:\/\/www.labeljoy.com\/es\/wp-json\/wp\/v2\/pages\/2774","targetHints":{"allow":["GET"]}}],"collection":[{"href":"https:\/\/www.labeljoy.com\/es\/wp-json\/wp\/v2\/pages"}],"about":[{"href":"https:\/\/www.labeljoy.com\/es\/wp-json\/wp\/v2\/types\/page"}],"author":[{"embeddable":true,"href":"https:\/\/www.labeljoy.com\/es\/wp-json\/wp\/v2\/users\/1"}],"replies":[{"embeddable":true,"href":"https:\/\/www.labeljoy.com\/es\/wp-json\/wp\/v2\/comments?post=2774"}],"version-history":[{"count":18,"href":"https:\/\/www.labeljoy.com\/es\/wp-json\/wp\/v2\/pages\/2774\/revisions"}],"predecessor-version":[{"id":37474,"href":"https:\/\/www.labeljoy.com\/es\/wp-json\/wp\/v2\/pages\/2774\/revisions\/37474"}],"up":[{"embeddable":true,"href":"https:\/\/www.labeljoy.com\/es\/wp-json\/wp\/v2\/pages\/2768"}],"wp:attachment":[{"href":"https:\/\/www.labeljoy.com\/es\/wp-json\/wp\/v2\/media?parent=2774"}],"curies":[{"name":"wp","href":"https:\/\/api.w.org\/{rel}","templated":true}]}}