{"id":2783,"date":"2012-07-04T08:25:22","date_gmt":"2012-07-04T08:25:22","guid":{"rendered":"http:\/\/www.labeljoy.com\/about-qr-code-2\/"},"modified":"2020-12-22T14:07:51","modified_gmt":"2020-12-22T14:07:51","slug":"que-es-codigo-qr","status":"publish","type":"page","link":"https:\/\/www.labeljoy.com\/es\/soporte\/que-es-codigo-qr\/","title":{"rendered":"Gu\u00eda c\u00f3digo QR"},"content":{"rendered":"<h1>Gu\u00eda c\u00f3digo QR<\/h1>\n<h2>Qu\u00e9 es un C\u00f3digo QR?<\/h2>\n<p>Un <strong>c\u00f3digo <strong>QR<\/strong><\/strong> (Quick Response) es un s\u00edmbolo de matriz de c\u00f3digo de barra (o c\u00f3digo bidimensional <strong>2D<\/strong>), legible por lectores de c\u00f3digos de barras dedicados y tel\u00e9fonos celulares. El s\u00edmbolo se encuentra compuesto por m\u00f3dulos negros acomodados en un patr\u00f3n cuadrado sobre un fondo blanco. La informaci\u00f3n codificada puede ser texto, URLs u otra informaci\u00f3n. Com\u00fan en Jap\u00f3n, en donde fue desarrollado por una subsidiaria de Toyota, Denso-Wave en 1994, el <em>c\u00f3digo QR<\/em> es uno de los tipos de c\u00f3digos de barras bidimensionales m\u00e1s populares.<\/p>\n<p>Qu\u00e9 es Labeljoy? Es un <strong>software de etiquetas de c\u00f3digo QR<\/strong> que le permite <strong>generar c\u00f3digos QR<\/strong> y c\u00f3digos de barra. Usted puede crear etiquetas y stickers con c\u00f3digos de barras personalizados para sus productos, tarjetas de negocios e insignias.<\/p>\n<div class=\"tt-notification success\">\n<p style=\"text-align: center\">Genere c\u00f3digo QR y c\u00f3digos de barra \u2013 Exporte a Jpg y Pdf \u2013 Imprima etiquetas personalizadas<br \/><a class=\"small orange tt-button\" title=\"descraga labeljoy\" href=\"http:\/\/www.labeljoy.com\/es\/download-es\/\">DESCARGA LABELJOY<\/a><\/p>\n<\/div>\n<p>See also: <div class=\"one_third\">\n<ul>\n<li><a title=\"datamatrix\" href=\"#datamatrix\">Datamatrix<\/a><\/li>\n<li><a title=\"postlanet code\" href=\"#postnet\">Postnet code<\/a><\/li>\n<\/ul>\n<\/div><div class=\"one_third\">\n<ul>\n<li><a title=\"planet code\" href=\"#planet\">Planet code<\/a><\/li>\n<li><a title=\"C\u00f3digos de Barra \" href=\"http:\/\/www.labeljoy.com\/es\/soporte\/generar-codigo-barras\/\">Todos los C\u00f3digos de Barra<\/a>\u00a0<\/div><\/li>\n<\/ul>\n<div class=\"hr hr-solid\">&nbsp;<\/div>\n<h2>C\u00f3digo QR: Micro y Standard<\/h2>\n<p>Lo s\u00edmbolos pueden ser de dos tipos: C\u00f3digo QR Micro o C\u00f3digo QR Standard.<\/p>\n<p>El C\u00f3digo QR Micro es la versi\u00f3n m\u00e1s peque\u00f1a de la simbolog\u00eda, y dependiendo de los contenidos y nivel de correcci\u00f3n de error, puede representar hasta 35 d\u00edgitos o 21 caracteres alfanum\u00e9ricos. Existen 4 versiones de C\u00f3digo QR Micro: C\u00f3digo QR Micro 1 hasta C\u00f3digo QR Micro 4. Poseen capacidad de codificaci\u00f3n de datos y tama\u00f1o de papel incrementados.<\/p>\n<p>El c\u00f3digo QR Standard puede representar hasta 7,089 d\u00edgitos o 4,296 caracteres alfanum\u00e9ricos. \u00a0Existen 40 versiones del C\u00f3digo Standard: Versi\u00f3n 1 a Versi\u00f3n 40.<\/p>\n<table width=\"100%\" border=\"0\" cellspacing=\"2\" cellpadding=\"2\">\n<tbody>\n<tr>\n<td align=\"middle\" valign=\"center\"><img decoding=\"async\" class=\"aligncenter size-full wp-image-783\" title=\"micro-qr-code\" src=\"\/images\/about-qr-code\/micro-qr-code.jpg\" alt=\"micro qrcode\" width=\"81\" height=\"82\" \/><\/td>\n<td align=\"middle\" valign=\"center\"><img decoding=\"async\" class=\"aligncenter size-full wp-image-783\" title=\"standard-qr-code\" src=\"\/images\/about-qr-code\/standard-qr-code.jpg\" alt=\"standard qrcode\" width=\"81\" height=\"82\" \/><\/td>\n<\/tr>\n<tr>\n<td align=\"middle\" valign=\"center\"><span style=\"font-size: small\">C\u00f3digo QR Micro<\/span><\/td>\n<td align=\"middle\" valign=\"center\"><span style=\"font-size: small\">C\u00f3digo QR\u00a0Standard<\/span><\/td>\n<\/tr>\n<\/tbody>\n<\/table>\n<div class=\"hr hr-solid\">&nbsp;<\/div>\n<h3>C\u00f3digo QR: Codificaci\u00f3n<\/h3>\n<p>Labeljoy le permite definir el algoritmo de codificaci\u00f3n a utilizar para obtener la mejor compresi\u00f3n de datos posible, orientada a reducir la cantidad de espacio requerida para mostrar el s\u00edmbolo. Las opciones disponibles son:<\/p>\n<ul>\n<li>(Mixed):\u00a0configuraci\u00f3n por defecto. Permite codificar informaci\u00f3n utilizando una combinaci\u00f3n de todos los modos de codificaci\u00f3n en base al tipo de datos encontrado. Generalmente produce los mejores resultados.<\/li>\n<li>Num\u00e9rico: permite codificar n\u00fameros del 0 a 9 solamente.<\/li>\n<li>Alfanum\u00e9rico: permite codificar n\u00fameros, letras en may\u00fasculas y algunos caracteres especiales. Optimizado para c\u00f3digos alfanum\u00e9ricos con texto en may\u00fasculas.<\/li>\n<li>Hexa (Cadena): permite codificar cualquier tipo de car\u00e1cter ASCII. Optimizado para c\u00f3digos alfanum\u00e9ricos con texto en min\u00fasculas.<\/li>\n<li>Hexa (Byte): codificaci\u00f3n espec\u00edfica para datos en bytes entre 0 y 255. Al utilizar este algoritmo de codificaci\u00f3n es posible codificar cualquier tipo de valor entre 0x00 y 0xFF (decimal 0 ~ 255). Para utilizar esta codificaci\u00f3n necesita ingresar una cadena que contiene 2 d\u00edgitos hexadecimales separados por un espacio: ej.: 32 FA 56 E8 12 &#8230; etc.<\/li>\n<li>Kanji: permite codificar caracteres del sistema Shift JIS utilizado para mostrar caracteres japoneses.<\/li>\n<\/ul>\n<table width=\"100%\" cellspacing=\"0\" cellpadding=\"0\">\n<tbody>\n<tr>\n<td colspan=\"2\" align=\"middle\" valign=\"center\" style=\"max-width: 0;overflow: hidden\"><span style=\"font-size: small\">Codificaci\u00f3n\u00a0QR:<br \/>\n012345678901234567890123456789012345678901234567890123456789012345678901234567890123456789<\/span><\/td>\n<\/tr>\n<tr>\n<td align=\"middle\" valign=\"center\"><img decoding=\"async\" class=\"aligncenter\" title=\"numeric encoding\" src=\"\/images\/about-qr-code\/numeric-encoding-qr-code.jpg\" alt=\"numeric encoding\" width=\"134\" height=\"134\" \/><\/td>\n<td align=\"middle\" valign=\"center\"><img decoding=\"async\" class=\"aligncenter size-full wp-image-786\" title=\"byte-encoding-qr-code\" src=\"\/images\/about-qr-code\/byte-encoding-qr-code.jpg\" alt=\"byte encoding\" width=\"134\" height=\"134\" \/><\/td>\n<\/tr>\n<tr>\n<td align=\"middle\" valign=\"center\"><span style=\"font-size: small\">Codificaci\u00f3n num\u00e9rica<\/span><\/td>\n<td align=\"middle\" valign=\"center\"><span style=\"font-size: small\">Codificaci\u00f3n Byte (String)<\/span><\/td>\n<\/tr>\n<\/tbody>\n<\/table>\n<div class=\"basic-divider\"><span style=\"color: #ff9900\"><a id=\"scroll_to_top\" class=\"link-top\" href=\"#\"><span style=\"color: #ff9900\">Arriba<\/span><\/a><\/span><\/div>\n<h3>C\u00f3digo QR: Tama\u00f1o de S\u00edmbolo<\/h3>\n<p>Labeljoy permite ingresar la dimensi\u00f3n m\u00ednima de s\u00edmbolo. La arquitectura de C\u00f3digo QR muestra informaci\u00f3n en un cuadrado. El tama\u00f1o del cuadrado depende de la cantidad de informaci\u00f3n codificada.<\/p>\n<p>Normalmente el s\u00edmbolo es generado con el menor tama\u00f1o necesario posible para representar la informaci\u00f3n codificada. En algunos casos, puede ser deseable incrementar el tama\u00f1o m\u00ednimo dibujado, para asegurar que los s\u00edmbolos impresos poseen el mismo tama\u00f1o sin importar la cantidad de informaci\u00f3n codificada. Por ejemplo, si usted conecta un campo de c\u00f3digo de barras QR a una fuente de datos, puede ser necesario que todos los s\u00edmbolos posean el mismo tama\u00f1o, sin importar la longitud de una \u00fanica direcci\u00f3n. En este escenario, puede necesitar definir un tama\u00f1o de s\u00edmbolo m\u00ednimo para todos los c\u00f3digos de barra generados.<\/p>\n<table width=\"100%\" border=\"0\" cellspacing=\"2\" cellpadding=\"2\">\n<tbody>\n<tr>\n<td colspan=\"2\" align=\"middle\" valign=\"center\"><span style=\"font-size: small\">Codificaci\u00f3n QR:<br \/>\nhttp:\/\/www.labeljoy.com\/free-label-software\/<\/span><\/td>\n<\/tr>\n<tr>\n<td align=\"middle\" valign=\"center\"><img decoding=\"async\" class=\"aligncenter size-thumbnail wp-image-792\" title=\"auto-size\" src=\"\/images\/about-qr-code\/auto-size.jpg\" alt=\"auto size qrcode\" width=\"150\" height=\"150\" \/><\/td>\n<td align=\"middle\" valign=\"center\"><img decoding=\"async\" class=\"aligncenter size-thumbnail wp-image-791\" title=\"10-size\" src=\"\/images\/about-qr-code\/10-size.jpg\" alt=\"10 size\" width=\"150\" height=\"150\" \/><\/td>\n<\/tr>\n<tr>\n<td align=\"middle\" valign=\"center\">Con tama\u00f1o de s\u00edmbolo (Auto)<\/td>\n<td align=\"middle\" valign=\"center\">Con tama\u00f1o de s\u00edmbolo m\u00ednimo Versi\u00f3n 10<\/td>\n<\/tr>\n<\/tbody>\n<\/table>\n<div class=\"hr hr-solid\">&nbsp;<\/div>\n<h3>C\u00f3digo QR: Correcci\u00f3n de Error<\/h3>\n<p>El est\u00e1ndar de C\u00f3digo QR le permite optar entre 4 diferentes niveles de recupero entre las siguientes cantidades de da\u00f1o:<\/p>\n<ul>\n<li>L:\u00a0capacidad de recupero del 7%.<\/li>\n<li>M (predeterminado): capacidad de recupero del\u00a0 15%.<\/li>\n<li>Q: capacidad de recupero del 25%.<\/li>\n<li>H: capacidad de recupero del 30%.<\/li>\n<\/ul>\n<p>El c\u00f3digo QR implementa correcci\u00f3n de error para asegurar la legibilidad en s\u00edmbolos parcialmente da\u00f1ados. A mayor nivel de correcci\u00f3n, el tama\u00f1o de s\u00edmbolo requerido ser\u00e1 mayor para codificar la misma informaci\u00f3n.<\/p>\n<table width=\"100%\" border=\"0\" cellspacing=\"2\" cellpadding=\"2\">\n<tbody>\n<tr>\n<td colspan=\"2\" align=\"middle\" valign=\"center\"><span style=\"font-size: small\">Codificaci\u00f3n \u00a0QR:<br \/>\nhttp:\/\/www.labeljoy.com\/free-label-software\/<\/span><\/td>\n<\/tr>\n<tr>\n<td align=\"middle\" valign=\"center\"><img decoding=\"async\" class=\"aligncenter size-thumbnail wp-image-794\" title=\"l-error\" src=\"\/images\/about-qr-code\/l-error.jpg\" alt=\"l-error\" width=\"150\" height=\"150\" \/><\/td>\n<td align=\"middle\" valign=\"center\"><img decoding=\"async\" class=\"aligncenter size-thumbnail wp-image-788\" title=\"q-error\" src=\"\/images\/about-qr-code\/q-error.jpg\" alt=\"q-error code\" width=\"150\" height=\"150\" \/><\/td>\n<\/tr>\n<tr>\n<td align=\"middle\" valign=\"center\">Con nivel de correcci\u00f3n L<\/td>\n<td align=\"middle\" valign=\"center\">Con nivel de correcci\u00f3n Q<\/td>\n<\/tr>\n<\/tbody>\n<\/table>\n<div class=\"basic-divider\"><span style=\"color: #ff9900\"><a id=\"scroll_to_top\" class=\"link-top\" href=\"#\"><span style=\"color: #ff9900\">Arriba<\/span><\/a><\/span><\/div>\n<div class=\"one_half\">\n<p style=\"text-align: center;margin-top:35px\"><a href=\"http:\/\/www.labeljoy.com\/es\/plantillas\/\" class=\"large orange tt-button\" target=\"_self\"> Descargar Plantillas de Etiquetas C\u00f3digo QR\u00a0<\/a>\n<\/div>\n<div class=\"one_half\">\n<p style=\"text-align: center\"><a title=\"ES Free Label Templates\" href=\"http:\/\/www.labeljoy.com\/es\/plantillas\/plantillas-etiquetas-gratis\/\"><img decoding=\"async\" class=\"alignnone\" title=\"Download Qrcode Templates\" src=\"http:\/\/www.labeljoy.com\/images\/download\/download-free-templates.jpg\" alt=\"Free Templates Download\" width=\"210\" height=\"116\" \/><\/a><\/p>\n<\/div>\n<div id=\"datamatrix\"><\/div>\n<div class=\"hr hr-solid\">&nbsp;<\/div>\n<p><img decoding=\"async\" width=\"533\" height=\"301\" class=\"alignleft size-thumbnail wp-image-793\" title=\"datamatrix\" src=\"\/images\/about-qr-code\/datamatrix.jpg\" alt=\"datamatrix code\" width=\"150\" \/><\/p>\n<h3>DATA MATRIX<\/h3>\n<p><strong>La simbolog\u00eda <\/strong><strong>Data matrix<\/strong> es una simbolog\u00eda <strong>2D<\/strong> bidimensional de matriz que consiste en \u201cceldas\u201d blancas y negras o m\u00f3dulos acomodados en un patr\u00f3n cuadrado o rectangular. La informaci\u00f3n a codificar puede ser texto o informaci\u00f3n.<\/p>\n<p>La longitud de la informaci\u00f3n codificada depende de la dimensi\u00f3n de s\u00edmbolo utilizado. C\u00f3digos de correcci\u00f3n de error son agregados para incrementar la longitud de s\u00edmbolo: a\u00fan si se encuentran parcialmente da\u00f1ados, pueden a\u00fan ser le\u00eddos. Una simbolog\u00eda Data Matrix puede almacenar hasta 2,335 caracteres alfanum\u00e9ricos.<\/p>\n<div id=\"postnet\"><\/div>\n<div class=\"hr hr-solid\">&nbsp;<\/div>\n<p><img decoding=\"async\" width=\"533\" height=\"301\" class=\"size-thumbnail wp-image-787 alignleft\" title=\"postnet\" src=\"\/images\/about-qr-code\/postnet.jpg\" alt=\"postnet code 2d\" width=\"150\" \/><\/p>\n<h3>POSTNET CODE<\/h3>\n<p><strong>Postnet<\/strong> (Postal Numeric Encoding Technique) es una simbolog\u00eda de c\u00f3digo de barras utilizada por el Servicio Postal de los Estados Unidos para colaborar con el env\u00edo de emails. El c\u00f3digo ZIP o ZIP+4 se encuentra codificado en barrase de altura completa o media. Frecuentemente, se agregan puntos de entrega, generalmente los \u00faltimos dos d\u00edgitos de una direcci\u00f3n o casilla postal.<\/p>\n<p>La simbolog\u00eda Postnet codifica s\u00f3lo 5, 9 u 11 d\u00edgitos.<\/p>\n<div id=\"planet\"><\/div>\n<div class=\"hr hr-solid\">&nbsp;<\/div>\n<p><img decoding=\"async\" width=\"533\" height=\"301\" class=\"size-thumbnail wp-image-796 alignleft\" title=\"planet\" src=\"\/images\/about-qr-code\/planet.jpg\" alt=\"planet code 2d\" width=\"150\" \/><\/p>\n<h3>PLANET CODE<\/h3>\n<p><strong>Planet <\/strong>(Postal Alpha Numeric Encoding Technique)<\/p>\n<p>es una simbolog\u00eda utilizada por el Servicio Postal de los Estados Unidos para identificar y seguir encomiendas durante la entrega \u2013 las Oficinas Postales \u201cCONFIRMAN\u201d los servicios.<\/p>\n<p>Los s\u00edmbolos plane codifican 12 o 14 d\u00edgitos solamente, en donde el \u00faltimo d\u00edgito es de verificaci\u00f3n, calculado autom\u00e1ticamente por Labeljoy. Por ello, s\u00f3lo 11 o 13 d\u00edgitos pueden ingresarse.<\/p>\n<div class=\"basic-divider\"><span style=\"color: #ff9900\"><a id=\"scroll_to_top\" class=\"link-top\" href=\"#\"><span style=\"color: #ff9900\">Arriba<\/span><\/a><\/span><\/div>\n<p>LOS\u00a0C\u00d3DIGO DE BARRAS<\/p>\n<p>Leer m\u00e1s <a title=\"c\u00f3digo de barras\" href=\"http:\/\/www.labeljoy.com\/es\/soporte\/generar-codigo-barras\/\">sobre c\u00f3digo de barra<\/a>\u00a0para \u00a0Code 39, code 128, ean 13.<\/p>\n<p>&nbsp;<\/p>\n","protected":false},"excerpt":{"rendered":"<p>Gu\u00eda c\u00f3digo QR Qu\u00e9 es un C\u00f3digo QR? Un c\u00f3digo QR (Quick Response) es un s\u00edmbolo de matriz de c\u00f3digo de barra (o c\u00f3digo bidimensional 2D), legible por lectores de c\u00f3digos de barras dedicados y tel\u00e9fonos celulares. El s\u00edmbolo se encuentra compuesto por m\u00f3dulos negros acomodados en un patr\u00f3n cuadrado sobre un fondo blanco. La &#8230; <a title=\"Gu\u00eda c\u00f3digo QR\" class=\"read-more\" href=\"https:\/\/www.labeljoy.com\/es\/soporte\/que-es-codigo-qr\/\" aria-label=\"Leer m\u00e1s sobre Gu\u00eda c\u00f3digo QR\">Read more<\/a><\/p>\n","protected":false},"author":1,"featured_media":0,"parent":2064,"menu_order":4,"comment_status":"open","ping_status":"closed","template":"page-template-left-sidebar.php","meta":{"inline_featured_image":false,"_monsterinsights_skip_tracking":false,"_monsterinsights_sitenote_active":false,"_monsterinsights_sitenote_note":"","_monsterinsights_sitenote_category":0,"footnotes":""},"class_list":{"0":"post-2783","1":"page","2":"type-page","3":"status-publish","5":"infinite-scroll-item"},"aioseo_notices":[],"_links":{"self":[{"href":"https:\/\/www.labeljoy.com\/es\/wp-json\/wp\/v2\/pages\/2783","targetHints":{"allow":["GET"]}}],"collection":[{"href":"https:\/\/www.labeljoy.com\/es\/wp-json\/wp\/v2\/pages"}],"about":[{"href":"https:\/\/www.labeljoy.com\/es\/wp-json\/wp\/v2\/types\/page"}],"author":[{"embeddable":true,"href":"https:\/\/www.labeljoy.com\/es\/wp-json\/wp\/v2\/users\/1"}],"replies":[{"embeddable":true,"href":"https:\/\/www.labeljoy.com\/es\/wp-json\/wp\/v2\/comments?post=2783"}],"version-history":[{"count":33,"href":"https:\/\/www.labeljoy.com\/es\/wp-json\/wp\/v2\/pages\/2783\/revisions"}],"predecessor-version":[{"id":35001,"href":"https:\/\/www.labeljoy.com\/es\/wp-json\/wp\/v2\/pages\/2783\/revisions\/35001"}],"up":[{"embeddable":true,"href":"https:\/\/www.labeljoy.com\/es\/wp-json\/wp\/v2\/pages\/2064"}],"wp:attachment":[{"href":"https:\/\/www.labeljoy.com\/es\/wp-json\/wp\/v2\/media?parent=2783"}],"curies":[{"name":"wp","href":"https:\/\/api.w.org\/{rel}","templated":true}]}}