{"id":2785,"date":"2012-07-04T08:25:05","date_gmt":"2012-07-04T08:25:05","guid":{"rendered":"http:\/\/www.labeljoy.com\/soporte\/about-barcode\/"},"modified":"2024-08-20T13:04:25","modified_gmt":"2024-08-20T13:04:25","slug":"generar-codigo-barras","status":"publish","type":"page","link":"https:\/\/www.labeljoy.com\/es\/soporte\/generar-codigo-barras\/","title":{"rendered":"Generar c\u00f3digo de barras"},"content":{"rendered":"<h1>C\u00f3mo generar c\u00f3digo de barras<\/h1>\n<p>Labeljoy es un <strong>software de c\u00f3digo de barras<\/strong> que permite <strong>generar 26 c\u00f3digos de barras diferentes<\/strong>, imprimirlos o exportarlos en formato pdf, jpg, o Labeljoy Reader.<\/p>\n<p>Labeljoy es una opci\u00f3n perfecta para una amplia gama de aplicaciones profesionales, como <a href=\"http:\/\/www.labeljoy.com\/es\/soporte\/como-hacer\/crear-etiqueta-precios\/\" title=\"Crear etiquetas de precio\">etiquetado de precios<\/a>, <a href=\"http:\/\/www.labeljoy.com\/es\/plantillas\/etiqueta-productos\/\" title=\"Etiqueta de productos\">etiquetado de productos<\/a> o <a href=\"http:\/\/www.labeljoy.com\/es\/plantillas\/etiquetas-correo\/\" title=\"Etiquetas de Correo\">etiquetas de correo<\/a>.<\/p>\n<h2>El m\u00e1s completo generador de c\u00f3digo de barras!<\/h2>\n<p>Labeljoy permite importar informaci\u00f3n de bases de datos externas, como precios, fechas e incluso c\u00f3digos de barras.<br \/>\nS\u00f3lo tiene que <a href=\"http:\/\/www.labeljoy.com\/es\/videos\/conectar-fuentes-datos-externos\/\" title=\"Fuentes De Datos Externas\">conectar el archivo que contiene los c\u00f3digos a Labeljoy<\/a>, y con unos pocos clics podr\u00e1 generar etiquetas de c\u00f3digos de barras personalizadas.<\/p>\n<p>Labeljoy puede generar los siguientes tipos de c\u00f3digos de barras lineales:<\/p>\n<table width=\"100%\" border=\"0\" cellspacing=\"0\" cellpadding=\"8\" class=\"bgtable\">\n<tbody>\n<tr>\n<td><a href=\"http:\/\/www.labeljoy.com\/es\/soporte\/generar-codigo-barras\/code-39-es\/\" title=\"Code 39 symbol\"><img decoding=\"async\" width=\"210\" height=\"119\" class=\"imgbarcode\" src=\"http:\/\/www.labeljoy.com\/images\/barcode-types\/code-39.jpg\" alt=\"code 39 barcode\"><\/a><br \/>\n<a href=\"http:\/\/www.labeljoy.com\/es\/soporte\/generar-codigo-barras\/code-39-es\/\" title=\"Code 39 barcode generator\">CODE 39<\/a><\/td>\n<td><a href=\"http:\/\/www.labeljoy.com\/es\/soporte\/generar-codigo-barras\/code-93-es\/\" title=\"Code 93 symbol\"><img decoding=\"async\" width=\"210\" height=\"119\" class=\"imgbarcode\" src=\"http:\/\/www.labeljoy.com\/images\/barcode-types\/code-93.jpg\" alt=\"code 93 barcode generator\"><\/a><br \/>\n<a href=\"http:\/\/www.labeljoy.com\/es\/soporte\/generar-codigo-barras\/code-93-es\/\" title=\"Code 93 barcode generator\">CODE 93<\/a><\/td>\n<td><a href=\"http:\/\/www.labeljoy.com\/es\/soporte\/generar-codigo-barras\/code-128-es\/\" title=\"code 128 symbol\"><img decoding=\"async\" width=\"210\" height=\"119\" class=\"imgbarcode\" src=\"http:\/\/www.labeljoy.com\/images\/barcode-types\/code-128.jpg\" alt=\"code 128 barcode generator\"><\/a><br \/>\n<a href=\"http:\/\/www.labeljoy.com\/es\/soporte\/generar-codigo-barras\/code-128-es\/\" title=\"code 128 barcode generator\">CODE 128<\/a><\/td>\n<\/tr>\n<tr>\n<td><a href=\"http:\/\/www.labeljoy.com\/es\/soporte\/generar-codigo-barras\/ean-13-es\/\" title=\"EAN 13 symbol\"><img decoding=\"async\" width=\"210\" height=\"119\" class=\"imgbarcode\" src=\"http:\/\/www.labeljoy.com\/images\/barcode-types\/ean-13.jpg\" alt=\"ean 13 barcode generator\"><\/a><br \/>\n<a href=\"http:\/\/www.labeljoy.com\/es\/soporte\/generar-codigo-barras\/ean-13-es\/\" title=\"EAN 13 barcode generator\">EAN 13<\/a><\/td>\n<td><a href=\"http:\/\/www.labeljoy.com\/es\/soporte\/generar-codigo-barras\/ean-128-es\/\" title=\"EAN 128 symbol\"><img decoding=\"async\" width=\"210\" height=\"119\" class=\"imgbarcode\" src=\"http:\/\/www.labeljoy.com\/images\/barcode-types\/ean-128.jpg\" alt=\"ean 128 barcode generator\"><\/a><br \/>\n<a href=\"http:\/\/www.labeljoy.com\/es\/soporte\/generar-codigo-barras\/ean-128-es\/\" title=\"EAN 128 barcode generator\">EAN 128<\/a><\/td>\n<td><a href=\"http:\/\/www.labeljoy.com\/es\/soporte\/generar-codigo-barras\/ean-8-es\/\" title=\"EAN 8 symbol\"><img decoding=\"async\" width=\"210\" height=\"119\" class=\"imgbarcode\" src=\"http:\/\/www.labeljoy.com\/images\/barcode-types\/ean-8.jpg\" alt=\"ean 8 barcode\"><\/a><br \/>\n<a href=\"http:\/\/www.labeljoy.com\/es\/soporte\/generar-codigo-barras\/ean-8-es\/\" title=\"EAN 8 barcode generator\">EAN 8<\/a><\/td>\n<\/tr>\n<tr>\n<td><a href=\"http:\/\/www.labeljoy.com\/es\/soporte\/generar-codigo-barras\/gs1-128-es\/\" title=\"GS1 128 symbol\"><img decoding=\"async\" width=\"210\" height=\"119\" class=\"imgbarcode\" src=\"http:\/\/www.labeljoy.com\/images\/barcode-types\/gs1-128.jpg\" alt=\"gs1 128 barcode\"><\/a><br \/>\n<a href=\"http:\/\/www.labeljoy.com\/es\/soporte\/generar-codigo-barras\/gs1-128-es\/\" title=\"GS1 128 barcode generator\">GS1 128<\/a><\/td>\n<td><a href=\"https:\/\/www.labeljoy.com\/es\/soporte\/como-hacer\/generar-codigos-de-barra-sscc-18\/\" title=\"SSCC-18 symbol\"><img decoding=\"async\" width=\"210\" height=\"119\" class=\"imgbarcode\" src=\"https:\/\/www.labeljoy.com\/images\/barcode-types\/SSCC-18.jpg\" alt=\"SSCC-18 barcode\"><\/a><br \/>\n<a href=\"https:\/\/www.labeljoy.com\/es\/soporte\/como-hacer\/generar-codigos-de-barra-sscc-18\/\" title=\"SSCC-18 barcode generator\">SSCC-18<\/a><\/td>\n<td><a href=\"http:\/\/www.labeljoy.com\/es\/soporte\/generar-codigo-barras\/itf-14-es\/\" title=\"ITF 14 symbol\"><img decoding=\"async\" width=\"210\" height=\"119\" class=\"imgbarcode\" src=\"http:\/\/www.labeljoy.com\/images\/barcode-types\/itf-14.jpg\" alt=\"itf 14 barcode\"><\/a><br \/>\n<a href=\"http:\/\/www.labeljoy.com\/es\/soporte\/generar-codigo-barras\/itf-14-es\/\" title=\"ITF 14 barcode generator\">ITF 14<\/a><\/td>\n<\/tr>\n<tr>\n<td><a href=\"http:\/\/www.labeljoy.com\/es\/soporte\/generar-codigo-barras\/upc-code-es\/\" title=\"UPC code symbol\"><img decoding=\"async\" width=\"210\" height=\"119\" class=\"imgbarcode\" src=\"http:\/\/www.labeljoy.com\/images\/barcode-types\/upc-a.jpg\" alt=\"upc a barcode\"><\/a><br \/>\n<a href=\"http:\/\/www.labeljoy.com\/es\/soporte\/generar-codigo-barras\/upc-code-es\/\" title=\"UPC code barcode generator\">UPC-A<\/a><\/td>\n<td><a href=\"http:\/\/www.labeljoy.com\/es\/soporte\/generar-codigo-barras\/code-11-es\/\" title=\"Code 11 symbol\"><img decoding=\"async\" width=\"210\" height=\"119\" class=\"imgbarcode\" src=\"http:\/\/www.labeljoy.com\/images\/barcode-types\/code-11.jpg\" alt=\"code 11 barcode\"><\/a><br \/>\n<a href=\"http:\/\/www.labeljoy.com\/es\/soporte\/generar-codigo-barras\/code-11-es\/\" title=\"Code 11 barcode generator\">CODE 11<\/a><\/td>\n<td><a href=\"http:\/\/www.labeljoy.com\/es\/soporte\/generar-codigo-barras\/interleaved-2of5-es\/\" title=\"Interleaved 2 of 5 symbol\"><img decoding=\"async\" width=\"210\" height=\"119\" class=\"imgbarcode\" src=\"http:\/\/www.labeljoy.com\/images\/barcode-types\/interleaved.jpg\" alt=\"interleaved barcode\"><\/a><br \/>\n<a href=\"http:\/\/www.labeljoy.com\/es\/soporte\/generar-codigo-barras\/interleaved-2of5-es\/\" title=\"Interleaved barcode generator\">INTERLEAVED 2 of 5<\/a><\/td>\n<\/tr>\n<tr>\n<td><a href=\"http:\/\/www.labeljoy.com\/es\/soporte\/generar-codigo-barras\/industrial-2-of-5-es\/\" title=\"Industrial 2 of 5 symbol\"><img decoding=\"async\" width=\"210\" height=\"119\" class=\"imgbarcode\" src=\"http:\/\/www.labeljoy.com\/images\/barcode-types\/industrial.jpg\" alt=\"industrial barcode\"><\/a><br \/>\n<a href=\"http:\/\/www.labeljoy.com\/es\/soporte\/generar-codigo-barras\/industrial-2-of-5-es\/\" title=\"Industrial barcode generator\">INDUSTRIAL 2 of 5<\/a><\/td>\n<td><a href=\"http:\/\/www.labeljoy.com\/es\/soporte\/generar-codigo-barras\/codabar-es\/\" title=\"Codabar symbol\"><img decoding=\"async\" width=\"210\" height=\"119\" class=\"imgbarcode\" src=\"http:\/\/www.labeljoy.com\/images\/barcode-types\/codabar.jpg\" alt=\"codabar barcode\"><\/a><br \/>\n<a href=\"http:\/\/www.labeljoy.com\/es\/soporte\/generar-codigo-barras\/codabar-es\/\" title=\"Codabar barcode generator\">CODABAR<\/a><\/td>\n<td>&nbsp;<\/td>\n<\/tr>\n<\/tbody>\n<\/table>\n<p>&nbsp;<\/p>\n<div class=\"hr hr-dotted\"><\/div>\n<h3 style=\"margin-bottom:10px\">C\u00f3digos 2D generables con Labeljoy<\/h3>\n<table width=\"100%\" border=\"0\" cellspacing=\"0\" cellpadding=\"8\" class=\"bgtable\">\n<tbody>\n<tr>\n<td width=\"33%\"><a href=\"http:\/\/www.labeljoy.com\/es\/soporte\/generar-codigo-barras\/datamatrix-es\/\" title=\"Datamatrix symbol\"><img decoding=\"async\" width=\"102\" height=\"102\" class=\"imgbarcode\" src=\"http:\/\/www.labeljoy.com\/images\/barcode-types\/datamatrix.jpg\" alt=\"datamatrix barcode\"><\/a><br \/>\n<a href=\"http:\/\/www.labeljoy.com\/es\/soporte\/generar-codigo-barras\/datamatrix-es\/\" title=\"Datamatrix barcode generator\">DATAMATRIX<\/a><\/td>\n<td width=\"33%\"><a href=\"http:\/\/www.labeljoy.com\/es\/soporte\/generar-codigo-barras\/postnet-es\/\" title=\"Postnet barcode symbol\"><img decoding=\"async\" width=\"180\" height=\"102\" class=\"imgbarcode\" src=\"http:\/\/www.labeljoy.com\/images\/barcode-types\/postnet.jpg\" alt=\"postnet barcode barcode\"><\/a><br \/>\n<a href=\"http:\/\/www.labeljoy.com\/es\/soporte\/generar-codigo-barras\/postnet-es\/\" title=\"Postnet barcode\">POSTNET<\/a><\/td>\n<td width=\"33%\"><a href=\"http:\/\/www.labeljoy.com\/es\/soporte\/generar-codigo-barras\/planet-code-es\/\" title=\"planet code symbol\"><img decoding=\"async\" width=\"180\" height=\"102\" class=\"imgbarcode\" src=\"http:\/\/www.labeljoy.com\/images\/barcode-types\/planet.jpg\" alt=\"planet code barcode\"><\/a><br \/>\n<a href=\"http:\/\/www.labeljoy.com\/es\/soporte\/generar-codigo-barras\/planet-code-es\/\" title=\"Planet code barcode generator\">PLANET<\/a><\/td>\n<\/tr>\n<tr>\n<td width=\"33%\"><a href=\"http:\/\/www.labeljoy.com\/es\/qr-code-es\/\" title=\"QR Code symbol\"><img decoding=\"async\" width=\"102\" height=\"102\" class=\"imgbarcode\" src=\"http:\/\/www.labeljoy.com\/images\/barcode-types\/qr-code.jpg\" alt=\"qr code barcode\"><\/a><br \/>\n<a href=\"http:\/\/www.labeljoy.com\/es\/qr-code-es\/\" title=\"QR Code barcode\">QR CODE<\/a><\/td>\n<td width=\"33%\"><a title=\"PDF417 c\u00f3digo de barras\" href=\"http:\/\/www.labeljoy.com\/es\/soporte\/generar-codigo-barras\/pdf-417-es\/\"><img decoding=\"async\" width=\"228\" height=\"56\" class=\"imgbarcode\" alt=\"c\u00f3digo de barras pdf 417\" src=\"http:\/\/www.labeljoy.com\/user-guide-files\/it\/bcd_pdf417_1.png\"><\/a><br \/>\n<a title=\"PFD417 barcode\" href=\"http:\/\/www.labeljoy.com\/es\/soporte\/generar-codigo-barras\/pdf-417-es\/\">PDF417<\/a><\/td>\n<td width=\"33%\"><a title=\"C\u00f3digo de barras GS1 Data Matrix\" href=\"https:\/\/www.labeljoy.com\/es\/soporte\/generar-codigo-barras\/gs1-data-matrix\/\"><img decoding=\"async\" alt=\"C\u00f3digo de barras GS1 Data Matrix\" src=\"https:\/\/www.labeljoy.com\/wp-content\/uploads\/2023\/10\/codice_a_barre_gs1_data_matrix.png\" width=\"102px\" height=\"100px\"><\/a><br \/>\n<a title=\"C\u00f3digo de barras GS1 Data Matrix\" href=\"https:\/\/www.labeljoy.com\/es\/soporte\/generar-codigo-barras\/gs1-data-matrix\/\">GS1 DATA MATRIX<\/a><\/td>\n<\/tr>\n<tr>\n<td width=\"33%\"><a title=\"C\u00f3digo Aztec\" href=\"https:\/\/www.labeljoy.com\/es\/soporte\/generar-codigo-barras\/aztec\/\"><img decoding=\"async\" alt=\"C\u00f3digo Aztec\" src=\"https:\/\/www.labeljoy.com\/wp-content\/uploads\/2023\/10\/barcode-aztec.jpg\" width=\"120px\" height=\"108px\"><\/a><br \/>\n<a title=\"C\u00f3digo Aztec\" href=\"https:\/\/www.labeljoy.com\/es\/soporte\/generar-codigo-barras\/aztec\/\">AZTEC<\/a><\/td>\n<td width=\"33%\">&nbsp;<\/td>\n<td width=\"33%\">&nbsp;<\/td>\n<\/tr>\n<\/tbody>\n<\/table>\n<p>&nbsp;<\/p>\n<p>Dependiendo del tipo de c\u00f3digo de barras elegido, se pedir\u00e1 que introducir algunos par\u00e1metros requeridos por cada tipo de c\u00f3digo de barras como se explica en la las diferentes p\u00e1ginas.<\/p>\n","protected":false},"excerpt":{"rendered":"<p>C\u00f3mo generar c\u00f3digo de barras Labeljoy es un software de c\u00f3digo de barras que permite generar c\u00f3digos de barras diferentes, imprimirlos o exportarlos en formato pdf, jpg, o Labeljoy Reader. Labeljoy es una opci\u00f3n perfecta para una amplia gama de aplicaciones profesionales, como etiquetado de precios, etiquetado de productos o etiquetas de correo. El m\u00e1s &#8230; <a title=\"Generar c\u00f3digo de barras\" class=\"read-more\" href=\"https:\/\/www.labeljoy.com\/es\/soporte\/generar-codigo-barras\/\" aria-label=\"Leer m\u00e1s sobre Generar c\u00f3digo de barras\">Read more<\/a><\/p>\n","protected":false},"author":1,"featured_media":0,"parent":2064,"menu_order":23,"comment_status":"closed","ping_status":"closed","template":"","meta":{"inline_featured_image":false,"_monsterinsights_skip_tracking":false,"_monsterinsights_sitenote_active":false,"_monsterinsights_sitenote_note":"","_monsterinsights_sitenote_category":0,"footnotes":""},"class_list":{"0":"post-2785","1":"page","2":"type-page","3":"status-publish","5":"infinite-scroll-item"},"aioseo_notices":[],"_links":{"self":[{"href":"https:\/\/www.labeljoy.com\/es\/wp-json\/wp\/v2\/pages\/2785","targetHints":{"allow":["GET"]}}],"collection":[{"href":"https:\/\/www.labeljoy.com\/es\/wp-json\/wp\/v2\/pages"}],"about":[{"href":"https:\/\/www.labeljoy.com\/es\/wp-json\/wp\/v2\/types\/page"}],"author":[{"embeddable":true,"href":"https:\/\/www.labeljoy.com\/es\/wp-json\/wp\/v2\/users\/1"}],"replies":[{"embeddable":true,"href":"https:\/\/www.labeljoy.com\/es\/wp-json\/wp\/v2\/comments?post=2785"}],"version-history":[{"count":43,"href":"https:\/\/www.labeljoy.com\/es\/wp-json\/wp\/v2\/pages\/2785\/revisions"}],"predecessor-version":[{"id":41361,"href":"https:\/\/www.labeljoy.com\/es\/wp-json\/wp\/v2\/pages\/2785\/revisions\/41361"}],"up":[{"embeddable":true,"href":"https:\/\/www.labeljoy.com\/es\/wp-json\/wp\/v2\/pages\/2064"}],"wp:attachment":[{"href":"https:\/\/www.labeljoy.com\/es\/wp-json\/wp\/v2\/media?parent=2785"}],"curies":[{"name":"wp","href":"https:\/\/api.w.org\/{rel}","templated":true}]}}