{"id":2789,"date":"2012-07-03T09:03:16","date_gmt":"2012-07-03T09:03:16","guid":{"rendered":"http:\/\/www.labeljoy.com\/templates-2\/"},"modified":"2022-01-14T14:45:13","modified_gmt":"2022-01-14T14:45:13","slug":"plantillas","status":"publish","type":"page","link":"https:\/\/www.labeljoy.com\/es\/plantillas\/","title":{"rendered":"Plantillas"},"content":{"rendered":"<h1>Descargar Plantillas de Etiquetas<\/h1>\n<h2>Cree Etiquetas Personalizadas con Labeljoy<\/h2>\n<p><strong>Crear una etiqueta personalizada&nbsp;<\/strong>es muy f\u00e1cil con Labeljoy. Usted puede <strong>crear una nueva etiqueta<\/strong>&nbsp;o <strong>descargar nuestras plantillas<\/strong> &nbsp;y personalizarlas!<\/p>\n<p>Las plantillas se encuentran organizadas por categor\u00edas, como se muestra en el panel izquierdo.<\/p>\n<p>Usted puede cambiar la distribuci\u00f3n del layout de la plantilla manteniendo todos los campos sin cambios.<\/p>\n<p><em>Plantillas de Etiquetas Personalizadas<\/em> \u2013 agregue su nombre de empresa, logo y otro contenido personalizado a nuestras plantillas de etiquetas dise\u00f1adas para la industria, log\u00edstica, \u00e1reas de inter\u00e9s, vacaciones, ocasiones especiales, para crear sus propias etiquetas personalizadas.<\/p>\n<p>Las Plantillas Personalizadas representan la soluci\u00f3n para productos \u00fanicos.<\/p>\n<div class=\"one_half\">\n<div class=\"tt-notification tip \">\n<p style=\"font-size: 12px\">Editar y agregar texto<\/p>\n<\/div>\n<div class=\"tt-notification tip \">\n<p style=\"font-size: 12px\">Insertar nuevas im\u00e1genes<\/p>\n<\/div>\n<div class=\"tt-notification tip \">\n<p style=\"font-size: 12px\">Ingresar c\u00f3digo de barras y c\u00f3digo QR<\/p>\n<\/div>\n<\/div>\n<div class=\"one_half\">\n<div class=\"one_half\"><\/div>\n<div class=\"tt-notification tip \">\n<p style=\"font-size: 12px\">Insertar informaci\u00f3n desde bases de datos externas<\/p>\n<\/div>\n<div class=\"tt-notification tip \">\n<p style=\"font-size: 12px\">Usar 1,500 cliparts precargados<\/p>\n<\/div>\n<div class=\"tt-notification tip\">\n<p style=\"font-size: 12px\">Exportar a formatos pdf y jpg<\/p>\n<\/div>\n<\/div>\n<p>Imprima etiquetas con su impresora l\u00e1ser, impresora de tinta o impresora de rollo.<br \/>\n<div class=\"one_half\">\n<p style=\"text-align: center\"><a href=\"\/es\/caracteristicas\/\" class=\"large grey tt-button\" target=\"_self\">Observe todas las caracter\u00edsticas de Labeljoy<\/a>\n<\/div>\n<div class=\"one_half\">\n<p style=\"text-align: center\"><a href=\"\/es\/download-es\/\" class=\"large green tt-button\" target=\"_self\">&nbsp;&nbsp;&nbsp;&nbsp;&nbsp;&nbsp; Descargar Software Ahora&nbsp;&nbsp;&nbsp;&nbsp;&nbsp;&nbsp; <\/a>\n<\/div>\n","protected":false},"excerpt":{"rendered":"<p>Descargar Plantillas de Etiquetas Cree Etiquetas Personalizadas con Labeljoy Crear una etiqueta personalizada&nbsp;es muy f\u00e1cil con Labeljoy. Usted puede crear una nueva etiqueta&nbsp;o descargar nuestras plantillas &nbsp;y personalizarlas! Las plantillas se encuentran organizadas por categor\u00edas, como se muestra en el panel izquierdo. Usted puede cambiar la distribuci\u00f3n del layout de la plantilla manteniendo todos los &#8230; <a title=\"Plantillas\" class=\"read-more\" href=\"https:\/\/www.labeljoy.com\/es\/plantillas\/\" aria-label=\"Leer m\u00e1s sobre Plantillas\">Read more<\/a><\/p>\n","protected":false},"author":1,"featured_media":0,"parent":0,"menu_order":43,"comment_status":"open","ping_status":"closed","template":"","meta":{"inline_featured_image":false,"_monsterinsights_skip_tracking":false,"_monsterinsights_sitenote_active":false,"_monsterinsights_sitenote_note":"","_monsterinsights_sitenote_category":0,"footnotes":""},"class_list":{"0":"post-2789","1":"page","2":"type-page","3":"status-publish","5":"infinite-scroll-item"},"aioseo_notices":[],"_links":{"self":[{"href":"https:\/\/www.labeljoy.com\/es\/wp-json\/wp\/v2\/pages\/2789","targetHints":{"allow":["GET"]}}],"collection":[{"href":"https:\/\/www.labeljoy.com\/es\/wp-json\/wp\/v2\/pages"}],"about":[{"href":"https:\/\/www.labeljoy.com\/es\/wp-json\/wp\/v2\/types\/page"}],"author":[{"embeddable":true,"href":"https:\/\/www.labeljoy.com\/es\/wp-json\/wp\/v2\/users\/1"}],"replies":[{"embeddable":true,"href":"https:\/\/www.labeljoy.com\/es\/wp-json\/wp\/v2\/comments?post=2789"}],"version-history":[{"count":23,"href":"https:\/\/www.labeljoy.com\/es\/wp-json\/wp\/v2\/pages\/2789\/revisions"}],"predecessor-version":[{"id":36431,"href":"https:\/\/www.labeljoy.com\/es\/wp-json\/wp\/v2\/pages\/2789\/revisions\/36431"}],"wp:attachment":[{"href":"https:\/\/www.labeljoy.com\/es\/wp-json\/wp\/v2\/media?parent=2789"}],"curies":[{"name":"wp","href":"https:\/\/api.w.org\/{rel}","templated":true}]}}