{"id":2810,"date":"2012-07-18T09:48:37","date_gmt":"2012-07-18T09:48:37","guid":{"rendered":"http:\/\/www.labeljoy.com\/templates\/barcode-price-tag\/"},"modified":"2021-01-04T13:43:18","modified_gmt":"2021-01-04T13:43:18","slug":"etiqueta-de-precio","status":"publish","type":"page","link":"https:\/\/www.labeljoy.com\/es\/plantillas\/etiqueta-de-precio\/","title":{"rendered":"Etiqueta de Precios"},"content":{"rendered":"<h1>Etiqueta de Precios de C\u00f3digo de Barras<\/h1>\n<h2>Cree su propia etiqueta de precios con c\u00f3digo de barras<\/h2>\n<p>El <strong>software de etiquetas de c\u00f3digo de barras<\/strong> Labeljoy genera etiquetas de c\u00f3digo de barras autom\u00e1ticamente con pocos clics del mouse sin requerir conocimientos t\u00e9cnicos o de programaci\u00f3n, permitiendo crear etiquetas de precios personalizadas en pocos clics.<\/p>\n<p>Seleccione el layout y personalice su <strong>etiqueta de c\u00f3digo de barras<\/strong> editando los colores, texturas, texto e im\u00e1genes. O descargue nuestras plantillas de c\u00f3digo de barras y personalice las mismas con facilidad.<\/p>\n<p align=\"justify\"><strong><strong>Por qu\u00e9 Labeljoy<\/strong>?<\/strong><\/p>\n<ul>\n<li><strong>Genere Etiquetas de C\u00f3digos de Barras Personalizados:<\/strong> Labeljoy Permite al usuario generar <em>etiquetas de precio de c\u00f3digos de barras<\/em> usando <a title=\"Caracter\u00edsticas\" href=\"http:\/\/www.labeljoy.com\/es\/caracteristicas\/\">herramientas de software avanzadas<\/a>. El usuario puede establecer f\u00e1cilmente los valores, fuentes, colores, tama\u00f1o de c\u00f3digo de barra y m\u00e1s creando etiquetas de c\u00f3digo de barra est\u00e1ndares en la industria.<\/li>\n<li><strong>Soporte para varios C\u00f3digos de Barras Lineales:<\/strong> Labeljoy genera Ean 13, Ean 8, Ean 128, ITF 14, UPC, Code 39, Code 93, GS1-128, Escalado 2 de 5, Industrial 2 de 5, Codabar, Data Matrix, Postnet y Planet. Observe nuestra\u00a0<a title=\"Gu\u00eda de C\u00f3digo de Barras\" href=\"http:\/\/www.labeljoy.com\/es\/soporte\/que-es-codigo-qr\/\">Gu\u00eda de C\u00f3digo de Barras<\/a>\u00a0para conocer m\u00e1s sobre cada simbolog\u00eda.<\/li>\n<li><strong>Soporte para C\u00f3digos de Barras 2D: <\/strong>Labeljoy posee un generador de C\u00f3digo QR. Puede generar C\u00f3digos de Barras 2D infinitos y exportarlos o imprimirlos. Observe nuestra\u00a0<a title=\"gu\u00eda sobre C\u00f3digo QR\" href=\"http:\/\/www.labeljoy.com\/es\/soporte\/que-es-codigo-qr\/\">gu\u00eda sobre C\u00f3digo QR<\/a>\u00a0para conocer m\u00e1s sobre el C\u00f3digo QR.<\/li>\n<li><strong>Exportaci\u00f3n de Im\u00e1genes de C\u00f3digos de Barras:<\/strong> Labeljoy le permite guardar c\u00f3digos de barras generados, etiquetas \u00fanicas u hojas completas en los formatos de archivo gr\u00e1fico m\u00e1s comunes.<\/li>\n<li><strong>Facilidad de impresi\u00f3n<\/strong>: Puede imprimir sus etiquetas de precios de c\u00f3digo de barras utilizando impresoras normales o de rollo, seleccionando el tipo de papel de su preferencia.<\/li>\n<li><strong>Legible por Scanners:<\/strong> <em>Los c\u00f3digos de barras generados<\/em> son f\u00e1cilmente legibles por todos los lectores de c\u00f3digos de barras utilizados com\u00fanmente.<\/li>\n<\/ul>\n<div class=\"one_third\"> <div class=\"img-frame full-fourth\"><div class=\"lightbox-zoom\"><a title=\"Computer Price tag\" href=\"http:\/\/www.labeljoy.com\/label-templates\/price-tag\/price1b.jpg\" data-gal=\"prettyPhoto[etiqueta precio]\" class=\"hover-item\"><img decoding=\"async\" width=\"197\" height=\"133\" alt=\"Computer Price tag\" src=\"https:\/\/www.labeljoy.com\/wp-content\/plugins\/sterling-shortcodes\/\/timthumb\/timthumb.php?src=http:\/\/www.labeljoy.com\/label-templates\/price-tag\/price1s.jpg&#038;h=133&#038;w=197\"><\/a><\/div><\/div>\n<p style=\"text-align: center\">\u00a0<a href=\"http:\/\/www.labeljoy.com\/label-templates\/price-tag\/price1.lpa\" class=\"small white tt-button\" target=\"_self\"> Descargar <\/a>\n<\/div>\n<div class=\"one_third\"> <div class=\"img-frame full-fourth\"><div class=\"lightbox-zoom\"><a title=\"Precio de etiqueta con c\u00f3digo de barras\" href=\"http:\/\/www.labeljoy.com\/label-templates\/price-tag\/price2b.jpg\" data-gal=\"prettyPhoto[etiqueta precio]\" class=\"hover-item\"><img decoding=\"async\" width=\"197\" height=\"133\" alt=\"Precio de etiqueta con c\u00f3digo de barras\" src=\"https:\/\/www.labeljoy.com\/wp-content\/plugins\/sterling-shortcodes\/\/timthumb\/timthumb.php?src=http:\/\/www.labeljoy.com\/label-templates\/price-tag\/price2s.jpg&#038;h=133&#038;w=197\"><\/a><\/div><\/div>\n<p style=\"text-align: center\">\u00a0<a href=\"http:\/\/www.labeljoy.com\/label-templates\/price-tag\/price2.lpa\" class=\"small white tt-button\" target=\"_self\"> Descargar <\/a>\n<\/div>\n<div class=\"one_third\"> <div class=\"img-frame full-fourth\"><div class=\"lightbox-zoom\"><a title=\"Etiquetas de precios personalizados\" href=\"http:\/\/www.labeljoy.com\/label-templates\/price-tag\/price3b.jpg\" data-gal=\"prettyPhoto[etiqueta precio]\" class=\"hover-item\"><img decoding=\"async\" width=\"197\" height=\"133\" alt=\"Etiquetas de precios personalizados\" src=\"https:\/\/www.labeljoy.com\/wp-content\/plugins\/sterling-shortcodes\/\/timthumb\/timthumb.php?src=http:\/\/www.labeljoy.com\/label-templates\/price-tag\/price3s.jpg&#038;h=133&#038;w=197\"><\/a><\/div><\/div>\n<p style=\"text-align: center\">\u00a0<a href=\"http:\/\/www.labeljoy.com\/label-templates\/price-tag\/price3.lpa\" class=\"small white tt-button\" target=\"_self\"> Descargar <\/a>\n<\/div>\n<div class=\"hr hr-dotted\">&nbsp;<\/div>\n<div class=\"one_third\"> <div class=\"img-frame full-fourth\"><div class=\"lightbox-zoom\"><a title=\"Bookstore precio\" href=\"http:\/\/www.labeljoy.com\/label-templates\/price-tag\/price4b.jpg\" data-gal=\"prettyPhoto[etiqueta precio]\" class=\"hover-item\"><img decoding=\"async\" width=\"197\" height=\"133\" alt=\"Bookstore precio\" src=\"https:\/\/www.labeljoy.com\/wp-content\/plugins\/sterling-shortcodes\/\/timthumb\/timthumb.php?src=http:\/\/www.labeljoy.com\/label-templates\/price-tag\/price4s.jpg&#038;h=133&#038;w=197\"><\/a><\/div><\/div>\n<p style=\"text-align: center\">\u00a0<a href=\"http:\/\/www.labeljoy.com\/label-templates\/price-tag\/price4.lpa\" class=\"small white tt-button\" target=\"_self\"> Descargar <\/a>\n<\/div>\n<div class=\"one_third\"> <div class=\"img-frame full-fourth\"><div class=\"lightbox-zoom\"><a title=\"Etiqueta de precio de los alimentos\" href=\"http:\/\/www.labeljoy.com\/label-templates\/price-tag\/price5b.jpg\" data-gal=\"prettyPhoto[etiqueta precio]\" class=\"hover-item\"><img decoding=\"async\" width=\"197\" height=\"133\" alt=\"Etiqueta de precio de los alimentos\" src=\"https:\/\/www.labeljoy.com\/wp-content\/plugins\/sterling-shortcodes\/\/timthumb\/timthumb.php?src=http:\/\/www.labeljoy.com\/label-templates\/price-tag\/price5s.jpg&#038;h=133&#038;w=197\"><\/a><\/div><\/div>\n<p style=\"text-align: center\">\u00a0<a href=\"http:\/\/www.labeljoy.com\/label-templates\/price-tag\/price5.lpa\" class=\"small white tt-button\" target=\"_self\"> Descargar <\/a>\n<\/div>\n<div class=\"one_third\"> <div class=\"img-frame full-fourth\"><div class=\"lightbox-zoom\"><a title=\"La etiqueta del producto con el precio\" href=\"http:\/\/www.labeljoy.com\/label-templates\/price-tag\/price6b.jpg\" data-gal=\"prettyPhoto[etiqueta precio]\" class=\"hover-item\"><img decoding=\"async\" width=\"197\" height=\"133\" alt=\"La etiqueta del producto con el precio\" src=\"https:\/\/www.labeljoy.com\/wp-content\/plugins\/sterling-shortcodes\/\/timthumb\/timthumb.php?src=http:\/\/www.labeljoy.com\/label-templates\/price-tag\/price6s.jpg&#038;h=133&#038;w=197\"><\/a><\/div><\/div>\n<p style=\"text-align: center\">\u00a0<a href=\"http:\/\/www.labeljoy.com\/label-templates\/price-tag\/price6.lpa\" class=\"small white tt-button\" target=\"_self\"> Descargar <\/a>\n<\/div>\n<div class=\"hr hr-dotted\">&nbsp;<\/div>\n<div class=\"one_third\"> <div class=\"img-frame full-fourth\"><div class=\"lightbox-zoom\"><a title=\"Fabricaci\u00f3n precio\" href=\"http:\/\/www.labeljoy.com\/label-templates\/price-tag\/price7b.jpg\" data-gal=\"prettyPhoto[etiqueta precio]\" class=\"hover-item\"><img decoding=\"async\" width=\"197\" height=\"133\" alt=\"Fabricaci\u00f3n precio\" src=\"https:\/\/www.labeljoy.com\/wp-content\/plugins\/sterling-shortcodes\/\/timthumb\/timthumb.php?src=http:\/\/www.labeljoy.com\/label-templates\/price-tag\/price7s.jpg&#038;h=133&#038;w=197\"><\/a><\/div><\/div>\n<p style=\"text-align: center\"> <a href=\"http:\/\/www.labeljoy.com\/label-templates\/price-tag\/price7.lpa\" class=\"small white tt-button\" target=\"_self\"> Descargar <\/a>\n<\/div>\n<div class=\"hr hr-dotted\">&nbsp;<\/div>\n<div class=\"one_half\">\n<p style=\"text-align: center\"><a href=\"\/es\/comprar\/\" class=\"large blue tt-button\" target=\"\"> Compra Software <\/a>\n<\/div>\n<div class=\"one_half\">\n<p style=\"text-align: center\"><a href=\"\/es\/download-es\/\" class=\"large green tt-button\" target=\"\">Descarga versi\u00f3n gratuita<\/a>\n<\/div>\n","protected":false},"excerpt":{"rendered":"<p>Etiqueta de Precios de C\u00f3digo de Barras Cree su propia etiqueta de precios con c\u00f3digo de barras El software de etiquetas de c\u00f3digo de barras Labeljoy genera etiquetas de c\u00f3digo de barras autom\u00e1ticamente con pocos clics del mouse sin requerir conocimientos t\u00e9cnicos o de programaci\u00f3n, permitiendo crear etiquetas de precios personalizadas en pocos clics. Seleccione &#8230; <a title=\"Etiqueta de Precios\" class=\"read-more\" href=\"https:\/\/www.labeljoy.com\/es\/plantillas\/etiqueta-de-precio\/\" aria-label=\"Leer m\u00e1s sobre Etiqueta de Precios\">Read more<\/a><\/p>\n","protected":false},"author":1,"featured_media":0,"parent":2789,"menu_order":0,"comment_status":"open","ping_status":"closed","template":"page-template-left-sidebar.php","meta":{"inline_featured_image":false,"_monsterinsights_skip_tracking":false,"_monsterinsights_sitenote_active":false,"_monsterinsights_sitenote_note":"","_monsterinsights_sitenote_category":0,"footnotes":""},"class_list":{"0":"post-2810","1":"page","2":"type-page","3":"status-publish","5":"infinite-scroll-item"},"aioseo_notices":[],"_links":{"self":[{"href":"https:\/\/www.labeljoy.com\/es\/wp-json\/wp\/v2\/pages\/2810","targetHints":{"allow":["GET"]}}],"collection":[{"href":"https:\/\/www.labeljoy.com\/es\/wp-json\/wp\/v2\/pages"}],"about":[{"href":"https:\/\/www.labeljoy.com\/es\/wp-json\/wp\/v2\/types\/page"}],"author":[{"embeddable":true,"href":"https:\/\/www.labeljoy.com\/es\/wp-json\/wp\/v2\/users\/1"}],"replies":[{"embeddable":true,"href":"https:\/\/www.labeljoy.com\/es\/wp-json\/wp\/v2\/comments?post=2810"}],"version-history":[{"count":21,"href":"https:\/\/www.labeljoy.com\/es\/wp-json\/wp\/v2\/pages\/2810\/revisions"}],"predecessor-version":[{"id":17317,"href":"https:\/\/www.labeljoy.com\/es\/wp-json\/wp\/v2\/pages\/2810\/revisions\/17317"}],"up":[{"embeddable":true,"href":"https:\/\/www.labeljoy.com\/es\/wp-json\/wp\/v2\/pages\/2789"}],"wp:attachment":[{"href":"https:\/\/www.labeljoy.com\/es\/wp-json\/wp\/v2\/media?parent=2810"}],"curies":[{"name":"wp","href":"https:\/\/api.w.org\/{rel}","templated":true}]}}