{"id":2812,"date":"2012-07-18T09:48:06","date_gmt":"2012-07-18T09:48:06","guid":{"rendered":"http:\/\/www.labeljoy.com\/templates\/bottle-label\/"},"modified":"2020-12-17T18:48:29","modified_gmt":"2020-12-17T18:48:29","slug":"etiqueta-botella","status":"publish","type":"page","link":"https:\/\/www.labeljoy.com\/es\/plantillas\/etiqueta-botella\/","title":{"rendered":"Etiquetas de Botellas"},"content":{"rendered":"<h1>Plantillas de etiquetas para botellas<\/h1>\n<h2>Personaliza tu propia etiqueta para botellas!<\/h2>\n<p>Con Labeljoy\u00a0 puede crear <strong>sus propias botellas etiquetadas<\/strong> de agua, <a title=\"etiqueta para botella de vino\" href=\"http:\/\/www.labeljoy.com\/es\/plantillas\/etiqueta-vino\/\">etiquetas de vino<\/a> y <a href=\"http:\/\/www.labeljoy.com\/es\/plantillas\/etiquetas-cerveza\/\" title=\"Etiquetas para cerveza\">etiquetas de cerveza<\/a> personalizadas.<\/p>\n<p>Est\u00e1 buscando <em>etiquetas de botellas personalizadas profesionales<\/em>? No hay problema, <em>cree sus propias etiquetas de botellas personalizadas<\/em> en pocos clics.<\/p>\n<h3>Puede crear etiquetas de botellas personalizadas para cualquier ocasi\u00f3n!<\/h3>\n<p><a href=\"http:\/\/www.labeljoy.com\/es\/software-impresion-codigo-barras\/\" title=\"Software de Impresi\u00f3n de c\u00f3digo de barras\"><img decoding=\"async\" width=\"150\" height=\"150\" src=\"http:\/\/www.labeljoy.com\/images\/barcode-software\/barcode-printing-labels.jpg\" alt=\"Labeljoy programa para la impresi\u00f3n de c\u00f3digo de barras sobre botellas\" class=\"alignleft\"><\/a>Provoque un impacto instant\u00e1neo en su pr\u00f3ximo gran evento. Puede crear etiquetas para cumplea\u00f1os, festividades, aniversarios. Labeljoy le otorga la oportunidad de <strong>crear etiquetas de botellas completamente personalizadas,<\/strong>\u00a0<a title=\"Video Presentaci\u00f3n Software \" href=\"http:\/\/www.labeljoy.com\/es\/videos\/presentacion-software-etiquetado\/\">agregando texto, cambiando fuentes<\/a>\u00a0y tama\u00f1os, insertando im\u00e1genes desde su PC, utilizando efectos de transparencia e insertando marcos. Adem\u00e1s, para prop\u00f3sitos comerciales, tambi\u00e9n puede insertar c\u00f3digos de barras y vincular campos de texto con <a title=\"bases de datos externas\" href=\"http:\/\/www.labeljoy.com\/es\/videos\/conectar-fuentes-datos-externos\/\">bases de datos externas<\/a>.<\/p>\n<p>Y luego puede imprimir sus propias etiquetas personalizadas en el tipo de papel de su preferencia utilizando impresoras est\u00e1ndar o de rollo.<\/p>\n<div class=\"one_third\"> <div class=\"img-frame full-fourth\"><div class=\"lightbox-zoom\"><a title=\"Etiqueta de la botella de agua\" href=\"http:\/\/www.labeljoy.com\/label-templates\/bottle\/bottle1b.jpg\" data-gal=\"prettyPhoto[Etiquetas Botellas]\" class=\"hover-item\"><img decoding=\"async\" width=\"197\" height=\"133\" alt=\"Etiqueta de la botella de agua\" src=\"https:\/\/www.labeljoy.com\/wp-content\/plugins\/sterling-shortcodes\/\/timthumb\/timthumb.php?src=http:\/\/www.labeljoy.com\/label-templates\/bottle\/bottle1s.jpg&#038;h=133&#038;w=197\"><\/a><\/div><\/div>\n<p style=\"text-align: center\"><a href=\"http:\/\/www.labeljoy.com\/label-templates\/bottle\/bottle1.lpa\" class=\"small white tt-button\" target=\"_self\"> Descargar <\/a>\n<\/div>\n<div class=\"one_third\"> <div class=\"img-frame full-fourth\"><div class=\"lightbox-zoom\"><a title=\"Etiqueta de la botella de Limoncello\" href=\"http:\/\/www.labeljoy.com\/label-templates\/bottle\/bottle2b.jpg\" data-gal=\"prettyPhoto[Etiquetas Botellas]\" class=\"hover-item\"><img decoding=\"async\" width=\"197\" height=\"133\" alt=\"Etiqueta de la botella de Limoncello\" src=\"https:\/\/www.labeljoy.com\/wp-content\/plugins\/sterling-shortcodes\/\/timthumb\/timthumb.php?src=http:\/\/www.labeljoy.com\/label-templates\/bottle\/bottle2s.jpg&#038;h=133&#038;w=197\"><\/a><\/div><\/div>\n<p style=\"text-align: center\"><a href=\"http:\/\/www.labeljoy.com\/label-templates\/bottle\/bottle2.lpa\" class=\"small white tt-button\" target=\"_self\"> Descargar <\/a>\n<\/div>\n<div class=\"one_third\"> <div class=\"img-frame full-fourth\"><div class=\"lightbox-zoom\"><a title=\"Etiqueta de la botella de aceite\" href=\"http:\/\/www.labeljoy.com\/label-templates\/bottle\/bottle3b.jpg\" data-gal=\"prettyPhoto[Etiquetas Botellas]\" class=\"hover-item\"><img decoding=\"async\" width=\"197\" height=\"133\" alt=\"Etiqueta de la botella de aceite\" src=\"https:\/\/www.labeljoy.com\/wp-content\/plugins\/sterling-shortcodes\/\/timthumb\/timthumb.php?src=http:\/\/www.labeljoy.com\/label-templates\/bottle\/bottle3s.jpg&#038;h=133&#038;w=197\"><\/a><\/div><\/div>\n<p style=\"text-align: center\"><a href=\"http:\/\/www.labeljoy.com\/label-templates\/bottle\/bottle3.lpa\" class=\"small white tt-button\" target=\"_self\"> Descargar <\/a>\n<\/div>\n<div class=\"hr hr-dotted\">&nbsp;<\/div>\n<div class=\"one_half\">\n<p style=\"text-align: center\"><a href=\"\/es\/comprar\/\" class=\"large blue tt-button\" target=\"\"> Compra Software <\/a>\n<\/div>\n<div class=\"one_half\">\n<p style=\"text-align: center\"><a href=\"\/es\/download-es\/\" class=\"large green tt-button\" target=\"\">Descarga versi\u00f3n gratuita<\/a>\n<\/div>\n","protected":false},"excerpt":{"rendered":"<p>Plantillas de etiquetas para botellas Personaliza tu propia etiqueta para botellas! Con Labeljoy\u00a0 puede crear sus propias botellas etiquetadas de agua, etiquetas de vino y etiquetas de cerveza personalizadas. Est\u00e1 buscando etiquetas de botellas personalizadas profesionales? No hay problema, cree sus propias etiquetas de botellas personalizadas en pocos clics. Puede crear etiquetas de botellas personalizadas &#8230; <a title=\"Etiquetas de Botellas\" class=\"read-more\" href=\"https:\/\/www.labeljoy.com\/es\/plantillas\/etiqueta-botella\/\" aria-label=\"Leer m\u00e1s sobre Etiquetas de Botellas\">Read more<\/a><\/p>\n","protected":false},"author":1,"featured_media":0,"parent":2789,"menu_order":0,"comment_status":"open","ping_status":"closed","template":"page-template-left-sidebar.php","meta":{"inline_featured_image":false,"_monsterinsights_skip_tracking":false,"_monsterinsights_sitenote_active":false,"_monsterinsights_sitenote_note":"","_monsterinsights_sitenote_category":0,"footnotes":""},"class_list":{"0":"post-2812","1":"page","2":"type-page","3":"status-publish","5":"infinite-scroll-item"},"aioseo_notices":[],"_links":{"self":[{"href":"https:\/\/www.labeljoy.com\/es\/wp-json\/wp\/v2\/pages\/2812","targetHints":{"allow":["GET"]}}],"collection":[{"href":"https:\/\/www.labeljoy.com\/es\/wp-json\/wp\/v2\/pages"}],"about":[{"href":"https:\/\/www.labeljoy.com\/es\/wp-json\/wp\/v2\/types\/page"}],"author":[{"embeddable":true,"href":"https:\/\/www.labeljoy.com\/es\/wp-json\/wp\/v2\/users\/1"}],"replies":[{"embeddable":true,"href":"https:\/\/www.labeljoy.com\/es\/wp-json\/wp\/v2\/comments?post=2812"}],"version-history":[{"count":25,"href":"https:\/\/www.labeljoy.com\/es\/wp-json\/wp\/v2\/pages\/2812\/revisions"}],"predecessor-version":[{"id":23373,"href":"https:\/\/www.labeljoy.com\/es\/wp-json\/wp\/v2\/pages\/2812\/revisions\/23373"}],"up":[{"embeddable":true,"href":"https:\/\/www.labeljoy.com\/es\/wp-json\/wp\/v2\/pages\/2789"}],"wp:attachment":[{"href":"https:\/\/www.labeljoy.com\/es\/wp-json\/wp\/v2\/media?parent=2812"}],"curies":[{"name":"wp","href":"https:\/\/api.w.org\/{rel}","templated":true}]}}