{"id":2825,"date":"2012-07-18T09:46:07","date_gmt":"2012-07-18T09:46:07","guid":{"rendered":"http:\/\/www.labeljoy.com\/templates\/clothing-tags\/"},"modified":"2020-12-17T16:12:08","modified_gmt":"2020-12-17T16:12:08","slug":"etiquetas-ropa","status":"publish","type":"page","link":"https:\/\/www.labeljoy.com\/es\/plantillas\/etiquetas-ropa\/","title":{"rendered":"Etiquetas de Ropa"},"content":{"rendered":"<h1>Plantillas de Etiquetas de Ropa<\/h1>\n<h2>Cree Su Propia Etiqueta de Ropa Personalizada<\/h2>\n<p>Una\u00a0<em>etiqueta de ropa personalizada<\/em>\u00a0puede otorgar una ventaja a\u00a0<strong>su empresa de moda<\/strong>.<\/p>\n<p>Agregar personalidad a su etiqueta es una ventaja, y ahora puede hacerlo utilizando una impresora est\u00e1ndar o de rollo en su casa u oficina.<br \/>\nCon Labeljoy puede <strong>crear etiquetas personalizadas<\/strong> para <strong>ropa<\/strong>, agregar el logo de su empresa, dise\u00f1ar gr\u00e1ficos e insertar c\u00f3digos de barras generados autom\u00e1ticamente por el software.<\/p>\n<p>O simplemente <strong>descargar sus plantillas de etiquetas de ropa<\/strong> y personalizarlas como prefiera: cambie dimensiones, aplique fondos o agregue cliparts.<\/p>\n<h3>Crear etiquetas de ropa ahora es muy sencillo!<\/h3>\n<p>&nbsp;<\/p>\n<div class=\"one_third\"> <div class=\"img-frame full-fourth\"><div class=\"lightbox-zoom\"><a title=\"Etiquetas de la ropa personalizada\" href=\"http:\/\/www.labeljoy.com\/label-templates\/clothing\/clothing1b.jpg\" data-gal=\"prettyPhoto[Vestimenta]\" class=\"hover-item\"><img decoding=\"async\" width=\"197\" height=\"133\" alt=\"Etiquetas de la ropa personalizada\" src=\"https:\/\/www.labeljoy.com\/wp-content\/plugins\/sterling-shortcodes\/\/timthumb\/timthumb.php?src=http:\/\/www.labeljoy.com\/label-templates\/clothing\/clothing1s.jpg&#038;h=133&#038;w=197\"><\/a><\/div><\/div>\n<p style=\"text-align: center\"><a href=\"http:\/\/www.labeljoy.com\/label-templates\/clothing\/clothing1.lpa\" class=\"small white tt-button\" target=\"_self\"> Descargar <\/a>\n<\/div>\n<div class=\"one_third\"> <div class=\"img-frame full-fourth\"><div class=\"lightbox-zoom\"><a title=\"Ropa de etiqueta\" href=\"http:\/\/www.labeljoy.com\/label-templates\/clothing\/clothing2b.jpg\" data-gal=\"prettyPhoto[Vestimenta]\" class=\"hover-item\"><img decoding=\"async\" width=\"197\" height=\"133\" alt=\"Ropa de etiqueta\" src=\"https:\/\/www.labeljoy.com\/wp-content\/plugins\/sterling-shortcodes\/\/timthumb\/timthumb.php?src=http:\/\/www.labeljoy.com\/label-templates\/clothing\/clothing2s.jpg&#038;h=133&#038;w=197\"><\/a><\/div><\/div>\n<p style=\"text-align: center\"><a href=\"http:\/\/www.labeljoy.com\/label-templates\/clothing\/clothing2.lpa\" class=\"small white tt-button\" target=\"_self\"> Descargar <\/a>\n<\/div>\n<div class=\"one_third\"> <div class=\"img-frame full-fourth\"><div class=\"lightbox-zoom\"><a title=\"Ropa de etiqueta\" href=\"http:\/\/www.labeljoy.com\/label-templates\/clothing\/clothing3b.jpg\" data-gal=\"prettyPhoto[Vestimenta]\" class=\"hover-item\"><img decoding=\"async\" width=\"197\" height=\"133\" alt=\"Ropa de etiqueta\" src=\"https:\/\/www.labeljoy.com\/wp-content\/plugins\/sterling-shortcodes\/\/timthumb\/timthumb.php?src=http:\/\/www.labeljoy.com\/label-templates\/clothing\/clothing3s.jpg&#038;h=133&#038;w=197\"><\/a><\/div><\/div>\n<p style=\"text-align: center\"><a href=\"http:\/\/www.labeljoy.com\/label-templates\/clothing\/clothing3.lpa\" class=\"small white tt-button\" target=\"_self\"> Descargar <\/a>\n<\/div>\n<div class=\"hr hr-dotted\">&nbsp;<\/div>\n<div class=\"one_third\"> <div class=\"img-frame full-fourth\"><div class=\"lightbox-zoom\"><a title=\"Ropa de etiqueta personalizada\" href=\"http:\/\/www.labeljoy.com\/label-templates\/clothing\/clothing4b.jpg\" data-gal=\"prettyPhoto[Vestimenta]\" class=\"hover-item\"><img decoding=\"async\" width=\"197\" height=\"133\" alt=\"Ropa de etiqueta personalizada\" src=\"https:\/\/www.labeljoy.com\/wp-content\/plugins\/sterling-shortcodes\/\/timthumb\/timthumb.php?src=http:\/\/www.labeljoy.com\/label-templates\/clothing\/clothing4s.jpg&#038;h=133&#038;w=197\"><\/a><\/div><\/div>\n<p style=\"text-align: center\"><a href=\"http:\/\/www.labeljoy.com\/label-templates\/clothing\/clothing4.lpa\" class=\"small white tt-button\" target=\"_self\"> Descargar <\/a>\n<\/div>\n<div class=\"one_third\"> <div class=\"img-frame full-fourth\"><div class=\"lightbox-zoom\"><a title=\"etiqueta de vestir\" href=\"http:\/\/www.labeljoy.com\/label-templates\/clothing\/clothing5b.jpg\" data-gal=\"prettyPhoto[Vestimenta]\" class=\"hover-item\"><img decoding=\"async\" width=\"197\" height=\"133\" alt=\"etiqueta de vestir\" src=\"https:\/\/www.labeljoy.com\/wp-content\/plugins\/sterling-shortcodes\/\/timthumb\/timthumb.php?src=http:\/\/www.labeljoy.com\/label-templates\/clothing\/clothing5s.jpg&#038;h=133&#038;w=197\"><\/a><\/div><\/div>\n<p style=\"text-align: center\"><a href=\"http:\/\/www.labeljoy.com\/label-templates\/clothing\/clothing5.lpa\" class=\"small white tt-button\" target=\"_self\"> Descargar <\/a>\n<\/div>\n<div class=\"one_third\"> <div class=\"img-frame full-fourth\"><div class=\"lightbox-zoom\"><a title=\"Etiquetas de tienda de ropa\" href=\"http:\/\/www.labeljoy.com\/label-templates\/clothing\/clothing6b.jpg\" data-gal=\"prettyPhoto[Vestimenta]\" class=\"hover-item\"><img decoding=\"async\" width=\"197\" height=\"133\" alt=\"Etiquetas de tienda de ropa\" src=\"https:\/\/www.labeljoy.com\/wp-content\/plugins\/sterling-shortcodes\/\/timthumb\/timthumb.php?src=http:\/\/www.labeljoy.com\/label-templates\/clothing\/clothing6s.jpg&#038;h=133&#038;w=197\"><\/a><\/div><\/div>\n<p style=\"text-align: center\"><a href=\"http:\/\/www.labeljoy.com\/label-templates\/clothing\/clothing6.lpa\" class=\"small white tt-button\" target=\"_self\"> Descargar <\/a>\n<\/div>\n<div class=\"hr hr-dotted\">&nbsp;<\/div>\n<div class=\"one_half\">\n<p style=\"text-align: center\"><a href=\"\/es\/comprar\/\" class=\"large blue tt-button\" target=\"\"> Compra Software <\/a>\n<\/div>\n<div class=\"one_half\">\n<p style=\"text-align: center\"><a href=\"\/es\/download-es\/\" class=\"large green tt-button\" target=\"\">Descarga versi\u00f3n gratuita<\/a>\n<\/div>\n","protected":false},"excerpt":{"rendered":"<p>Plantillas de Etiquetas de Ropa Cree Su Propia Etiqueta de Ropa Personalizada Una\u00a0etiqueta de ropa personalizada\u00a0puede otorgar una ventaja a\u00a0su empresa de moda. Agregar personalidad a su etiqueta es una ventaja, y ahora puede hacerlo utilizando una impresora est\u00e1ndar o de rollo en su casa u oficina. Con Labeljoy puede crear etiquetas personalizadas para ropa, &#8230; <a title=\"Etiquetas de Ropa\" class=\"read-more\" href=\"https:\/\/www.labeljoy.com\/es\/plantillas\/etiquetas-ropa\/\" aria-label=\"Leer m\u00e1s sobre Etiquetas de Ropa\">Read more<\/a><\/p>\n","protected":false},"author":1,"featured_media":0,"parent":2789,"menu_order":0,"comment_status":"open","ping_status":"closed","template":"page-template-left-sidebar.php","meta":{"inline_featured_image":false,"_monsterinsights_skip_tracking":false,"_monsterinsights_sitenote_active":false,"_monsterinsights_sitenote_note":"","_monsterinsights_sitenote_category":0,"footnotes":""},"class_list":{"0":"post-2825","1":"page","2":"type-page","3":"status-publish","5":"infinite-scroll-item"},"aioseo_notices":[],"_links":{"self":[{"href":"https:\/\/www.labeljoy.com\/es\/wp-json\/wp\/v2\/pages\/2825","targetHints":{"allow":["GET"]}}],"collection":[{"href":"https:\/\/www.labeljoy.com\/es\/wp-json\/wp\/v2\/pages"}],"about":[{"href":"https:\/\/www.labeljoy.com\/es\/wp-json\/wp\/v2\/types\/page"}],"author":[{"embeddable":true,"href":"https:\/\/www.labeljoy.com\/es\/wp-json\/wp\/v2\/users\/1"}],"replies":[{"embeddable":true,"href":"https:\/\/www.labeljoy.com\/es\/wp-json\/wp\/v2\/comments?post=2825"}],"version-history":[{"count":24,"href":"https:\/\/www.labeljoy.com\/es\/wp-json\/wp\/v2\/pages\/2825\/revisions"}],"predecessor-version":[{"id":34825,"href":"https:\/\/www.labeljoy.com\/es\/wp-json\/wp\/v2\/pages\/2825\/revisions\/34825"}],"up":[{"embeddable":true,"href":"https:\/\/www.labeljoy.com\/es\/wp-json\/wp\/v2\/pages\/2789"}],"wp:attachment":[{"href":"https:\/\/www.labeljoy.com\/es\/wp-json\/wp\/v2\/media?parent=2825"}],"curies":[{"name":"wp","href":"https:\/\/api.w.org\/{rel}","templated":true}]}}