{"id":2827,"date":"2012-07-18T09:45:20","date_gmt":"2012-07-18T09:45:20","guid":{"rendered":"http:\/\/www.labeljoy.com\/templates\/nutritional-label\/"},"modified":"2024-04-10T12:38:54","modified_gmt":"2024-04-10T12:38:54","slug":"etiqueta-alimentos","status":"publish","type":"page","link":"https:\/\/www.labeljoy.com\/es\/plantillas\/etiqueta-alimentos\/","title":{"rendered":"Plantilla de Etiqueta Nutricional"},"content":{"rendered":"<h1>Plantilla de Etiqueta Nutricional<\/h1>\n<h2>Descargar Ejemplos de Plantillas de Etiquetas Nutricionales<\/h2>\n<p>Puede&nbsp; <strong>crear etiquetas nutricionales<\/strong>&nbsp;para su empresa o simplemente para vender sus productos alimenticios hogare\u00f1os. En cualquier caso debe respetar los requerimientos de etiquetado locales y estatales de acuerdo con la Administraci\u00f3n Federal de Alimentos de los Estados Unidos. Labeljoy es un&nbsp;<em>software de Etiquetas de Nutrici\u00f3n<\/em> que permite crear <em>etiquetas de alimentos personalizadas<\/em>.<\/p>\n<p>La informaci\u00f3n regulada incluye:<\/p>\n<ul>\n<li>La Tabla Nutricional<\/li>\n<li>La lista de ingredientes<\/li>\n<li>Algunas regulaciones nutricionales opcionales<\/li>\n<\/ul>\n<p>La Tabla de Nutrici\u00f3n otorga informaci\u00f3n sobre:<\/p>\n<ul>\n<li>Calor\u00edas<\/li>\n<li>13 nutrientes principales<\/li>\n<li>% Valor Diario (% DV) de los nutrientes<\/li>\n<\/ul>\n<p>Descargando estas <strong>plantillas de etiquetas nutricionales<\/strong> puede editar cada par\u00e1metro o agregar nuevos campos. Tambi\u00e9n puede enriquecer su etiqueta con c\u00f3digos de barras. Tambi\u00e9n puede <a title=\"cambiar el layout video tutorial\" href=\"http:\/\/www.labeljoy.com\/es\/videos\/configurar-layout\/\">cambiar el layout<\/a>&nbsp;del papel para ajustarlo a sus necesidades dependiendo del tama\u00f1o de los contenedores.<\/p>\n<p>Luego, puede <em>imprimir sus propias etiquetas nutritivas<\/em> en etiquetas adhesivas, utilizando impresoras est\u00e1ndar o impresoras de rollo.<\/p>\n<p>Observe tambi\u00e9n: <a href=\"http:\/\/www.fda.gov\/Food\/default.htm\">C\u00f3mo Comprender y Utilizar Etiquetas de Valores Nutricionales<\/a><\/p>\n<div class=\"one_third\"> <div class=\"img-frame full-fourth\"><div class=\"lightbox-zoom\"><a title=\"Plantilla de Etiqueta Nutricional\" href=\"http:\/\/www.labeljoy.com\/label-templates\/food\/nutrition1esb.jpg\" data-gal=\"prettyPhoto[food nutrition]\" class=\"hover-item\"><img decoding=\"async\" width=\"197\" height=\"133\" alt=\"Plantilla de Etiqueta Nutricional\" src=\"https:\/\/www.labeljoy.com\/wp-content\/plugins\/sterling-shortcodes\/\/timthumb\/timthumb.php?src=http:\/\/www.labeljoy.com\/label-templates\/food\/nutrition1ess.jpg&#038;h=133&#038;w=197\"><\/a><\/div><\/div>\n<p style=\"text-align: center\"><a href=\"http:\/\/www.labeljoy.com\/label-templates\/food\/nutrition1-es.lpa\" class=\"small white tt-button\" target=\"_self\"> Descargar <\/a>\n<\/div>\n<div class=\"one_third\"> <div class=\"img-frame full-fourth\"><div class=\"lightbox-zoom\"><a title=\"Plantilla de Etiqueta Nutricional\" href=\"http:\/\/www.labeljoy.com\/label-templates\/food\/nutrition3b.jpg\" data-gal=\"prettyPhoto[food nutrition]\" class=\"hover-item\"><img decoding=\"async\" width=\"197\" height=\"133\" alt=\"Plantilla de Etiqueta Nutricional\" src=\"https:\/\/www.labeljoy.com\/wp-content\/plugins\/sterling-shortcodes\/\/timthumb\/timthumb.php?src=http:\/\/www.labeljoy.com\/label-templates\/food\/nutrition3s.jpg&#038;h=133&#038;w=197\"><\/a><\/div><\/div>\n<p style=\"text-align: center\"><a href=\"http:\/\/www.labeljoy.com\/label-templates\/food\/nutrition3.lpa\" class=\"small white tt-button\" target=\"_self\"> Descargar <\/a>\n<\/div>\n<div class=\"one_third\"> <div class=\"img-frame full-fourth\"><div class=\"lightbox-zoom\"><a title=\"Plantilla de Etiqueta Nutricional\" href=\"http:\/\/www.labeljoy.com\/label-templates\/food\/nutrition4b.jpg\" data-gal=\"prettyPhoto[food nutrition]\" class=\"hover-item\"><img decoding=\"async\" width=\"197\" height=\"133\" alt=\"Plantilla de Etiqueta Nutricional\" src=\"https:\/\/www.labeljoy.com\/wp-content\/plugins\/sterling-shortcodes\/\/timthumb\/timthumb.php?src=http:\/\/www.labeljoy.com\/label-templates\/food\/nutrition4s.jpg&#038;h=133&#038;w=197\"><\/a><\/div><\/div>\n<p style=\"text-align: center\"><a href=\"http:\/\/www.labeljoy.com\/label-templates\/food\/nutrition4.lpa\" class=\"small white tt-button\" target=\"_self\"> Descargar <\/a>\n<\/div>\n<div class=\"hr hr-dotted\">&nbsp;<\/div>\n<div class=\"one_half\">\n<p style=\"text-align: center\"><a href=\"\/es\/comprar\/\" class=\"large blue tt-button\" target=\"\"> Compra Software <\/a>\n<\/div>\n<div class=\"one_half\">\n<p style=\"text-align: center\"><a href=\"\/es\/download-es\/\" class=\"large green tt-button\" target=\"\">Descarga versi\u00f3n gratuita<\/a>\n<\/div>\n<div class=\"hr hr-dotted\">&nbsp;<\/div>\n<div class=\"also-like\">\n<strong>Tambi\u00e9n le puede interesar:<\/strong><\/p>\n<ul>\n<li><a href=\"https:\/\/www.labeljoy.com\/generar-codigo-de-barras-gratis\/\" title=\"Generador de c\u00f3digos de barras online\">Generador de c\u00f3digos de barras online<\/a><\/li>\n<\/ul>\n<\/div>\n","protected":false},"excerpt":{"rendered":"<p>Plantilla de Etiqueta Nutricional Descargar Ejemplos de Plantillas de Etiquetas Nutricionales Puede&nbsp; crear etiquetas nutricionales&nbsp;para su empresa o simplemente para vender sus productos alimenticios hogare\u00f1os. En cualquier caso debe respetar los requerimientos de etiquetado locales y estatales de acuerdo con la Administraci\u00f3n Federal de Alimentos de los Estados Unidos. Labeljoy es un&nbsp;software de Etiquetas de &#8230; <a title=\"Plantilla de Etiqueta Nutricional\" class=\"read-more\" href=\"https:\/\/www.labeljoy.com\/es\/plantillas\/etiqueta-alimentos\/\" aria-label=\"Leer m\u00e1s sobre Plantilla de Etiqueta Nutricional\">Read more<\/a><\/p>\n","protected":false},"author":1,"featured_media":0,"parent":2789,"menu_order":0,"comment_status":"closed","ping_status":"closed","template":"","meta":{"inline_featured_image":false,"_monsterinsights_skip_tracking":false,"_monsterinsights_sitenote_active":false,"_monsterinsights_sitenote_note":"","_monsterinsights_sitenote_category":0,"footnotes":""},"class_list":{"0":"post-2827","1":"page","2":"type-page","3":"status-publish","5":"infinite-scroll-item"},"aioseo_notices":[],"_links":{"self":[{"href":"https:\/\/www.labeljoy.com\/es\/wp-json\/wp\/v2\/pages\/2827","targetHints":{"allow":["GET"]}}],"collection":[{"href":"https:\/\/www.labeljoy.com\/es\/wp-json\/wp\/v2\/pages"}],"about":[{"href":"https:\/\/www.labeljoy.com\/es\/wp-json\/wp\/v2\/types\/page"}],"author":[{"embeddable":true,"href":"https:\/\/www.labeljoy.com\/es\/wp-json\/wp\/v2\/users\/1"}],"replies":[{"embeddable":true,"href":"https:\/\/www.labeljoy.com\/es\/wp-json\/wp\/v2\/comments?post=2827"}],"version-history":[{"count":24,"href":"https:\/\/www.labeljoy.com\/es\/wp-json\/wp\/v2\/pages\/2827\/revisions"}],"predecessor-version":[{"id":41028,"href":"https:\/\/www.labeljoy.com\/es\/wp-json\/wp\/v2\/pages\/2827\/revisions\/41028"}],"up":[{"embeddable":true,"href":"https:\/\/www.labeljoy.com\/es\/wp-json\/wp\/v2\/pages\/2789"}],"wp:attachment":[{"href":"https:\/\/www.labeljoy.com\/es\/wp-json\/wp\/v2\/media?parent=2827"}],"curies":[{"name":"wp","href":"https:\/\/api.w.org\/{rel}","templated":true}]}}