{"id":2829,"date":"2012-07-18T09:43:03","date_gmt":"2012-07-18T09:43:03","guid":{"rendered":"http:\/\/www.labeljoy.com\/templates\/design-your-own-labels\/"},"modified":"2022-06-21T07:56:12","modified_gmt":"2022-06-21T07:56:12","slug":"etiqueta-productos","status":"publish","type":"page","link":"https:\/\/www.labeljoy.com\/es\/plantillas\/etiqueta-productos\/","title":{"rendered":"Etiqueta de productos"},"content":{"rendered":"<h1>Dise\u00f1e sus propias etiquetas de productos<\/h1>\n<h2>Etiquetado de Productos: Cree e imprima etiquetas personalizadas y profesionales<\/h2>\n<p>Cree y utilice <strong>sus propias etiquetas personalizadas<\/strong>. Etiquetas de alta calidad, personalizables y editables \u2013 s\u00f3lo con Labeljoy, el software de etiquetado. Comience con nuestro trabajo art\u00edstico, o <a title=\"video tutorial\" href=\"http:\/\/www.labeljoy.com\/es\/videos\/presentacion-software-etiquetado\/\">utilice su propio logo<\/a>, imagen, texto, <a title=\"bases de datos\" href=\"http:\/\/www.labeljoy.com\/es\/videos\/conectar-fuentes-datos-externos\/\">bases de datos<\/a>&nbsp;&#8211; &nbsp;es muy f\u00e1cil gracias a la interfaz WYSIWYG.<\/p>\n<p>Con Labeljoy puede imprimir grandes o peque\u00f1as cantidades de etiquetas para <em>uso hogare\u00f1o &amp; comercial<\/em>. Ofrecemos varias plantillas personalizadas dise\u00f1adas para diferentes prop\u00f3sitos. Con nuestras herramientas de dise\u00f1o, <strong>crear e imprimir sus etiquetas es f\u00e1cil<\/strong>: puede seleccionar desde una variedad de plantillas o crear su propia plantilla. Proponemos una amplia gama de plantillas que usted puede modificar o puede comenzar a crear usted mismo.<\/p>\n<h2>Etiquetas Personalizadas Completas listas para imprimir<\/h2>\n<p>Labeljoy permite imprimir sus propias etiquetas de productos agregando todo lo que usted necesite:<\/p>\n<div class=\"one_third\">\n<ul>\n<li>im\u00e1genes<\/li>\n<li>texto<\/li>\n<li><a title=\"generar c\u00f3digo de barras\" href=\"http:\/\/www.labeljoy.com\/es\/videos\/generar-qr-codigo-de-barras\/\">c\u00f3digo de barras<\/a><\/li>\n<\/ul>\n<\/div>\n<div class=\"one_third\">\n<ul>\n<li><a title=\"generar C\u00f3digos QR\" href=\"http:\/\/www.labeljoy.com\/es\/videos\/generar-qr-codigo-de-barras\/\">C\u00f3digos QR<\/a><\/li>\n<li><a title=\"informaci\u00f3n desde bases de datos externas\" href=\"http:\/\/www.labeljoy.com\/es\/videos\/conectar-fuentes-datos-externos\/\">informaci\u00f3n desde bases de datos externas<\/a><\/li>\n<li>efectos gr\u00e1ficos<\/li>\n<\/ul>\n<\/div>\n<div class=\"one_third\">\n<\/div>\n<div class=\"column-clear\"><\/div>\n<p>Etiquetas a color impresas en impresora est\u00e1ndar o <a title=\"impresora rollo vidoe tutorial\" href=\"http:\/\/www.labeljoy.com\/es\/videos\/imprimir-con-impresora-rollo\/\">impresora de rollo<\/a>, grandes cantidades, no hay problema!<\/p>\n<p><strong>Cree una imagen elegante con etiquetas brillantes.<strong>&nbsp;<\/strong><strong>Dise\u00f1e sus propias etiquetas<\/strong>!<\/strong><\/p>\n<div class=\"one_third\"> <div class=\"img-frame full-fourth\"><div class=\"lightbox-zoom\"><a title=\"Plantilla de la etiqueta del producto\" href=\"http:\/\/www.labeljoy.com\/label-templates\/product\/product1b.jpg\" data-gal=\"prettyPhoto[Etiqueta productos]\" class=\"hover-item\"><img decoding=\"async\" width=\"197\" height=\"133\" alt=\"Plantilla de la etiqueta del producto\" src=\"https:\/\/www.labeljoy.com\/wp-content\/plugins\/sterling-shortcodes\/\/timthumb\/timthumb.php?src=http:\/\/www.labeljoy.com\/label-templates\/product\/product1s.jpg&#038;h=133&#038;w=197\"><\/a><\/div><\/div>\n<p style=\"text-align: center\"><a href=\"http:\/\/www.labeljoy.com\/label-templates\/product\/product1.lpa\" class=\"small white tt-button\" target=\"_self\"> Descargar <\/a>\n<\/div>\n<div class=\"one_third\"> <div class=\"img-frame full-fourth\"><div class=\"lightbox-zoom\"><a title=\"etiqueta de la miel\" href=\"http:\/\/www.labeljoy.com\/label-templates\/product\/product2b.jpg\" data-gal=\"prettyPhoto[Etiqueta productos]\" class=\"hover-item\"><img decoding=\"async\" width=\"197\" height=\"133\" alt=\"etiqueta de la miel\" src=\"https:\/\/www.labeljoy.com\/wp-content\/plugins\/sterling-shortcodes\/\/timthumb\/timthumb.php?src=http:\/\/www.labeljoy.com\/label-templates\/product\/product2s.jpg&#038;h=133&#038;w=197\"><\/a><\/div><\/div>\n<p style=\"text-align: center\"><a href=\"http:\/\/www.labeljoy.com\/label-templates\/product\/product2.lpa\" class=\"small white tt-button\" target=\"_self\"> Descargar <\/a>\n<\/div>\n<div class=\"one_third\"> <div class=\"img-frame full-fourth\"><div class=\"lightbox-zoom\"><a title=\"etiquetas iPhone\" href=\"http:\/\/www.labeljoy.com\/label-templates\/product\/product3b.jpg\" data-gal=\"prettyPhoto[Etiqueta productos]\" class=\"hover-item\"><img decoding=\"async\" width=\"197\" height=\"133\" alt=\"etiquetas iPhone\" src=\"https:\/\/www.labeljoy.com\/wp-content\/plugins\/sterling-shortcodes\/\/timthumb\/timthumb.php?src=http:\/\/www.labeljoy.com\/label-templates\/product\/product3s.jpg&#038;h=133&#038;w=197\"><\/a><\/div><\/div>\n<p style=\"text-align: center\"><a href=\"http:\/\/www.labeljoy.com\/label-templates\/product\/product3.lpa\" class=\"small white tt-button\" target=\"_self\"> Descargar <\/a>\n<\/div>\n<div class=\"hr hr-dotted\">&nbsp;<\/div>\n<div class=\"one_third\"> <div class=\"img-frame full-fourth\"><div class=\"lightbox-zoom\"><a title=\"Las etiquetas de los productos\" href=\"http:\/\/www.labeljoy.com\/label-templates\/product\/product4b.jpg\" data-gal=\"prettyPhoto[Etiqueta productos]\" class=\"hover-item\"><img decoding=\"async\" width=\"197\" height=\"133\" alt=\"Las etiquetas de los productos\" src=\"https:\/\/www.labeljoy.com\/wp-content\/plugins\/sterling-shortcodes\/\/timthumb\/timthumb.php?src=http:\/\/www.labeljoy.com\/label-templates\/product\/product4s.jpg&#038;h=133&#038;w=197\"><\/a><\/div><\/div>\n<p style=\"text-align: center\"><a href=\"http:\/\/www.labeljoy.com\/label-templates\/product\/product4.lpa\" class=\"small white tt-button\" target=\"_self\"> Descargar <\/a>\n<\/div>\n<div class=\"one_third\"> <div class=\"img-frame full-fourth\"><div class=\"lightbox-zoom\"><a title=\"La etiqueta del producto con c\u00f3digo de barras\" href=\"http:\/\/www.labeljoy.com\/label-templates\/product\/product5b.jpg\" data-gal=\"prettyPhoto[Etiqueta productos]\" class=\"hover-item\"><img decoding=\"async\" width=\"197\" height=\"133\" alt=\"La etiqueta del producto con c\u00f3digo de barras\" src=\"https:\/\/www.labeljoy.com\/wp-content\/plugins\/sterling-shortcodes\/\/timthumb\/timthumb.php?src=http:\/\/www.labeljoy.com\/label-templates\/product\/product5s.jpg&#038;h=133&#038;w=197\"><\/a><\/div><\/div>\n<p style=\"text-align: center\"><a href=\"http:\/\/www.labeljoy.com\/label-templates\/product\/product5.lpa\" class=\"small white tt-button\" target=\"_self\"> Descargar <\/a>\n<\/div>\n<div class=\"one_third\"> <div class=\"img-frame full-fourth\"><div class=\"lightbox-zoom\"><a title=\"Descuento etiqueta\" href=\"http:\/\/www.labeljoy.com\/label-templates\/product\/product6b.jpg\" data-gal=\"prettyPhoto[Etiqueta productos]\" class=\"hover-item\"><img decoding=\"async\" width=\"197\" height=\"133\" alt=\"Descuento etiqueta\" src=\"https:\/\/www.labeljoy.com\/wp-content\/plugins\/sterling-shortcodes\/\/timthumb\/timthumb.php?src=http:\/\/www.labeljoy.com\/label-templates\/product\/product6s.jpg&#038;h=133&#038;w=197\"><\/a><\/div><\/div>\n<p style=\"text-align: center\"><a href=\"http:\/\/www.labeljoy.com\/label-templates\/product\/product6.lpa\" class=\"small white tt-button\" target=\"_self\"> Descargar <\/a>\n<\/div>\n<div class=\"hr hr-dotted\">&nbsp;<\/div>\n<div class=\"one_third\"> <div class=\"img-frame full-fourth\"><div class=\"lightbox-zoom\"><a title=\"Etiqueta del producto Paleta\" href=\"http:\/\/www.labeljoy.com\/label-templates\/product\/product7b.jpg\" data-gal=\"prettyPhoto[Etiqueta productos]\" class=\"hover-item\"><img decoding=\"async\" width=\"197\" height=\"133\" alt=\"Etiqueta del producto Paleta\" src=\"https:\/\/www.labeljoy.com\/wp-content\/plugins\/sterling-shortcodes\/\/timthumb\/timthumb.php?src=http:\/\/www.labeljoy.com\/label-templates\/product\/product7s.jpg&#038;h=133&#038;w=197\"><\/a><\/div><\/div>\n<p style=\"text-align: center\"><a href=\"http:\/\/www.labeljoy.com\/label-templates\/product\/product7.lpa\" class=\"small white tt-button\" target=\"_self\"> Descargar <\/a>\n<\/div>\n<div class=\"hr hr-dotted\">&nbsp;<\/div>\n<div class=\"one_half\">\n<p style=\"text-align: center\"><a href=\"\/es\/comprar\/\" class=\"large blue tt-button\" target=\"\"> Compra Software <\/a>\n<\/div>\n<div class=\"one_half\">\n<p style=\"text-align: center\"><a href=\"\/es\/download-es\/\" class=\"large green tt-button\" target=\"\">Descarga versi\u00f3n gratuita<\/a>\n<\/div>\n<div class=\"hr hr-dotted\">&nbsp;<\/div>\n<div class=\"also-like\">\n<strong>Tambi\u00e9n le puede interesar:<\/strong><\/p>\n<ul>\n<li><a href=\"https:\/\/www.labeljoy.com\/generar-codigo-de-barras-gratis\/\" title=\"Generador de c\u00f3digos de barras online\">Generador de c\u00f3digos de barras online<\/a><\/li>\n<\/ul>\n<\/div>\n","protected":false},"excerpt":{"rendered":"<p>Dise\u00f1e sus propias etiquetas de productos Etiquetado de Productos: Cree e imprima etiquetas personalizadas y profesionales Cree y utilice sus propias etiquetas personalizadas. Etiquetas de alta calidad, personalizables y editables \u2013 s\u00f3lo con Labeljoy, el software de etiquetado. Comience con nuestro trabajo art\u00edstico, o utilice su propio logo, imagen, texto, bases de datos&nbsp;&#8211; &nbsp;es muy &#8230; <a title=\"Etiqueta de productos\" class=\"read-more\" href=\"https:\/\/www.labeljoy.com\/es\/plantillas\/etiqueta-productos\/\" aria-label=\"Leer m\u00e1s sobre Etiqueta de productos\">Read more<\/a><\/p>\n","protected":false},"author":1,"featured_media":0,"parent":2789,"menu_order":0,"comment_status":"open","ping_status":"closed","template":"","meta":{"inline_featured_image":false,"_monsterinsights_skip_tracking":false,"_monsterinsights_sitenote_active":false,"_monsterinsights_sitenote_note":"","_monsterinsights_sitenote_category":0,"footnotes":""},"class_list":{"0":"post-2829","1":"page","2":"type-page","3":"status-publish","5":"infinite-scroll-item"},"aioseo_notices":[],"_links":{"self":[{"href":"https:\/\/www.labeljoy.com\/es\/wp-json\/wp\/v2\/pages\/2829","targetHints":{"allow":["GET"]}}],"collection":[{"href":"https:\/\/www.labeljoy.com\/es\/wp-json\/wp\/v2\/pages"}],"about":[{"href":"https:\/\/www.labeljoy.com\/es\/wp-json\/wp\/v2\/types\/page"}],"author":[{"embeddable":true,"href":"https:\/\/www.labeljoy.com\/es\/wp-json\/wp\/v2\/users\/1"}],"replies":[{"embeddable":true,"href":"https:\/\/www.labeljoy.com\/es\/wp-json\/wp\/v2\/comments?post=2829"}],"version-history":[{"count":26,"href":"https:\/\/www.labeljoy.com\/es\/wp-json\/wp\/v2\/pages\/2829\/revisions"}],"predecessor-version":[{"id":37594,"href":"https:\/\/www.labeljoy.com\/es\/wp-json\/wp\/v2\/pages\/2829\/revisions\/37594"}],"up":[{"embeddable":true,"href":"https:\/\/www.labeljoy.com\/es\/wp-json\/wp\/v2\/pages\/2789"}],"wp:attachment":[{"href":"https:\/\/www.labeljoy.com\/es\/wp-json\/wp\/v2\/media?parent=2829"}],"curies":[{"name":"wp","href":"https:\/\/api.w.org\/{rel}","templated":true}]}}