{"id":2861,"date":"2012-07-18T09:40:41","date_gmt":"2012-07-18T09:40:41","guid":{"rendered":"http:\/\/www.labeljoy.com\/templates\/medical-label\/"},"modified":"2020-12-17T17:47:11","modified_gmt":"2020-12-17T17:47:11","slug":"etiqueta-medicinal","status":"publish","type":"page","link":"https:\/\/www.labeljoy.com\/es\/plantillas\/etiqueta-medicinal\/","title":{"rendered":"Plantillas de etiquetas m\u00e9dicas y sanitarias"},"content":{"rendered":"<h1>Plantillas de etiquetas m\u00e9dicas y sanitarias<\/h1>\n<h2>Cree Etiquetas personalizadas y profesionales \u2013 Etiquetas m\u00e9dicas y sanitarias<\/h2>\n<p>Estas plantillas han sido provistas para la f\u00e1cil creaci\u00f3n de <strong>etiquetas medicas profesionales<\/strong>. Puede descargar y personalizar sus propias etiquetas m\u00e9dicas como prefiera para lograr un trabajo m\u00e1s organizado y seguro.<\/p>\n<h3>Soluciones para el cuidado de la salud \u2013 Organice sus Etiquetas de Medicinas<\/h3>\n<p><em>Las etiquetas medicinales constituyen una de las herramientas m\u00e1s \u00fatiles <\/em><em>en la organizaci\u00f3n de su negocio de salud<\/em>. Es esencial para lograr que todos los \u00edtems sean etiquetados correctamente, vitales para identificar el objeto y las instrucciones de uso.<\/p>\n<p><strong>Imprima su etiqueta medicinal personalizada<\/strong> utilizando \u00a0<a title=\"configura layout tutorial\" href=\"http:\/\/www.labeljoy.com\/es\/videos\/configurar-layout\/\">impresoras<\/a>\u00a0est\u00e1ndar o <a title=\"impresoras de rollo\" href=\"http:\/\/www.labeljoy.com\/es\/videos\/imprimir-con-impresora-rollo\/\">impresoras de rollo<\/a>. Agregue su <a title=\"Generar c\u00f3digo de barras o c\u00f3digo QR\" href=\"http:\/\/www.labeljoy.com\/es\/videos\/generar-qr-codigo-de-barras\/\">c\u00f3digo de barras o c\u00f3digo QR<\/a>\u00a0para identificar sus productos con facilidad y seguridad. Los c\u00f3digos de barras generados por Labeljoy son legibles por cualquier lector de c\u00f3digos.<\/p>\n<div class=\"one_third\"> <div class=\"img-frame full-fourth\"><div class=\"lightbox-zoom\"><a title=\"Qu\u00edmica plantilla de etiqueta\" href=\"http:\/\/www.labeljoy.com\/label-templates\/medical\/healthcare1b.jpg\" data-gal=\"prettyPhoto[Etiqueta medicinal]\" class=\"hover-item\"><img decoding=\"async\" width=\"197\" height=\"133\" alt=\"Qu\u00edmica plantilla de etiqueta\" src=\"https:\/\/www.labeljoy.com\/wp-content\/plugins\/sterling-shortcodes\/\/timthumb\/timthumb.php?src=http:\/\/www.labeljoy.com\/label-templates\/medical\/healthcare1s.jpg&#038;h=133&#038;w=197\"><\/a><\/div><\/div>\n<p style=\"text-align: center\">\u00a0<a href=\"http:\/\/www.labeljoy.com\/label-templates\/medical\/healthcare1.lpa\" class=\"small white tt-button\" target=\"_self\"> Descargar <\/a>\n<\/div>\n<div class=\"one_third\"> <div class=\"img-frame full-fourth\"><div class=\"lightbox-zoom\"><a title=\"Etiqueta de la alergia M\u00e9dico\" href=\"http:\/\/www.labeljoy.com\/label-templates\/medical\/healthcare2b.jpg\" data-gal=\"prettyPhoto[Etiqueta medicinal]\" class=\"hover-item\"><img decoding=\"async\" width=\"197\" height=\"133\" alt=\"Etiqueta de la alergia M\u00e9dico\" src=\"https:\/\/www.labeljoy.com\/wp-content\/plugins\/sterling-shortcodes\/\/timthumb\/timthumb.php?src=http:\/\/www.labeljoy.com\/label-templates\/medical\/healthcare2s.jpg&#038;h=133&#038;w=197\"><\/a><\/div><\/div>\n<p style=\"text-align: center\">\u00a0<a href=\"http:\/\/www.labeljoy.com\/label-templates\/medical\/healthcare2.lpa\" class=\"small white tt-button\" target=\"_self\"> Descargar <\/a>\n<\/div>\n<div class=\"one_third\"> <div class=\"img-frame full-fourth\"><div class=\"lightbox-zoom\"><a title=\"etiqueta de Salud\" href=\"http:\/\/www.labeljoy.com\/label-templates\/medical\/healthcare3b.jpg\" data-gal=\"prettyPhoto[Etiqueta medicinal]\" class=\"hover-item\"><img decoding=\"async\" width=\"197\" height=\"133\" alt=\"etiqueta de Salud\" src=\"https:\/\/www.labeljoy.com\/wp-content\/plugins\/sterling-shortcodes\/\/timthumb\/timthumb.php?src=http:\/\/www.labeljoy.com\/label-templates\/medical\/healthcare3s.jpg&#038;h=133&#038;w=197\"><\/a><\/div><\/div>\n<p style=\"text-align: center\">\u00a0<a href=\"http:\/\/www.labeljoy.com\/label-templates\/medical\/healthcare3.lpa\" class=\"small white tt-button\" target=\"_self\"> Descargar <\/a>\n<\/div>\n<div class=\"hr hr-dotted\">&nbsp;<\/div>\n<div class=\"one_third\"> <div class=\"img-frame full-fourth\"><div class=\"lightbox-zoom\"><a title=\"La donaci\u00f3n de sangre Label\" href=\"http:\/\/www.labeljoy.com\/label-templates\/medical\/healthcare4b.jpg\" data-gal=\"prettyPhoto[Etiqueta medicinal]\" class=\"hover-item\"><img decoding=\"async\" width=\"197\" height=\"133\" alt=\"La donaci\u00f3n de sangre Label\" src=\"https:\/\/www.labeljoy.com\/wp-content\/plugins\/sterling-shortcodes\/\/timthumb\/timthumb.php?src=http:\/\/www.labeljoy.com\/label-templates\/medical\/healthcare4s.jpg&#038;h=133&#038;w=197\"><\/a><\/div><\/div>\n<p style=\"text-align: center\">\u00a0<a href=\"http:\/\/www.labeljoy.com\/label-templates\/medical\/healthcare4.lpa\" class=\"small white tt-button\" target=\"_self\"> Descargar <\/a>\n<\/div>\n<div class=\"one_third\"> <div class=\"img-frame full-fourth\"><div class=\"lightbox-zoom\"><a title=\"Plantilla de la etiqueta de la sangre\" href=\"http:\/\/www.labeljoy.com\/label-templates\/medical\/healthcare5b.jpg\" data-gal=\"prettyPhoto[Etiqueta medicinal]\" class=\"hover-item\"><img decoding=\"async\" width=\"197\" height=\"133\" alt=\"Plantilla de la etiqueta de la sangre\" src=\"https:\/\/www.labeljoy.com\/wp-content\/plugins\/sterling-shortcodes\/\/timthumb\/timthumb.php?src=http:\/\/www.labeljoy.com\/label-templates\/medical\/healthcare5s.jpg&#038;h=133&#038;w=197\"><\/a><\/div><\/div>\n<p style=\"text-align: center\">\u00a0<a href=\"http:\/\/www.labeljoy.com\/label-templates\/medical\/healthcare5.lpa\" class=\"small white tt-button\" target=\"_self\"> Descargar <\/a>\n<\/div>\n<div class=\"one_third\">\n<\/div>\n<div class=\"hr hr-dotted\">&nbsp;<\/div>\n<div class=\"one_half\">\n<p style=\"text-align: center\"><a href=\"\/es\/comprar\/\" class=\"large blue tt-button\" target=\"\"> Compra Software <\/a>\n<\/div>\n<div class=\"one_half\">\n<p style=\"text-align: center\"><a href=\"\/es\/download-es\/\" class=\"large green tt-button\" target=\"\">Descarga versi\u00f3n gratuita<\/a>\n<\/div>\n","protected":false},"excerpt":{"rendered":"<p>Plantillas de etiquetas m\u00e9dicas y sanitarias Cree Etiquetas personalizadas y profesionales \u2013 Etiquetas m\u00e9dicas y sanitarias Estas plantillas han sido provistas para la f\u00e1cil creaci\u00f3n de etiquetas medicas profesionales. Puede descargar y personalizar sus propias etiquetas m\u00e9dicas como prefiera para lograr un trabajo m\u00e1s organizado y seguro. Soluciones para el cuidado de la salud \u2013 &#8230; <a title=\"Plantillas de etiquetas m\u00e9dicas y sanitarias\" class=\"read-more\" href=\"https:\/\/www.labeljoy.com\/es\/plantillas\/etiqueta-medicinal\/\" aria-label=\"Leer m\u00e1s sobre Plantillas de etiquetas m\u00e9dicas y sanitarias\">Read more<\/a><\/p>\n","protected":false},"author":1,"featured_media":0,"parent":2789,"menu_order":0,"comment_status":"open","ping_status":"closed","template":"page-template-left-sidebar.php","meta":{"inline_featured_image":false,"_monsterinsights_skip_tracking":false,"_monsterinsights_sitenote_active":false,"_monsterinsights_sitenote_note":"","_monsterinsights_sitenote_category":0,"footnotes":""},"class_list":{"0":"post-2861","1":"page","2":"type-page","3":"status-publish","5":"infinite-scroll-item"},"aioseo_notices":[],"_links":{"self":[{"href":"https:\/\/www.labeljoy.com\/es\/wp-json\/wp\/v2\/pages\/2861","targetHints":{"allow":["GET"]}}],"collection":[{"href":"https:\/\/www.labeljoy.com\/es\/wp-json\/wp\/v2\/pages"}],"about":[{"href":"https:\/\/www.labeljoy.com\/es\/wp-json\/wp\/v2\/types\/page"}],"author":[{"embeddable":true,"href":"https:\/\/www.labeljoy.com\/es\/wp-json\/wp\/v2\/users\/1"}],"replies":[{"embeddable":true,"href":"https:\/\/www.labeljoy.com\/es\/wp-json\/wp\/v2\/comments?post=2861"}],"version-history":[{"count":25,"href":"https:\/\/www.labeljoy.com\/es\/wp-json\/wp\/v2\/pages\/2861\/revisions"}],"predecessor-version":[{"id":34833,"href":"https:\/\/www.labeljoy.com\/es\/wp-json\/wp\/v2\/pages\/2861\/revisions\/34833"}],"up":[{"embeddable":true,"href":"https:\/\/www.labeljoy.com\/es\/wp-json\/wp\/v2\/pages\/2789"}],"wp:attachment":[{"href":"https:\/\/www.labeljoy.com\/es\/wp-json\/wp\/v2\/media?parent=2861"}],"curies":[{"name":"wp","href":"https:\/\/api.w.org\/{rel}","templated":true}]}}