{"id":2865,"date":"2012-07-18T09:38:39","date_gmt":"2012-07-18T09:38:39","guid":{"rendered":"http:\/\/www.labeljoy.com\/templates\/automotive-label\/"},"modified":"2020-12-16T18:17:19","modified_gmt":"2020-12-16T18:17:19","slug":"etiqueta-automotriz","status":"publish","type":"page","link":"https:\/\/www.labeljoy.com\/es\/plantillas\/etiqueta-automotriz\/","title":{"rendered":"Etiquetas de automoci\u00f3n"},"content":{"rendered":"<h1>Etiquetas de automoci\u00f3n<\/h1>\n<h2>Cree Etiquetas de automoci\u00f3n personalizadas y profesionales<\/h2>\n<p>Con Labeljoy es posible crear y personalizar sus <strong>propias etiquetas de automoci\u00f3n<\/strong> agregando textos, im\u00e1genes y c\u00f3digos de barras.<\/p>\n<p>Labeljoy permite generar <a title=\"c\u00f3digos de barras\" href=\"http:\/\/www.labeljoy.com\/es\/soporte\/generar-codigo-barras\/\"><em>20 c\u00f3digos de barras diferentes<\/em><\/a>\u00a0para\u00a0<strong>imprimir y personalizar etiquetas de automoci\u00f3n profesionales<\/strong>. \u00a0Los c\u00f3digos de barras agregan exactitud, velocidad y confiabilidad a cualquier requerimiento de identificaci\u00f3n en la cadena de suministro.<\/p>\n<p>Puede imprimir sus plantillas de automoci\u00f3n sobre plantillas al \u00f3leo. Las funcionalidades de automatizaci\u00f3n e <em>impresi\u00f3n de etiquetas personalizadas<\/em> ayudan a automatizar las operaciones de gesti\u00f3n a lo largo de la cadena de suministro, y pueden proveer identificaci\u00f3n permanente para las partes y componentes utilizando c\u00f3digos de barra.<\/p>\n<div class=\"one_third\"> <div class=\"img-frame full-fourth\"><div class=\"lightbox-zoom\"><a title=\"etiqueta del autom\u00f3vil\" href=\"http:\/\/www.labeljoy.com\/label-templates\/automotive\/automotive1b.jpg\" data-gal=\"prettyPhoto[Etiqueta automotriz]\" class=\"hover-item\"><img decoding=\"async\" width=\"197\" height=\"133\" alt=\"etiqueta del autom\u00f3vil\" src=\"https:\/\/www.labeljoy.com\/wp-content\/plugins\/sterling-shortcodes\/\/timthumb\/timthumb.php?src=http:\/\/www.labeljoy.com\/label-templates\/automotive\/automotive1s.jpg&#038;h=133&#038;w=197\"><\/a><\/div><\/div>\n<p style=\"text-align: center\"><a href=\"http:\/\/www.labeljoy.com\/label-templates\/automotive\/automotive1.lpa\" class=\"small white tt-button\" target=\"_self\"> Descargar <\/a>\n<\/div>\n<div class=\"one_third\"> <div class=\"img-frame full-fourth\"><div class=\"lightbox-zoom\"><a title=\"Plantilla de etiqueta de peligro\" href=\"http:\/\/www.labeljoy.com\/label-templates\/automotive\/automotive2b.jpg\" data-gal=\"prettyPhoto[Etiqueta automotriz]\" class=\"hover-item\"><img decoding=\"async\" width=\"197\" height=\"133\" alt=\"Plantilla de etiqueta de peligro\" src=\"https:\/\/www.labeljoy.com\/wp-content\/plugins\/sterling-shortcodes\/\/timthumb\/timthumb.php?src=http:\/\/www.labeljoy.com\/label-templates\/automotive\/automotive2s.jpg&#038;h=133&#038;w=197\"><\/a><\/div><\/div>\n<p style=\"text-align: center\"><a href=\"http:\/\/www.labeljoy.com\/label-templates\/automotive\/automotive2.lpa\" class=\"small white tt-button\" target=\"_self\"> Descargar <\/a>\n<\/div>\n<div class=\"one_third\">\n<\/div>\n<div class=\"hr hr-dotted\">&nbsp;<\/div>\n<div class=\"one_half\">\n<p style=\"text-align: center\"><a href=\"\/es\/comprar\/\" class=\"large blue tt-button\" target=\"\"> Compra Software <\/a>\n<\/div>\n<div class=\"one_half\">\n<p style=\"text-align: center\"><a href=\"\/es\/download-es\/\" class=\"large green tt-button\" target=\"\">Descarga versi\u00f3n gratuita<\/a>\n<\/div>\n","protected":false},"excerpt":{"rendered":"<p>Etiquetas de automoci\u00f3n Cree Etiquetas de automoci\u00f3n personalizadas y profesionales Con Labeljoy es posible crear y personalizar sus propias etiquetas de automoci\u00f3n agregando textos, im\u00e1genes y c\u00f3digos de barras. Labeljoy permite generar 20 c\u00f3digos de barras diferentes\u00a0para\u00a0imprimir y personalizar etiquetas de automoci\u00f3n profesionales. \u00a0Los c\u00f3digos de barras agregan exactitud, velocidad y confiabilidad a cualquier requerimiento &#8230; <a title=\"Etiquetas de automoci\u00f3n\" class=\"read-more\" href=\"https:\/\/www.labeljoy.com\/es\/plantillas\/etiqueta-automotriz\/\" aria-label=\"Leer m\u00e1s sobre Etiquetas de automoci\u00f3n\">Read more<\/a><\/p>\n","protected":false},"author":1,"featured_media":0,"parent":2789,"menu_order":0,"comment_status":"open","ping_status":"closed","template":"page-template-left-sidebar.php","meta":{"inline_featured_image":false,"_monsterinsights_skip_tracking":false,"_monsterinsights_sitenote_active":false,"_monsterinsights_sitenote_note":"","_monsterinsights_sitenote_category":0,"footnotes":""},"class_list":{"0":"post-2865","1":"page","2":"type-page","3":"status-publish","5":"infinite-scroll-item"},"aioseo_notices":[],"_links":{"self":[{"href":"https:\/\/www.labeljoy.com\/es\/wp-json\/wp\/v2\/pages\/2865","targetHints":{"allow":["GET"]}}],"collection":[{"href":"https:\/\/www.labeljoy.com\/es\/wp-json\/wp\/v2\/pages"}],"about":[{"href":"https:\/\/www.labeljoy.com\/es\/wp-json\/wp\/v2\/types\/page"}],"author":[{"embeddable":true,"href":"https:\/\/www.labeljoy.com\/es\/wp-json\/wp\/v2\/users\/1"}],"replies":[{"embeddable":true,"href":"https:\/\/www.labeljoy.com\/es\/wp-json\/wp\/v2\/comments?post=2865"}],"version-history":[{"count":22,"href":"https:\/\/www.labeljoy.com\/es\/wp-json\/wp\/v2\/pages\/2865\/revisions"}],"predecessor-version":[{"id":34725,"href":"https:\/\/www.labeljoy.com\/es\/wp-json\/wp\/v2\/pages\/2865\/revisions\/34725"}],"up":[{"embeddable":true,"href":"https:\/\/www.labeljoy.com\/es\/wp-json\/wp\/v2\/pages\/2789"}],"wp:attachment":[{"href":"https:\/\/www.labeljoy.com\/es\/wp-json\/wp\/v2\/media?parent=2865"}],"curies":[{"name":"wp","href":"https:\/\/api.w.org\/{rel}","templated":true}]}}