{"id":2876,"date":"2012-07-18T09:08:09","date_gmt":"2012-07-18T09:08:09","guid":{"rendered":"http:\/\/www.labeljoy.com\/templates\/name-tag-badges\/"},"modified":"2020-12-16T15:16:48","modified_gmt":"2020-12-16T15:16:48","slug":"etiqueta-nombre","status":"publish","type":"page","link":"https:\/\/www.labeljoy.com\/es\/plantillas\/etiqueta-nombre\/","title":{"rendered":"Etiquetas de Nombres"},"content":{"rendered":"<h1>Plantillas de Etiquetas de Nombres<\/h1>\n<h2>Descargue plantillas de insignias de Nombres y etiquetas de nombres personalizadas<\/h2>\n<p>Cree una gran impresi\u00f3n con nuestras <strong>Plantillas de Etiquetas de Nombres<\/strong><\/p>\n<p>Puede Descargar, <strong>etiquetas personalizadas<\/strong> de nombres para una reuni\u00f3n, conferencia, encuentro o fiesta. Por ejemplo un profesor puede imprimir en forma <em>f\u00e1cil insignias de nombres<\/em> para identificar los alumnos al inicio del a\u00f1o.<\/p>\n<p>Cada empresa puede crear <strong>insignias de nombres de empleados personalizadas<\/strong> cargando nombres\u00a0<a title=\"desde bases de datos externas video tutorial\" href=\"http:\/\/www.labeljoy.com\/es\/videos\/conectar-fuentes-datos-externos\/\">desde bases de datos externas<\/a>\u00a0en forma muy simple (observe el video). Es posible agregar t\u00edtulos al trabajo y hasta los logos de la empresa. Puede imprimir insignias en su impresora l\u00e1ser, de tinta, o rollo como si fueran generadas en imprentas profesionales.<\/p>\n<div class=\"one_third\"> <div class=\"img-frame full-fourth\"><div class=\"lightbox-zoom\"><a title=\"Simple etiqueta con nombre\" href=\"http:\/\/www.labeljoy.com\/label-templates\/name-tag\/nametag1b.jpg\" data-gal=\"prettyPhoto[name tag]\" class=\"hover-item\"><img decoding=\"async\" width=\"197\" height=\"133\" alt=\"Simple etiqueta con nombre\" src=\"https:\/\/www.labeljoy.com\/wp-content\/plugins\/sterling-shortcodes\/\/timthumb\/timthumb.php?src=http:\/\/www.labeljoy.com\/label-templates\/name-tag\/nametag1s.jpg&#038;h=133&#038;w=197\"><\/a><\/div><\/div>\n<p style=\"text-align: center\"><a href=\"http:\/\/www.labeljoy.com\/label-templates\/name-tag\/nametag1.lpa\" class=\"small white tt-button\" target=\"_self\"> Descargar <\/a>\n<\/div>\n<div class=\"one_third\"> <div class=\"img-frame full-fourth\"><div class=\"lightbox-zoom\"><a title=\"Tarjeta de identificaci\u00f3n con foto\" href=\"http:\/\/www.labeljoy.com\/label-templates\/name-tag\/nametag2b.jpg\" data-gal=\"prettyPhoto[name tag]\" class=\"hover-item\"><img decoding=\"async\" width=\"197\" height=\"133\" alt=\"Tarjeta de identificaci\u00f3n con foto\" src=\"https:\/\/www.labeljoy.com\/wp-content\/plugins\/sterling-shortcodes\/\/timthumb\/timthumb.php?src=http:\/\/www.labeljoy.com\/label-templates\/name-tag\/nametag2s.jpg&#038;h=133&#038;w=197\"><\/a><\/div><\/div>\n<p style=\"text-align: center\"><a href=\"http:\/\/www.labeljoy.com\/label-templates\/name-tag\/nametag2.lpa\" class=\"small white tt-button\" target=\"_self\"> Descargar <\/a>\n<\/div>\n<div class=\"one_third\"> <div class=\"img-frame full-fourth\"><div class=\"lightbox-zoom\"><a title=\"etiqueta con nombre para conferencia\" href=\"http:\/\/www.labeljoy.com\/label-templates\/name-tag\/nametag3b.jpg\" data-gal=\"prettyPhoto[name tag]\" class=\"hover-item\"><img decoding=\"async\" width=\"197\" height=\"133\" alt=\"etiqueta con nombre para conferencia\" src=\"https:\/\/www.labeljoy.com\/wp-content\/plugins\/sterling-shortcodes\/\/timthumb\/timthumb.php?src=http:\/\/www.labeljoy.com\/label-templates\/name-tag\/nametag3s.jpg&#038;h=133&#038;w=197\"><\/a><\/div><\/div>\n<p style=\"text-align: center\"><a href=\"http:\/\/www.labeljoy.com\/label-templates\/name-tag\/nametag3.lpa\" class=\"small white tt-button\" target=\"_self\"> Descargar <\/a>\n<\/div>\n<div class=\"hr hr-dotted\">&nbsp;<\/div>\n<div class=\"one_third\"> <div class=\"img-frame full-fourth\"><div class=\"lightbox-zoom\"><a title=\"Etiquetas de nombre personalizado\" href=\"http:\/\/www.labeljoy.com\/label-templates\/name-tag\/nametag4b.jpg\" data-gal=\"prettyPhoto[name tag]\" class=\"hover-item\"><img decoding=\"async\" width=\"197\" height=\"133\" alt=\"Etiquetas de nombre personalizado\" src=\"https:\/\/www.labeljoy.com\/wp-content\/plugins\/sterling-shortcodes\/\/timthumb\/timthumb.php?src=http:\/\/www.labeljoy.com\/label-templates\/name-tag\/nametag4s.jpg&#038;h=133&#038;w=197\"><\/a><\/div><\/div>\n<p style=\"text-align: center\"><a href=\"http:\/\/www.labeljoy.com\/label-templates\/name-tag\/nametag4.lpa\" class=\"small white tt-button\" target=\"_self\"> Descargar <\/a>\n<\/div>\n<div class=\"one_third\"> <div class=\"img-frame full-fourth\"><div class=\"lightbox-zoom\"><a title=\"Etiquetas de nombre Escuela para ni\u00f1os\" href=\"http:\/\/www.labeljoy.com\/label-templates\/name-tag\/nametag5b.jpg\" data-gal=\"prettyPhoto[name tag]\" class=\"hover-item\"><img decoding=\"async\" width=\"197\" height=\"133\" alt=\"Etiquetas de nombre Escuela para ni\u00f1os\" src=\"https:\/\/www.labeljoy.com\/wp-content\/plugins\/sterling-shortcodes\/\/timthumb\/timthumb.php?src=http:\/\/www.labeljoy.com\/label-templates\/name-tag\/nametag5s.jpg&#038;h=133&#038;w=197\"><\/a><\/div><\/div>\n<p style=\"text-align: center\"><a href=\"http:\/\/www.labeljoy.com\/label-templates\/name-tag\/nametag5.lpa\" class=\"small white tt-button\" target=\"_self\"> Descargar <\/a>\n<\/div>\n<div class=\"one_third\"> <div class=\"img-frame full-fourth\"><div class=\"lightbox-zoom\"><a title=\"Etiqueta con nombre profesional con c\u00f3digo Qr\" href=\"http:\/\/www.labeljoy.com\/label-templates\/name-tag\/nametag6b.jpg\" data-gal=\"prettyPhoto[name tag]\" class=\"hover-item\"><img decoding=\"async\" width=\"197\" height=\"133\" alt=\"Etiqueta con nombre profesional con c\u00f3digo Qr\" src=\"https:\/\/www.labeljoy.com\/wp-content\/plugins\/sterling-shortcodes\/\/timthumb\/timthumb.php?src=http:\/\/www.labeljoy.com\/label-templates\/name-tag\/nametag6s.jpg&#038;h=133&#038;w=197\"><\/a><\/div><\/div>\n<p style=\"text-align: center\"><a href=\"http:\/\/www.labeljoy.com\/label-templates\/name-tag\/nametag6.lpa\" class=\"small white tt-button\" target=\"_self\"> Descargar <\/a>\n<\/div>\n<div class=\"hr hr-dotted\">&nbsp;<\/div>\n<div class=\"one_half\">\n<p style=\"text-align: center\"><a href=\"\/es\/comprar\/\" class=\"large blue tt-button\" target=\"\"> Compra Software <\/a>\n<\/div>\n<div class=\"one_half\">\n<p style=\"text-align: center\"><a href=\"\/es\/download-es\/\" class=\"large green tt-button\" target=\"\">Descarga versi\u00f3n gratuita<\/a>\n<\/div>\n","protected":false},"excerpt":{"rendered":"<p>Plantillas de Etiquetas de Nombres Descargue plantillas de insignias de Nombres y etiquetas de nombres personalizadas Cree una gran impresi\u00f3n con nuestras Plantillas de Etiquetas de Nombres Puede Descargar, etiquetas personalizadas de nombres para una reuni\u00f3n, conferencia, encuentro o fiesta. Por ejemplo un profesor puede imprimir en forma f\u00e1cil insignias de nombres para identificar los &#8230; <a title=\"Etiquetas de Nombres\" class=\"read-more\" href=\"https:\/\/www.labeljoy.com\/es\/plantillas\/etiqueta-nombre\/\" aria-label=\"Leer m\u00e1s sobre Etiquetas de Nombres\">Read more<\/a><\/p>\n","protected":false},"author":1,"featured_media":0,"parent":2789,"menu_order":0,"comment_status":"open","ping_status":"closed","template":"page-template-left-sidebar.php","meta":{"inline_featured_image":false,"_monsterinsights_skip_tracking":false,"_monsterinsights_sitenote_active":false,"_monsterinsights_sitenote_note":"","_monsterinsights_sitenote_category":0,"footnotes":""},"class_list":{"0":"post-2876","1":"page","2":"type-page","3":"status-publish","5":"infinite-scroll-item"},"aioseo_notices":[],"_links":{"self":[{"href":"https:\/\/www.labeljoy.com\/es\/wp-json\/wp\/v2\/pages\/2876","targetHints":{"allow":["GET"]}}],"collection":[{"href":"https:\/\/www.labeljoy.com\/es\/wp-json\/wp\/v2\/pages"}],"about":[{"href":"https:\/\/www.labeljoy.com\/es\/wp-json\/wp\/v2\/types\/page"}],"author":[{"embeddable":true,"href":"https:\/\/www.labeljoy.com\/es\/wp-json\/wp\/v2\/users\/1"}],"replies":[{"embeddable":true,"href":"https:\/\/www.labeljoy.com\/es\/wp-json\/wp\/v2\/comments?post=2876"}],"version-history":[{"count":19,"href":"https:\/\/www.labeljoy.com\/es\/wp-json\/wp\/v2\/pages\/2876\/revisions"}],"predecessor-version":[{"id":17326,"href":"https:\/\/www.labeljoy.com\/es\/wp-json\/wp\/v2\/pages\/2876\/revisions\/17326"}],"up":[{"embeddable":true,"href":"https:\/\/www.labeljoy.com\/es\/wp-json\/wp\/v2\/pages\/2789"}],"wp:attachment":[{"href":"https:\/\/www.labeljoy.com\/es\/wp-json\/wp\/v2\/media?parent=2876"}],"curies":[{"name":"wp","href":"https:\/\/api.w.org\/{rel}","templated":true}]}}