{"id":28778,"date":"2018-03-20T23:31:27","date_gmt":"2018-03-20T23:31:27","guid":{"rendered":"http:\/\/www.labeljoy.com\/es\/?page_id=28778"},"modified":"2022-01-14T14:27:21","modified_gmt":"2022-01-14T14:27:21","slug":"ayuda-lj6","status":"publish","type":"page","link":"https:\/\/www.labeljoy.com\/es\/ayuda-lj6\/","title":{"rendered":"Ayuda Labeljoy 6"},"content":{"rendered":"<h2>Gu\u00eda de usuario<\/h2>\n<p>Haga clic en un tema en el men\u00fa de la izquierda para comenzar a navegar por la secci\u00f3n de ayuda, o simplemente pulse <strong>F1<\/strong> mientras est\u00e1 en Labeljoy para conectarse a la p\u00e1gina m\u00e1s adecuada.<\/p>\n<ul>\n<li><a href=\"http:\/\/www.labeljoy.com\/help-lj6\/introduction\/\">Introduction<\/a><\/li>\n<li><a href=\"http:\/\/www.labeljoy.com\/help-lj6\/labeljoys-framework\/\">Labeljoy\u2019s framework<\/a><\/li>\n<li><a href=\"http:\/\/www.labeljoy.com\/help-lj6\/usage\/\">Usage<\/a><\/li>\n<li><a href=\"http:\/\/www.labeljoy.com\/help-lj6\/common-elements\/\">Common elements<\/a><\/li>\n<\/ul>\n","protected":false},"excerpt":{"rendered":"<p>Gu\u00eda de usuario Haga clic en un tema en el men\u00fa de la izquierda para comenzar a navegar por la secci\u00f3n de ayuda, o simplemente pulse F1 mientras est\u00e1 en Labeljoy para conectarse a la p\u00e1gina m\u00e1s adecuada. Introduction Labeljoy\u2019s framework Usage Common elements<\/p>\n","protected":false},"author":12,"featured_media":0,"parent":0,"menu_order":2,"comment_status":"open","ping_status":"closed","template":"","meta":{"inline_featured_image":false,"_monsterinsights_skip_tracking":false,"_monsterinsights_sitenote_active":false,"_monsterinsights_sitenote_note":"","_monsterinsights_sitenote_category":0,"footnotes":""},"class_list":{"0":"post-28778","1":"page","2":"type-page","3":"status-publish","5":"infinite-scroll-item"},"aioseo_notices":[],"_links":{"self":[{"href":"https:\/\/www.labeljoy.com\/es\/wp-json\/wp\/v2\/pages\/28778","targetHints":{"allow":["GET"]}}],"collection":[{"href":"https:\/\/www.labeljoy.com\/es\/wp-json\/wp\/v2\/pages"}],"about":[{"href":"https:\/\/www.labeljoy.com\/es\/wp-json\/wp\/v2\/types\/page"}],"author":[{"embeddable":true,"href":"https:\/\/www.labeljoy.com\/es\/wp-json\/wp\/v2\/users\/12"}],"replies":[{"embeddable":true,"href":"https:\/\/www.labeljoy.com\/es\/wp-json\/wp\/v2\/comments?post=28778"}],"version-history":[{"count":2,"href":"https:\/\/www.labeljoy.com\/es\/wp-json\/wp\/v2\/pages\/28778\/revisions"}],"predecessor-version":[{"id":32251,"href":"https:\/\/www.labeljoy.com\/es\/wp-json\/wp\/v2\/pages\/28778\/revisions\/32251"}],"wp:attachment":[{"href":"https:\/\/www.labeljoy.com\/es\/wp-json\/wp\/v2\/media?parent=28778"}],"curies":[{"name":"wp","href":"https:\/\/api.w.org\/{rel}","templated":true}]}}