{"id":28884,"date":"2018-03-24T10:53:38","date_gmt":"2018-03-24T10:53:38","guid":{"rendered":"http:\/\/www.labeljoy.com\/es\/?page_id=28884"},"modified":"2022-04-13T08:44:20","modified_gmt":"2022-04-13T08:44:20","slug":"como-usar-contadores-incrementales","status":"publish","type":"page","link":"https:\/\/www.labeljoy.com\/es\/videos\/como-usar-contadores-incrementales\/","title":{"rendered":"Usar contadores incrementales"},"content":{"rendered":"<h2>C\u00f3mo usar Contadores Incrementales<\/h2>\n<p>Este v\u00eddeo muestra c\u00f3mo utilizar los <strong>contadores incrementales<\/strong> y la funci\u00f3n de <strong>texto din\u00e1mico<\/strong> en elementos de texto o de c\u00f3digo de barras.<br \/>\nEsta <a title=\"Caracter\u00edsticas labeljoy\" href=\"http:\/\/www.labeljoy.com\/es\/caracteristicas\/\">caracteristica<\/a> le permite a\u00f1adir y editar 7 tipos diferentes de contadores.<\/p>\n<div class=\"lyte-wrapper\" title=\"Labeljoy 6 - C&oacute;mo usar contadores incrementales\" style=\"width:640px;max-width:100%;margin:5px;\"><div class=\"lyMe\" id=\"WYL_x6-RbQrlbmM\" itemprop=\"video\" itemscope itemtype=\"https:\/\/schema.org\/VideoObject\"><div><meta itemprop=\"thumbnailUrl\" content=\"https:\/\/www.labeljoy.com\/wp-content\/plugins\/wp-youtube-lyte\/lyteCache.php?origThumbUrl=https%3A%2F%2Fi.ytimg.com%2Fvi%2Fx6-RbQrlbmM%2Fhqdefault.jpg\" \/><meta itemprop=\"embedURL\" content=\"https:\/\/www.youtube.com\/embed\/x6-RbQrlbmM\" \/><meta itemprop=\"duration\" content=\"PT2M7S\" \/><meta itemprop=\"uploadDate\" content=\"2018-03-24T10:58:58Z\" \/><\/div><div id=\"lyte_x6-RbQrlbmM\" data-src=\"https:\/\/www.labeljoy.com\/wp-content\/plugins\/wp-youtube-lyte\/lyteCache.php?origThumbUrl=https%3A%2F%2Fi.ytimg.com%2Fvi%2Fx6-RbQrlbmM%2Fhqdefault.jpg\" class=\"pL\"><div class=\"tC\"><div class=\"tT\" itemprop=\"name\">Labeljoy 6 - C\u00f3mo usar contadores incrementales<\/div><\/div><div class=\"play\"><\/div><div class=\"ctrl\"><div class=\"Lctrl\"><\/div><div class=\"Rctrl\"><\/div><\/div><\/div><noscript><a href=\"https:\/\/youtu.be\/x6-RbQrlbmM\" rel=\"nofollow\"><img decoding=\"async\" src=\"https:\/\/www.labeljoy.com\/wp-content\/plugins\/wp-youtube-lyte\/lyteCache.php?origThumbUrl=https%3A%2F%2Fi.ytimg.com%2Fvi%2Fx6-RbQrlbmM%2F0.jpg\" alt=\"Labeljoy 6 - C&oacute;mo usar contadores incrementales\" width=\"640\" height=\"340\" \/><br \/>Mire este video en YouTube<\/a><\/noscript><meta itemprop=\"description\" content=\"Este v\u00eddeo muestra c\u00f3mo utilizar los contadores incrementales y la funci\u00f3n de texto din\u00e1mico en elementos de texto o c\u00f3digo de barras. Con los contadores incrementales, puede imprimir cientos de etiquetas de c\u00f3digos de barras sucesivamente sin tener que teclear los c\u00f3digos manualmente. Si quiere saber m\u00e1s, eche un vistazo a este tutorial: https:\/\/www.labeljoy.com\/es\/soporte\/como-hacer\/contador-incremental\/\"><\/div><\/div><div class=\"lL\" style=\"max-width:100%;width:640px;margin:5px;\"><\/div>\n<div class=\"lj-video-button hide\">\n  <a href=\"https:\/\/www.youtube.com\/embed\/x6-RbQrlbmM?rel=0&autoplay=1\" data-featherlight=\"iframe\" data-featherlight-iframe-width=\"800\" data-featherlight-iframe-height=\"610\" data-featherlight-iframe-frameborder=\"0\" data-featherlight-iframe-allow=\"autoplay; encrypted-media\" data-featherlight-iframe-allowfullscreen=\"true\" title=\"Reproducir el video tutorial\">Reproducir el video tutorial <i class=\"fa fa-play-circle fa-2x\"><\/i><\/a>\n<\/div>\n<div style=\"text-align:center\">\n<p>Ver tambi\u00e9n:<\/p>\n<p><a target=\"_self\" class=\"jumbo grey tt-button\" href=\"http:\/\/www.labeljoy.com\/es\/help-es\/manage-counters-es\/\" title=\"Contadores incrementales\" rel=\"noopener\">Gu\u00eda de ayuda &#8211; Contadores incrementales <\/a><\/p>\n<\/div>\n","protected":false},"excerpt":{"rendered":"<p>C\u00f3mo usar Contadores Incrementales Este v\u00eddeo muestra c\u00f3mo utilizar los contadores incrementales y la funci\u00f3n de texto din\u00e1mico en elementos de texto o de c\u00f3digo de barras. Esta caracteristica le permite a\u00f1adir y editar 7 tipos diferentes de contadores. Ver tambi\u00e9n: Gu\u00eda de ayuda &#8211; Contadores incrementales<\/p>\n","protected":false},"author":12,"featured_media":0,"parent":28878,"menu_order":0,"comment_status":"open","ping_status":"closed","template":"","meta":{"inline_featured_image":false,"_monsterinsights_skip_tracking":false,"_monsterinsights_sitenote_active":false,"_monsterinsights_sitenote_note":"","_monsterinsights_sitenote_category":0,"footnotes":""},"class_list":{"0":"post-28884","1":"page","2":"type-page","3":"status-publish","5":"infinite-scroll-item"},"aioseo_notices":[],"_links":{"self":[{"href":"https:\/\/www.labeljoy.com\/es\/wp-json\/wp\/v2\/pages\/28884","targetHints":{"allow":["GET"]}}],"collection":[{"href":"https:\/\/www.labeljoy.com\/es\/wp-json\/wp\/v2\/pages"}],"about":[{"href":"https:\/\/www.labeljoy.com\/es\/wp-json\/wp\/v2\/types\/page"}],"author":[{"embeddable":true,"href":"https:\/\/www.labeljoy.com\/es\/wp-json\/wp\/v2\/users\/12"}],"replies":[{"embeddable":true,"href":"https:\/\/www.labeljoy.com\/es\/wp-json\/wp\/v2\/comments?post=28884"}],"version-history":[{"count":8,"href":"https:\/\/www.labeljoy.com\/es\/wp-json\/wp\/v2\/pages\/28884\/revisions"}],"predecessor-version":[{"id":37405,"href":"https:\/\/www.labeljoy.com\/es\/wp-json\/wp\/v2\/pages\/28884\/revisions\/37405"}],"up":[{"embeddable":true,"href":"https:\/\/www.labeljoy.com\/es\/wp-json\/wp\/v2\/pages\/28878"}],"wp:attachment":[{"href":"https:\/\/www.labeljoy.com\/es\/wp-json\/wp\/v2\/media?parent=28884"}],"curies":[{"name":"wp","href":"https:\/\/api.w.org\/{rel}","templated":true}]}}