{"id":28894,"date":"2018-03-24T11:30:08","date_gmt":"2018-03-24T11:30:08","guid":{"rendered":"http:\/\/www.labeljoy.com\/es\/?page_id=28894"},"modified":"2024-08-20T15:45:36","modified_gmt":"2024-08-20T15:45:36","slug":"generar-codigo-de-barras-y-codigo-qr","status":"publish","type":"page","link":"https:\/\/www.labeljoy.com\/es\/videos\/generar-codigo-de-barras-y-codigo-qr\/","title":{"rendered":"Generar c\u00f3digo de barras y c\u00f3digo QR"},"content":{"rendered":"<h2>Generar C\u00f3digo de Barras y C\u00f3digo QR<\/h2>\n<p>Labeljoy le permite crear autom\u00e1ticamente 26 tipos diferentes de <strong>c\u00f3digos de barras lineales y 2D<\/strong>. Para m\u00e1s informaci\u00f3n, consulte nuestra <a title=\"Gu\u00eda de c\u00f3digo de barras\" href=\"http:\/\/www.labeljoy.com\/es\/soporte\/generar-codigo-barras\/\">gu\u00eda de c\u00f3digos de barras<\/a> y nuestra <a title=\"Gu\u00eda c\u00f3digo QR\" href=\"http:\/\/www.labeljoy.com\/es\/soporte\/que-es-codigo-qr\/\">gu\u00eda de c\u00f3digos QR<\/a>.<br \/>\nEste v\u00eddeo le muestra c\u00f3mo a\u00f1adir c\u00f3digos o texto que ser\u00e1n codificados en s\u00edmbolos de c\u00f3digo de barras por el software.<br \/>\nTambi\u00e9n puede <a title=\"importar bases de datos externas\" href=\"http:\/\/www.labeljoy.com\/es\/videos\/conectar-fuentes-datos-externos\/\">importar datos de fuentes de datos externas<\/a> para generar c\u00f3digos de barras en grandes cantidades.<br \/>\nEl software detecta autom\u00e1ticamente si el texto o el c\u00f3digo introducido cumple con las especificaciones de la simbolog\u00eda seleccionada.<\/p>\n<p>Descargue nuestra <a title=\"Etiqueta de Precios - plantillas\" href=\"http:\/\/www.labeljoy.com\/es\/plantillas\/etiqueta-de-precio\/\">plantilla de etiquetas de precio con c\u00f3digo de barras<\/a> para descubrir lo sencillo que es crear sus propias etiquetas personalizadas.<\/p>\n<div class=\"lyte-wrapper\" title=\"Labeljoy 6 - Generar c&oacute;digo de barras y c&oacute;digo QR\" style=\"width:640px;max-width:100%;margin:5px;\"><div class=\"lyMe\" id=\"WYL_-R06glsVgNU\" itemprop=\"video\" itemscope itemtype=\"https:\/\/schema.org\/VideoObject\"><div><meta itemprop=\"thumbnailUrl\" content=\"https:\/\/www.labeljoy.com\/wp-content\/plugins\/wp-youtube-lyte\/lyteCache.php?origThumbUrl=https%3A%2F%2Fi.ytimg.com%2Fvi%2F-R06glsVgNU%2Fhqdefault.jpg\" \/><meta itemprop=\"embedURL\" content=\"https:\/\/www.youtube.com\/embed\/-R06glsVgNU\" \/><meta itemprop=\"duration\" content=\"PT2M25S\" \/><meta itemprop=\"uploadDate\" content=\"2018-12-18T16:06:27Z\" \/><\/div><div id=\"lyte_-R06glsVgNU\" data-src=\"https:\/\/www.labeljoy.com\/wp-content\/plugins\/wp-youtube-lyte\/lyteCache.php?origThumbUrl=https%3A%2F%2Fi.ytimg.com%2Fvi%2F-R06glsVgNU%2Fhqdefault.jpg\" class=\"pL\"><div class=\"tC\"><div class=\"tT\" itemprop=\"name\">Labeljoy 6 - Generar c\u00f3digo de barras y c\u00f3digo QR<\/div><\/div><div class=\"play\"><\/div><div class=\"ctrl\"><div class=\"Lctrl\"><\/div><div class=\"Rctrl\"><\/div><\/div><\/div><noscript><a href=\"https:\/\/youtu.be\/-R06glsVgNU\" rel=\"nofollow\"><img decoding=\"async\" src=\"https:\/\/www.labeljoy.com\/wp-content\/plugins\/wp-youtube-lyte\/lyteCache.php?origThumbUrl=https%3A%2F%2Fi.ytimg.com%2Fvi%2F-R06glsVgNU%2F0.jpg\" alt=\"Labeljoy 6 - Generar c&oacute;digo de barras y c&oacute;digo QR\" width=\"640\" height=\"340\" \/><br \/>Mire este video en YouTube<\/a><\/noscript><meta itemprop=\"description\" content=\"Labeljoy le permite crear autom\u00e1ticamente 26 tipos diferentes de c\u00f3digos de barras lineales y 2D. Este v\u00eddeo muestra c\u00f3mo a\u00f1adir c\u00f3digos o texto para que el software los transforme en s\u00edmbolos de c\u00f3digos de barras. Tambi\u00e9n puede importar datos de fuentes de datos externas para generar c\u00f3digos de barras autom\u00e1ticamente, de forma masiva. El software detecta directamente si el texto o c\u00f3digo introducido cumple las especificaciones de la simbolog\u00eda seleccionada. Descargue nuestra plantilla de etiquetas de precio con c\u00f3digo de barras para descubrir con qu\u00e9 facilidad puede crear etiquetas personalizadas. https:\/\/www.labeljoy.com\/es\/plantillas\/etiqueta-codigo-barra\/ Para m\u00e1s informaci\u00f3n, consulte nuestra gu\u00eda de c\u00f3digos de barras y nuestra gu\u00eda de c\u00f3digos QR: https:\/\/www.labeljoy.com\/es\/ayuda-lj6\/administracion-de-codigos-de-barras\/\"><\/div><\/div><div class=\"lL\" style=\"max-width:100%;width:640px;margin:5px;\"><\/div>\n<div class=\"lj-video-button hide\">\n  <a href=\"https:\/\/www.youtube.com\/embed\/-R06glsVgNU?rel=0&autoplay=1\" data-featherlight=\"iframe\" data-featherlight-iframe-width=\"800\" data-featherlight-iframe-height=\"610\" data-featherlight-iframe-frameborder=\"0\" data-featherlight-iframe-allow=\"autoplay; encrypted-media\" data-featherlight-iframe-allowfullscreen=\"true\" title=\"Reproducir el video tutorial\">Reproducir el video tutorial <i class=\"fa fa-play-circle fa-2x\"><\/i><\/a>\n<\/div>\n<p style=\"text-align:center\">Ver tambi\u00e9n el tutorial:<\/p>\n<ul class=\"lp-2013 clearfix\">\n<li style=\"float:none\">\n<a style=\"margin: 0 auto\" title=\"Generar c\u00f3digos de barras GS1-128 \" href=\"http:\/\/www.labeljoy.com\/es\/soporte\/como-hacer\/generar-codigos-gs1-128\/\"> <span class=\"lp-2013-title\">Generar GS1-128 <\/span><span class=\"lp-2013-description\">&#8211; Generaci\u00f3n autom\u00e1tica<br \/>\n&#8211; N\u00famero GTIN<br \/>\n&#8211; Importaci\u00f3n Excel<\/span><img decoding=\"async\" width=\"48\" height=\"48\" src=\"http:\/\/www.labeljoy.com\/images\/how-to\/icons\/gs1-128.png\" alt=\"gs1 barcode icono\"><\/a><\/li>\n<\/ul>\n","protected":false},"excerpt":{"rendered":"<p>Generar C\u00f3digo de Barras y C\u00f3digo QR Labeljoy le permite crear autom\u00e1ticamente tipos diferentes de c\u00f3digos de barras lineales y 2D. Para m\u00e1s informaci\u00f3n, consulte nuestra gu\u00eda de c\u00f3digos de barras y nuestra gu\u00eda de c\u00f3digos QR. Este v\u00eddeo le muestra c\u00f3mo a\u00f1adir c\u00f3digos o texto que ser\u00e1n codificados en s\u00edmbolos de c\u00f3digo de barras &#8230; <a title=\"Generar c\u00f3digo de barras y c\u00f3digo QR\" class=\"read-more\" href=\"https:\/\/www.labeljoy.com\/es\/videos\/generar-codigo-de-barras-y-codigo-qr\/\" aria-label=\"Leer m\u00e1s sobre Generar c\u00f3digo de barras y c\u00f3digo QR\">Read more<\/a><\/p>\n","protected":false},"author":12,"featured_media":0,"parent":28878,"menu_order":0,"comment_status":"closed","ping_status":"closed","template":"","meta":{"inline_featured_image":false,"_monsterinsights_skip_tracking":false,"_monsterinsights_sitenote_active":false,"_monsterinsights_sitenote_note":"","_monsterinsights_sitenote_category":0,"footnotes":""},"class_list":{"0":"post-28894","1":"page","2":"type-page","3":"status-publish","5":"infinite-scroll-item"},"aioseo_notices":[],"_links":{"self":[{"href":"https:\/\/www.labeljoy.com\/es\/wp-json\/wp\/v2\/pages\/28894","targetHints":{"allow":["GET"]}}],"collection":[{"href":"https:\/\/www.labeljoy.com\/es\/wp-json\/wp\/v2\/pages"}],"about":[{"href":"https:\/\/www.labeljoy.com\/es\/wp-json\/wp\/v2\/types\/page"}],"author":[{"embeddable":true,"href":"https:\/\/www.labeljoy.com\/es\/wp-json\/wp\/v2\/users\/12"}],"replies":[{"embeddable":true,"href":"https:\/\/www.labeljoy.com\/es\/wp-json\/wp\/v2\/comments?post=28894"}],"version-history":[{"count":8,"href":"https:\/\/www.labeljoy.com\/es\/wp-json\/wp\/v2\/pages\/28894\/revisions"}],"predecessor-version":[{"id":41389,"href":"https:\/\/www.labeljoy.com\/es\/wp-json\/wp\/v2\/pages\/28894\/revisions\/41389"}],"up":[{"embeddable":true,"href":"https:\/\/www.labeljoy.com\/es\/wp-json\/wp\/v2\/pages\/28878"}],"wp:attachment":[{"href":"https:\/\/www.labeljoy.com\/es\/wp-json\/wp\/v2\/media?parent=28894"}],"curies":[{"name":"wp","href":"https:\/\/api.w.org\/{rel}","templated":true}]}}