{"id":2890,"date":"2012-07-18T08:54:54","date_gmt":"2012-07-18T08:54:54","guid":{"rendered":"http:\/\/www.labeljoy.com\/templates\/shipping-label\/"},"modified":"2022-06-21T08:00:13","modified_gmt":"2022-06-21T08:00:13","slug":"etiquetas-envio","status":"publish","type":"page","link":"https:\/\/www.labeljoy.com\/es\/plantillas\/etiquetas-envio\/","title":{"rendered":"Etiquetas de Env\u00edo"},"content":{"rendered":"<h1>Plantilla de Etiqueta de Env\u00edo<\/h1>\n<h2>Descargue y personalice su propia Etiqueta de Env\u00edo<\/h2>\n<p><strong>Una etiqueta de env\u00edos<\/strong> es una peque\u00f1a etiqueta adjunta a un <em>\u00edtem<\/em> empaquetado, tal como un sobre o un paquete. Esta etiqueta contiene informaci\u00f3n sobre los contenidos, informaci\u00f3n empresarial tal como <em>logo, direcci\u00f3n<\/em> y puede incluir <a title=\"Gu\u00eda de c\u00f3digo de barras\" href=\"http:\/\/www.labeljoy.com\/es\/soporte\/generar-codigo-barras\/\"><em>c\u00f3digos de barras<\/em><\/a>&nbsp;y otros objetos impresos.<\/p>\n<p>Con Labeljoy usted puede generar 20 tipos diferentes de simbolog\u00edas de c\u00f3digos de barras, incluyendo <a title=\"Gu\u00eda c\u00f3digo QR\" href=\"http:\/\/www.labeljoy.com\/es\/soporte\/que-es-codigo-qr\/\">C\u00f3digos QR<\/a>.<\/p>\n<p>La Biblioteca de Plantillas de Etiquetas le permite <strong>descargar plantillas de etiquetas de env\u00edo<\/strong> para una variedad de productos tales como etiquetas de direcciones, etiquetas de env\u00edos, etiquetas de divisi\u00f3n y m\u00e1s.<\/p>\n<h3>Imprima su plantilla de etiqueta de env\u00edo<\/h3>\n<p>Es posible imprimir todas sus plantillas con su&nbsp;impresora <em>L\u00e1ser<\/em>, <em>de tinta<\/em> o <em>de rollo<\/em>. Es simple: cree <strong>etiquetas de env\u00edos personalizadas <\/strong>con c\u00f3digos de barras utilizando plantillas gratis de Labeljoy. Luego imprima etiquetas profesionales desde su impresora. Ahora no necesita nada m\u00e1s para realizar el trabajo.<\/p>\n<h2>Video tutorial: c\u00f3mo imprimir etiquetas con impresoras de rollo<\/h2>\n<p>Labeljoy le permite imprimir en cualquier formato utilizando impresoras de inyecci\u00f3n de tinta, l\u00e1ser o de rollo. Siga la gu\u00eda paso a paso.<br \/>\n\n<div class=\"youtube-embed\" itemprop=\"video\" itemscope itemtype=\"https:\/\/schema.org\/VideoObject\">\n\t<meta itemprop=\"url\" content=\"https:\/\/www.youtube.com\/v\/SPUcAXbVH-I\" \/>\n\t<meta itemprop=\"name\" content=\"Etiquetas de Env\u00edo\" \/>\n\t<meta itemprop=\"description\" content=\"Etiquetas de Env\u00edo\" \/>\n\t<meta itemprop=\"uploadDate\" content=\"2012-07-18T08:54:54+00:00\" \/>\n\t<meta itemprop=\"thumbnailUrl\" content=\"https:\/\/i.ytimg.com\/vi\/SPUcAXbVH-I\/default.jpg\" \/>\n\t<meta itemprop=\"embedUrl\" content=\"https:\/\/www.youtube.com\/embed\/SPUcAXbVH-I\" \/>\n\t<meta itemprop=\"height\" content=\"385\" \/>\n\t<meta itemprop=\"width\" content=\"640\" \/>\n\t<iframe style=\"border: 0;\" class=\"youtube-player\" width=\"640\" height=\"385\" src=\"https:\/\/www.youtube.com\/embed\/SPUcAXbVH-I?modestbranding=1&fs=0&rel=0&loop=1&color=white&playlist=SPUcAXbVH-I\"><\/iframe>\n<\/div>\n\n<div class=\"one_third\"> <div class=\"img-frame full-fourth\"><div class=\"lightbox-zoom\"><a title=\"Etiqueta de env\u00edo Fr\u00e1gil\" href=\"\" data-gal=\"prettyPhoto\" class=\"hover-item\"><img decoding=\"async\" width=\"197\" height=\"133\" alt=\"Etiqueta de env\u00edo Fr\u00e1gil\" src=\"https:\/\/www.labeljoy.com\/wp-content\/plugins\/sterling-shortcodes\/\/timthumb\/timthumb.php?src=http:\/\/www.labeljoy.com\/label-templates\/shipping\/shipping1s.jpg&#038;h=133&#038;w=197\"><\/a><\/div><\/div>\n<p style=\"text-align: center\"><a href=\"http:\/\/www.labeljoy.com\/label-templates\/shipping\/shipping1.lpa\" class=\"small white tt-button\" target=\"_self\"> Descargar <\/a>\n<\/div>\n<div class=\"one_third\"> <div class=\"img-frame full-fourth\"><div class=\"lightbox-zoom\"><a title=\"La etiqueta de precauci\u00f3n para el env\u00edo\" href=\"\" data-gal=\"prettyPhoto\" class=\"hover-item\"><img decoding=\"async\" width=\"197\" height=\"133\" alt=\"La etiqueta de precauci\u00f3n para el env\u00edo\" src=\"https:\/\/www.labeljoy.com\/wp-content\/plugins\/sterling-shortcodes\/\/timthumb\/timthumb.php?src=http:\/\/www.labeljoy.com\/label-templates\/shipping\/shipping2s.jpg&#038;h=133&#038;w=197\"><\/a><\/div><\/div>\n<p style=\"text-align: center\"><a href=\"http:\/\/www.labeljoy.com\/label-templates\/shipping\/shipping2.lpa\" class=\"small white tt-button\" target=\"_self\"> Descargar <\/a>\n<\/div>\n<div class=\"one_third\"> <div class=\"img-frame full-fourth\"><div class=\"lightbox-zoom\"><a title=\"Informaci\u00f3n de env\u00edo\" href=\"\" data-gal=\"prettyPhoto\" class=\"hover-item\"><img decoding=\"async\" width=\"197\" height=\"133\" alt=\"Informaci\u00f3n de env\u00edo\" src=\"https:\/\/www.labeljoy.com\/wp-content\/plugins\/sterling-shortcodes\/\/timthumb\/timthumb.php?src=http:\/\/www.labeljoy.com\/label-templates\/shipping\/shipping3s.jpg&#038;h=133&#038;w=197\"><\/a><\/div><\/div>\n<p style=\"text-align: center\"><a href=\"http:\/\/www.labeljoy.com\/label-templates\/shipping\/shipping3.lpa\" class=\"small white tt-button\" target=\"_self\"> Descargar <\/a>\n<\/div>\n<div class=\"hr hr-dotted\">&nbsp;<\/div>\n<div class=\"one_third\"> <div class=\"img-frame full-fourth\"><div class=\"lightbox-zoom\"><a title=\"Etiquetas de peligro sobre los env\u00edos\" href=\"\" data-gal=\"prettyPhoto\" class=\"hover-item\"><img decoding=\"async\" width=\"197\" height=\"133\" alt=\"Etiquetas de peligro sobre los env\u00edos\" src=\"https:\/\/www.labeljoy.com\/wp-content\/plugins\/sterling-shortcodes\/\/timthumb\/timthumb.php?src=http:\/\/www.labeljoy.com\/label-templates\/shipping\/shipping4s.jpg&#038;h=133&#038;w=197\"><\/a><\/div><\/div>\n<p style=\"text-align: center\"><a href=\"http:\/\/www.labeljoy.com\/label-templates\/shipping\/shipping4.lpa\" class=\"small white tt-button\" target=\"_self\"> Descargar <\/a>\n<\/div>\n<div class=\"one_third\"> <div class=\"img-frame full-fourth\"><div class=\"lightbox-zoom\"><a title=\"Env\u00edos navales etiquetas\" href=\"\" data-gal=\"prettyPhoto\" class=\"hover-item\"><img decoding=\"async\" width=\"197\" height=\"133\" alt=\"Env\u00edos navales etiquetas\" src=\"https:\/\/www.labeljoy.com\/wp-content\/plugins\/sterling-shortcodes\/\/timthumb\/timthumb.php?src=http:\/\/www.labeljoy.com\/label-templates\/shipping\/shipping5s.jpg&#038;h=133&#038;w=197\"><\/a><\/div><\/div>\n<p style=\"text-align: center\"><a href=\"http:\/\/www.labeljoy.com\/label-templates\/shipping\/shipping5.lpa\" class=\"small white tt-button\" target=\"_self\"> Descargar <\/a>\n<\/div>\n<div class=\"one_third\"> <div class=\"img-frame full-fourth\"><div class=\"lightbox-zoom\"><a title=\"etiqueta de env\u00edo con c\u00f3digo de barras\" href=\"http:\/\/www.labeljoy.com\/label-templates\/shipping\/shipping6b.jpg\" data-gal=\"prettyPhoto[Etiquetas Env\u00edos]\" class=\"hover-item\"><img decoding=\"async\" width=\"197\" height=\"133\" alt=\"etiqueta de env\u00edo con c\u00f3digo de barras\" src=\"https:\/\/www.labeljoy.com\/wp-content\/plugins\/sterling-shortcodes\/\/timthumb\/timthumb.php?src=http:\/\/www.labeljoy.com\/label-templates\/shipping\/shipping6s.jpg&#038;h=133&#038;w=197\"><\/a><\/div><\/div>\n<p style=\"text-align: center\"><a href=\"http:\/\/www.labeljoy.com\/label-templates\/shipping\/shipping6.lpa\" class=\"small white tt-button\" target=\"_self\"> Descargar <\/a>\n<\/div>\n<div class=\"hr hr-dotted\">&nbsp;<\/div>\n<div class=\"one_half\">\n<p style=\"text-align: center\"><a href=\"\/es\/comprar\/\" class=\"large blue tt-button\" target=\"\"> Compra Software <\/a>\n<\/div>\n<div class=\"one_half\">\n<p style=\"text-align: center\"><a href=\"\/es\/download-es\/\" class=\"large green tt-button\" target=\"\">Descarga versi\u00f3n gratuita<\/a>\n<\/div>\n<div class=\"hr hr-dotted\">&nbsp;<\/div>\n<div class=\"also-like\">\n<strong>Tambi\u00e9n le puede interesar:<\/strong><\/p>\n<ul>\n<li><a href=\"https:\/\/www.labeljoy.com\/generar-codigo-de-barras-gratis\/\" title=\"Generador de c\u00f3digos de barras online\">Generador de c\u00f3digos de barras online<\/a><\/li>\n<\/ul>\n<\/div>\n","protected":false},"excerpt":{"rendered":"<p>Plantilla de Etiqueta de Env\u00edo Descargue y personalice su propia Etiqueta de Env\u00edo Una etiqueta de env\u00edos es una peque\u00f1a etiqueta adjunta a un \u00edtem empaquetado, tal como un sobre o un paquete. Esta etiqueta contiene informaci\u00f3n sobre los contenidos, informaci\u00f3n empresarial tal como logo, direcci\u00f3n y puede incluir c\u00f3digos de barras&nbsp;y otros objetos impresos. &#8230; <a title=\"Etiquetas de Env\u00edo\" class=\"read-more\" href=\"https:\/\/www.labeljoy.com\/es\/plantillas\/etiquetas-envio\/\" aria-label=\"Leer m\u00e1s sobre Etiquetas de Env\u00edo\">Read more<\/a><\/p>\n","protected":false},"author":1,"featured_media":0,"parent":2789,"menu_order":0,"comment_status":"open","ping_status":"closed","template":"","meta":{"inline_featured_image":false,"_monsterinsights_skip_tracking":false,"_monsterinsights_sitenote_active":false,"_monsterinsights_sitenote_note":"","_monsterinsights_sitenote_category":0,"footnotes":""},"class_list":{"0":"post-2890","1":"page","2":"type-page","3":"status-publish","5":"infinite-scroll-item"},"aioseo_notices":[],"_links":{"self":[{"href":"https:\/\/www.labeljoy.com\/es\/wp-json\/wp\/v2\/pages\/2890","targetHints":{"allow":["GET"]}}],"collection":[{"href":"https:\/\/www.labeljoy.com\/es\/wp-json\/wp\/v2\/pages"}],"about":[{"href":"https:\/\/www.labeljoy.com\/es\/wp-json\/wp\/v2\/types\/page"}],"author":[{"embeddable":true,"href":"https:\/\/www.labeljoy.com\/es\/wp-json\/wp\/v2\/users\/1"}],"replies":[{"embeddable":true,"href":"https:\/\/www.labeljoy.com\/es\/wp-json\/wp\/v2\/comments?post=2890"}],"version-history":[{"count":26,"href":"https:\/\/www.labeljoy.com\/es\/wp-json\/wp\/v2\/pages\/2890\/revisions"}],"predecessor-version":[{"id":37598,"href":"https:\/\/www.labeljoy.com\/es\/wp-json\/wp\/v2\/pages\/2890\/revisions\/37598"}],"up":[{"embeddable":true,"href":"https:\/\/www.labeljoy.com\/es\/wp-json\/wp\/v2\/pages\/2789"}],"wp:attachment":[{"href":"https:\/\/www.labeljoy.com\/es\/wp-json\/wp\/v2\/media?parent=2890"}],"curies":[{"name":"wp","href":"https:\/\/api.w.org\/{rel}","templated":true}]}}