{"id":28903,"date":"2018-03-27T09:17:15","date_gmt":"2018-03-27T09:17:15","guid":{"rendered":"http:\/\/www.labeljoy.com\/es\/?page_id=28903"},"modified":"2022-04-13T08:33:18","modified_gmt":"2022-04-13T08:33:18","slug":"como-crear-diferentes-etiquetas-usando-conjuntos","status":"publish","type":"page","link":"https:\/\/www.labeljoy.com\/es\/videos\/como-crear-diferentes-etiquetas-usando-conjuntos\/","title":{"rendered":"Imprimir etiquetas diferentes usando Conjuntos"},"content":{"rendered":"<h2>Imprimir etiquetas diferentes en la misma hoja con Conjuntos<\/h2>\n<p>Con Labeljoy 6, puede <strong>imprimir diferentes etiquetas<\/strong> en la misma hoja con la herramienta &#8220;Conjunto de etiquetas&#8221;.<br \/>\nBasta con agregar un nuevo Conjunto para cada etiqueta diferente, elegir el n\u00famero de etiquetas para cada conjunto, y cambiar el contenido y la configuraci\u00f3n de cada conjunto seg\u00fan su preferencia.<\/p>\n<p>Esta <a title=\"Caracter\u00edsticas\" href=\"http:\/\/www.labeljoy.com\/es\/caracteristicas\/\">caracteristica<\/a> es muy \u00fatil si desea imprimir etiquetas de varios <a title=\"Etiqueta de productos\" href=\"http:\/\/www.labeljoy.com\/es\/plantillas\/etiqueta-productos\/\">productos<\/a> en la misma hoja, o bien utilizar diferentes colores para sus <a title=\"Etiquetas de Correo\" href=\"http:\/\/www.labeljoy.com\/es\/plantillas\/etiquetas-correo\/\">etiquetas de correo<\/a> o <a title=\"Tarjetas de Navidad\" href=\"http:\/\/www.labeljoy.com\/es\/plantillas\/tarjetas-navidad\/\">tarjetas de Navidad<\/a>.<\/p>\n<p><strong><strong>Puede crear hojas 100% personalizadas<\/strong>!<\/strong><\/p>\n<div class=\"lyte-wrapper\" title=\"Labeljoy 6 - C&oacute;mo crear diferentes etiquetas usando Conjuntos\" style=\"width:640px;max-width:100%;margin:5px;\"><div class=\"lyMe\" id=\"WYL_r4M7JukitIY\" itemprop=\"video\" itemscope itemtype=\"https:\/\/schema.org\/VideoObject\"><div><meta itemprop=\"thumbnailUrl\" content=\"https:\/\/www.labeljoy.com\/wp-content\/plugins\/wp-youtube-lyte\/lyteCache.php?origThumbUrl=https%3A%2F%2Fi.ytimg.com%2Fvi%2Fr4M7JukitIY%2Fhqdefault.jpg\" \/><meta itemprop=\"embedURL\" content=\"https:\/\/www.youtube.com\/embed\/r4M7JukitIY\" \/><meta itemprop=\"duration\" content=\"PT4M15S\" \/><meta itemprop=\"uploadDate\" content=\"2018-03-27T09:20:14Z\" \/><\/div><div id=\"lyte_r4M7JukitIY\" data-src=\"https:\/\/www.labeljoy.com\/wp-content\/plugins\/wp-youtube-lyte\/lyteCache.php?origThumbUrl=https%3A%2F%2Fi.ytimg.com%2Fvi%2Fr4M7JukitIY%2Fhqdefault.jpg\" class=\"pL\"><div class=\"tC\"><div class=\"tT\" itemprop=\"name\">Labeljoy 6 - C\u00f3mo crear diferentes etiquetas usando Conjuntos<\/div><\/div><div class=\"play\"><\/div><div class=\"ctrl\"><div class=\"Lctrl\"><\/div><div class=\"Rctrl\"><\/div><\/div><\/div><noscript><a href=\"https:\/\/youtu.be\/r4M7JukitIY\" rel=\"nofollow\"><img decoding=\"async\" src=\"https:\/\/www.labeljoy.com\/wp-content\/plugins\/wp-youtube-lyte\/lyteCache.php?origThumbUrl=https%3A%2F%2Fi.ytimg.com%2Fvi%2Fr4M7JukitIY%2F0.jpg\" alt=\"Labeljoy 6 - C&oacute;mo crear diferentes etiquetas usando Conjuntos\" width=\"640\" height=\"340\" \/><br \/>Mire este video en YouTube<\/a><\/noscript><meta itemprop=\"description\" content=\"Con Labeljoy 6, puede imprimir diferentes etiquetas en la misma hoja utilizando la funci\u00f3n &quot;CONJUNTO&quot;. Agregue un nuevo Conjunto para cada etiqueta diferente, elija el n\u00famero de etiquetas para cada conjunto y cambie el contenido y la configuraci\u00f3n de cada conjunto como prefiera. M\u00e1s informaci\u00f3n sobre c\u00f3mo a\u00f1adir un nuevo conjunto: https:\/\/www.labeljoy.com\/es\/ayuda-lj6\/agregar-un-conjunto-nuevo\/\"><\/div><\/div><div class=\"lL\" style=\"max-width:100%;width:640px;margin:5px;\"><\/div>\n<div class=\"lj-video-button hide\">\n  <a href=\"https:\/\/www.youtube.com\/embed\/r4M7JukitIY?rel=0&autoplay=1\" data-featherlight=\"iframe\" data-featherlight-iframe-width=\"800\" data-featherlight-iframe-height=\"610\" data-featherlight-iframe-frameborder=\"0\" data-featherlight-iframe-allow=\"autoplay; encrypted-media\" data-featherlight-iframe-allowfullscreen=\"true\" title=\"Reproducir el video tutorial\">Reproducir el video tutorial <i class=\"fa fa-play-circle fa-2x\"><\/i><\/a>\n<\/div>\n","protected":false},"excerpt":{"rendered":"<p>Imprimir etiquetas diferentes en la misma hoja con Conjuntos Con Labeljoy 6, puede imprimir diferentes etiquetas en la misma hoja con la herramienta &#8220;Conjunto de etiquetas&#8221;. Basta con agregar un nuevo Conjunto para cada etiqueta diferente, elegir el n\u00famero de etiquetas para cada conjunto, y cambiar el contenido y la configuraci\u00f3n de cada conjunto seg\u00fan &#8230; <a title=\"Imprimir etiquetas diferentes usando Conjuntos\" class=\"read-more\" href=\"https:\/\/www.labeljoy.com\/es\/videos\/como-crear-diferentes-etiquetas-usando-conjuntos\/\" aria-label=\"Leer m\u00e1s sobre Imprimir etiquetas diferentes usando Conjuntos\">Read more<\/a><\/p>\n","protected":false},"author":12,"featured_media":0,"parent":28878,"menu_order":0,"comment_status":"open","ping_status":"closed","template":"","meta":{"inline_featured_image":false,"_monsterinsights_skip_tracking":false,"_monsterinsights_sitenote_active":false,"_monsterinsights_sitenote_note":"","_monsterinsights_sitenote_category":0,"footnotes":""},"class_list":{"0":"post-28903","1":"page","2":"type-page","3":"status-publish","5":"infinite-scroll-item"},"aioseo_notices":[],"_links":{"self":[{"href":"https:\/\/www.labeljoy.com\/es\/wp-json\/wp\/v2\/pages\/28903","targetHints":{"allow":["GET"]}}],"collection":[{"href":"https:\/\/www.labeljoy.com\/es\/wp-json\/wp\/v2\/pages"}],"about":[{"href":"https:\/\/www.labeljoy.com\/es\/wp-json\/wp\/v2\/types\/page"}],"author":[{"embeddable":true,"href":"https:\/\/www.labeljoy.com\/es\/wp-json\/wp\/v2\/users\/12"}],"replies":[{"embeddable":true,"href":"https:\/\/www.labeljoy.com\/es\/wp-json\/wp\/v2\/comments?post=28903"}],"version-history":[{"count":5,"href":"https:\/\/www.labeljoy.com\/es\/wp-json\/wp\/v2\/pages\/28903\/revisions"}],"predecessor-version":[{"id":37402,"href":"https:\/\/www.labeljoy.com\/es\/wp-json\/wp\/v2\/pages\/28903\/revisions\/37402"}],"up":[{"embeddable":true,"href":"https:\/\/www.labeljoy.com\/es\/wp-json\/wp\/v2\/pages\/28878"}],"wp:attachment":[{"href":"https:\/\/www.labeljoy.com\/es\/wp-json\/wp\/v2\/media?parent=28903"}],"curies":[{"name":"wp","href":"https:\/\/api.w.org\/{rel}","templated":true}]}}