{"id":28908,"date":"2018-03-27T09:37:10","date_gmt":"2018-03-27T09:37:10","guid":{"rendered":"http:\/\/www.labeljoy.com\/es\/?page_id=28908"},"modified":"2022-04-13T08:43:02","modified_gmt":"2022-04-13T08:43:02","slug":"actualizacion-dinamica-de-datos","status":"publish","type":"page","link":"https:\/\/www.labeljoy.com\/es\/videos\/actualizacion-dinamica-de-datos\/","title":{"rendered":"Actualizaci\u00f3n din\u00e1mica de datos"},"content":{"rendered":"<h2>Actualizaci\u00f3n din\u00e1mica de datos<\/h2>\n<p>Labeljoy le permite <strong>actualizar f\u00e1cilmente<\/strong> los datos vinculados a una fuente de datos externa. La actualizaci\u00f3n din\u00e1mica de datos permite ahorrar tiempo y simplifica su trabajo.<\/p>\n<div class=\"lyte-wrapper\" title=\"Labeljoy 6 - Actualizaci&oacute;n din&aacute;mica de datos\" style=\"width:640px;max-width:100%;margin:5px;\"><div class=\"lyMe\" id=\"WYL_rhqsP3ufmJw\" itemprop=\"video\" itemscope itemtype=\"https:\/\/schema.org\/VideoObject\"><div><meta itemprop=\"thumbnailUrl\" content=\"https:\/\/www.labeljoy.com\/wp-content\/plugins\/wp-youtube-lyte\/lyteCache.php?origThumbUrl=https%3A%2F%2Fi.ytimg.com%2Fvi%2FrhqsP3ufmJw%2Fhqdefault.jpg\" \/><meta itemprop=\"embedURL\" content=\"https:\/\/www.youtube.com\/embed\/rhqsP3ufmJw\" \/><meta itemprop=\"duration\" content=\"PT1M49S\" \/><meta itemprop=\"uploadDate\" content=\"2018-03-27T09:40:50Z\" \/><\/div><div id=\"lyte_rhqsP3ufmJw\" data-src=\"https:\/\/www.labeljoy.com\/wp-content\/plugins\/wp-youtube-lyte\/lyteCache.php?origThumbUrl=https%3A%2F%2Fi.ytimg.com%2Fvi%2FrhqsP3ufmJw%2Fhqdefault.jpg\" class=\"pL\"><div class=\"tC\"><div class=\"tT\" itemprop=\"name\">Labeljoy 6 - Actualizaci\u00f3n din\u00e1mica de datos<\/div><\/div><div class=\"play\"><\/div><div class=\"ctrl\"><div class=\"Lctrl\"><\/div><div class=\"Rctrl\"><\/div><\/div><\/div><noscript><a href=\"https:\/\/youtu.be\/rhqsP3ufmJw\" rel=\"nofollow\"><img decoding=\"async\" src=\"https:\/\/www.labeljoy.com\/wp-content\/plugins\/wp-youtube-lyte\/lyteCache.php?origThumbUrl=https%3A%2F%2Fi.ytimg.com%2Fvi%2FrhqsP3ufmJw%2F0.jpg\" alt=\"Labeljoy 6 - Actualizaci&oacute;n din&aacute;mica de datos\" width=\"640\" height=\"340\" \/><br \/>Mire este video en YouTube<\/a><\/noscript><meta itemprop=\"description\" content=\"Labeljoy le permite actualizar f\u00e1cilmente los datos enlazados con una base de datos externa. La funci\u00f3n de actualizaci\u00f3n de datos ayuda a ahorrar tiempo y simplifica su trabajo. M\u00e1s informaci\u00f3n: https:\/\/www.labeljoy.com\/es\/ayuda-lj6\/actualizando-la-fuente-de-datos\/\"><\/div><\/div><div class=\"lL\" style=\"max-width:100%;width:640px;margin:5px;\"><\/div>\n<div class=\"lj-video-button hide\">\n  <a href=\"https:\/\/www.youtube.com\/embed\/rhqsP3ufmJw?rel=0&autoplay=1\" data-featherlight=\"iframe\" data-featherlight-iframe-width=\"800\" data-featherlight-iframe-height=\"610\" data-featherlight-iframe-frameborder=\"0\" data-featherlight-iframe-allow=\"autoplay; encrypted-media\" data-featherlight-iframe-allowfullscreen=\"true\" title=\"Reproducir el video tutorial\">Reproducir el video tutorial <i class=\"fa fa-play-circle fa-2x\"><\/i><\/a>\n<\/div>\n","protected":false},"excerpt":{"rendered":"<p>Actualizaci\u00f3n din\u00e1mica de datos Labeljoy le permite actualizar f\u00e1cilmente los datos vinculados a una fuente de datos externa. La actualizaci\u00f3n din\u00e1mica de datos permite ahorrar tiempo y simplifica su trabajo.<\/p>\n","protected":false},"author":12,"featured_media":0,"parent":28878,"menu_order":0,"comment_status":"open","ping_status":"closed","template":"","meta":{"inline_featured_image":false,"_monsterinsights_skip_tracking":false,"_monsterinsights_sitenote_active":false,"_monsterinsights_sitenote_note":"","_monsterinsights_sitenote_category":0,"footnotes":""},"class_list":{"0":"post-28908","1":"page","2":"type-page","3":"status-publish","5":"infinite-scroll-item"},"aioseo_notices":[],"_links":{"self":[{"href":"https:\/\/www.labeljoy.com\/es\/wp-json\/wp\/v2\/pages\/28908","targetHints":{"allow":["GET"]}}],"collection":[{"href":"https:\/\/www.labeljoy.com\/es\/wp-json\/wp\/v2\/pages"}],"about":[{"href":"https:\/\/www.labeljoy.com\/es\/wp-json\/wp\/v2\/types\/page"}],"author":[{"embeddable":true,"href":"https:\/\/www.labeljoy.com\/es\/wp-json\/wp\/v2\/users\/12"}],"replies":[{"embeddable":true,"href":"https:\/\/www.labeljoy.com\/es\/wp-json\/wp\/v2\/comments?post=28908"}],"version-history":[{"count":5,"href":"https:\/\/www.labeljoy.com\/es\/wp-json\/wp\/v2\/pages\/28908\/revisions"}],"predecessor-version":[{"id":37404,"href":"https:\/\/www.labeljoy.com\/es\/wp-json\/wp\/v2\/pages\/28908\/revisions\/37404"}],"up":[{"embeddable":true,"href":"https:\/\/www.labeljoy.com\/es\/wp-json\/wp\/v2\/pages\/28878"}],"wp:attachment":[{"href":"https:\/\/www.labeljoy.com\/es\/wp-json\/wp\/v2\/media?parent=28908"}],"curies":[{"name":"wp","href":"https:\/\/api.w.org\/{rel}","templated":true}]}}