{"id":28916,"date":"2018-03-27T21:45:11","date_gmt":"2018-03-27T21:45:11","guid":{"rendered":"http:\/\/www.labeljoy.com\/es\/?page_id=28916"},"modified":"2022-04-13T08:48:05","modified_gmt":"2022-04-13T08:48:05","slug":"exportacion-de-etiquetas-a-formatos-comunes","status":"publish","type":"page","link":"https:\/\/www.labeljoy.com\/es\/videos\/exportacion-de-etiquetas-a-formatos-comunes\/","title":{"rendered":"Exportaci\u00f3n de etiquetas a formatos comunes"},"content":{"rendered":"<h2>Exportaci\u00f3n a formatos gr\u00e1ficos<\/h2>\n<p>Labeljoy le permite exportar su trabajo a Jpg, PNG y a otros formatos gr\u00e1ficos.<\/p>\n<div class=\"lyte-wrapper\" title=\"Labeljoy 6 - Exportaci&oacute;n de etiquetas a formatos comunes\" style=\"width:640px;max-width:100%;margin:5px;\"><div class=\"lyMe\" id=\"WYL_5xDRDMB4yYI\" itemprop=\"video\" itemscope itemtype=\"https:\/\/schema.org\/VideoObject\"><div><meta itemprop=\"thumbnailUrl\" content=\"https:\/\/www.labeljoy.com\/wp-content\/plugins\/wp-youtube-lyte\/lyteCache.php?origThumbUrl=https%3A%2F%2Fi.ytimg.com%2Fvi%2F5xDRDMB4yYI%2Fhqdefault.jpg\" \/><meta itemprop=\"embedURL\" content=\"https:\/\/www.youtube.com\/embed\/5xDRDMB4yYI\" \/><meta itemprop=\"duration\" content=\"PT1M4S\" \/><meta itemprop=\"uploadDate\" content=\"2018-03-27T21:51:12Z\" \/><\/div><div id=\"lyte_5xDRDMB4yYI\" data-src=\"https:\/\/www.labeljoy.com\/wp-content\/plugins\/wp-youtube-lyte\/lyteCache.php?origThumbUrl=https%3A%2F%2Fi.ytimg.com%2Fvi%2F5xDRDMB4yYI%2Fhqdefault.jpg\" class=\"pL\"><div class=\"tC\"><div class=\"tT\" itemprop=\"name\">Labeljoy 6 - Exportaci\u00f3n de etiquetas a formatos comunes<\/div><\/div><div class=\"play\"><\/div><div class=\"ctrl\"><div class=\"Lctrl\"><\/div><div class=\"Rctrl\"><\/div><\/div><\/div><noscript><a href=\"https:\/\/youtu.be\/5xDRDMB4yYI\" rel=\"nofollow\"><img decoding=\"async\" src=\"https:\/\/www.labeljoy.com\/wp-content\/plugins\/wp-youtube-lyte\/lyteCache.php?origThumbUrl=https%3A%2F%2Fi.ytimg.com%2Fvi%2F5xDRDMB4yYI%2F0.jpg\" alt=\"Labeljoy 6 - Exportaci&oacute;n de etiquetas a formatos comunes\" width=\"640\" height=\"340\" \/><br \/>Mire este video en YouTube<\/a><\/noscript><meta itemprop=\"description\" content=\"Labeljoy 6 le permite exportar su trabajo en formato jpg, pdf y otros formatos. M\u00e1s informaci\u00f3n: https:\/\/www.labeljoy.com\/es\/ayuda-lj6\/exportar\/\"><\/div><\/div><div class=\"lL\" style=\"max-width:100%;width:640px;margin:5px;\"><\/div>\n<div class=\"lj-video-button hide\">\n  <a href=\"https:\/\/www.youtube.com\/embed\/5xDRDMB4yYI?rel=0&autoplay=1\" data-featherlight=\"iframe\" data-featherlight-iframe-width=\"800\" data-featherlight-iframe-height=\"610\" data-featherlight-iframe-frameborder=\"0\" data-featherlight-iframe-allow=\"autoplay; encrypted-media\" data-featherlight-iframe-allowfullscreen=\"true\" title=\"Reproducir el video tutorial\">Reproducir el video tutorial <i class=\"fa fa-play-circle fa-2x\"><\/i><\/a>\n<\/div>\n","protected":false},"excerpt":{"rendered":"<p>Exportaci\u00f3n a formatos gr\u00e1ficos Labeljoy le permite exportar su trabajo a Jpg, PNG y a otros formatos gr\u00e1ficos.<\/p>\n","protected":false},"author":12,"featured_media":0,"parent":28878,"menu_order":0,"comment_status":"open","ping_status":"closed","template":"","meta":{"inline_featured_image":false,"_monsterinsights_skip_tracking":false,"_monsterinsights_sitenote_active":false,"_monsterinsights_sitenote_note":"","_monsterinsights_sitenote_category":0,"footnotes":""},"class_list":{"0":"post-28916","1":"page","2":"type-page","3":"status-publish","5":"infinite-scroll-item"},"aioseo_notices":[],"_links":{"self":[{"href":"https:\/\/www.labeljoy.com\/es\/wp-json\/wp\/v2\/pages\/28916","targetHints":{"allow":["GET"]}}],"collection":[{"href":"https:\/\/www.labeljoy.com\/es\/wp-json\/wp\/v2\/pages"}],"about":[{"href":"https:\/\/www.labeljoy.com\/es\/wp-json\/wp\/v2\/types\/page"}],"author":[{"embeddable":true,"href":"https:\/\/www.labeljoy.com\/es\/wp-json\/wp\/v2\/users\/12"}],"replies":[{"embeddable":true,"href":"https:\/\/www.labeljoy.com\/es\/wp-json\/wp\/v2\/comments?post=28916"}],"version-history":[{"count":5,"href":"https:\/\/www.labeljoy.com\/es\/wp-json\/wp\/v2\/pages\/28916\/revisions"}],"predecessor-version":[{"id":37409,"href":"https:\/\/www.labeljoy.com\/es\/wp-json\/wp\/v2\/pages\/28916\/revisions\/37409"}],"up":[{"embeddable":true,"href":"https:\/\/www.labeljoy.com\/es\/wp-json\/wp\/v2\/pages\/28878"}],"wp:attachment":[{"href":"https:\/\/www.labeljoy.com\/es\/wp-json\/wp\/v2\/media?parent=28916"}],"curies":[{"name":"wp","href":"https:\/\/api.w.org\/{rel}","templated":true}]}}