{"id":28927,"date":"2018-03-27T22:16:27","date_gmt":"2018-03-27T22:16:27","guid":{"rendered":"http:\/\/www.labeljoy.com\/es\/?page_id=28927"},"modified":"2021-05-24T09:03:40","modified_gmt":"2021-05-24T09:03:40","slug":"como-imprimir-con-impresoras-de-rollo","status":"publish","type":"page","link":"https:\/\/www.labeljoy.com\/es\/videos\/como-imprimir-con-impresoras-de-rollo\/","title":{"rendered":"Imprimir con impresoras de rollo"},"content":{"rendered":"<h2>Imprimir con impresoras de rollo<\/h2>\n<p>En este video puede aprender a <strong>imprimir sus etiquetas utilizando una impresora de rollo<\/strong>. Labeljoy 6 le permite imprimir en cualquier formato utilizando <strong>impresoras de tinta, l\u00e1ser<\/strong> o <strong>rollo<\/strong>. Como se muestra en el video, s\u00f3lo debe configurar el tama\u00f1o correcto y estar\u00e1 listo para imprimir sus propias etiquetas personalizadas, o sobres con\u00a0<a title=\"cargar direcciones desde Excel\" href=\"http:\/\/www.labeljoy.com\/es\/videos\/cargar-datos-desde-excel\/\">direcciones importadas desde Excel<\/a>.<\/p>\n<div class=\"lyte-wrapper\" title=\"Labeljoy 6 - C&oacute;mo imprimir con impresoras de rollo\" style=\"width:640px;max-width:100%;margin:5px;\"><div class=\"lyMe\" id=\"WYL_SPUcAXbVH-I\" itemprop=\"video\" itemscope itemtype=\"https:\/\/schema.org\/VideoObject\"><div><meta itemprop=\"thumbnailUrl\" content=\"https:\/\/www.labeljoy.com\/wp-content\/plugins\/wp-youtube-lyte\/lyteCache.php?origThumbUrl=https%3A%2F%2Fi.ytimg.com%2Fvi%2FSPUcAXbVH-I%2Fhqdefault.jpg\" \/><meta itemprop=\"embedURL\" content=\"https:\/\/www.youtube.com\/embed\/SPUcAXbVH-I\" \/><meta itemprop=\"duration\" content=\"PT2M28S\" \/><meta itemprop=\"uploadDate\" content=\"2018-03-27T22:22:05Z\" \/><\/div><div id=\"lyte_SPUcAXbVH-I\" data-src=\"https:\/\/www.labeljoy.com\/wp-content\/plugins\/wp-youtube-lyte\/lyteCache.php?origThumbUrl=https%3A%2F%2Fi.ytimg.com%2Fvi%2FSPUcAXbVH-I%2Fhqdefault.jpg\" class=\"pL\"><div class=\"tC\"><div class=\"tT\" itemprop=\"name\">Labeljoy 6 - C\u00f3mo imprimir con impresoras de rollo<\/div><\/div><div class=\"play\"><\/div><div class=\"ctrl\"><div class=\"Lctrl\"><\/div><div class=\"Rctrl\"><\/div><\/div><\/div><noscript><a href=\"https:\/\/youtu.be\/SPUcAXbVH-I\" rel=\"nofollow\"><img decoding=\"async\" src=\"https:\/\/www.labeljoy.com\/wp-content\/plugins\/wp-youtube-lyte\/lyteCache.php?origThumbUrl=https%3A%2F%2Fi.ytimg.com%2Fvi%2FSPUcAXbVH-I%2F0.jpg\" alt=\"Labeljoy 6 - C&oacute;mo imprimir con impresoras de rollo\" width=\"640\" height=\"340\" \/><br \/>Mire este video en YouTube<\/a><\/noscript><meta itemprop=\"description\" content=\"Este v\u00eddeo muestra c\u00f3mo imprimir sus etiquetas utilizando una impresora de rollo. Las impresoras de rollo consideran cada etiqueta como una sola p\u00e1gina, por lo que hay que empezar por definir la distribuci\u00f3n. Instrucciones paso a paso aqu\u00ed: https:\/\/www.labeljoy.com\/es\/soporte\/como-hacer\/imprimir-con-impresoras-rollo\/\"><\/div><\/div><div class=\"lL\" style=\"max-width:100%;width:640px;margin:5px;\"><\/div>\n<div class=\"lj-video-button hide\">\n  <a href=\"https:\/\/www.youtube.com\/embed\/SPUcAXbVH-I?rel=0&autoplay=1\" data-featherlight=\"iframe\" data-featherlight-iframe-width=\"800\" data-featherlight-iframe-height=\"610\" data-featherlight-iframe-frameborder=\"0\" data-featherlight-iframe-allow=\"autoplay; encrypted-media\" data-featherlight-iframe-allowfullscreen=\"true\" title=\"Reproducir el video tutorial\">Reproducir el video tutorial <i class=\"fa fa-play-circle fa-2x\"><\/i><\/a>\n<\/div>\n<p style=\"text-align:center\">Ver tambi\u00e9n el tutorial:<\/p>\n<ul class=\"lp-2013 clearfix\">\n<li style=\"float:none\">\n<a style=\"margin: 0 auto\" title=\"Imprimir con impresoras de rollo\" href=\"http:\/\/www.labeljoy.com\/es\/soporte\/como-hacer\/imprimir-con-impresoras-rollo\/\"> <span class=\"lp-2013-title\">Impresoras de rollo <\/span><span class=\"lp-2013-description\">&#8211; Establecer el dise\u00f1o <br \/>&#8211; Establecer m\u00e1rgenes <br \/>&#8211; Impresi\u00f3n <\/span><img decoding=\"async\" width=\"48\" height=\"48\" src=\"http:\/\/www.labeljoy.com\/images\/how-to\/icons\/roll-print.png\" alt=\"impresoras de rollo\"><\/a><\/li>\n<\/ul>\n","protected":false},"excerpt":{"rendered":"<p>Imprimir con impresoras de rollo En este video puede aprender a imprimir sus etiquetas utilizando una impresora de rollo. Labeljoy 6 le permite imprimir en cualquier formato utilizando impresoras de tinta, l\u00e1ser o rollo. Como se muestra en el video, s\u00f3lo debe configurar el tama\u00f1o correcto y estar\u00e1 listo para imprimir sus propias etiquetas personalizadas, &#8230; <a title=\"Imprimir con impresoras de rollo\" class=\"read-more\" href=\"https:\/\/www.labeljoy.com\/es\/videos\/como-imprimir-con-impresoras-de-rollo\/\" aria-label=\"Leer m\u00e1s sobre Imprimir con impresoras de rollo\">Read more<\/a><\/p>\n","protected":false},"author":12,"featured_media":0,"parent":28878,"menu_order":0,"comment_status":"open","ping_status":"closed","template":"page-template-left-sidebar.php","meta":{"inline_featured_image":false,"_monsterinsights_skip_tracking":false,"_monsterinsights_sitenote_active":false,"_monsterinsights_sitenote_note":"","_monsterinsights_sitenote_category":0,"footnotes":""},"class_list":{"0":"post-28927","1":"page","2":"type-page","3":"status-publish","5":"infinite-scroll-item"},"aioseo_notices":[],"_links":{"self":[{"href":"https:\/\/www.labeljoy.com\/es\/wp-json\/wp\/v2\/pages\/28927","targetHints":{"allow":["GET"]}}],"collection":[{"href":"https:\/\/www.labeljoy.com\/es\/wp-json\/wp\/v2\/pages"}],"about":[{"href":"https:\/\/www.labeljoy.com\/es\/wp-json\/wp\/v2\/types\/page"}],"author":[{"embeddable":true,"href":"https:\/\/www.labeljoy.com\/es\/wp-json\/wp\/v2\/users\/12"}],"replies":[{"embeddable":true,"href":"https:\/\/www.labeljoy.com\/es\/wp-json\/wp\/v2\/comments?post=28927"}],"version-history":[{"count":6,"href":"https:\/\/www.labeljoy.com\/es\/wp-json\/wp\/v2\/pages\/28927\/revisions"}],"predecessor-version":[{"id":35787,"href":"https:\/\/www.labeljoy.com\/es\/wp-json\/wp\/v2\/pages\/28927\/revisions\/35787"}],"up":[{"embeddable":true,"href":"https:\/\/www.labeljoy.com\/es\/wp-json\/wp\/v2\/pages\/28878"}],"wp:attachment":[{"href":"https:\/\/www.labeljoy.com\/es\/wp-json\/wp\/v2\/media?parent=28927"}],"curies":[{"name":"wp","href":"https:\/\/api.w.org\/{rel}","templated":true}]}}