{"id":2896,"date":"2012-07-05T15:27:38","date_gmt":"2012-07-05T15:27:38","guid":{"rendered":"http:\/\/www.labeljoy.com\/templates\/free-label-templates\/"},"modified":"2020-12-15T13:54:12","modified_gmt":"2020-12-15T13:54:12","slug":"plantillas-etiquetas-gratis","status":"publish","type":"page","link":"https:\/\/www.labeljoy.com\/es\/plantillas\/plantillas-etiquetas-gratis\/","title":{"rendered":"Plantillas de Etiquetas gratis"},"content":{"rendered":"<h1>Descarga de Plantillas de Etiquetas Gratis<\/h1>\n<h2>Labeljoy ofrece una colecci\u00f3n completa de plantillas de etiquetas divididas por categor\u00edas<\/h2>\n<p>Puede <strong>descargar, personalizar e imprimir todas estas plantillas de etiquetas gratis<\/strong>. Nuestra colecci\u00f3n incluye plantillas para <a title=\"Etiquetas de Correo\" href=\"http:\/\/www.labeljoy.com\/es\/plantillas\/etiquetas-correo\/\">industrias del env\u00edo<\/a>,\u00a0<a title=\"tarjetas de visita - plantillas\" href=\"http:\/\/www.labeljoy.com\/es\/plantillas\/tarjeta-de-visita\/\">oficina<\/a>, <a title=\"Etiqueta de productos\" href=\"http:\/\/www.labeljoy.com\/es\/plantillas\/etiqueta-productos\/\">manufactura<\/a>\u00a0y <a title=\"Etiqueta regalo\" href=\"http:\/\/www.labeljoy.com\/es\/plantillas\/etiqueta-regalo\/\">celebraciones<\/a>.<\/p>\n<p>Puede personalizar cualquier etiqueta! Una vez descargada la <strong>plantilla <\/strong>gratis puede:<\/p>\n<p>&nbsp;<\/p>\n<div class=\"one_half\">\n<div class=\"tt-notification tip \">\n<p style=\"font-size: 12px\">Cambiar el Layout de p\u00e1gina<\/p>\n<\/div>\n<div class=\"tt-notification tip \">\n<p style=\"font-size: 12px\">Editar y agregar texto<\/p>\n<\/div>\n<div class=\"tt-notification tip \">\n<p style=\"font-size: 12px\">Insertar nuevas im\u00e1genes<\/p>\n<\/div>\n<div class=\"tt-notification tip \">\n<p style=\"font-size: 12px\">Ingresar c\u00f3digos de barras y c\u00f3digos QR<\/p>\n<\/div>\n<\/div>\n<div class=\"one_half\">\n<div class=\"one_half\"><\/div>\n<div class=\"tt-notification tip \">\n<p style=\"font-size: 12px\">Insertar informaci\u00f3n desde bases de datos externas<\/p>\n<\/div>\n<div class=\"tt-notification tip \">\n<p style=\"font-size: 12px\">Usar 1.500 cliparts precargados<\/p>\n<\/div>\n<div class=\"tt-notification tip\">\n<p style=\"font-size: 12px\">Exportar a formatos pdf y jpg<\/p>\n<\/div>\n<div class=\"tt-notification tip\">\n<p style=\"font-size: 12px\">Actualizar din\u00e1micamente<\/p>\n<\/div>\n<p>&nbsp;<\/p>\n<\/div>\n<p>Se pueden imprimir estas plantillas \u00a0con cualquiera impresora est\u00e1ndar, l\u00e1ser, o con impresora <a title=\"impresora rollo\" href=\"http:\/\/www.labeljoy.com\/es\/videos\/imprimir-con-impresora-rollo\/\">rollo<\/a>.<\/p>\n<p>&nbsp;<\/p>\n<div class=\"one_half\">\n<p style=\"text-align: center\"><a href=\"\/es\/download-es\/\" class=\"large green tt-button\" target=\"_self\"> \u00a0 \u00a0 \u00a0\u00a0Prueba Labeljoy Ahora \u00a0 \u00a0 \u00a0 <\/a>\n<\/div>\n<div class=\"one_half\">\n<p style=\"text-align: center\"><a href=\"\/es\/caracteristicas\/\" class=\"large grey tt-button\" target=\"_self\"> \u00a0 \u00a0 Observe todas las caracter\u00edsticas\u00a0 \u00a0 \u00a0<\/a>\n<\/div>\n<p>&nbsp;<\/p>\n","protected":false},"excerpt":{"rendered":"<p>Descarga de Plantillas de Etiquetas Gratis Labeljoy ofrece una colecci\u00f3n completa de plantillas de etiquetas divididas por categor\u00edas Puede descargar, personalizar e imprimir todas estas plantillas de etiquetas gratis. Nuestra colecci\u00f3n incluye plantillas para industrias del env\u00edo,\u00a0oficina, manufactura\u00a0y celebraciones. Puede personalizar cualquier etiqueta! Una vez descargada la plantilla gratis puede: &nbsp; Se pueden imprimir estas &#8230; <a title=\"Plantillas de Etiquetas gratis\" class=\"read-more\" href=\"https:\/\/www.labeljoy.com\/es\/plantillas\/plantillas-etiquetas-gratis\/\" aria-label=\"Leer m\u00e1s sobre Plantillas de Etiquetas gratis\">Read more<\/a><\/p>\n","protected":false},"author":1,"featured_media":0,"parent":2789,"menu_order":0,"comment_status":"open","ping_status":"closed","template":"page-template-left-sidebar.php","meta":{"inline_featured_image":false,"_monsterinsights_skip_tracking":false,"_monsterinsights_sitenote_active":false,"_monsterinsights_sitenote_note":"","_monsterinsights_sitenote_category":0,"footnotes":""},"class_list":{"0":"post-2896","1":"page","2":"type-page","3":"status-publish","5":"infinite-scroll-item"},"aioseo_notices":[],"_links":{"self":[{"href":"https:\/\/www.labeljoy.com\/es\/wp-json\/wp\/v2\/pages\/2896","targetHints":{"allow":["GET"]}}],"collection":[{"href":"https:\/\/www.labeljoy.com\/es\/wp-json\/wp\/v2\/pages"}],"about":[{"href":"https:\/\/www.labeljoy.com\/es\/wp-json\/wp\/v2\/types\/page"}],"author":[{"embeddable":true,"href":"https:\/\/www.labeljoy.com\/es\/wp-json\/wp\/v2\/users\/1"}],"replies":[{"embeddable":true,"href":"https:\/\/www.labeljoy.com\/es\/wp-json\/wp\/v2\/comments?post=2896"}],"version-history":[{"count":15,"href":"https:\/\/www.labeljoy.com\/es\/wp-json\/wp\/v2\/pages\/2896\/revisions"}],"predecessor-version":[{"id":14700,"href":"https:\/\/www.labeljoy.com\/es\/wp-json\/wp\/v2\/pages\/2896\/revisions\/14700"}],"up":[{"embeddable":true,"href":"https:\/\/www.labeljoy.com\/es\/wp-json\/wp\/v2\/pages\/2789"}],"wp:attachment":[{"href":"https:\/\/www.labeljoy.com\/es\/wp-json\/wp\/v2\/media?parent=2896"}],"curies":[{"name":"wp","href":"https:\/\/api.w.org\/{rel}","templated":true}]}}