{"id":28976,"date":"2018-03-30T12:16:12","date_gmt":"2018-03-30T12:16:12","guid":{"rendered":"http:\/\/www.labeljoy.com\/es\/?page_id=28976"},"modified":"2018-03-30T12:53:11","modified_gmt":"2018-03-30T12:53:11","slug":"labeljoy-6-new-features","status":"publish","type":"page","link":"https:\/\/www.labeljoy.com\/es\/labeljoy-6-new-features\/","title":{"rendered":"Labeljoy 6 new features"},"content":{"rendered":"<div class=\"lj6-new-features\">\n<p style=\"text-align: center;\"><a href=\"\/es\/download-es\/\" class=\"jumbo lime-green tt-button\" target=\"_self\"> Descargue la versi\u00f3n Demo de Labeljoy <\/a>\u00a0<a href=\"\/es\/comprar\/\" class=\"jumbo orange tt-button\" target=\"_self\"> Seleccione su versi\u00f3n <\/a>\n<div class=\"hr hr-solid\">&nbsp;<\/div>\n<div class=\"one_half\"><div class=\"img-frame full-half\"><img decoding=\"async\" src=\"https:\/\/www.labeljoy.com\/wp-content\/uploads\/2018\/03\/1.png\" alt=\"\" width=\"445\" height=\"273\"\/><\/div><\/div>\n<div class=\"one_half\">\n<h2>Contenidos multi formato<\/h2>\n<p>Gracias al nuevo y poderoso editor de contenidos puede <strong>personalizar cada elemento<\/strong> con <strong>formatos m\u00faltiples<\/strong>. Seleccione diferentes tipos de fuentes, tama\u00f1os, colores y atributos en el mismo texto.<\/p>\n<h3>Creatividad y dise\u00f1o sin l\u00edmites<\/h3>\n<\/div>\n<div class=\"hr hr-solid\">&nbsp;<\/div>\n<div class=\"one_half\">\n<h2>Gesti\u00f3n interactiva de campos<\/h2>\n<p>Cree y complete su etiqueta con pocos clics gracias a la <strong>interfaz completamente din\u00e1mica<\/strong> para campos personalizados. Seleccione informaci\u00f3n de su base de datos y <strong>reemplace donde prefiera<\/strong> en su etiqueta. Podr\u00e1 trabajar con velocidad y precisi\u00f3n.<\/p>\n<h3>Edici\u00f3n R\u00e1pida y Certera<\/h3>\n<\/div>\n<div class=\"one_half\"><div class=\"img-frame full-half\"><img decoding=\"async\" src=\"https:\/\/www.labeljoy.com\/wp-content\/uploads\/2018\/03\/2.png\" alt=\"\" width=\"445\" height=\"273\"\/><\/div><\/div>\n<div class=\"hr hr-solid\">&nbsp;<\/div>\n<div class=\"one_half\"><div class=\"img-frame full-half\"><img decoding=\"async\" src=\"https:\/\/www.labeljoy.com\/wp-content\/uploads\/2018\/03\/3.png\" alt=\"\" width=\"445\" height=\"273\"\/><\/div><\/div>\n<div class=\"one_half\">\n<h2>Nueva interfaz intuitiva<\/h2>\n<p>La <strong>nueva interfaz de Labeljoy 6<\/strong> es el resultado de todos los comentarios obtenidos a lo largo de los a\u00f1os. Realizados por todos, incluyendo los menos expertos en tableros digitales, es <strong>simple e intuitiva<\/strong> y permite personalizar sus etiquetas en <strong>pocos clics<\/strong>.<\/p>\n<h3>Interfaz din\u00e1mica e interactiva<\/h3>\n<\/div>\n<div class=\"hr hr-solid\">&nbsp;<\/div>\n<div class=\"one_half\">\n<h2>Filtro de base de datos pr\u00e1ctico<\/h2>\n<p>La <strong>nueva herramienta de filtro<\/strong> permite <strong>segmentar su base de datos en segundos<\/strong>, seleccionando s\u00f3lo la informaci\u00f3n \u00fatil para sus conjuntos de etiquetas. <strong>Genere sus filtros<\/strong> y el panel mostrar\u00e1 los contactos que corresponden al rango de variables seleccionadas.<\/p>\n<h3>Nuevas herramientas de segmentado de base de datos<\/h3>\n<\/div>\n<div class=\"one_half\"><div class=\"img-frame full-half\"><img decoding=\"async\" src=\"https:\/\/www.labeljoy.com\/wp-content\/uploads\/2018\/03\/4.png\" alt=\"\" width=\"445\" height=\"273\"\/><\/div><\/div>\n<div class=\"hr hr-solid\">&nbsp;<\/div>\n<div class=\"one_half\"><div class=\"img-frame full-half\"><img decoding=\"async\" src=\"https:\/\/www.labeljoy.com\/wp-content\/uploads\/2018\/03\/5.png\" alt=\"\" width=\"445\" height=\"273\"\/><\/div><\/div>\n<div class=\"one_half\">\n<h2>Exportar a PDF<\/h2>\n<p>Imprima m\u00e1s r\u00e1pido que nunca! La nueva herramienta de exportaci\u00f3n para sus p\u00e1ginas, etiquetas y c\u00f3digos de barras, garantiza una impresi\u00f3n perfecta. Adem\u00e1s, obtendr\u00e1 <strong>archivos con formato light<\/strong> que puede gestionar o posiblemente enviar.<\/p>\n<h3>Trabaje r\u00e1pido gracias a archivos light.<\/h3>\n<\/div>\n<div class=\"hr hr-solid\">&nbsp;<\/div>\n<div class=\"one_half\">\n<h2>Nuevos C\u00f3digos de Barras<\/h2>\n<p>La <strong>lista de c\u00f3digos de barras<\/strong> de Labeljoy <strong>contin\u00faa creciendo<\/strong>! Las nuevas incluyen c\u00f3digo <strong>MSI Plessey<\/strong>, utilizado principalmente en bibliotecas y etiquetado de estantes, y el <strong>c\u00f3digo Aztec<\/strong>, utilizado para etiquetas de peque\u00f1o tama\u00f1o, perfectas para peque\u00f1os paquetes<\/p>\n<h3>C\u00f3digos de barras para todas las necesidades<\/h3>\n<\/div>\n<div class=\"one_half\"><div class=\"img-frame full-half\"><img decoding=\"async\" src=\"https:\/\/www.labeljoy.com\/wp-content\/uploads\/2018\/03\/6.png\" alt=\"\" width=\"445\" height=\"273\"\/><\/div><\/div>\n<div class=\"hr hr-solid\">&nbsp;<\/div>\n<p style=\"text-align: center;\"><a href=\"\/es\/comprar\/\" class=\"jumbo orange tt-button\" target=\"_self\"> Seleccione su versi\u00f3n <\/a>\n<\/div>\n","protected":false},"excerpt":{"rendered":"<p>\u00a0<\/p>\n","protected":false},"author":2,"featured_media":0,"parent":0,"menu_order":2,"comment_status":"open","ping_status":"closed","template":"","meta":{"inline_featured_image":false,"_monsterinsights_skip_tracking":false,"_monsterinsights_sitenote_active":false,"_monsterinsights_sitenote_note":"","_monsterinsights_sitenote_category":0,"footnotes":""},"class_list":{"0":"post-28976","1":"page","2":"type-page","3":"status-publish","5":"infinite-scroll-item"},"aioseo_notices":[],"_links":{"self":[{"href":"https:\/\/www.labeljoy.com\/es\/wp-json\/wp\/v2\/pages\/28976","targetHints":{"allow":["GET"]}}],"collection":[{"href":"https:\/\/www.labeljoy.com\/es\/wp-json\/wp\/v2\/pages"}],"about":[{"href":"https:\/\/www.labeljoy.com\/es\/wp-json\/wp\/v2\/types\/page"}],"author":[{"embeddable":true,"href":"https:\/\/www.labeljoy.com\/es\/wp-json\/wp\/v2\/users\/2"}],"replies":[{"embeddable":true,"href":"https:\/\/www.labeljoy.com\/es\/wp-json\/wp\/v2\/comments?post=28976"}],"version-history":[{"count":5,"href":"https:\/\/www.labeljoy.com\/es\/wp-json\/wp\/v2\/pages\/28976\/revisions"}],"predecessor-version":[{"id":28981,"href":"https:\/\/www.labeljoy.com\/es\/wp-json\/wp\/v2\/pages\/28976\/revisions\/28981"}],"wp:attachment":[{"href":"https:\/\/www.labeljoy.com\/es\/wp-json\/wp\/v2\/media?parent=28976"}],"curies":[{"name":"wp","href":"https:\/\/api.w.org\/{rel}","templated":true}]}}