{"id":2955,"date":"2012-07-13T13:49:59","date_gmt":"2012-07-13T13:49:59","guid":{"rendered":"http:\/\/www.labeljoy.com\/download-2\/"},"modified":"2020-12-18T16:05:10","modified_gmt":"2020-12-18T16:05:10","slug":"download-es","status":"publish","type":"page","link":"https:\/\/www.labeljoy.com\/es\/download-es\/","title":{"rendered":"Download Labeljoy ES"},"content":{"rendered":"\n  <script type=\"text\/javascript\">\n  function validateEmail($email) {\n    var emailReg = \/^(([^<>()[\\]\\.,;:\\s@\"]+(\\.[^<>()[\\]\\.,;:\\s@\"]+)*)|(\".+\"))@((\\[[0-9]{1,3}\\.[0-9]{1,3}\\.[0-9]{1,3}\\.[0-9]{1,3}\\])|(([a-zA-Z\\-0-9]+\\.)+[a-zA-Z]{2,}))$\/;\n    return emailReg.test( $email );\n  }\n  function validateForm(emailad){\n    jQuery(\"#errEmail\").hide();\n    jQuery(\"#errCheck\").hide();\n    if (emailad != \"\") {\n      if (!validateEmail(emailad)) {\n        jQuery(\"#errEmail\").show();\n        jQuery(\"#errCheck\").hide();\n        jQuery(\"#errDb\").hide();\n        return false;\n      } else {\n\t\t  if((!jQuery(\"#privacy\").is(\":checked\")) \/*|| (!jQuery(\"#news\").is(\":checked\"))*\/) {\n\t\t\tjQuery(\"#errCheck\").show();\n\t\t\tjQuery(\"#errEmail\").hide();\n\t\t\tjQuery(\"#errDb\").hide();\n\t\t\treturn false;\n\t\t  }\n\t\t}\n\t  }\n\t  return true;\n\t}\n\njQuery(document).ready(function(){\n\n\tif(jQuery(\"#downloadform\").length > 0){\n\t\t\n\t\t_paq.push(['setCustomUrl', 'https:\/\/www.labeljoy.com\/download-lj6\/']);\n\t\t_paq.push(['trackPageView']);\n\t\t_paq.push(['trackEvent', 'Download', 'Download Lj6', 'Download Lj6 form es']);\n\t\twindow.uetq = window.uetq || [];\n\t\twindow.uetq.push({\n\t\t\t'ec': 'Download', \/\/ Event category (required, e.g., \"PageView\")\n\t\t\t'ea': 'Page view', \/\/ Event action (required, e.g., \"CustomPageView\")\n\t\t\t'el': 'Download Lj6 form es', \/\/ Event label (optional, e.g., \"Landing Page\")\n\t\t\t'ev': 0 \/\/ Event value (optional)\n\t\t});\n\t\tconsole.log(\"Lj 6 form loaded\");\n\t\n\n  \t\tjQuery(\"#downloadform\").submit(function (e) {\n    e.preventDefault();\n    var emailad = jQuery.trim(jQuery(\"#email\").val());\n    if(validateForm(emailad) == true){\n      \/\/start download\n      \n      jQuery.post( \"\/utils\/download\/save-user-email-download-lj6.php\", jQuery(\"#downloadform\").serialize(),\n\t\t  function(data) {\n\t\t\tif(data == 1){\n\t\t\t  \/\/ga(\"send\", \"pageview\", \"\/true-download\");\n\t\t\t  jQuery(\"#downloadOk\").show();\n\t\t\t  jQuery(\"#preDownload\").hide();\n\t\t\t  jQuery(\"#errDb\").hide();\n\t\t\t  _paq.push(['setCustomUrl', 'https:\/\/www.labeljoy.com\/real-download-lj6\/']);\n\t\t\t  _paq.push(['trackPageView']);\n\t\t\t  _paq.push(['trackEvent', 'Download', 'Download Lj6', 'Download Lj6 started es']);\n\t\t\t  gtag('event', 'Download', {\n                  'app_name': 'Download Lj6',\n                  'app_lang': 'Download Lj6 started es'\n              });\n              gtag('event', 'page_view', {\n                   page_title: 'Real download Lj6',\n                   page_location: 'https:\/\/www.labeljoy.com\/real-download-lj6\/'\n              });\n\t\t\t  window.uetq = window.uetq || [];\n\t\t\t  window.uetq.push({\n\t\t\t\t  'ec': 'Download', \/\/ Event category (required, e.g., \"PageView\")\n\t\t\t\t  'ea': 'Submit', \/\/ Event action (required, e.g., \"CustomPageView\")\n\t\t\t\t  'el': 'Download Lj6 started es', \/\/ Event label (optional, e.g., \"Landing Page\")\n\t\t\t\t  'ev': 0 \/\/ Event value (optional)\n\t\t\t  });\n\t\t\t  goog_report_conversion (\"https:\/\/www.labeljoy.com\/es\/wp-json\/wp\/v2\/pages\/2955\");\n\t\t\t  console.log(\"Lj 6 download started\");\n\t\t\t  window.location = \"https:\/\/www.labeljoy.com\/downloads\/lj6\/Labeljoy6Setup.exe\";\n\t\t\t}\n\t\t\telse if (data == 4) {\n\t\t\t  jQuery(\"#downloadOk\").show();\n\t\t\t  jQuery(\"#preDownload\").hide();\n\t\t\t}\n\t\t\telse {\n\t\t\t  jQuery(\"#errDb\").show();\n\t\t\t}\n\t\t  },\n\t\t  \"text\"\n\t\t);\n\t  }\n\t});\n\t\n\t}else if(jQuery(\"#downloadformReader\").length > 0){\n\t\t_paq.push(['setCustomUrl', 'https:\/\/www.labeljoy.com\/download-ljR\/']);\n\t\t_paq.push(['trackPageView']);\n\t\t_paq.push(['trackEvent', 'Download', 'Download LjR', 'Download LjR form es']);\n\t\tconsole.log(\"Lj Reader form loaded\");\n\t\n\n\tjQuery(\"#downloadformReader\").submit(function (e) {\n\t  e.preventDefault();\n\t  var emailad = jQuery.trim(jQuery(\"#email\").val());\n\t  if(validateForm(emailad) == true){\n\t\t\/\/start download\n\t\tjQuery.post( \"\/utils\/download\/save-user-email-download-ljreader.php\", jQuery(\"#downloadformReader\").serialize(),\n\t\t\tfunction(data) {\n\t\t\t\tconsole.log(\"data: \" + data);\n\t\t\t  if(data == 1){\n\t\t\t\t\/\/ga(\"send\", \"pageview\", \"\/true-download\");\n\t\t\t\tjQuery(\"#downloadOk\").show();\n\t\t\t\tjQuery(\"#preDownload\").hide();\n\t\t\t\tjQuery(\"#errDb\").hide();\n\t\t\t\t_paq.push(['setCustomUrl', 'https:\/\/www.labeljoy.com\/real-download-ljR\/']);\n\t\t\t\t_paq.push(['trackPageView']);\n\t\t\t\t_paq.push(['trackEvent', 'Download', 'Download LjR', 'Download LjR started es']);\n\t\t\t\tgtag('event', 'Download', {\n                  'app_name': 'Download LjR',\n                  'app_lang': 'Download LjR started es'\n                });\n                gtag('event', 'page_view', {\n                    page_title: 'Real download LjR',\n                    page_location: 'https:\/\/www.labeljoy.com\/real-download-ljR\/'\n               });\n\t\t\t\tconsole.log(\"Lj Reader download started\");\n\t\t\t\twindow.location = \"https:\/\/www.labeljoy.com\/downloads\/lj6_reader\/LabeljoyReaderSetup.exe\";\n\t\t\t  }\n\t\t\t  else if (data == 4) {\n\t\t\t\tjQuery(\"#downloadOk\").show();\n\t\t\t\tjQuery(\"#preDownload\").hide();\n\t\t\t  }\n\t\t\t  else {\n\t\t\t\tjQuery(\"#errDb\").show();\n\t\t\t  }\n\t\t\t},\n\t\t\t\"text\"\n\t\t  );\n\t\t}\n\t});\n\t\n\t}\n\n});\n<\/script>\n<style type=\"text\/css\">\n<!--\n#name {\n  display: none;\n}\n.errore {\n  color: #FF0000;\n  background-color: #fff;\n  padding: 10px;\n  width: 380px;\n  display: none;\n  margin: auto;\n  border: 2px solid #FF0000;\n  margin-bottom: 3px;\n}\n.link {\n  margin-top: 40px;\n}\n.link a {\n  color: #FFFFFF;\n  background-color: #ccc;\n  border-radius: 5px;\n  text-align: center;\n  border: none;\n  padding: 10px 25px;\n  font-size: 15px;\n  cursor: pointer;\n  text-decoration: none;\n}\n.link a:hover {\n  background-color: #999;\n  text-decoration: underline;\n}\n-->\n<\/style>\n\r\n\r\n\r\n<div id=\"preDownload\" style=\"text-align: center;\">\r\n\t<h1>Descargar LabelJoy<\/h1>\r\n\t<p id=\"errEmail\" class=\"errore\">Por favor, introduce una direcci\u00f3n de correo electr\u00f3nico v\u00e1lida<\/p>\r\n\t<p id=\"errCheck\" class=\"errore\">Por favor, acepta la pol\u00edtica de privacidad y la suscripci\u00f3n a la newsletter<\/p>\r\n\t<p id=\"errDb\" class=\"errore\">Error de sistema. Por favor, int\u00e9ntalo de nuevo<\/p>\r\n\t<form action=\"\" method=\"post\" id=\"downloadform\">\r\n\t\t<input type=\"hidden\" name=\"lang\" value=\"es\"><input type=\"hidden\" name=\"software\" value=\"LabelJoy\"><input type=\"hidden\" name=\"clk\" value=\"K2o4WkVhdGNFV0d1a0RkdEtwNGhQZz09\"><input name=\"name\" id=\"name\"><input type=\"hidden\" name=\"release\" value=\"5\">\r\n\t\t<p><input placeholder=\"Direcci\u00f3n de email\" type=\"text\" name=\"email\" id=\"email\" class=\"downloadEmail\"><\/p>\r\n\t\t<p><span style=\"display: inline-block;\"><input type=\"checkbox\" name=\"privacy\" id=\"privacy\" value=\"privacy\" \/> Acepto la <a href=\"http:\/\/www.labeljoy.com\/privacy\/\" target=\"_blank\" rel=\"noopener noreferrer\">pol\u00edtica de privacidad<\/a><\/span> \u00a0 <span style=\"display: inline-block;\"><input type=\"checkbox\" name=\"news\" id=\"news\" value=\"news\" \/> Suscripci\u00f3n Newsletter<\/span><\/p>\r\n\t\t<p style=\"margin-top: 35px;\"><input type=\"submit\" value=\"Descarga ahora Labeljoy\" class=\"buttondownload\" onclick=\"ga('send', 'event', 'button', 'click', 'download');\" \/><\/p>\r\n\t<\/form>\r\n\t<div class=\"release\">\r\n\t    Ultima versi\u00f3n:  6.26.03.06 | Tama\u00f1o: 96.2 MB <br \/>\r\n            Fecha de lanzamiento: 06\/03\/2026 <br \/>\r\n\t    <a href=\"\/license-agreement\/\" target=\"_blank\" rel=\"noopener noreferrer\">Acuerdo de licencia<\/a> | \r\n        <a href=\"\/es\/como-desinstalar-labeljoy\/\" target=\"_blank\" rel=\"noopener noreferrer\">C\u00f3mo desinstalar<\/a>\r\n\t<\/div>\r\n\t<div style=\"text-align: center;\">\r\n        <span>Requisitos del sistema<\/span><br\/>\r\n\t\t<span style=\"font-size: 11px; font-style: italic; color:#999999;\">Windows 8\/10\/11 - Windows Server 2016\/2019\/2022<br\/>\r\n        1 GB de RAM (> 1 GB recomendado)<br\/>\r\n\t\t1 GB de espacio disponible en el disco duro<\/span>\r\n\t<\/div>\r\n<\/div>\r\n<div id=\"downloadOk\" style=\"display: none; text-align: center;\">\r\n\t<p>\u00a0<\/p>\r\n\t<h1>Gracias por descargar LabelJoy gratis<\/h1>\r\n<span>Si la descarga no se inicia autom\u00e1ticamente, haga clic en <a href=\"https:\/\/www.labeljoy.com\/downloads\/lj6\/Labeljoy6Setup.exe\">aqu\u00ed<\/a><\/span><br\/>\r\n<\/div>\r\n\r\n\n    <!-- Google Code for LABELJOY-DOWNLOAD Conversion Page -->\n\n    <!-- Google Code for Add to Cart Conversion Page\n\tIn your html page, add the snippet and call goog_report_conversion\n\twhen someone clicks on the chosen link or button. -->\n\t<script type=\"text\/javascript\">\n\t \/* <![CDATA[ *\/\n\tgoog_snippet_vars = function() {\n\t  var w = window;\n      \n      \/*\n      w.google_conversion_id = 12345678;\n\t  w.google_conversion_label = \"abcDeFGHIJklmN0PQ\";\n\t  w.google_conversion_value = 13.00;\n\t  w.google_conversion_currency = \"USD\";\n\t  w.google_remarketing_only = false;\n\t  *\/\n      \n      w.google_conversion_id = 1068665154;\n      w.google_conversion_language = \"es\";\n      w.google_conversion_format = \"2\";\n      w.google_conversion_color = \"ffffff\";\n      w.google_conversion_label = \"chypCJaovAIQwpLK_QM\";\n      w.google_conversion_value = 0;\n      \n\t}\n\t\/\/ DO NOT CHANGE THE CODE BELOW.\n\tgoog_report_conversion = function(url) {\n\t  goog_snippet_vars();\n\t  window.google_conversion_format = \"3\";\n\t  var opt = new Object();\n\t  opt.onload_callback = function() {\n\t  if (typeof(url) != \"undefined\") {\n\t    window.location = url;\n\t  }\n\t}\n\tvar conv_handler = window[\"google_trackConversion\"];\n\tif (typeof(conv_handler) == \"function\") {\n\t  conv_handler(opt);\n\t  }\n    }\n\t\/* ]]> *\/\n\t<\/script>\n\t<script type=\"text\/javascript\"\n\tsrc=\"\/\/www.googleadservices.com\/pagead\/conversion_async.js\">\n\t<\/script>\n\n    <!--\n    <script type=\"text\/javascript\" defer>\n    var google_conversion_id = 1068665154;\n    var google_conversion_language = \"es\";\n    var google_conversion_format = \"2\";\n    var google_conversion_color = \"ffffff\";\n    var google_conversion_label = \"chypCJaovAIQwpLK_QM\";\n    var google_conversion_value = 0;\n    <\/script>\n    <script type=\"text\/javascript\" src=\"http:\/\/www.googleadservices.com\/pagead\/conversion.js\" defer><\/script>\n    <noscript>\n    <div style=\"display:inline;\"> <img decoding=\"async\" height=\"1\" width=\"1\" style=\"border-style:none;\" alt=\"\" src=\"http:\/\/www.googleadservices.com\/pagead\/conversion\/1068665154\/?label=chypCJaovAIQwpLK_QM&amp;guid=ON&amp;script=0\"\/><\/div>\n    <\/noscript>\n    -->\n    \r\n","protected":false},"excerpt":{"rendered":"","protected":false},"author":1,"featured_media":0,"parent":0,"menu_order":28,"comment_status":"open","ping_status":"closed","template":"","meta":{"inline_featured_image":false,"_monsterinsights_skip_tracking":false,"_monsterinsights_sitenote_active":false,"_monsterinsights_sitenote_note":"","_monsterinsights_sitenote_category":0,"footnotes":""},"class_list":{"0":"post-2955","1":"page","2":"type-page","3":"status-publish","5":"infinite-scroll-item"},"aioseo_notices":[],"_links":{"self":[{"href":"https:\/\/www.labeljoy.com\/es\/wp-json\/wp\/v2\/pages\/2955","targetHints":{"allow":["GET"]}}],"collection":[{"href":"https:\/\/www.labeljoy.com\/es\/wp-json\/wp\/v2\/pages"}],"about":[{"href":"https:\/\/www.labeljoy.com\/es\/wp-json\/wp\/v2\/types\/page"}],"author":[{"embeddable":true,"href":"https:\/\/www.labeljoy.com\/es\/wp-json\/wp\/v2\/users\/1"}],"replies":[{"embeddable":true,"href":"https:\/\/www.labeljoy.com\/es\/wp-json\/wp\/v2\/comments?post=2955"}],"version-history":[{"count":61,"href":"https:\/\/www.labeljoy.com\/es\/wp-json\/wp\/v2\/pages\/2955\/revisions"}],"predecessor-version":[{"id":34904,"href":"https:\/\/www.labeljoy.com\/es\/wp-json\/wp\/v2\/pages\/2955\/revisions\/34904"}],"wp:attachment":[{"href":"https:\/\/www.labeljoy.com\/es\/wp-json\/wp\/v2\/media?parent=2955"}],"curies":[{"name":"wp","href":"https:\/\/api.w.org\/{rel}","templated":true}]}}