{"id":29870,"date":"2018-06-16T09:18:17","date_gmt":"2018-06-16T09:18:17","guid":{"rendered":"https:\/\/www.labeljoy.com\/es\/?page_id=29870"},"modified":"2019-05-02T13:13:21","modified_gmt":"2019-05-02T13:13:21","slug":"configuracion-de-posicion-de-inicio-de-impresion","status":"publish","type":"page","link":"https:\/\/www.labeljoy.com\/es\/ayuda-lj6\/configuracion-de-posicion-de-inicio-de-impresion\/","title":{"rendered":"Configuraci\u00f3n de posici\u00f3n de inicio de impresi\u00f3n"},"content":{"rendered":"<div id=\"help-guide\"><!-- lj6_2380.htm -->\n<!--<link href=\"styles.css\" rel=\"stylesheet\" type=\"text\/css\" \/>-->\n<p class=\"title\">configuraci&oacute;n de posici&oacute;n de inicio de impresi&oacute;n<\/p>\n<p class=\"body\">Labeljoy permite imprimir etiquetas en <strong>hojas parcialmente utilizadas<\/strong>. Al finalizar un trabajo de impresi&oacute;n, la <strong>&uacute;ltima hoja de etiquetas<\/strong> generalmente se encuentra utilizada parcialmente. <strong>Para evitar desperdiciar etiquetas<\/strong>, Labeljoy puede iniciar nuevos trabajos de impresi&oacute;n utilizando p&aacute;ginas de etiquetas parcialmente usadas<strong> como primera p&aacute;gina<\/strong>.<\/p>\n<table width=\"100%\">\n<tr valign=\"top\">\n<td>\n<p class=\"body\"><img decoding=\"async\" src=\"\/user-guide-lj6-files\/es\/2380_001.png\" align=\"left\" style=\"margin: 0px 24px 4px 0px\">Puede definir la <strong>posici&oacute;n inicial del trabajo de impresi&oacute;n<\/strong> ingresando al modo <em>Definir posici&oacute;n de inicio<\/em> usando el bot&oacute;n dedicado de la pesta&ntilde;a <a href=\"https:\/\/www.labeljoy.com\/es\/help-lj6\/tab-file\/\">Archivo<\/a>&nbsp;de la barra de herramientas.<\/p>\n <\/td>\n<\/tr>\n<tr valign=\"top\">\n<td>\n<p class=\"body\"><img decoding=\"async\" src=\"\/user-guide-lj6-files\/es\/2380_002.png\" align=\"left\" style=\"margin: 0px 24px 4px 0px\">O puede ingresar a la pesta&ntilde;a de <a href=\"\/help-lj6\/print-options\/\">Imprimir<\/a> de la caja de di&aacute;logo de <a href=\"https:\/\/www.labeljoy.com\/es\/help-lj6\/options\/\">Opci&oacute;n<\/a>.<\/p>\n<p class=\"body\">Use <em>Actualizar posici&oacute;n de inicio de fila y columna despu&eacute;s de imprimir<\/em> para cambiar la posici&oacute;n autom&aacute;ticamente despu&eacute;s de cada trabajo de impresi&oacute;n, de esta forma el siguiente trabajo de impresi&oacute;n <strong>iniciar&aacute; exactamente en la primera posici&oacute;n disponible en la &uacute;ltima p&aacute;gina impresa<\/strong>.<\/p><\/td>\n<\/tr>\n<\/table>\n<span class=\"body\">En forma alternativa, puede <strong>usar el mouse para establecer la posici&oacute;n de inicio de impresi&oacute;n r&aacute;pidamente.<\/strong>.<br>\nTambi&eacute;n puede lograrlo siguiendo estos pasos: \n\nEstablezca el zoom a p&aacute;gina completa para un uso m&aacute;s f&aacute;cil.\n\nPresione y mantenga las teclas SHIFT, CTRL y ALT.\n\nPresione el bot&oacute;n izquierdo del mouse en la posici&oacute;n de la etiqueta en que desea que inicie el trabajo de impresi&oacute;n. \nEn este punto, si lo necesita puede definir una posici&oacute;n distinta a fila 1 &ndash; columna 1, Labeljoy vaciar&aacute; las posiciones precedentes a la presionada, desplazando todas las posiciones de etiquetas hacia el final.<\/span> \n<\/div>\n","protected":false},"excerpt":{"rendered":"","protected":false},"author":12,"featured_media":0,"parent":28778,"menu_order":0,"comment_status":"open","ping_status":"closed","template":"page-template-left-sidebar.php","meta":{"inline_featured_image":false,"_monsterinsights_skip_tracking":false,"_monsterinsights_sitenote_active":false,"_monsterinsights_sitenote_note":"","_monsterinsights_sitenote_category":0,"footnotes":""},"class_list":{"0":"post-29870","1":"page","2":"type-page","3":"status-publish","5":"infinite-scroll-item"},"aioseo_notices":[],"_links":{"self":[{"href":"https:\/\/www.labeljoy.com\/es\/wp-json\/wp\/v2\/pages\/29870","targetHints":{"allow":["GET"]}}],"collection":[{"href":"https:\/\/www.labeljoy.com\/es\/wp-json\/wp\/v2\/pages"}],"about":[{"href":"https:\/\/www.labeljoy.com\/es\/wp-json\/wp\/v2\/types\/page"}],"author":[{"embeddable":true,"href":"https:\/\/www.labeljoy.com\/es\/wp-json\/wp\/v2\/users\/12"}],"replies":[{"embeddable":true,"href":"https:\/\/www.labeljoy.com\/es\/wp-json\/wp\/v2\/comments?post=29870"}],"version-history":[{"count":3,"href":"https:\/\/www.labeljoy.com\/es\/wp-json\/wp\/v2\/pages\/29870\/revisions"}],"predecessor-version":[{"id":31602,"href":"https:\/\/www.labeljoy.com\/es\/wp-json\/wp\/v2\/pages\/29870\/revisions\/31602"}],"up":[{"embeddable":true,"href":"https:\/\/www.labeljoy.com\/es\/wp-json\/wp\/v2\/pages\/28778"}],"wp:attachment":[{"href":"https:\/\/www.labeljoy.com\/es\/wp-json\/wp\/v2\/media?parent=29870"}],"curies":[{"name":"wp","href":"https:\/\/api.w.org\/{rel}","templated":true}]}}