{"id":30066,"date":"2018-06-28T15:22:16","date_gmt":"2018-06-28T15:22:16","guid":{"rendered":"https:\/\/www.labeljoy.com\/es\/?page_id=30066"},"modified":"2021-05-24T09:18:34","modified_gmt":"2021-05-24T09:18:34","slug":"como-importar-imagenes-desde-una-base-de-datos-de-access","status":"publish","type":"page","link":"https:\/\/www.labeljoy.com\/es\/videos\/como-importar-imagenes-desde-una-base-de-datos-de-access\/","title":{"rendered":"Importar im\u00e1genes desde una base de datos de Access"},"content":{"rendered":"<h2>C\u00f3mo importar im\u00e1genes desde una base de datos de Access<\/h2>\n<p>Este v\u00eddeo tutorial muestra c\u00f3mo importar datos desde una base de datos de Access. En detalle, muestra dos formas de importar im\u00e1genes: cuando est\u00e1n integradas en el archivo de Access y cuando residen en su ordenador.<\/p>\n<div class=\"lyte-wrapper\" title=\"Labeljoy 6 - C&oacute;mo importar im&aacute;genes desde una base de datos de Access\" style=\"width:640px;max-width:100%;margin:5px;\"><div class=\"lyMe\" id=\"WYL_RA1luh08qrU\" itemprop=\"video\" itemscope itemtype=\"https:\/\/schema.org\/VideoObject\"><div><meta itemprop=\"thumbnailUrl\" content=\"https:\/\/www.labeljoy.com\/wp-content\/plugins\/wp-youtube-lyte\/lyteCache.php?origThumbUrl=https%3A%2F%2Fi.ytimg.com%2Fvi%2FRA1luh08qrU%2Fhqdefault.jpg\" \/><meta itemprop=\"embedURL\" content=\"https:\/\/www.youtube.com\/embed\/RA1luh08qrU\" \/><meta itemprop=\"duration\" content=\"PT3M50S\" \/><meta itemprop=\"uploadDate\" content=\"2018-06-28T15:18:59Z\" \/><\/div><div id=\"lyte_RA1luh08qrU\" data-src=\"https:\/\/www.labeljoy.com\/wp-content\/plugins\/wp-youtube-lyte\/lyteCache.php?origThumbUrl=https%3A%2F%2Fi.ytimg.com%2Fvi%2FRA1luh08qrU%2Fhqdefault.jpg\" class=\"pL\"><div class=\"tC\"><div class=\"tT\" itemprop=\"name\">Labeljoy 6 - C\u00f3mo importar im\u00e1genes desde una base de datos de Access<\/div><\/div><div class=\"play\"><\/div><div class=\"ctrl\"><div class=\"Lctrl\"><\/div><div class=\"Rctrl\"><\/div><\/div><\/div><noscript><a href=\"https:\/\/youtu.be\/RA1luh08qrU\" rel=\"nofollow\"><img decoding=\"async\" src=\"https:\/\/www.labeljoy.com\/wp-content\/plugins\/wp-youtube-lyte\/lyteCache.php?origThumbUrl=https%3A%2F%2Fi.ytimg.com%2Fvi%2FRA1luh08qrU%2F0.jpg\" alt=\"Labeljoy 6 - C&oacute;mo importar im&aacute;genes desde una base de datos de Access\" width=\"640\" height=\"340\" \/><br \/>Mire este video en YouTube<\/a><\/noscript><meta itemprop=\"description\" content=\"Este v\u00eddeo tutorial muestra c\u00f3mo importar datos desde una base de datos de Access. En detalle, muestra dos formas de importar im\u00e1genes: cuando est\u00e1n integradas en el archivo de Access y cuando residen en su ordenador. M\u00e1s informaci\u00f3n aqu\u00ed: https:\/\/www.labeljoy.com\/es\/ayuda-lj6\/trabajar-con-imagenes\/\"><\/div><\/div><div class=\"lL\" style=\"max-width:100%;width:640px;margin:5px;\"><\/div>\n<div class=\"lj-video-button hide\">\n  <a href=\"https:\/\/www.youtube.com\/embed\/RA1luh08qrU?rel=0&autoplay=1\" data-featherlight=\"iframe\" data-featherlight-iframe-width=\"800\" data-featherlight-iframe-height=\"610\" data-featherlight-iframe-frameborder=\"0\" data-featherlight-iframe-allow=\"autoplay; encrypted-media\" data-featherlight-iframe-allowfullscreen=\"true\" title=\"Reproducir el video tutorial\">Reproducir el video tutorial <i class=\"fa fa-play-circle fa-2x\"><\/i><\/a>\n<\/div>\n","protected":false},"excerpt":{"rendered":"<p>C\u00f3mo importar im\u00e1genes desde una base de datos de Access Este v\u00eddeo tutorial muestra c\u00f3mo importar datos desde una base de datos de Access. En detalle, muestra dos formas de importar im\u00e1genes: cuando est\u00e1n integradas en el archivo de Access y cuando residen en su ordenador.<\/p>\n","protected":false},"author":12,"featured_media":0,"parent":28878,"menu_order":0,"comment_status":"open","ping_status":"closed","template":"page-template-left-sidebar.php","meta":{"inline_featured_image":false,"_monsterinsights_skip_tracking":false,"_monsterinsights_sitenote_active":false,"_monsterinsights_sitenote_note":"","_monsterinsights_sitenote_category":0,"footnotes":""},"class_list":{"0":"post-30066","1":"page","2":"type-page","3":"status-publish","5":"infinite-scroll-item"},"aioseo_notices":[],"_links":{"self":[{"href":"https:\/\/www.labeljoy.com\/es\/wp-json\/wp\/v2\/pages\/30066","targetHints":{"allow":["GET"]}}],"collection":[{"href":"https:\/\/www.labeljoy.com\/es\/wp-json\/wp\/v2\/pages"}],"about":[{"href":"https:\/\/www.labeljoy.com\/es\/wp-json\/wp\/v2\/types\/page"}],"author":[{"embeddable":true,"href":"https:\/\/www.labeljoy.com\/es\/wp-json\/wp\/v2\/users\/12"}],"replies":[{"embeddable":true,"href":"https:\/\/www.labeljoy.com\/es\/wp-json\/wp\/v2\/comments?post=30066"}],"version-history":[{"count":3,"href":"https:\/\/www.labeljoy.com\/es\/wp-json\/wp\/v2\/pages\/30066\/revisions"}],"predecessor-version":[{"id":35798,"href":"https:\/\/www.labeljoy.com\/es\/wp-json\/wp\/v2\/pages\/30066\/revisions\/35798"}],"up":[{"embeddable":true,"href":"https:\/\/www.labeljoy.com\/es\/wp-json\/wp\/v2\/pages\/28878"}],"wp:attachment":[{"href":"https:\/\/www.labeljoy.com\/es\/wp-json\/wp\/v2\/media?parent=30066"}],"curies":[{"name":"wp","href":"https:\/\/api.w.org\/{rel}","templated":true}]}}