{"id":30073,"date":"2018-06-28T15:55:32","date_gmt":"2018-06-28T15:55:32","guid":{"rendered":"https:\/\/www.labeljoy.com\/es\/?page_id=30073"},"modified":"2022-04-13T08:45:38","modified_gmt":"2022-04-13T08:45:38","slug":"como-establecer-el-numero-de-etiquetas-del-archivo-fuente-de-datos","status":"publish","type":"page","link":"https:\/\/www.labeljoy.com\/es\/videos\/como-establecer-el-numero-de-etiquetas-del-archivo-fuente-de-datos\/","title":{"rendered":"Establecer el n\u00famero de etiquetas del archivo de fuente de datos"},"content":{"rendered":"<h2>C\u00f3mo establecer el n\u00famero de etiquetas del archivo de fuente de datos<\/h2>\n<p>Esta funci\u00f3n es \u00fatil cuando el n\u00famero de etiquetas a imprimir est\u00e1 almacenado en la base de datos que necesita importar. En cualquier momento puede actualizar din\u00e1micamente el n\u00famero de etiquetas, cambiando directamente el valor en la base de datos.<\/p>\n<p>Para m\u00e1s informaci\u00f3n vea el video tutorial sobre <a href=\"http:\/\/www.labeljoy.com\/video\/how-to-connect-external-data-sources\/\" title=\"como conectarse a base de datos externas\">c\u00f3mo conectarse a bases de datos externas<\/a> y <a href=\"http:\/\/www.labeljoy.com\/video\/how-to-update-data-linked-labels\/\" title=\"como actualizar din\u00e1micamente campos de las etiquetas\">actualizar din\u00e1micamente los campos de las etiquetas<\/a>.<\/p>\n<div class=\"lyte-wrapper\" title=\"Labeljoy 6 - C&oacute;mo establecer el n&uacute;mero de etiquetas del archivo fuente de datos\" style=\"width:640px;max-width:100%;margin:5px;\"><div class=\"lyMe\" id=\"WYL_7EmsyEOLt8M\" itemprop=\"video\" itemscope itemtype=\"https:\/\/schema.org\/VideoObject\"><div><meta itemprop=\"thumbnailUrl\" content=\"https:\/\/www.labeljoy.com\/wp-content\/plugins\/wp-youtube-lyte\/lyteCache.php?origThumbUrl=https%3A%2F%2Fi.ytimg.com%2Fvi%2F7EmsyEOLt8M%2Fhqdefault.jpg\" \/><meta itemprop=\"embedURL\" content=\"https:\/\/www.youtube.com\/embed\/7EmsyEOLt8M\" \/><meta itemprop=\"duration\" content=\"PT2M49S\" \/><meta itemprop=\"uploadDate\" content=\"2018-06-28T15:43:19Z\" \/><\/div><div id=\"lyte_7EmsyEOLt8M\" data-src=\"https:\/\/www.labeljoy.com\/wp-content\/plugins\/wp-youtube-lyte\/lyteCache.php?origThumbUrl=https%3A%2F%2Fi.ytimg.com%2Fvi%2F7EmsyEOLt8M%2Fhqdefault.jpg\" class=\"pL\"><div class=\"tC\"><div class=\"tT\" itemprop=\"name\">Labeljoy 6 - C\u00f3mo establecer el n\u00famero de etiquetas del archivo fuente de datos<\/div><\/div><div class=\"play\"><\/div><div class=\"ctrl\"><div class=\"Lctrl\"><\/div><div class=\"Rctrl\"><\/div><\/div><\/div><noscript><a href=\"https:\/\/youtu.be\/7EmsyEOLt8M\" rel=\"nofollow\"><img decoding=\"async\" src=\"https:\/\/www.labeljoy.com\/wp-content\/plugins\/wp-youtube-lyte\/lyteCache.php?origThumbUrl=https%3A%2F%2Fi.ytimg.com%2Fvi%2F7EmsyEOLt8M%2F0.jpg\" alt=\"Labeljoy 6 - C&oacute;mo establecer el n&uacute;mero de etiquetas del archivo fuente de datos\" width=\"640\" height=\"340\" \/><br \/>Mire este video en YouTube<\/a><\/noscript><meta itemprop=\"description\" content=\"Esta funci\u00f3n es \u00fatil cuando el n\u00famero de etiquetas a imprimir se almacena en la base de datos que se necesita importar. En cualquier momento puede actualizar din\u00e1micamente el n\u00famero de etiquetas, cambiando el valor directamente en la base de datos. Para obtener m\u00e1s informaci\u00f3n, vea aqu\u00ed: https:\/\/www.labeljoy.com\/es\/ayuda-lj6\/vincular-a-una-fuente-de-datos\/\"><\/div><\/div><div class=\"lL\" style=\"max-width:100%;width:640px;margin:5px;\"><\/div>\n<div class=\"lj-video-button hide\">\n  <a href=\"https:\/\/www.youtube.com\/embed\/7EmsyEOLt8M?rel=0&autoplay=1\" data-featherlight=\"iframe\" data-featherlight-iframe-width=\"800\" data-featherlight-iframe-height=\"610\" data-featherlight-iframe-frameborder=\"0\" data-featherlight-iframe-allow=\"autoplay; encrypted-media\" data-featherlight-iframe-allowfullscreen=\"true\" title=\"Reproducir el video tutorial\">Reproducir el video tutorial <i class=\"fa fa-play-circle fa-2x\"><\/i><\/a>\n<\/div>\n","protected":false},"excerpt":{"rendered":"<p>C\u00f3mo establecer el n\u00famero de etiquetas del archivo de fuente de datos Esta funci\u00f3n es \u00fatil cuando el n\u00famero de etiquetas a imprimir est\u00e1 almacenado en la base de datos que necesita importar. En cualquier momento puede actualizar din\u00e1micamente el n\u00famero de etiquetas, cambiando directamente el valor en la base de datos. Para m\u00e1s informaci\u00f3n &#8230; <a title=\"Establecer el n\u00famero de etiquetas del archivo de fuente de datos\" class=\"read-more\" href=\"https:\/\/www.labeljoy.com\/es\/videos\/como-establecer-el-numero-de-etiquetas-del-archivo-fuente-de-datos\/\" aria-label=\"Leer m\u00e1s sobre Establecer el n\u00famero de etiquetas del archivo de fuente de datos\">Read more<\/a><\/p>\n","protected":false},"author":12,"featured_media":0,"parent":28878,"menu_order":0,"comment_status":"open","ping_status":"closed","template":"","meta":{"inline_featured_image":false,"_monsterinsights_skip_tracking":false,"_monsterinsights_sitenote_active":false,"_monsterinsights_sitenote_note":"","_monsterinsights_sitenote_category":0,"footnotes":""},"class_list":{"0":"post-30073","1":"page","2":"type-page","3":"status-publish","5":"infinite-scroll-item"},"aioseo_notices":[],"_links":{"self":[{"href":"https:\/\/www.labeljoy.com\/es\/wp-json\/wp\/v2\/pages\/30073","targetHints":{"allow":["GET"]}}],"collection":[{"href":"https:\/\/www.labeljoy.com\/es\/wp-json\/wp\/v2\/pages"}],"about":[{"href":"https:\/\/www.labeljoy.com\/es\/wp-json\/wp\/v2\/types\/page"}],"author":[{"embeddable":true,"href":"https:\/\/www.labeljoy.com\/es\/wp-json\/wp\/v2\/users\/12"}],"replies":[{"embeddable":true,"href":"https:\/\/www.labeljoy.com\/es\/wp-json\/wp\/v2\/comments?post=30073"}],"version-history":[{"count":4,"href":"https:\/\/www.labeljoy.com\/es\/wp-json\/wp\/v2\/pages\/30073\/revisions"}],"predecessor-version":[{"id":37406,"href":"https:\/\/www.labeljoy.com\/es\/wp-json\/wp\/v2\/pages\/30073\/revisions\/37406"}],"up":[{"embeddable":true,"href":"https:\/\/www.labeljoy.com\/es\/wp-json\/wp\/v2\/pages\/28878"}],"wp:attachment":[{"href":"https:\/\/www.labeljoy.com\/es\/wp-json\/wp\/v2\/media?parent=30073"}],"curies":[{"name":"wp","href":"https:\/\/api.w.org\/{rel}","templated":true}]}}