{"id":30078,"date":"2018-06-28T16:25:18","date_gmt":"2018-06-28T16:25:18","guid":{"rendered":"https:\/\/www.labeljoy.com\/es\/?page_id=30078"},"modified":"2021-05-24T09:18:00","modified_gmt":"2021-05-24T09:18:00","slug":"como-crear-referencias-en-las-etiquetas","status":"publish","type":"page","link":"https:\/\/www.labeljoy.com\/es\/videos\/como-crear-referencias-en-las-etiquetas\/","title":{"rendered":"Crear referencias en las etiquetas"},"content":{"rendered":"<h2>C\u00f3mo crear referencias en las etiquetas<\/h2>\n<p>Este v\u00eddeo muestra c\u00f3mo crear referencias a fechas, nombres de archivos y nombres de grupos en las etiquetas. Cree f\u00e1cilmente etiquetas profesionales sin tener que ingresar datos manualmente.<\/p>\n<div class=\"lyte-wrapper\" title=\"Labeljoy 6 - C&oacute;mo crear referencias en las etiquetas\" style=\"width:640px;max-width:100%;margin:5px;\"><div class=\"lyMe\" id=\"WYL_JWKHO5z_sio\" itemprop=\"video\" itemscope itemtype=\"https:\/\/schema.org\/VideoObject\"><div><meta itemprop=\"thumbnailUrl\" content=\"https:\/\/www.labeljoy.com\/wp-content\/plugins\/wp-youtube-lyte\/lyteCache.php?origThumbUrl=https%3A%2F%2Fi.ytimg.com%2Fvi%2FJWKHO5z_sio%2Fhqdefault.jpg\" \/><meta itemprop=\"embedURL\" content=\"https:\/\/www.youtube.com\/embed\/JWKHO5z_sio\" \/><meta itemprop=\"duration\" content=\"PT2M6S\" \/><meta itemprop=\"uploadDate\" content=\"2018-06-28T16:31:21Z\" \/><\/div><div id=\"lyte_JWKHO5z_sio\" data-src=\"https:\/\/www.labeljoy.com\/wp-content\/plugins\/wp-youtube-lyte\/lyteCache.php?origThumbUrl=https%3A%2F%2Fi.ytimg.com%2Fvi%2FJWKHO5z_sio%2Fhqdefault.jpg\" class=\"pL\"><div class=\"tC\"><div class=\"tT\" itemprop=\"name\">Labeljoy 6 - C\u00f3mo crear referencias en las etiquetas<\/div><\/div><div class=\"play\"><\/div><div class=\"ctrl\"><div class=\"Lctrl\"><\/div><div class=\"Rctrl\"><\/div><\/div><\/div><noscript><a href=\"https:\/\/youtu.be\/JWKHO5z_sio\" rel=\"nofollow\"><img decoding=\"async\" src=\"https:\/\/www.labeljoy.com\/wp-content\/plugins\/wp-youtube-lyte\/lyteCache.php?origThumbUrl=https%3A%2F%2Fi.ytimg.com%2Fvi%2FJWKHO5z_sio%2F0.jpg\" alt=\"Labeljoy 6 - C&oacute;mo crear referencias en las etiquetas\" width=\"640\" height=\"340\" \/><br \/>Mire este video en YouTube<\/a><\/noscript><meta itemprop=\"description\" content=\"Este v\u00eddeo muestra c\u00f3mo crear referencias a fechas, nombres de archivos y nombres de grupos en las etiquetas. Cree f\u00e1cilmente etiquetas profesionales sin tener que ingresar datos manualmente. M\u00e1s informaci\u00f3n sobre referencias: https:\/\/www.labeljoy.com\/es\/ayuda-lj6\/gestion-de-referencias\/\"><\/div><\/div><div class=\"lL\" style=\"max-width:100%;width:640px;margin:5px;\"><\/div>\n<div class=\"lj-video-button hide\">\n  <a href=\"https:\/\/www.youtube.com\/embed\/JWKHO5z_sio?rel=0&autoplay=1\" data-featherlight=\"iframe\" data-featherlight-iframe-width=\"800\" data-featherlight-iframe-height=\"610\" data-featherlight-iframe-frameborder=\"0\" data-featherlight-iframe-allow=\"autoplay; encrypted-media\" data-featherlight-iframe-allowfullscreen=\"true\" title=\"Reproducir el video tutorial\">Reproducir el video tutorial <i class=\"fa fa-play-circle fa-2x\"><\/i><\/a>\n<\/div>\n","protected":false},"excerpt":{"rendered":"<p>C\u00f3mo crear referencias en las etiquetas Este v\u00eddeo muestra c\u00f3mo crear referencias a fechas, nombres de archivos y nombres de grupos en las etiquetas. Cree f\u00e1cilmente etiquetas profesionales sin tener que ingresar datos manualmente.<\/p>\n","protected":false},"author":12,"featured_media":0,"parent":28878,"menu_order":0,"comment_status":"open","ping_status":"closed","template":"page-template-left-sidebar.php","meta":{"inline_featured_image":false,"_monsterinsights_skip_tracking":false,"_monsterinsights_sitenote_active":false,"_monsterinsights_sitenote_note":"","_monsterinsights_sitenote_category":0,"footnotes":""},"class_list":{"0":"post-30078","1":"page","2":"type-page","3":"status-publish","5":"infinite-scroll-item"},"aioseo_notices":[],"_links":{"self":[{"href":"https:\/\/www.labeljoy.com\/es\/wp-json\/wp\/v2\/pages\/30078","targetHints":{"allow":["GET"]}}],"collection":[{"href":"https:\/\/www.labeljoy.com\/es\/wp-json\/wp\/v2\/pages"}],"about":[{"href":"https:\/\/www.labeljoy.com\/es\/wp-json\/wp\/v2\/types\/page"}],"author":[{"embeddable":true,"href":"https:\/\/www.labeljoy.com\/es\/wp-json\/wp\/v2\/users\/12"}],"replies":[{"embeddable":true,"href":"https:\/\/www.labeljoy.com\/es\/wp-json\/wp\/v2\/comments?post=30078"}],"version-history":[{"count":3,"href":"https:\/\/www.labeljoy.com\/es\/wp-json\/wp\/v2\/pages\/30078\/revisions"}],"predecessor-version":[{"id":35797,"href":"https:\/\/www.labeljoy.com\/es\/wp-json\/wp\/v2\/pages\/30078\/revisions\/35797"}],"up":[{"embeddable":true,"href":"https:\/\/www.labeljoy.com\/es\/wp-json\/wp\/v2\/pages\/28878"}],"wp:attachment":[{"href":"https:\/\/www.labeljoy.com\/es\/wp-json\/wp\/v2\/media?parent=30078"}],"curies":[{"name":"wp","href":"https:\/\/api.w.org\/{rel}","templated":true}]}}