{"id":30083,"date":"2018-06-28T16:42:58","date_gmt":"2018-06-28T16:42:58","guid":{"rendered":"https:\/\/www.labeljoy.com\/es\/?page_id=30083"},"modified":"2022-04-13T08:29:40","modified_gmt":"2022-04-13T08:29:40","slug":"como-conectar-fuentes-de-datos-externas","status":"publish","type":"page","link":"https:\/\/www.labeljoy.com\/es\/videos\/como-conectar-fuentes-de-datos-externas\/","title":{"rendered":"Conectar fuentes de datos externas"},"content":{"rendered":"<h2>C\u00f3mo conectar fuentes de datos externas<\/h2>\n<p>Vea lo f\u00e1cil que es conectar Labeljoy con datos externos. En este video mostramos c\u00f3mo conectar sus etiquetas con datos contenidos en un archivo de texto CSV.<\/p>\n<p>Adem\u00e1s, se pueden aplicar filtros o clasificaciones, en funci\u00f3n de los par\u00e1metros deseados, todo de forma muy f\u00e1cil e intuitiva.<\/p>\n<p>Puede crear una <a title=\"etiqueta de producto profesional\" href=\"https:\/\/www.labeljoy.com\/es\/plantillas\/etiqueta-productos\/\">etiqueta de producto profesional<\/a> o <a title=\"etiquetas de c\u00f3digos de barras de precios\" href=\"https:\/\/www.labeljoy.com\/es\/plantillas\/etiqueta-de-precio\/\">etiquetas de c\u00f3digos de barras de precios!<\/a><\/p>\n<div class=\"lyte-wrapper\" title=\"Labeljoy 6 - C&oacute;mo conectar fuentes de datos externas\" style=\"width:640px;max-width:100%;margin:5px;\"><div class=\"lyMe\" id=\"WYL_CN4ZACL9z4M\" itemprop=\"video\" itemscope itemtype=\"https:\/\/schema.org\/VideoObject\"><div><meta itemprop=\"thumbnailUrl\" content=\"https:\/\/www.labeljoy.com\/wp-content\/plugins\/wp-youtube-lyte\/lyteCache.php?origThumbUrl=https%3A%2F%2Fi.ytimg.com%2Fvi%2FCN4ZACL9z4M%2Fhqdefault.jpg\" \/><meta itemprop=\"embedURL\" content=\"https:\/\/www.youtube.com\/embed\/CN4ZACL9z4M\" \/><meta itemprop=\"duration\" content=\"PT2M41S\" \/><meta itemprop=\"uploadDate\" content=\"2018-06-28T16:53:12Z\" \/><\/div><div id=\"lyte_CN4ZACL9z4M\" data-src=\"https:\/\/www.labeljoy.com\/wp-content\/plugins\/wp-youtube-lyte\/lyteCache.php?origThumbUrl=https%3A%2F%2Fi.ytimg.com%2Fvi%2FCN4ZACL9z4M%2Fhqdefault.jpg\" class=\"pL\"><div class=\"tC\"><div class=\"tT\" itemprop=\"name\">Labeljoy 6 - C\u00f3mo conectar fuentes de datos externas<\/div><\/div><div class=\"play\"><\/div><div class=\"ctrl\"><div class=\"Lctrl\"><\/div><div class=\"Rctrl\"><\/div><\/div><\/div><noscript><a href=\"https:\/\/youtu.be\/CN4ZACL9z4M\" rel=\"nofollow\"><img decoding=\"async\" src=\"https:\/\/www.labeljoy.com\/wp-content\/plugins\/wp-youtube-lyte\/lyteCache.php?origThumbUrl=https%3A%2F%2Fi.ytimg.com%2Fvi%2FCN4ZACL9z4M%2F0.jpg\" alt=\"Labeljoy 6 - C&oacute;mo conectar fuentes de datos externas\" width=\"640\" height=\"340\" \/><br \/>Mire este video en YouTube<\/a><\/noscript><meta itemprop=\"description\" content=\"Descubra lo f\u00e1cil que es conectar Labeljoy con bases de datos externas: este video muestra c\u00f3mo conectar sus etiquetas con datos contenidos en un archivo de texto CSV. Adem\u00e1s, se puede aplicar un filtro o ordenar los datos. Para m\u00e1s informaci\u00f3n: https:\/\/www.labeljoy.com\/es\/videos\/filtrar-datos\/\"><\/div><\/div><div class=\"lL\" style=\"max-width:100%;width:640px;margin:5px;\"><\/div>\n<div class=\"lj-video-button hide\">\n  <a href=\"https:\/\/www.youtube.com\/embed\/CN4ZACL9z4M?rel=0&autoplay=1\" data-featherlight=\"iframe\" data-featherlight-iframe-width=\"800\" data-featherlight-iframe-height=\"610\" data-featherlight-iframe-frameborder=\"0\" data-featherlight-iframe-allow=\"autoplay; encrypted-media\" data-featherlight-iframe-allowfullscreen=\"true\" title=\"Reproducir el video tutorial\">Reproducir el video tutorial <i class=\"fa fa-play-circle fa-2x\"><\/i><\/a>\n<\/div>\n","protected":false},"excerpt":{"rendered":"<p>C\u00f3mo conectar fuentes de datos externas Vea lo f\u00e1cil que es conectar Labeljoy con datos externos. En este video mostramos c\u00f3mo conectar sus etiquetas con datos contenidos en un archivo de texto CSV. Adem\u00e1s, se pueden aplicar filtros o clasificaciones, en funci\u00f3n de los par\u00e1metros deseados, todo de forma muy f\u00e1cil e intuitiva. Puede crear &#8230; <a title=\"Conectar fuentes de datos externas\" class=\"read-more\" href=\"https:\/\/www.labeljoy.com\/es\/videos\/como-conectar-fuentes-de-datos-externas\/\" aria-label=\"Leer m\u00e1s sobre Conectar fuentes de datos externas\">Read more<\/a><\/p>\n","protected":false},"author":12,"featured_media":0,"parent":28878,"menu_order":0,"comment_status":"open","ping_status":"closed","template":"","meta":{"inline_featured_image":false,"_monsterinsights_skip_tracking":false,"_monsterinsights_sitenote_active":false,"_monsterinsights_sitenote_note":"","_monsterinsights_sitenote_category":0,"footnotes":""},"class_list":{"0":"post-30083","1":"page","2":"type-page","3":"status-publish","5":"infinite-scroll-item"},"aioseo_notices":[],"_links":{"self":[{"href":"https:\/\/www.labeljoy.com\/es\/wp-json\/wp\/v2\/pages\/30083","targetHints":{"allow":["GET"]}}],"collection":[{"href":"https:\/\/www.labeljoy.com\/es\/wp-json\/wp\/v2\/pages"}],"about":[{"href":"https:\/\/www.labeljoy.com\/es\/wp-json\/wp\/v2\/types\/page"}],"author":[{"embeddable":true,"href":"https:\/\/www.labeljoy.com\/es\/wp-json\/wp\/v2\/users\/12"}],"replies":[{"embeddable":true,"href":"https:\/\/www.labeljoy.com\/es\/wp-json\/wp\/v2\/comments?post=30083"}],"version-history":[{"count":4,"href":"https:\/\/www.labeljoy.com\/es\/wp-json\/wp\/v2\/pages\/30083\/revisions"}],"predecessor-version":[{"id":37399,"href":"https:\/\/www.labeljoy.com\/es\/wp-json\/wp\/v2\/pages\/30083\/revisions\/37399"}],"up":[{"embeddable":true,"href":"https:\/\/www.labeljoy.com\/es\/wp-json\/wp\/v2\/pages\/28878"}],"wp:attachment":[{"href":"https:\/\/www.labeljoy.com\/es\/wp-json\/wp\/v2\/media?parent=30083"}],"curies":[{"name":"wp","href":"https:\/\/api.w.org\/{rel}","templated":true}]}}