{"id":30088,"date":"2018-06-28T17:13:52","date_gmt":"2018-06-28T17:13:52","guid":{"rendered":"https:\/\/www.labeljoy.com\/es\/?page_id=30088"},"modified":"2026-03-12T20:12:12","modified_gmt":"2026-03-12T20:12:12","slug":"como-cargar-datos-desde-excel","status":"publish","type":"page","link":"https:\/\/www.labeljoy.com\/es\/videos\/como-cargar-datos-desde-excel\/","title":{"rendered":"Cargar datos desde Excel"},"content":{"rendered":"<h2>C\u00f3mo cargar datos desde Excel<\/h2>\n<p>Labeljoy 6 le permite conectar fuentes de datos externas, como una hoja de c\u00e1lculo de Excel, y utilizar los datos en las etiquetas.<br \/>\nAs\u00ed puede crear etiquetas personalizadas de forma r\u00e1pida y eficaz. La funci\u00f3n de actualizaci\u00f3n de datos permite editar y modificar los datos de Excel y actualizar todas las etiquetas en tiempo real.<\/p>\n<p>Puede importar cualquier tipo de informaci\u00f3n y dise\u00f1ar etiquetas personalizadas tales como <a title=\"etiquetas de alimentos\" href=\"https:\/\/www.labeljoy.com\/es\/plantillas\/etiqueta-alimentos\/\">etiquetas de alimentos<\/a>, <a title=\"etiquetas de nombres\" href=\"https:\/\/www.labeljoy.com\/es\/plantillas\/etiqueta-nombre\/\">etiquetas de nombres<\/a>, <a title=\"etiquetas de correos\" href=\"https:\/\/www.labeljoy.com\/es\/plantillas\/etiquetas-correo\/\">etiquetas de correos<\/a>, y <a title=\"plantillas\" href=\"https:\/\/www.labeljoy.com\/es\/plantillas\/plantillas-etiquetas-gratis\/\">mucho m\u00e1s<\/a>.<\/p>\n<div class=\"lyte-wrapper\" title=\"Labeljoy 6 C&oacute;mo cargar datos desde Excel\" style=\"width:640px;max-width:100%;margin:5px;\"><div class=\"lyMe\" id=\"WYL_VF-R6a3HS14\" itemprop=\"video\" itemscope itemtype=\"https:\/\/schema.org\/VideoObject\"><div><meta itemprop=\"thumbnailUrl\" content=\"https:\/\/www.labeljoy.com\/wp-content\/plugins\/wp-youtube-lyte\/lyteCache.php?origThumbUrl=https%3A%2F%2Fi.ytimg.com%2Fvi%2FVF-R6a3HS14%2Fhqdefault.jpg\" \/><meta itemprop=\"embedURL\" content=\"https:\/\/www.youtube.com\/embed\/VF-R6a3HS14\" \/><meta itemprop=\"duration\" content=\"PT2M42S\" \/><meta itemprop=\"uploadDate\" content=\"2020-06-02T22:48:17Z\" \/><\/div><div id=\"lyte_VF-R6a3HS14\" data-src=\"https:\/\/www.labeljoy.com\/wp-content\/plugins\/wp-youtube-lyte\/lyteCache.php?origThumbUrl=https%3A%2F%2Fi.ytimg.com%2Fvi%2FVF-R6a3HS14%2Fhqdefault.jpg\" class=\"pL\"><div class=\"tC\"><div class=\"tT\" itemprop=\"name\">Labeljoy 6 C\u00f3mo cargar datos desde Excel<\/div><\/div><div class=\"play\"><\/div><div class=\"ctrl\"><div class=\"Lctrl\"><\/div><div class=\"Rctrl\"><\/div><\/div><\/div><noscript><a href=\"https:\/\/youtu.be\/VF-R6a3HS14\" rel=\"nofollow\"><img decoding=\"async\" src=\"https:\/\/www.labeljoy.com\/wp-content\/plugins\/wp-youtube-lyte\/lyteCache.php?origThumbUrl=https%3A%2F%2Fi.ytimg.com%2Fvi%2FVF-R6a3HS14%2F0.jpg\" alt=\"Labeljoy 6 C&oacute;mo cargar datos desde Excel\" width=\"640\" height=\"340\" \/><br \/>Mire este video en YouTube<\/a><\/noscript><meta itemprop=\"description\" content=\"Labeljoy le permite conectar fuentes de datos externos, como una hoja de c\u00e1lculo de Excel y usar estos datos en las etiquetas. De esta manera, puede crear etiquetas personalizadas de manera r\u00e1pida y f\u00e1cil. La funci\u00f3n de actualizaci\u00f3n de datos tambi\u00e9n le permite editar y modificar sus datos de Excel y actualizar todas sus etiquetas en tiempo real. Importe cualquier clase de datos (texto, imagen, c\u00f3digo de barras) y cree sus etiquetas personalizadas, como etiquetas de alimentos, etiquetas de nombre, etiquetas postales y mucho m\u00e1s. M\u00e1s informaci\u00f3n: https:\/\/www.labeljoy.com\/es\/soporte\/como-hacer\/imprimir-etiquetas-desde-excel\/\"><\/div><\/div><div class=\"lL\" style=\"max-width:100%;width:640px;margin:5px;\"><\/div>\n<div class=\"lj-video-button hide\">\n  <a href=\"https:\/\/www.youtube.com\/embed\/v=VF-R6a3HS14?rel=0&autoplay=1\" data-featherlight=\"iframe\" data-featherlight-iframe-width=\"800\" data-featherlight-iframe-height=\"610\" data-featherlight-iframe-frameborder=\"0\" data-featherlight-iframe-allow=\"autoplay; encrypted-media\" data-featherlight-iframe-allowfullscreen=\"true\" title=\"Reproducir el video tutorial\">Reproducir el video tutorial <i class=\"fa fa-play-circle fa-2x\"><\/i><\/a>\n<\/div>\n<div class=\"lyte-wrapper\" title=\"Crear etiquetas de c&oacute;digo de barras desde Excel: gu&iacute;a sencilla paso a paso\" style=\"width:640px;max-width:100%;margin:5px;\"><div class=\"lyMe\" id=\"WYL_Hw2axG3G0UM\" itemprop=\"video\" itemscope itemtype=\"https:\/\/schema.org\/VideoObject\"><div><meta itemprop=\"thumbnailUrl\" content=\"https:\/\/www.labeljoy.com\/wp-content\/plugins\/wp-youtube-lyte\/lyteCache.php?origThumbUrl=https%3A%2F%2Fi.ytimg.com%2Fvi%2FHw2axG3G0UM%2Fhqdefault.jpg\" \/><meta itemprop=\"embedURL\" content=\"https:\/\/www.youtube.com\/embed\/Hw2axG3G0UM\" \/><meta itemprop=\"duration\" content=\"PT4M38S\" \/><meta itemprop=\"uploadDate\" content=\"2025-04-16T14:35:35Z\" \/><\/div><div id=\"lyte_Hw2axG3G0UM\" data-src=\"https:\/\/www.labeljoy.com\/wp-content\/plugins\/wp-youtube-lyte\/lyteCache.php?origThumbUrl=https%3A%2F%2Fi.ytimg.com%2Fvi%2FHw2axG3G0UM%2Fhqdefault.jpg\" class=\"pL\"><div class=\"tC\"><div class=\"tT\" itemprop=\"name\">Crear etiquetas de c\u00f3digo de barras desde Excel: gu\u00eda sencilla paso a paso<\/div><\/div><div class=\"play\"><\/div><div class=\"ctrl\"><div class=\"Lctrl\"><\/div><div class=\"Rctrl\"><\/div><\/div><\/div><noscript><a href=\"https:\/\/youtu.be\/Hw2axG3G0UM\" rel=\"nofollow\"><img decoding=\"async\" src=\"https:\/\/www.labeljoy.com\/wp-content\/plugins\/wp-youtube-lyte\/lyteCache.php?origThumbUrl=https%3A%2F%2Fi.ytimg.com%2Fvi%2FHw2axG3G0UM%2F0.jpg\" alt=\"Crear etiquetas de c&oacute;digo de barras desde Excel: gu&iacute;a sencilla paso a paso\" width=\"640\" height=\"340\" \/><br \/>Mire este video en YouTube<\/a><\/noscript><meta itemprop=\"description\" content=\"\u00bfQuiere crear etiquetas de c\u00f3digo de barras desde un archivo Excel e imprimirlas r\u00e1pidamente? En este tutorial, aprender\u00e1 a generar y personalizar etiquetas de c\u00f3digo de barras EAN-13 utilizando Labeljoy. \u00a1Una manera perfecta para quienes necesitan imprimir etiquetas de c\u00f3digo de barras para comercio electr\u00f3nico, tiendas f\u00edsicas, almacenes y gesti\u00f3n de inventario! \u00bfQue aprender\u00e1s? \u2705 C\u00f3mo importar datos de Excel para generar etiquetas personalizadas; \u2705 C\u00f3mo convertir c\u00f3digos en c\u00f3digos de barras EAN-13; \u2705 C\u00f3mo imprimir etiquetas de forma profesional. \ud83d\udd17 Descarga Labeljoy: https:\/\/www.labeljoy.com\/es\/download-es\/\"><\/div><\/div><div class=\"lL\" style=\"max-width:100%;width:640px;margin:5px;\"><\/div>\n<div class=\"lj-video-button hide\">\n  <a href=\"https:\/\/www.youtube.com\/embed\/Hw2axG3G0UM?rel=0&autoplay=1\" data-featherlight=\"iframe\" data-featherlight-iframe-width=\"800\" data-featherlight-iframe-height=\"610\" data-featherlight-iframe-frameborder=\"0\" data-featherlight-iframe-allow=\"autoplay; encrypted-media\" data-featherlight-iframe-allowfullscreen=\"true\" title=\"Reproducir el video tutorial\">Reproducir el video tutorial <i class=\"fa fa-play-circle fa-2x\"><\/i><\/a>\n<\/div>\n<p style=\"text-align: center;\">Ver tambi\u00e9n el tutorial:<\/p>\n<ul class=\"lp-2013 clearfix\">\n<li style=\"float: none;\"><a style=\"margin: 0 auto;\" title=\"Imprimir etiquetas desde excel Excel\" href=\"http:\/\/www.labeljoy.com\/es\/soporte\/como-hacer\/imprimir-etiquetas-desde-excel\/\"> <span class=\"lp-2013-title\">Imprimir desde Excel <\/span><span class=\"lp-2013-description\">&#8211; Base de datos<br \/>\n&#8211; Configuraciones<br \/>\n&#8211; Filas de Excel<br \/>\n&#8211; Filtros<\/span><img decoding=\"async\" src=\"http:\/\/www.labeljoy.com\/images\/how-to\/icons\/excel.png\" alt=\"Excel icono\" width=\"48\" height=\"48\" \/><\/a><\/li>\n<\/ul>\n","protected":false},"excerpt":{"rendered":"<p>C\u00f3mo cargar datos desde Excel Labeljoy 6 le permite conectar fuentes de datos externas, como una hoja de c\u00e1lculo de Excel, y utilizar los datos en las etiquetas. As\u00ed puede crear etiquetas personalizadas de forma r\u00e1pida y eficaz. La funci\u00f3n de actualizaci\u00f3n de datos permite editar y modificar los datos de Excel y actualizar todas &#8230; <a title=\"Cargar datos desde Excel\" class=\"read-more\" href=\"https:\/\/www.labeljoy.com\/es\/videos\/como-cargar-datos-desde-excel\/\" aria-label=\"Leer m\u00e1s sobre Cargar datos desde Excel\">Read more<\/a><\/p>\n","protected":false},"author":12,"featured_media":0,"parent":28878,"menu_order":0,"comment_status":"closed","ping_status":"closed","template":"","meta":{"inline_featured_image":false,"_monsterinsights_skip_tracking":false,"_monsterinsights_sitenote_active":false,"_monsterinsights_sitenote_note":"","_monsterinsights_sitenote_category":0,"footnotes":""},"class_list":{"0":"post-30088","1":"page","2":"type-page","3":"status-publish","5":"infinite-scroll-item"},"aioseo_notices":[],"_links":{"self":[{"href":"https:\/\/www.labeljoy.com\/es\/wp-json\/wp\/v2\/pages\/30088","targetHints":{"allow":["GET"]}}],"collection":[{"href":"https:\/\/www.labeljoy.com\/es\/wp-json\/wp\/v2\/pages"}],"about":[{"href":"https:\/\/www.labeljoy.com\/es\/wp-json\/wp\/v2\/types\/page"}],"author":[{"embeddable":true,"href":"https:\/\/www.labeljoy.com\/es\/wp-json\/wp\/v2\/users\/12"}],"replies":[{"embeddable":true,"href":"https:\/\/www.labeljoy.com\/es\/wp-json\/wp\/v2\/comments?post=30088"}],"version-history":[{"count":9,"href":"https:\/\/www.labeljoy.com\/es\/wp-json\/wp\/v2\/pages\/30088\/revisions"}],"predecessor-version":[{"id":45191,"href":"https:\/\/www.labeljoy.com\/es\/wp-json\/wp\/v2\/pages\/30088\/revisions\/45191"}],"up":[{"embeddable":true,"href":"https:\/\/www.labeljoy.com\/es\/wp-json\/wp\/v2\/pages\/28878"}],"wp:attachment":[{"href":"https:\/\/www.labeljoy.com\/es\/wp-json\/wp\/v2\/media?parent=30088"}],"curies":[{"name":"wp","href":"https:\/\/api.w.org\/{rel}","templated":true}]}}