{"id":30094,"date":"2018-06-28T17:26:18","date_gmt":"2018-06-28T17:26:18","guid":{"rendered":"https:\/\/www.labeljoy.com\/es\/?page_id=30094"},"modified":"2022-04-13T08:46:08","modified_gmt":"2022-04-13T08:46:08","slug":"como-ingresar-el-codigo-de-registro","status":"publish","type":"page","link":"https:\/\/www.labeljoy.com\/es\/videos\/como-ingresar-el-codigo-de-registro\/","title":{"rendered":"C\u00f3mo ingresar el c\u00f3digo de activaci\u00f3n"},"content":{"rendered":"<h2>C\u00f3mo ingresar el c\u00f3digo de activaci\u00f3n<\/h2>\n<p>C\u00f3mo activar Labeljoy y d\u00f3nde ingresar el c\u00f3digo activaci\u00f3n para usar el software en modo Basic o Full.<\/p>\n<div class=\"lyte-wrapper\" title=\"Labeljoy 6 - C&oacute;mo ingresar el c&oacute;digo de Activaci&oacute;n\" style=\"width:640px;max-width:100%;margin:5px;\"><div class=\"lyMe\" id=\"WYL_uMdnUtUJRnA\" itemprop=\"video\" itemscope itemtype=\"https:\/\/schema.org\/VideoObject\"><div><meta itemprop=\"thumbnailUrl\" content=\"https:\/\/www.labeljoy.com\/wp-content\/plugins\/wp-youtube-lyte\/lyteCache.php?origThumbUrl=https%3A%2F%2Fi.ytimg.com%2Fvi%2FuMdnUtUJRnA%2Fhqdefault.jpg\" \/><meta itemprop=\"embedURL\" content=\"https:\/\/www.youtube.com\/embed\/uMdnUtUJRnA\" \/><meta itemprop=\"duration\" content=\"PT1M44S\" \/><meta itemprop=\"uploadDate\" content=\"2018-06-28T17:26:02Z\" \/><\/div><div id=\"lyte_uMdnUtUJRnA\" data-src=\"https:\/\/www.labeljoy.com\/wp-content\/plugins\/wp-youtube-lyte\/lyteCache.php?origThumbUrl=https%3A%2F%2Fi.ytimg.com%2Fvi%2FuMdnUtUJRnA%2Fhqdefault.jpg\" class=\"pL\"><div class=\"tC\"><div class=\"tT\" itemprop=\"name\">Labeljoy 6 - C\u00f3mo ingresar el c\u00f3digo de Activaci\u00f3n<\/div><\/div><div class=\"play\"><\/div><div class=\"ctrl\"><div class=\"Lctrl\"><\/div><div class=\"Rctrl\"><\/div><\/div><\/div><noscript><a href=\"https:\/\/youtu.be\/uMdnUtUJRnA\" rel=\"nofollow\"><img decoding=\"async\" src=\"https:\/\/www.labeljoy.com\/wp-content\/plugins\/wp-youtube-lyte\/lyteCache.php?origThumbUrl=https%3A%2F%2Fi.ytimg.com%2Fvi%2FuMdnUtUJRnA%2F0.jpg\" alt=\"Labeljoy 6 - C&oacute;mo ingresar el c&oacute;digo de Activaci&oacute;n\" width=\"640\" height=\"340\" \/><br \/>Mire este video en YouTube<\/a><\/noscript><meta itemprop=\"description\" content=\"C\u00f3mo activar Labeljoy y d\u00f3nde ingresar el c\u00f3digo de Activaci\u00f3n para usar el software en modo Basic, Full o Server. M\u00e1s informaci\u00f3n: https:\/\/www.labeljoy.com\/es\/ayuda-lj6\/registro-de-software\/\"><\/div><\/div><div class=\"lL\" style=\"max-width:100%;width:640px;margin:5px;\"><\/div>\n<div class=\"lj-video-button hide\">\n  <a href=\"https:\/\/www.youtube.com\/embed\/uMdnUtUJRnA?rel=0&autoplay=1\" data-featherlight=\"iframe\" data-featherlight-iframe-width=\"800\" data-featherlight-iframe-height=\"610\" data-featherlight-iframe-frameborder=\"0\" data-featherlight-iframe-allow=\"autoplay; encrypted-media\" data-featherlight-iframe-allowfullscreen=\"true\" title=\"Reproducir el video tutorial\">Reproducir el video tutorial <i class=\"fa fa-play-circle fa-2x\"><\/i><\/a>\n<\/div>\n","protected":false},"excerpt":{"rendered":"<p>C\u00f3mo ingresar el c\u00f3digo de activaci\u00f3n C\u00f3mo activar Labeljoy y d\u00f3nde ingresar el c\u00f3digo activaci\u00f3n para usar el software en modo Basic o Full.<\/p>\n","protected":false},"author":12,"featured_media":0,"parent":28878,"menu_order":0,"comment_status":"open","ping_status":"closed","template":"","meta":{"inline_featured_image":false,"_monsterinsights_skip_tracking":false,"_monsterinsights_sitenote_active":false,"_monsterinsights_sitenote_note":"","_monsterinsights_sitenote_category":0,"footnotes":""},"class_list":{"0":"post-30094","1":"page","2":"type-page","3":"status-publish","5":"infinite-scroll-item"},"aioseo_notices":[],"_links":{"self":[{"href":"https:\/\/www.labeljoy.com\/es\/wp-json\/wp\/v2\/pages\/30094","targetHints":{"allow":["GET"]}}],"collection":[{"href":"https:\/\/www.labeljoy.com\/es\/wp-json\/wp\/v2\/pages"}],"about":[{"href":"https:\/\/www.labeljoy.com\/es\/wp-json\/wp\/v2\/types\/page"}],"author":[{"embeddable":true,"href":"https:\/\/www.labeljoy.com\/es\/wp-json\/wp\/v2\/users\/12"}],"replies":[{"embeddable":true,"href":"https:\/\/www.labeljoy.com\/es\/wp-json\/wp\/v2\/comments?post=30094"}],"version-history":[{"count":6,"href":"https:\/\/www.labeljoy.com\/es\/wp-json\/wp\/v2\/pages\/30094\/revisions"}],"predecessor-version":[{"id":37407,"href":"https:\/\/www.labeljoy.com\/es\/wp-json\/wp\/v2\/pages\/30094\/revisions\/37407"}],"up":[{"embeddable":true,"href":"https:\/\/www.labeljoy.com\/es\/wp-json\/wp\/v2\/pages\/28878"}],"wp:attachment":[{"href":"https:\/\/www.labeljoy.com\/es\/wp-json\/wp\/v2\/media?parent=30094"}],"curies":[{"name":"wp","href":"https:\/\/api.w.org\/{rel}","templated":true}]}}