{"id":30352,"date":"2018-07-20T09:31:44","date_gmt":"2018-07-20T09:31:44","guid":{"rendered":"https:\/\/www.labeljoy.com\/es\/?page_id=30352"},"modified":"2022-01-14T14:08:43","modified_gmt":"2022-01-14T14:08:43","slug":"gdpr-introduccion-objetivos","status":"publish","type":"page","link":"https:\/\/www.labeljoy.com\/es\/gdpr-introduccion-objetivos\/","title":{"rendered":"GDPR: Introducci\u00f3n \u2013 Objetivos"},"content":{"rendered":"<p><img decoding=\"async\" class=\"alignnone size-full wp-image-38309\" src=\"https:\/\/www.labeljoy.com\/wp-content\/uploads\/2018\/05\/gdpr-intro-2.png\" alt=\"\" width=\"1280\" height=\"700\" srcset=\"https:\/\/www.labeljoy.com\/wp-content\/uploads\/2018\/05\/gdpr-intro-2.png 1280w, https:\/\/www.labeljoy.com\/wp-content\/uploads\/2018\/05\/gdpr-intro-2-300x164.png 300w, https:\/\/www.labeljoy.com\/wp-content\/uploads\/2018\/05\/gdpr-intro-2-768x420.png 768w, https:\/\/www.labeljoy.com\/wp-content\/uploads\/2018\/05\/gdpr-intro-2-1024x560.png 1024w\" sizes=\"(max-width: 1280px) 100vw, 1280px\" \/><\/p>\n<p>Hemos redactado este documento para ayudarle a comprender nuestras pol\u00edticas de privacidad. Para facilitar tanto como sea posible, utilizamos un lenguaje claro y una estructura simple.<\/p>\n<p>Debido a que la Regulaci\u00f3n General de Protecci\u00f3n de Informaci\u00f3n (EU 2016\/679) entra en vigencia, estamos realizando muchas mejoras en el uso de Delivery Tech. Si bien algunas de estas reglas s\u00f3lo afectan a los usuarios en la Uni\u00f3n Europea (UE), los cambios tambi\u00e9n afectan a todos los usuarios.<\/p>\n<p>Aprender\u00e1 en este documento qu\u00e9 informaci\u00f3n obtenemos, para qu\u00e9 raz\u00f3n, por cu\u00e1nto tiempo y en d\u00f3nde almacenamos la informaci\u00f3n. Nuestro objetivo es explicar en forma simple, c\u00f3mo actualizar, administrar, exportar y eliminar su informaci\u00f3n.<\/p>\n<p>Tal como requiere expresamente la GDPR, cuando usted utiliza uno de nuestros servicios, puede ejercer su derecho en cualquier momento y con total transparencia. Lo invitamos a leer cuidadosamente las siguientes instrucciones y prestar atenci\u00f3n a aquellas \u00e1reas que m\u00e1s le interesan.<\/p>\n","protected":false},"excerpt":{"rendered":"<p>Hemos redactado este documento para ayudarle a comprender nuestras pol\u00edticas de privacidad. Para facilitar tanto como sea posible, utilizamos un lenguaje claro y una estructura simple. Debido a que la Regulaci\u00f3n General de Protecci\u00f3n de Informaci\u00f3n (EU 2016\/679) entra en vigencia, estamos realizando muchas mejoras en el uso de Delivery Tech. Si bien algunas de &#8230; <a title=\"GDPR: Introducci\u00f3n \u2013 Objetivos\" class=\"read-more\" href=\"https:\/\/www.labeljoy.com\/es\/gdpr-introduccion-objetivos\/\" aria-label=\"Leer m\u00e1s sobre GDPR: Introducci\u00f3n \u2013 Objetivos\">Read more<\/a><\/p>\n","protected":false},"author":12,"featured_media":0,"parent":0,"menu_order":2,"comment_status":"open","ping_status":"closed","template":"","meta":{"inline_featured_image":false,"_monsterinsights_skip_tracking":false,"_monsterinsights_sitenote_active":false,"_monsterinsights_sitenote_note":"","_monsterinsights_sitenote_category":0,"footnotes":""},"class_list":{"0":"post-30352","1":"page","2":"type-page","3":"status-publish","5":"infinite-scroll-item"},"aioseo_notices":[],"_links":{"self":[{"href":"https:\/\/www.labeljoy.com\/es\/wp-json\/wp\/v2\/pages\/30352","targetHints":{"allow":["GET"]}}],"collection":[{"href":"https:\/\/www.labeljoy.com\/es\/wp-json\/wp\/v2\/pages"}],"about":[{"href":"https:\/\/www.labeljoy.com\/es\/wp-json\/wp\/v2\/types\/page"}],"author":[{"embeddable":true,"href":"https:\/\/www.labeljoy.com\/es\/wp-json\/wp\/v2\/users\/12"}],"replies":[{"embeddable":true,"href":"https:\/\/www.labeljoy.com\/es\/wp-json\/wp\/v2\/comments?post=30352"}],"version-history":[{"count":2,"href":"https:\/\/www.labeljoy.com\/es\/wp-json\/wp\/v2\/pages\/30352\/revisions"}],"predecessor-version":[{"id":36375,"href":"https:\/\/www.labeljoy.com\/es\/wp-json\/wp\/v2\/pages\/30352\/revisions\/36375"}],"wp:attachment":[{"href":"https:\/\/www.labeljoy.com\/es\/wp-json\/wp\/v2\/media?parent=30352"}],"curies":[{"name":"wp","href":"https:\/\/api.w.org\/{rel}","templated":true}]}}