{"id":30355,"date":"2018-07-20T17:56:36","date_gmt":"2018-07-20T17:56:36","guid":{"rendered":"https:\/\/www.labeljoy.com\/es\/?page_id=30355"},"modified":"2018-07-20T21:55:09","modified_gmt":"2018-07-20T21:55:09","slug":"informacion-basica","status":"publish","type":"page","link":"https:\/\/www.labeljoy.com\/es\/gdpr-introduccion-objetivos\/informacion-basica\/","title":{"rendered":"Informaci\u00f3n b\u00e1sica"},"content":{"rendered":"<p><img decoding=\"async\" class=\"alignnone size-full wp-image-29573\" src=\"https:\/\/www.labeljoy.com\/wp-content\/uploads\/2018\/05\/gdpr-base.png\" alt=\"\" width=\"1280\" height=\"700\" srcset=\"https:\/\/www.labeljoy.com\/wp-content\/uploads\/2018\/05\/gdpr-base.png 1280w, https:\/\/www.labeljoy.com\/wp-content\/uploads\/2018\/05\/gdpr-base-300x164.png 300w, https:\/\/www.labeljoy.com\/wp-content\/uploads\/2018\/05\/gdpr-base-768x420.png 768w, https:\/\/www.labeljoy.com\/wp-content\/uploads\/2018\/05\/gdpr-base-1024x560.png 1024w\" sizes=\"(max-width: 1280px) 100vw, 1280px\" \/><\/p>\n<div class=\"one_third\">\n<h4>Qui\u00e9nes somos<\/h4>\n<\/div>\n<div class=\"two_thirds\">\n<p>Delivery Tech es una empresa con base en los Estados Unidos de Am\u00e9rica (EUA) y que opera desde California. Nuestra empresa ofrecer servicios globales, hemos apuntado a eDisplay Srl como nuestro representante Europeo. eDisplay Srl es responsable en la cooperaci\u00f3n con la autoridad de privacidad y con la gesti\u00f3n de la clientela Europea. Encontrar\u00e1 muchas referencias hacia eDisplay Srl en nuestros sitios.<\/p>\n<ul>\n<li><strong>Delivery Tech Corp., 4411 Morena Blvd #105, San Diego, CA 92117<\/strong><\/li>\n<li><strong>eDisplay Srl, Viale del lavoro 53, 08023, Fonni (NU)<\/strong><\/li>\n<\/ul>\n<\/div>\n<div class=\"hr hr-solid\">&nbsp;<\/div>\n<div class=\"one_third\">\n<h4>Alcance de cumplimiento con la privacidad y regulaciones de seguridad de EU \u2013 requerimientos Europeos<\/h4>\n<\/div>\n<div class=\"two_thirds\">\n<p>Debido a que Delivery Tech se encuentra ubicada en California, nuestra empresa se encuentra sujeta a las leyes de EU en lo referente a regulaciones de seguridad y privacidad.<br \/>\n<strong>Esta Noticia aplica s\u00f3lo si Delivery Tech procesa informaci\u00f3n de clientes con listas de contactos que contengan informaci\u00f3n personal de entidades de EU. Para cualquier otro cliente, aplican las leyes de privacidad del pa\u00eds en el cu\u00e1l la informaci\u00f3n obtenida es aplicada.<\/strong><br \/>\nSiempre nos encontramos muy presentes a la seguridad y privacidad de nuestros clientes de todo el mundo, por ello hemos tomado las acciones necesarias para asegurar el servicio m\u00e1s transparente y seguro posible. Esto incluye extender nuestra pol\u00edtica de privacidad 2016\/79 EU con vigencia del 25 de Mayo.<br \/>\nAl utilizar nuestros sitios web y nuestros servicios, usted entiende y otorga consentimiento a la obtenci\u00f3n, almacenamiento, procesamiento y transferencia de su informaci\u00f3n a nuestras instalaciones en los Estados Unidos como as\u00ed tambi\u00e9n a terceros. Aquellos terceros que pueden utilizar la informaci\u00f3n de acuerdo a los t\u00e9rminos y m\u00e9todos descriptos en esta declaraci\u00f3n.<br \/>\nPara proteger la informaci\u00f3n de ciudadanos Europeos ingresados en nuestros sistemas por nuestros usuarios, aplicamos un modelo de Acuerdo de Privacidad de Informaci\u00f3n (DPA). Indicamos m\u00e9todos de tratamiento, cooperaci\u00f3n y condiciones de servicio que hemos adoptado.<br \/>\nLos usuarios registrados de la UE (sean suscriptores o usuarios de nuestras versiones gratuitas) que utilizan Delivery Tech para prop\u00f3sitos comerciales deben unirse a nuestra DPR para continuar utilizando nuestras aplicaciones<\/p>\n<\/div>\n<div class=\"hr hr-solid\">&nbsp;<\/div>\n<div class=\"one_third\">\n<h4>Controlador de Informaci\u00f3n<\/h4>\n<\/div>\n<div class=\"two_thirds\">\n<p>En Delivery Tech Corp. tambi\u00e9n actuamos como controladores de informaci\u00f3n pero s\u00f3lo cuando obtenemos su informaci\u00f3n personal para nuestro propio uso durante la entrega de los servicios que ha adquirido. En ese instante, establecemos una relaci\u00f3n directa entre usted y nosotros.<br \/>\nComo controladores de informaci\u00f3n garantizamos cumplimiento con las reglas respectivas a la protecci\u00f3n de informaci\u00f3n personal. Proveemos toda la informaci\u00f3n necesaria sobre el procesamiento de informaci\u00f3n, tanta informaci\u00f3n comunicada en forma directa y voluntaria y cualquier informaci\u00f3n obtenida por nuestro sistema mientras navega el sitio web y utiliza nuestros servicios.<br \/>\nEspec\u00edficamente, el procesador de informaci\u00f3n para Delivery Tech Corp. Es nuestro administrador, asignado por el Oficial de Protecci\u00f3n de Informaci\u00f3n (DPO), quien garantiza el cumplimiento de las reglas impuestas por GDPR.<br \/>\nEl procesador de informaci\u00f3n siempre puede ser contactado a trav\u00e9s de esta direcci\u00f3n de correo electr\u00f3nico:<a href=\"mailto:privacy@edisplay.it\" target=\"_blank\" rel=\"noopener\">privacy@edisplay.it<\/a><\/p>\n<\/div>\n<div class=\"hr hr-solid\">&nbsp;<\/div>\n<div class=\"one_third\">\n<h4>Procesador de Informaci\u00f3n<\/h4>\n<\/div>\n<div class=\"two_thirds\">\n<p>Cuando usted utiliza nuestros servicios, puede importar informaci\u00f3n en su sistema junto con la informaci\u00f3n personal que ha obtenido de sus suscriptores u otras personas. En este caso, debido a que no existe relaci\u00f3n directa con nuestros miembros o alguien m\u00e1s aparte de usted, usted se convierte en el controlador de informaci\u00f3n. Ser\u00e1 su tarea asegurar poseer la autorizaci\u00f3n apropiada para obtener y procesar informaci\u00f3n relativa a los varios sujetos.<br \/>\nEn forma consistente con el uso de informaci\u00f3n personal procesada, usted ingresa a nuestro Acuerdo de Pol\u00edtica de Privacidad (DPR) con Delivery Tech como proveedor de servicios para sus suscriptores mediante nuestras plataformas. El acuerdo asegura el uso correcto de informaci\u00f3n con las garant\u00edas respectivas que proveemos como procesador de informaci\u00f3n.<br \/>\nEn este caso mantenemos informaci\u00f3n personal, procesada en nombre de nuestros usuarios, siempre que sea requerida para:<\/p>\n<ul style=\"list-style-type: upper-latin;\">\n<li>proveer nuestros servicios;<\/li>\n<li>cumplir con nuestras obligaciones legales;<\/li>\n<li>resolver disputas;<\/li>\n<li>prevenir el abuso;<\/li>\n<li>asegurar nuestros acuerdos.<\/li>\n<\/ul>\n<\/div>\n<div class=\"hr hr-solid\">&nbsp;<\/div>\n<div class=\"one_third\">\n<h4>UE Representante del controlador de informaci\u00f3n<\/h4>\n<\/div>\n<div class=\"two_thirds\">\n<p>En el caso espec\u00edfico en donde Delivery Tech es tanto controlador de informaci\u00f3n para un ciudadano Europeo hemos designado un representante de UE para actuar en representaci\u00f3n de Delivery Tech durante las fases de cooperaci\u00f3n con las autoridades de control.<br \/>\nEl representante UE de Delivery Tech Corp. es eDisplay Srl. Debido a que nuestras oficinas se encuentran en California y operamos desde los Estados Unidos, esta es una tarea vital que nos permite otorgarle el mejor soporte. Para clientes europeos, eDisplay Srl tambi\u00e9n otorgar\u00e1 facturaci\u00f3n y minimizar\u00e1 la transferencia de informaci\u00f3n hacia y desde los Estados Unidos.<\/p>\n<\/div>\n<div class=\"hr hr-solid\">&nbsp;<\/div>\n<div class=\"one_third\">\n<h4>Escudo de Privacidad de Informaci\u00f3n<\/h4>\n<\/div>\n<div class=\"two_thirds\">\n<p>Delivery Tech se encuentra a la espera de la aprobaci\u00f3n para ofrecer un certificado de cumplimiento con el Marco de Escudo de Privacidad con UE-USA. Nos encontramos comprometidos a enviar toda la informaci\u00f3n personal recibida desde estados miembros de la UE para que puedan aplicar los principios del Marco de Escudo de Privacidad.<br \/>\nPara mayor informaci\u00f3n sobre los Marcos de Escudo de Privacidad, por favor visite el sitio web de Escudo de Privacidad del Departamento de Comercio de los Estados Unidos:\u00a0<a href=\"https:\/\/www.privacyshield.gov\/welcome\">https:\/\/www.privacyshield.gov\/welcome<\/a><\/p>\n<\/div>\n","protected":false},"excerpt":{"rendered":"","protected":false},"author":12,"featured_media":0,"parent":30352,"menu_order":0,"comment_status":"open","ping_status":"closed","template":"page-template-left-sidebar.php","meta":{"inline_featured_image":false,"_monsterinsights_skip_tracking":false,"_monsterinsights_sitenote_active":false,"_monsterinsights_sitenote_note":"","_monsterinsights_sitenote_category":0,"footnotes":""},"class_list":{"0":"post-30355","1":"page","2":"type-page","3":"status-publish","5":"infinite-scroll-item"},"aioseo_notices":[],"_links":{"self":[{"href":"https:\/\/www.labeljoy.com\/es\/wp-json\/wp\/v2\/pages\/30355","targetHints":{"allow":["GET"]}}],"collection":[{"href":"https:\/\/www.labeljoy.com\/es\/wp-json\/wp\/v2\/pages"}],"about":[{"href":"https:\/\/www.labeljoy.com\/es\/wp-json\/wp\/v2\/types\/page"}],"author":[{"embeddable":true,"href":"https:\/\/www.labeljoy.com\/es\/wp-json\/wp\/v2\/users\/12"}],"replies":[{"embeddable":true,"href":"https:\/\/www.labeljoy.com\/es\/wp-json\/wp\/v2\/comments?post=30355"}],"version-history":[{"count":3,"href":"https:\/\/www.labeljoy.com\/es\/wp-json\/wp\/v2\/pages\/30355\/revisions"}],"predecessor-version":[{"id":30358,"href":"https:\/\/www.labeljoy.com\/es\/wp-json\/wp\/v2\/pages\/30355\/revisions\/30358"}],"up":[{"embeddable":true,"href":"https:\/\/www.labeljoy.com\/es\/wp-json\/wp\/v2\/pages\/30352"}],"wp:attachment":[{"href":"https:\/\/www.labeljoy.com\/es\/wp-json\/wp\/v2\/media?parent=30355"}],"curies":[{"name":"wp","href":"https:\/\/api.w.org\/{rel}","templated":true}]}}