{"id":30361,"date":"2018-07-20T22:06:31","date_gmt":"2018-07-20T22:06:31","guid":{"rendered":"https:\/\/www.labeljoy.com\/es\/?page_id=30361"},"modified":"2018-07-20T22:19:14","modified_gmt":"2018-07-20T22:19:14","slug":"reglamento-eu-2016679-gdpr","status":"publish","type":"page","link":"https:\/\/www.labeljoy.com\/es\/reglamento-eu-2016679-gdpr\/","title":{"rendered":"Reglamento (EU) 2016\/679 \u2013 GDPR"},"content":{"rendered":"<p><strong>La protecci\u00f3n de la privacidad de nuestros usuarios es una prioridad para nosotros<\/strong>,es por ello que utilizamos todas las medidas y las mejores pr\u00e1cticas para la protecci\u00f3n de datos. Nuestro trabajo se encuentra basado en la Privacidad por Dise\u00f1o.<\/p>\n<p>Nuestra empresa ya ha elevado nuestros est\u00e1ndares, en cumplimiento con <strong>GDPR<\/strong> (Regulaci\u00f3n General de Protecci\u00f3n de Datos. Para nosotros es un paso importante garantizar<br \/>\n <strong>mayor seguridad en su informaci\u00f3n<\/strong>.<br \/>\nDeseamos compartir con usted nuestras medidas para mejorar la seguridad, adem\u00e1s, deseamos ayudarle a cumplir con GDPR.<\/p>\n<p>Si desea observar los conceptos b\u00e1sicos de GDPR, puede observar <a href=\"\/es\/gdpr-conceptos-basicos\/\"><strong>nuestra gu\u00eda<\/strong><\/a>, escrita especialmente para usted.<\/p>\n<p>&nbsp;<\/p>\n<h2>Su Informaci\u00f3n Se Encuentra Segura<\/h2>\n<p>Hace tiempo, nuestro equipo ha implementado algunas mejoras para proteger su informaci\u00f3n y privacidad. Por ello, ya nos encontramos perfectamente alineados con GDPR.<\/p>\n<p><strong>Nuestro compromiso es continuo<\/strong>, de hecho, regularmente verificamos la eficiencia y la adecuaci\u00f3n de nuestras medidas adoptadas y ejecutadas, a los fines de garantizar la protecci\u00f3n de nuestra base de datos, los derechos y libertades fundamentales de las personas, y la aplicaci\u00f3n del proceso de informaci\u00f3n por parte de quienes utilizan nuestros servicios.<\/p>\n<p>En la siguiente tabla, encontrar\u00e1 todos los detalles sobre el trabajo realizado que le permite utilizar nuestros productos y servicios en forma segura.<\/p>\n<table class=\"gdpr-table\">\n<tbody>\n<tr>\n<td align=\"left\" valign=\"center\">Hemos designado un Oficial de Protecci\u00f3n de Informaci\u00f3n<\/td>\n<td align=\"center\" valign=\"top\" width=\"100\"><img decoding=\"async\" width=\"28\" height=\"28\" src=\"\/images\/check-ok.png\" alt=\"\" \/><\/td>\n<\/tr>\n<tr>\n<td align=\"left\" valign=\"center\">Hemos entrenado un equipo involucrado en el procesamiento de informaci\u00f3n y actividades de control relacionadas<\/td>\n<td align=\"center\" valign=\"top\" width=\"100\"><img decoding=\"async\" width=\"28\" height=\"28\" src=\"\/images\/check-ok.png\" alt=\"\" \/><\/td>\n<\/tr>\n<tr>\n<td align=\"left\" valign=\"center\">Nuestra pol\u00edtica sobre los derechos de Sujeto de Informaci\u00f3n y los procedimientos constituyen la prueba de que el consentimiento para procesar la informaci\u00f3n ha sido actualizado<\/td>\n<td align=\"center\" valign=\"top\" width=\"100\"><img decoding=\"async\" width=\"28\" height=\"28\" src=\"\/images\/check-ok.png\" alt=\"\" \/><\/td>\n<\/tr>\n<tr>\n<td align=\"left\" valign=\"center\">Hemos creado una declaraci\u00f3n detallada y adecuada para GDPR, f\u00e1cil de comprender, para permitir a los Sujetos de Informaci\u00f3n conocer sobre la posibilidad de ejercer sus derechos<\/td>\n<td align=\"center\" valign=\"top\" width=\"100\"><img decoding=\"async\" width=\"28\" height=\"28\" src=\"\/images\/check-ok.png\" alt=\"\" \/><\/td>\n<\/tr>\n<tr>\n<td align=\"left\" valign=\"center\">En caso de violaci\u00f3n de informaci\u00f3n personal nuestros procedimientos de respuesta son r\u00e1pidos, y se ejecutan sin demora una vez detectada la anomal\u00eda<\/td>\n<td align=\"center\" valign=\"top\" width=\"100\"><img decoding=\"async\" width=\"28\" height=\"28\" src=\"\/images\/check-ok.png\" alt=\"\" \/><\/td>\n<\/tr>\n<tr>\n<td align=\"left\" valign=\"center\">Hemos aplicado principios de GDPR sobre varios aspectos del procesamiento de informaci\u00f3n: actividades, objetivos, descripci\u00f3n de categor\u00edas de recipientes y eventuales transferencias de informaci\u00f3n<\/td>\n<td align=\"center\" valign=\"top\" width=\"100\"><img decoding=\"async\" width=\"28\" height=\"28\" src=\"\/images\/check-ok.png\" alt=\"\" \/><\/td>\n<\/tr>\n<tr>\n<td align=\"left\" valign=\"center\">Hemos aplicado principios de GDPR sobre varios aspectos del procesamiento de informaci\u00f3n: actividades, objetivos, descripci\u00f3n de categor\u00edas de recipientes<\/td>\n<td align=\"center\" valign=\"top\" width=\"100\"><img decoding=\"async\" width=\"28\" height=\"28\" src=\"\/images\/check-ok.png\" alt=\"\" \/><\/td>\n<\/tr>\n<tr>\n<td align=\"left\" valign=\"center\">Nuestras medidas t\u00e9cnicas y organizacionales han sido consolidadas<\/td>\n<td align=\"center\" valign=\"top\" width=\"100\"><img decoding=\"async\" width=\"28\" height=\"28\" src=\"\/images\/check-ok.png\" alt=\"\" \/><\/td>\n<\/tr>\n<tr>\n<td align=\"left\" valign=\"center\">Garantizamos el derecho a la portabilidad de informaci\u00f3n del sujeto desde y hacia sistemas de terceros<\/td>\n<td align=\"center\" valign=\"top\" width=\"100\"><img decoding=\"async\" width=\"28\" height=\"28\" src=\"\/images\/check-ok.png\" alt=\"\" \/><\/td>\n<\/tr>\n<tr>\n<td align=\"left\" valign=\"center\">El nivel de protecci\u00f3n para la transferencia de informaci\u00f3n hacia pa\u00edses fuera de la UE ha sido reforzado con protocolos adecuados<\/td>\n<td align=\"center\" valign=\"top\" width=\"100\"><img decoding=\"async\" width=\"28\" height=\"28\" src=\"\/images\/check-ok.png\" alt=\"\" \/><\/td>\n<\/tr>\n<tr>\n<td align=\"left\" valign=\"center\">Hace tiempo hemos adoptado la Privacidad por dise\u00f1o, para implementar la eficiencia de los principios de GDPR en la protecci\u00f3n de informaci\u00f3n y procesamiento de informaci\u00f3n<\/td>\n<td align=\"center\" valign=\"top\" width=\"100\"><img decoding=\"async\" width=\"28\" height=\"28\" src=\"\/images\/check-ok.png\" alt=\"\" \/><\/td>\n<\/tr>\n<tr>\n<td align=\"left\" valign=\"center\">El 24 de mayo de 2018 publicaremos la nueva circular<\/td>\n<td align=\"center\" valign=\"top\" width=\"100\"><img decoding=\"async\" width=\"28\" height=\"28\" src=\"\/images\/check-ok.png\" alt=\"\" \/><\/td>\n<\/tr>\n<\/tbody>\n<\/table>\n","protected":false},"excerpt":{"rendered":"<p>La protecci\u00f3n de la privacidad de nuestros usuarios es una prioridad para nosotros,es por ello que utilizamos todas las medidas y las mejores pr\u00e1cticas para la protecci\u00f3n de datos. Nuestro trabajo se encuentra basado en la Privacidad por Dise\u00f1o. Nuestra empresa ya ha elevado nuestros est\u00e1ndares, en cumplimiento con GDPR (Regulaci\u00f3n General de Protecci\u00f3n de &#8230; <a title=\"Reglamento (EU) 2016\/679 \u2013 GDPR\" class=\"read-more\" href=\"https:\/\/www.labeljoy.com\/es\/reglamento-eu-2016679-gdpr\/\" aria-label=\"Leer m\u00e1s sobre Reglamento (EU) 2016\/679 \u2013 GDPR\">Read more<\/a><\/p>\n","protected":false},"author":12,"featured_media":0,"parent":0,"menu_order":2,"comment_status":"open","ping_status":"closed","template":"","meta":{"inline_featured_image":false,"_monsterinsights_skip_tracking":false,"_monsterinsights_sitenote_active":false,"_monsterinsights_sitenote_note":"","_monsterinsights_sitenote_category":0,"footnotes":""},"class_list":{"0":"post-30361","1":"page","2":"type-page","3":"status-publish","5":"infinite-scroll-item"},"aioseo_notices":[],"_links":{"self":[{"href":"https:\/\/www.labeljoy.com\/es\/wp-json\/wp\/v2\/pages\/30361","targetHints":{"allow":["GET"]}}],"collection":[{"href":"https:\/\/www.labeljoy.com\/es\/wp-json\/wp\/v2\/pages"}],"about":[{"href":"https:\/\/www.labeljoy.com\/es\/wp-json\/wp\/v2\/types\/page"}],"author":[{"embeddable":true,"href":"https:\/\/www.labeljoy.com\/es\/wp-json\/wp\/v2\/users\/12"}],"replies":[{"embeddable":true,"href":"https:\/\/www.labeljoy.com\/es\/wp-json\/wp\/v2\/comments?post=30361"}],"version-history":[{"count":2,"href":"https:\/\/www.labeljoy.com\/es\/wp-json\/wp\/v2\/pages\/30361\/revisions"}],"predecessor-version":[{"id":30365,"href":"https:\/\/www.labeljoy.com\/es\/wp-json\/wp\/v2\/pages\/30361\/revisions\/30365"}],"wp:attachment":[{"href":"https:\/\/www.labeljoy.com\/es\/wp-json\/wp\/v2\/media?parent=30361"}],"curies":[{"name":"wp","href":"https:\/\/api.w.org\/{rel}","templated":true}]}}