{"id":30372,"date":"2018-07-22T22:28:43","date_gmt":"2018-07-22T22:28:43","guid":{"rendered":"https:\/\/www.labeljoy.com\/es\/?page_id=30372"},"modified":"2018-07-22T22:30:06","modified_gmt":"2018-07-22T22:30:06","slug":"acceso-exportacion-modificacion-y-remocion-de-la-informacion","status":"publish","type":"page","link":"https:\/\/www.labeljoy.com\/es\/gdpr-introduccion-objetivos\/acceso-exportacion-modificacion-y-remocion-de-la-informacion\/","title":{"rendered":"Acceso, exportaci\u00f3n, modificaci\u00f3n y remoci\u00f3n de la informaci\u00f3n"},"content":{"rendered":"<p><img decoding=\"async\" class=\"alignnone size-full wp-image-29568\" src=\"https:\/\/www.labeljoy.com\/wp-content\/uploads\/2018\/05\/gdpr-esporta.png\" alt=\"\" width=\"1280\" height=\"700\" srcset=\"https:\/\/www.labeljoy.com\/wp-content\/uploads\/2018\/05\/gdpr-esporta.png 1280w, https:\/\/www.labeljoy.com\/wp-content\/uploads\/2018\/05\/gdpr-esporta-300x164.png 300w, https:\/\/www.labeljoy.com\/wp-content\/uploads\/2018\/05\/gdpr-esporta-768x420.png 768w, https:\/\/www.labeljoy.com\/wp-content\/uploads\/2018\/05\/gdpr-esporta-1024x560.png 1024w\" sizes=\"(max-width: 1280px) 100vw, 1280px\" \/><\/p>\n<div class=\"one_third\">\n<h4>Derecho al acceso, rectificaci\u00f3n, y oposici\u00f3n<\/h4>\n<\/div>\n<div class=\"two_thirds\">\n<p>Hemos establecido mecanismos y procedimientos que, en cualquier momento y por cualquier raz\u00f3n leg\u00edtima, le garantizamos la capacidad de:<\/p>\n<ul>\n<li>oponerse al procesamiento de la informaci\u00f3n;<\/li>\n<li>solicitar la cancelaci\u00f3n, modificaci\u00f3n, o actualizaci\u00f3n de toda su informaci\u00f3n personal en nuestra posesi\u00f3n.<\/li>\n<\/ul>\n<p>Delivery Tech tambi\u00e9n le permite cambiar su informaci\u00f3n cuando lo desee accediendo a su perfil mediante nuestros portales o contact\u00e1ndonos en la direcci\u00f3n de email indicada en la secci\u00f3n de privacidad del sitio web espec\u00edfico al servicio.<br \/>\nPuede cancelar la suscripci\u00f3n a nuestro newsletter u optar por no recibir comunicaciones comerciales v\u00eda email. Simplemente utilice el v\u00ednculo de cancelaci\u00f3n incluido en cada email.<br \/>\nUsted puede reenviar solicitudes de cancelaci\u00f3n, modificaci\u00f3n o actualizaci\u00f3n de informaci\u00f3n personal en forma electr\u00f3nica utilizando los formularios apropiados o inform\u00e1ndonos por email.<br \/>\nEstas solicitudes ser\u00e1n procesadas en un m\u00e1ximo de 30 d\u00edas, a menos que exista una demora justificada.<br \/>\nSi Delivery Tech es el procesador de informaci\u00f3n, de acuerdo con el principio de cooperaci\u00f3n, ayudaremos al controlador de informaci\u00f3n a implementar las solicitudes mencionadas anteriormente.<\/p>\n<\/div>\n<div class=\"hr hr-solid\">&nbsp;<\/div>\n<div class=\"one_third\">\n<h4>Derecho a ser olvidado<\/h4>\n<\/div>\n<div class=\"two_thirds\">\n<p>Hemos generado todos los procedimientos necesarios para garantizarle el derecho a ser olvidado, el cu\u00e1l le permite corregir su informaci\u00f3n personal.<br \/>\nEn respuesta a su solicitud leg\u00edtima eliminaremos su informaci\u00f3n que no se encuentre sujeta a cualquier tipo de procesamiento. Tampoco utilizaremos su informaci\u00f3n para ning\u00fan otro prop\u00f3sito m\u00e1s que los necesarios para los cuales la informaci\u00f3n ha sido procesada u obtenida previamente.<br \/>\nUsted posee el derecho a revocar su consentimiento u oponerse al procesamiento de informaci\u00f3n si cree que la \u00faltima no cumple con esta regulaci\u00f3n.<br \/>\nPara ejercer este derecho usted deber\u00e1 probar que es elegible para realizar la solicitud envi\u00e1ndonos documentos que prueben su identidad. Por favor recuerde explicar su decisi\u00f3n.<br \/>\nUna vez que hemos recibido su comunicaci\u00f3n, responderemos tan pronto como sea posible confirmar y demostrar la cancelaci\u00f3n de su informaci\u00f3n.<\/p>\n<\/div>\n<div class=\"hr hr-solid\">&nbsp;<\/div>\n<div class=\"one_third\">\n<h4>Derecho a la portabilidad de informaci\u00f3n<\/h4>\n<\/div>\n<div class=\"two_thirds\">\n<p>Para reforzar el control de cualquier informaci\u00f3n procesada autom\u00e1ticamente, usted poseer\u00e1 el derecho a descargar esta informaci\u00f3n desde nuestras aplicaciones.<br \/>\nLa informaci\u00f3n se encontrar\u00e1 disponible en formato estructurado, utilizado com\u00fanmente y legible por dispositivos electr\u00f3nicos (tales como computadoras, smartphones, tablets, etc.)<br \/>\nLos archivos con su informaci\u00f3n personal podr\u00edan ser transmitidos a otros controladores de informaci\u00f3n similares, asegurando su derecho a la portabilidad de informaci\u00f3n.<\/p>\n<\/div>\n<div class=\"hr hr-solid\">&nbsp;<\/div>\n<div class=\"one_third\">\n<h4>Derecho a revocaci\u00f3n del consentimiento para el procesamiento de informaci\u00f3n<\/h4>\n<\/div>\n<div class=\"two_thirds\">\n<p>Si no desea recibir nuestros emails promocionales, puede seguir las instrucciones para la remoci\u00f3n de nuestra lista de contactos incluida en cada email.<br \/>\nRecuerde: la remoci\u00f3n del consentimiento para el procesamiento de la informaci\u00f3n, limitada al uso de nuestro servicio ofrecido libre de cargo, suspende <em>ipso jure<\/em> la provisi\u00f3n<\/p>\n<\/div>\n<div class=\"hr hr-solid\">&nbsp;<\/div>\n<div class=\"one_third\">\n<h4>Derecho a la revocaci\u00f3n del consentimiento para el procesamiento de informaci\u00f3n de miembros de las listas de nuestros clientes<\/h4>\n<\/div>\n<div class=\"two_thirds\">\n<p>Si usted ha suscripto a la lista de contactos de uno de nuestros usuarios, le recordamos que usted es el \u00fanico responsable por el procesamiento de informaci\u00f3n. El usuario es el controlador de informaci\u00f3n, y este usuario debe eliminar o actualizar su informaci\u00f3n.<br \/>\nSi usted no desea recibir comunicaciones enviadas por uno de nuestros usuarios, lo invitamos a cancelar la suscripci\u00f3n mediante el v\u00ednculo disponible en el email recibido, o contactar con el usuario en cuesti\u00f3n en forma directa para realizar su solicitud.<br \/>\nUna solicitud realizada para revocar su consentimiento para el procesamiento de su informaci\u00f3n, ser\u00e1 reportada al usuario que posee su informaci\u00f3n en su lista de contactos. Este usuario deber\u00e1 remover o actualizar su informaci\u00f3n.<\/p>\n<\/div>\n","protected":false},"excerpt":{"rendered":"","protected":false},"author":12,"featured_media":0,"parent":30352,"menu_order":0,"comment_status":"open","ping_status":"closed","template":"page-template-left-sidebar.php","meta":{"inline_featured_image":false,"_monsterinsights_skip_tracking":false,"_monsterinsights_sitenote_active":false,"_monsterinsights_sitenote_note":"","_monsterinsights_sitenote_category":0,"footnotes":""},"class_list":{"0":"post-30372","1":"page","2":"type-page","3":"status-publish","5":"infinite-scroll-item"},"aioseo_notices":[],"_links":{"self":[{"href":"https:\/\/www.labeljoy.com\/es\/wp-json\/wp\/v2\/pages\/30372","targetHints":{"allow":["GET"]}}],"collection":[{"href":"https:\/\/www.labeljoy.com\/es\/wp-json\/wp\/v2\/pages"}],"about":[{"href":"https:\/\/www.labeljoy.com\/es\/wp-json\/wp\/v2\/types\/page"}],"author":[{"embeddable":true,"href":"https:\/\/www.labeljoy.com\/es\/wp-json\/wp\/v2\/users\/12"}],"replies":[{"embeddable":true,"href":"https:\/\/www.labeljoy.com\/es\/wp-json\/wp\/v2\/comments?post=30372"}],"version-history":[{"count":2,"href":"https:\/\/www.labeljoy.com\/es\/wp-json\/wp\/v2\/pages\/30372\/revisions"}],"predecessor-version":[{"id":30375,"href":"https:\/\/www.labeljoy.com\/es\/wp-json\/wp\/v2\/pages\/30372\/revisions\/30375"}],"up":[{"embeddable":true,"href":"https:\/\/www.labeljoy.com\/es\/wp-json\/wp\/v2\/pages\/30352"}],"wp:attachment":[{"href":"https:\/\/www.labeljoy.com\/es\/wp-json\/wp\/v2\/media?parent=30372"}],"curies":[{"name":"wp","href":"https:\/\/api.w.org\/{rel}","templated":true}]}}