{"id":30376,"date":"2018-07-22T22:36:06","date_gmt":"2018-07-22T22:36:06","guid":{"rendered":"https:\/\/www.labeljoy.com\/es\/?page_id=30376"},"modified":"2018-07-22T22:36:29","modified_gmt":"2018-07-22T22:36:29","slug":"seguridad","status":"publish","type":"page","link":"https:\/\/www.labeljoy.com\/es\/gdpr-introduccion-objetivos\/seguridad\/","title":{"rendered":"Seguridad"},"content":{"rendered":"<p><img decoding=\"async\" class=\"alignnone size-full wp-image-29571\" src=\"https:\/\/www.labeljoy.com\/wp-content\/uploads\/2018\/05\/gdpr-protect.png\" alt=\"\" width=\"1280\" height=\"700\" srcset=\"https:\/\/www.labeljoy.com\/wp-content\/uploads\/2018\/05\/gdpr-protect.png 1280w, https:\/\/www.labeljoy.com\/wp-content\/uploads\/2018\/05\/gdpr-protect-300x164.png 300w, https:\/\/www.labeljoy.com\/wp-content\/uploads\/2018\/05\/gdpr-protect-768x420.png 768w, https:\/\/www.labeljoy.com\/wp-content\/uploads\/2018\/05\/gdpr-protect-1024x560.png 1024w\" sizes=\"(max-width: 1280px) 100vw, 1280px\" \/><\/p>\n<div class=\"one_third\">\n<h4>Medidas T\u00e9cnicas<\/h4>\n<\/div>\n<div class=\"two_thirds\">\n<p>Delivery Tech otorga la mayor importancia a la seguridad e integridad de su informaci\u00f3n personal. De acuerdo con GDPR, nos comprometemos diariamente a tomar todos los recaudos necesarios para preservar la seguridad de su informaci\u00f3n, y en particular, para protegerla de:<\/p>\n<ul>\n \t<lidestrucci\u00f3n accidental o il\u00edcita;<\/li>\n<li>p\u00e9rdida accidental o il\u00edcita;<\/li>\n<li>corrupci\u00f3n accidental o il\u00edcita;<\/li>\n<li>circulaci\u00f3n o revelaci\u00f3n a personas no autorizadas;<\/li>\n<li>acceso no autorizado;<\/li>\n<li>procesamiento ilegal.<\/li>\n<\/ul>\n<p>En este punto, hemos adoptado est\u00e1ndares de seguridad industrial y medidas de seguridad t\u00e9cnicas, incluyendo:<\/p>\n<ul>\n<li>un firewall multi nivel;<\/li>\n<li>antivirus probado y software de detecci\u00f3n de intrusi\u00f3n;<\/li>\n<li>transmisi\u00f3n de informaci\u00f3n encriptada mediante tecnolog\u00eda SSL \/ HTTPS \/ VPN.<\/li>\n<\/ul>\n<p>Para proteger la informaci\u00f3n personal de revelaciones no autorizadas, hemos utilizado c\u00f3digos desarrollados especialmente, como as\u00ed tambi\u00e9n algoritmos que aseguran la seguridad de las transacciones, el acceso y las copias de seguridad. Garantizamos el adecuado y correcto uso de la informaci\u00f3n:<\/p>\n<ul>\n<li>con procedimientos electr\u00f3nicos, f\u00edsicos y de gesti\u00f3n apropiados para salvaguardar y preservar la informaci\u00f3n obtenida mediante nuestros servicios;<\/li>\n<li>con el entrenamiento apropiado de todo el personal que ha obtenido autorizaci\u00f3n espec\u00edfica para acceder a la informaci\u00f3n de acuerdo con las provisiones de GDPR.<\/li>\n<\/ul>\n<p>De todas formas, no existe defensa absoluta contra los ataques de piratas o hackers. En el evento de una violaci\u00f3n a la seguridad (una \u201cviolaci\u00f3n de informaci\u00f3n\u201d), nos hemos comprometido a informarle sin demoras y trabajaremos con nuestra mejor capacidad para neutralizar la intrusi\u00f3n y minificar el impacto. En el evento de que usted sufra una p\u00e9rdida de informaci\u00f3n debido a una violaci\u00f3n de seguridad, nos comprometemos a proveerle toda la asistencia requerida para asegurar sus derechos.<br \/>\nSi, en un caso excepcional, la p\u00e9rdida sufrida es atribuible a una falta seria por parte de Delivery Tech, proveeremos una compensaci\u00f3n dentro de los l\u00edmites de responsabilidad provistos por nuestras Condiciones Generales de Uso.<br \/>\nSi un usuario, un suscriptor a su lista de contacto o un hacker descubre y aprovecha una falla de seguridad, dicha persona ser\u00e1 responsable por la acci\u00f3n. Delivery Tech tomar\u00e1 todas las medidas necesarias, incluyendo el inicio de acciones legales, para preservar la informaci\u00f3n y los derechos de nuestros usuarios y nosotros mismos, y para limitar cualquier efecto.<br \/>\nLas medidas mencionadas, son aquellas que hemos adoptado para la protecci\u00f3n de su informaci\u00f3n. Como usuario de nuestros servicios, aplicaciones o software, usted debe realizar las siguientes acciones:<\/p>\n<ul>\n<li>verificar la autenticaci\u00f3n de las personas que acceden a la informaci\u00f3n;<\/li>\n<li>usar una contrase\u00f1a lo suficientemente segura, recordando cambiarla en forma frecuente y nunca dejarla desatendida;<\/li>\n<li>aseg\u00farese de tomar las medidas de seguridad necesarias para el procesamiento de informaci\u00f3n por Delivery Tech y que usted comparte en canales de comunicaci\u00f3n no seguros.<\/li>\n<\/ul>\n<p>El prop\u00f3sito de estas medidas t\u00e9cnicas es asegurar que su informaci\u00f3n sea incomprensible o inaccesible a personas no autorizadas.<br \/>\nPor cualquier pregunta relacionada a la seguridad de nuestros servicios, aplicaciones y software, por favor contacte con nuestro equipo de soporte t\u00e9cnico disponible en nuestros canales oficiales: email, online, chat, telef\u00f3nico.<\/p>\n<\/div>\n<div class=\"hr hr-solid\">&nbsp;<\/div>\n<div class=\"one_third\">\n<h4>Acceso a la informaci\u00f3n autorizada para atenci\u00f3n al cliente y asistencia t\u00e9cnica<\/h4>\n<\/div>\n<div class=\"two_thirds\">\n<p>La informaci\u00f3n obtenida ser\u00e1 utilizada si es necesaria o instrumental para:<\/p>\n<ul>\n<li>entregar asistencia t\u00e9cnica a usuarios para los servicios provistos por Delivery Tech que afectan a los controladores o sus listas de contactos;<\/li>\n<li>llevar a cabo negociaciones comerciales por tel\u00e9fono o email;<\/li>\n<li>consejo comercial directo o indirecto.<\/li>\n<\/ul>\n<p>Su informaci\u00f3n puede ser procesada por los empleados de Delivery Tech o terceros que se han apuntado como procesadores externos. El propietario de la informaci\u00f3n ser\u00e1 informado en tiempo sobre los m\u00e9todos de tratamiento.<\/p>\n<\/div>\n<div class=\"hr hr-solid\">&nbsp;<\/div>\n<div class=\"one_third\">\n<h4>Minimizaci\u00f3n de procesamiento y archive de informaci\u00f3n<\/h4>\n<\/div>\n<div class=\"two_thirds\">\n<p>Hemos preparado medidas t\u00e9cnicas y organizacionales para garantizar el principio de minimizaci\u00f3n de procesamiento de informaci\u00f3n. Cualquier procesamiento de informaci\u00f3n siempre ser\u00e1 adecuado, relevante y limitado a los prop\u00f3sitos de archivo declarados.<br \/>\nEl procesamiento de informaci\u00f3n para prop\u00f3sitos estad\u00edsticos, archivo de inter\u00e9s p\u00fablico, investigaci\u00f3n cient\u00edfica o hist\u00f3rica se encuentra sujeto a las garant\u00edas apropiadas a los derechos y libertades de la parte interesada de acuerdo con las provisiones de GDPR.<\/p>\n<\/div>\n","protected":false},"excerpt":{"rendered":"","protected":false},"author":12,"featured_media":0,"parent":30352,"menu_order":0,"comment_status":"open","ping_status":"closed","template":"page-template-left-sidebar.php","meta":{"inline_featured_image":false,"_monsterinsights_skip_tracking":false,"_monsterinsights_sitenote_active":false,"_monsterinsights_sitenote_note":"","_monsterinsights_sitenote_category":0,"footnotes":""},"class_list":{"0":"post-30376","1":"page","2":"type-page","3":"status-publish","5":"infinite-scroll-item"},"aioseo_notices":[],"_links":{"self":[{"href":"https:\/\/www.labeljoy.com\/es\/wp-json\/wp\/v2\/pages\/30376","targetHints":{"allow":["GET"]}}],"collection":[{"href":"https:\/\/www.labeljoy.com\/es\/wp-json\/wp\/v2\/pages"}],"about":[{"href":"https:\/\/www.labeljoy.com\/es\/wp-json\/wp\/v2\/types\/page"}],"author":[{"embeddable":true,"href":"https:\/\/www.labeljoy.com\/es\/wp-json\/wp\/v2\/users\/12"}],"replies":[{"embeddable":true,"href":"https:\/\/www.labeljoy.com\/es\/wp-json\/wp\/v2\/comments?post=30376"}],"version-history":[{"count":1,"href":"https:\/\/www.labeljoy.com\/es\/wp-json\/wp\/v2\/pages\/30376\/revisions"}],"predecessor-version":[{"id":30377,"href":"https:\/\/www.labeljoy.com\/es\/wp-json\/wp\/v2\/pages\/30376\/revisions\/30377"}],"up":[{"embeddable":true,"href":"https:\/\/www.labeljoy.com\/es\/wp-json\/wp\/v2\/pages\/30352"}],"wp:attachment":[{"href":"https:\/\/www.labeljoy.com\/es\/wp-json\/wp\/v2\/media?parent=30376"}],"curies":[{"name":"wp","href":"https:\/\/api.w.org\/{rel}","templated":true}]}}