{"id":32062,"date":"2019-06-10T22:57:37","date_gmt":"2019-06-10T22:57:37","guid":{"rendered":"https:\/\/www.labeljoy.com\/es\/?page_id=32062"},"modified":"2022-11-30T09:32:42","modified_gmt":"2022-11-30T09:32:42","slug":"renueve-su-suscripcion","status":"publish","type":"page","link":"https:\/\/www.labeljoy.com\/es\/renueve-su-suscripcion\/","title":{"rendered":"Renueve su suscripci\u00f3n"},"content":{"rendered":"<script type='text\/javascript'>\nvar rn_url = \"https:\/\/www.labeljoy.com\/es\/shop-es\/renew-es\/\";\nvar rn_action = \"LJRENEW\";\nvar rn_lang = \"es\";\nvar rn_CTA = \"Renovar ahora\";\nvar rn_other = \"Otras licencias asociadas a este correo electr\u00f3nico\";\nvar rn_error = new Array(\n   \"Por favor rellene ambos campos\",\n   \"Por favor introduce una direcci\u00f3n de correo electr\u00f3nico v\u00e1lida.\",\n   \"Consulte el formato del c\u00f3digo de licencia.\",\n   \"Ninguna licencia asociada a este correo electr\u00f3nico.\",\n   \"La licencia introducida no es actualizable.\",\n   \"El c\u00f3digo de licencia est\u00e1 asociado a un correo electr\u00f3nico diferente.\",\n   \"La licencia ya ha sido actualizada.<br>Ponte en contacto con nuestro <a href=\\\"https:\/\/www.labeljoy.com\/tickets\/?lang=es\\\">soporte t\u00e9cnico<\/a> para obtener m\u00e1s informaci\u00f3n.\",\n   \"Su suscripci\u00f3n finalizar\u00e1 en[DATE].<br>Puede renovar su suscripci\u00f3n a partir de 30 d\u00edas antes de la fecha de caducidad.\",\n   \"Detectamos un error con respecto a su suscripci\u00f3n.<br>Ponte en contacto con nuestro <a href=\\\"https:\/\/www.labeljoy.com\/tickets\/?lang=es\\\">soporte t\u00e9cnico<\/a> para obtener m\u00e1s informaci\u00f3n.\",\n   \"LabelJoy Light ya no est\u00e1 disponible ni desarrollado, por lo que no habr\u00e1 actualizaciones.<br>Ponte en contacto con nuestro <a href=\\\"https:\/\/www.labeljoy.com\/tickets\/?lang=es\\\">soporte t\u00e9cnico<\/a> para un trato muy especial en otras versiones de LabelJoy.\"\n);\nvar rn_CTAselected = \"Renovar seleccionadas\";\nvar rn_selectAlert = \"Seleccione al menos 1 licencia\";\n<\/script>\n<div class=\"one_half\">\r\n<p style=\"font-size: 1em;\">\u00a1Renueve su suscripci\u00f3n a Labeljoy!<br>\r\nCon solo <strong>&dollar;99,00 para las versi\u00f3nes Basic y Full<\/strong> y <strong>&dollar;229,00 para la versi\u00f3n Server<\/strong> obtiene 12 meses de <strong>actualizaciones<\/strong>, <strong>asistencia Premium<\/strong> y acceso a todas las caracter\u00edsticas de nuestro software que requieren una suscripci\u00f3n activa.<\/p>\r\n<div id=\"upgrade-form\" class=\"form-row\">\r\n<div id=\"rnError\" class=\"tt-notification error\" style=\"display: none;\">\r\n<p>Lorem Ipsum<\/p>\r\n<\/div>\r\n<p><strong>Elige la duraci\u00f3n<\/strong>: <select id=\"rn_select_duration\" name=\"rn_select_duration\" style=\"width: 100%\">\r\n\t<option value=\"0\" selected>un a\u00f1o (&dollar;99,00\/&dollar;229,00)<\/option>\r\n\t<option value=\"1\">tres a\u00f1os (&dollar;79,00\/&dollar;169,00 por a\u00f1o)<\/option>\r\n<\/select>\r\n<\/p>\r\n<p><strong>Correo electr\u00f3nico<\/strong>:<br>\r\n<input id=\"rn_email_list\" class=\"input-100\" name=\"email\" type=\"text\" value=\"\" placeholder=\"Ingrese aqu\u00ed el correo electr\u00f3nico utilizado durante la compra.\"  style=\"width: 100%\" \/>\r\n<input id=\"rn_hash_list\" type=\"hidden\" value=\"\" \/><\/p>\r\n\r\n<p><a href=\"#\" id=\"renew_button_list\" class=\"tt-button large blue\">Busque licencias<\/a><\/p>\r\n\r\n<\/div>\r\n<\/div>\r\n<div class=\"one_half\">\r\n\r\n<p style=\"font-size: 1em;\">La <strong>renovaci\u00f3n de la suscripci\u00f3n<\/strong> s\u00f3lo puede realizarse para la misma versi\u00f3n de la licencia activa.<br>\r\nSi desea <strong>pasar a una licencia superior<\/strong>, por favor, <a href=\"https:\/\/support.labeljoy.com\/tickets\/open.php?lang=es\">contacte con el soporte t\u00e9cnico<\/a>.<\/p>\r\n<div class=\"container\">\r\n    <table id=\"multi-discount-tbl\" style=\"border:thick double #ff3300\">\r\n        <thead>\r\n            <tr>\r\n                <th colspan=\"3\" style=\"font-weight: bold;color: #ff3300;\">Para renovaciones multiplas, se aplicar\u00e1n los siguientes descuentos.<\/th>\r\n            <\/tr>\r\n            <tr>\r\n                <td colspan=\"3\" class=\"\" align=\"center\">S\u00f3lo tienes que utilizar el c\u00f3digo de descuento correspondiente en el formulario de pedido:<\/td>\r\n            <\/tr>\r\n            <tr>\r\n                <th class=\"\">N\u00famero de licencias<\/th>\r\n                <th class=\"\">Descuento<\/th>\r\n                <th class=\"\">C\u00f3digo<\/th>\r\n            <\/tr>\r\n        <\/thead>\r\n        <tbody>\r\n            <tr>\r\n                <td class=\"\" align=\"center\">2<\/td>\r\n                <td class=\"\" align=\"center\">20%<\/td>\r\n                <td class=\"\" align=\"center\">SRNW02<\/td>\r\n            <\/tr>\r\n            <tr>\r\n                <td class=\"\" align=\"center\">3<\/td>\r\n                <td class=\"\" align=\"center\">30%<\/td>\r\n                <td class=\"\" align=\"center\">SRNW03<\/td>\r\n            <\/tr>\r\n            <tr>\r\n                <td class=\"\" align=\"center\">4<\/td>\r\n                <td class=\"\" align=\"center\">35%<\/td>\r\n                <td class=\"\" align=\"center\">SRNW04<\/td>\r\n            <\/tr>\r\n            <tr>\r\n                <td class=\"\" align=\"center\">5<\/td>\r\n                <td class=\"\" align=\"center\">40%<\/td>\r\n                <td class=\"\" align=\"center\">SRNW05<\/td>\r\n            <\/tr>\r\n            <tr>\r\n                <td class=\"\" align=\"center\">6 - 11<\/td>\r\n                <td class=\"\" align=\"center\">45%<\/td>\r\n                <td class=\"\" align=\"center\">SRNW06<\/td>\r\n            <\/tr>\r\n            <tr>\r\n                <td class=\"\" align=\"center\">12+<\/td>\r\n                <td class=\"\" align=\"center\">50%<\/td>\r\n                <td class=\"\" align=\"center\">SRNW12<\/td>\r\n            <\/tr>\r\n        <\/tbody>\r\n    <\/table>\r\n<\/div><\/div>\n<div style=\"clear: both;\"><\/div>\n<div id=\"renew-table-div\">\n<table id=\"renew-table\">\n<thead>\n<tr>\n<th id=\"th_selectall\">&nbsp;<\/th>\n<th>N\u00famero de licencia<\/th>\n<th>Versi\u00f3n<\/th>\n<th>Pedido<\/th>\n<th>Fecha de caducidad<\/th>\n<th>&nbsp;<\/th>\n<\/tr>\n<\/thead>\n<tbody><\/tbody>\n<tfoot>\n<tr>\n<th colspan=\"6\">\n<a href=\"#\" class=\"small blue tt-button\" target=\"_self\" style=\"pointer-events: none; cursor: default; opacity: .5;\" id=\"renew_selected\" rel=\"noopener\">Ren. sel. lic.<\/a><\/th>\n<\/tr>\n<\/tfoot>\n<\/table>\n<p>&nbsp;<\/p>\n<p><em>Al final del primer a\u00f1o o de las renovaciones sucesivas, Labeljoy seguir\u00e1 funcionando, pero sin la posibilidad de descargar nuevas actualizaciones, de acceder al soporte premium y a las caracter\u00edsticas que requieren una suscripci\u00f3n activa.<\/em><\/p>\n<\/div>\n","protected":false},"excerpt":{"rendered":"<p>&nbsp; N\u00famero de licencia Versi\u00f3n Pedido Fecha de caducidad &nbsp; Ren. sel. lic. &nbsp; Al final del primer a\u00f1o o de las renovaciones sucesivas, Labeljoy seguir\u00e1 funcionando, pero sin la posibilidad de descargar nuevas actualizaciones, de acceder al soporte premium y a las caracter\u00edsticas que requieren una suscripci\u00f3n activa.<\/p>\n","protected":false},"author":12,"featured_media":0,"parent":0,"menu_order":2,"comment_status":"open","ping_status":"closed","template":"","meta":{"inline_featured_image":false,"_monsterinsights_skip_tracking":false,"_monsterinsights_sitenote_active":false,"_monsterinsights_sitenote_note":"","_monsterinsights_sitenote_category":0,"footnotes":""},"class_list":{"0":"post-32062","1":"page","2":"type-page","3":"status-publish","5":"infinite-scroll-item"},"aioseo_notices":[],"_links":{"self":[{"href":"https:\/\/www.labeljoy.com\/es\/wp-json\/wp\/v2\/pages\/32062","targetHints":{"allow":["GET"]}}],"collection":[{"href":"https:\/\/www.labeljoy.com\/es\/wp-json\/wp\/v2\/pages"}],"about":[{"href":"https:\/\/www.labeljoy.com\/es\/wp-json\/wp\/v2\/types\/page"}],"author":[{"embeddable":true,"href":"https:\/\/www.labeljoy.com\/es\/wp-json\/wp\/v2\/users\/12"}],"replies":[{"embeddable":true,"href":"https:\/\/www.labeljoy.com\/es\/wp-json\/wp\/v2\/comments?post=32062"}],"version-history":[{"count":16,"href":"https:\/\/www.labeljoy.com\/es\/wp-json\/wp\/v2\/pages\/32062\/revisions"}],"predecessor-version":[{"id":39483,"href":"https:\/\/www.labeljoy.com\/es\/wp-json\/wp\/v2\/pages\/32062\/revisions\/39483"}],"wp:attachment":[{"href":"https:\/\/www.labeljoy.com\/es\/wp-json\/wp\/v2\/media?parent=32062"}],"curies":[{"name":"wp","href":"https:\/\/api.w.org\/{rel}","templated":true}]}}