{"id":33127,"date":"2020-06-15T23:08:24","date_gmt":"2020-06-15T23:08:24","guid":{"rendered":"https:\/\/www.labeljoy.com\/?page_id=33127"},"modified":"2025-01-23T14:08:56","modified_gmt":"2025-01-23T14:08:56","slug":"labeljoy-6-presentacion-de-software","status":"publish","type":"page","link":"https:\/\/www.labeljoy.com\/es\/videos\/labeljoy-6-presentacion-de-software\/","title":{"rendered":"Labeljoy 6 &#8211; Presentaci\u00f3n de Software"},"content":{"rendered":"<h2>Presentaci\u00f3n de Software<\/h2>\n<p><span style=\"font-weight: 400;\"><strong>Labeljoy 6 es un software profesional de creaci\u00f3n de etiquetas que explota todo el potencial de la tecnolog\u00eda de c\u00f3digos de barras<\/strong>. Con una interfaz intuitiva, permite generar etiquetas personalizadas en unos pocos clics. La amplia gama de c\u00f3digos de barras compatibles, combinada con la posibilidad de importar datos de bases de datos externas, hacen de Labeljoy 6 la herramienta ideal para automatizar la creaci\u00f3n de etiquetas para todo, desde la log\u00edstica hasta la producci\u00f3n.<\/span><\/p>\n<p>Como se muestra en el video <strong>crear una etiqueta personalizada<\/strong> es f\u00e1cil: simplemente\u00a0<a title=\"Configurar Layouts\" href=\"http:\/\/www.labeljoy.com\/es\/videos\/como-administrar-y-elegir-distribuciones\/\">defina el layout<\/a>, inserte im\u00e1genes y texto e imprima. Adem\u00e1s, es posible conectar Labeljoy a <a title=\"Fuentes De Datos Externas\" href=\"http:\/\/www.labeljoy.com\/es\/videos\/como-conectar-fuentes-de-datos-externas\/\">bases de datos externas<\/a>\u00a0tales como\u00a0<a title=\"Cargar datos desde Excel\" href=\"http:\/\/www.labeljoy.com\/es\/videos\/como-cargar-datos-desde-excel\/\">Excel<\/a>, Outlook, SQL &#8230; <a title=\"Generar C\u00f3digo de Barras\" href=\"http:\/\/www.labeljoy.com\/es\/videos\/generar-codigo-de-barras-y-codigo-qr\/\">inserte C\u00f3digo QR<\/a>\u00a0y c\u00f3digos de barras lineales generados autom\u00e1ticamente por el software, y utilice campos din\u00e1micos que ser\u00e1n <a title=\"Actualizaci\u00f3n din\u00e1mica\" href=\"http:\/\/www.labeljoy.com\/es\/videos\/actualizacion-dinamica-de-datos\/\">actualizados en tiempo real<\/a>\u00a0con su propia base de datos personal.<\/p>\n<div class=\"lyte-wrapper\" title=\"Labeljoy 6 Software C&oacute;digo de barras\" style=\"width:640px;max-width:100%;margin:5px;\"><div class=\"lyMe\" id=\"WYL_F3Meb6JwWqE\" itemprop=\"video\" itemscope itemtype=\"https:\/\/schema.org\/VideoObject\"><div><meta itemprop=\"thumbnailUrl\" content=\"https:\/\/www.labeljoy.com\/wp-content\/plugins\/wp-youtube-lyte\/lyteCache.php?origThumbUrl=https%3A%2F%2Fi.ytimg.com%2Fvi%2FF3Meb6JwWqE%2Fhqdefault.jpg\" \/><meta itemprop=\"embedURL\" content=\"https:\/\/www.youtube.com\/embed\/F3Meb6JwWqE\" \/><meta itemprop=\"duration\" content=\"PT3M14S\" \/><meta itemprop=\"uploadDate\" content=\"2020-03-17T19:39:57Z\" \/><\/div><div id=\"lyte_F3Meb6JwWqE\" data-src=\"https:\/\/www.labeljoy.com\/wp-content\/plugins\/wp-youtube-lyte\/lyteCache.php?origThumbUrl=https%3A%2F%2Fi.ytimg.com%2Fvi%2FF3Meb6JwWqE%2Fhqdefault.jpg\" class=\"pL\"><div class=\"tC\"><div class=\"tT\" itemprop=\"name\">Labeljoy 6 Software C\u00f3digo de barras<\/div><\/div><div class=\"play\"><\/div><div class=\"ctrl\"><div class=\"Lctrl\"><\/div><div class=\"Rctrl\"><\/div><\/div><\/div><noscript><a href=\"https:\/\/youtu.be\/F3Meb6JwWqE\" rel=\"nofollow\"><img decoding=\"async\" src=\"https:\/\/www.labeljoy.com\/wp-content\/plugins\/wp-youtube-lyte\/lyteCache.php?origThumbUrl=https%3A%2F%2Fi.ytimg.com%2Fvi%2FF3Meb6JwWqE%2F0.jpg\" alt=\"Labeljoy 6 Software C&oacute;digo de barras\" width=\"640\" height=\"340\" \/><br \/>Mire este video en YouTube<\/a><\/noscript><meta itemprop=\"description\" content=\"Este video muestra las principales caracter\u00edsticas del software de etiquetado profesional Labeljoy 6. Con su interfaz pr\u00e1ctica, Labeljoy 6 es un software generador de c\u00f3digos de barras que le permite crear etiquetas profesionales y de uso dom\u00e9stico en unos pocos clics. Vea y aprenda lo f\u00e1cil que puede ser crear etiquetas personalizadas: empiece por configurar el dise\u00f1o, inserte im\u00e1genes, textos y c\u00f3digos de barras, e imprima en cualquier impresora instalada. Adem\u00e1s, Labeljoy puede conectarse a bases de datos externas como Excel, Outlook, SQL... utilizar campos din\u00e1micos que pueden ser actualizados en tiempo real desde su base de datos personal, y generar c\u00f3digos QR y c\u00f3digos de barras lineales autom\u00e1ticamente. Labeljoy permite exportar etiquetas y c\u00f3digos de barras en formatos gr\u00e1ficos comunes como JPG, png, GIF y PDF. M\u00e1s informaci\u00f3n: https:\/\/www.labeljoy.com\/es\/caracteristicas\/\"><\/div><\/div><div class=\"lL\" style=\"max-width:100%;width:640px;margin:5px;\"><\/div>\n<div class=\"lj-video-button hide\">\n  <a href=\"https:\/\/www.youtube.com\/embed\/F3Meb6JwWqE?rel=0&autoplay=1\" data-featherlight=\"iframe\" data-featherlight-iframe-width=\"800\" data-featherlight-iframe-height=\"610\" data-featherlight-iframe-frameborder=\"0\" data-featherlight-iframe-allow=\"autoplay; encrypted-media\" data-featherlight-iframe-allowfullscreen=\"true\" title=\"Reproducir la presentaci\u00f3n\">Reproducir la presentaci\u00f3n <i class=\"fa fa-play-circle fa-2x\"><\/i><\/a>\n<\/div>\n","protected":false},"excerpt":{"rendered":"<p>Presentaci\u00f3n de Software Labeljoy 6 es un software profesional de creaci\u00f3n de etiquetas que explota todo el potencial de la tecnolog\u00eda de c\u00f3digos de barras. Con una interfaz intuitiva, permite generar etiquetas personalizadas en unos pocos clics. La amplia gama de c\u00f3digos de barras compatibles, combinada con la posibilidad de importar datos de bases de &#8230; <a title=\"Labeljoy 6 &#8211; Presentaci\u00f3n de Software\" class=\"read-more\" href=\"https:\/\/www.labeljoy.com\/es\/videos\/labeljoy-6-presentacion-de-software\/\" aria-label=\"Leer m\u00e1s sobre Labeljoy 6 &#8211; Presentaci\u00f3n de Software\">Read more<\/a><\/p>\n","protected":false},"author":12,"featured_media":0,"parent":28878,"menu_order":0,"comment_status":"closed","ping_status":"closed","template":"","meta":{"inline_featured_image":false,"_monsterinsights_skip_tracking":false,"_monsterinsights_sitenote_active":false,"_monsterinsights_sitenote_note":"","_monsterinsights_sitenote_category":0,"footnotes":""},"class_list":{"0":"post-33127","1":"page","2":"type-page","3":"status-publish","5":"infinite-scroll-item"},"aioseo_notices":[],"_links":{"self":[{"href":"https:\/\/www.labeljoy.com\/es\/wp-json\/wp\/v2\/pages\/33127","targetHints":{"allow":["GET"]}}],"collection":[{"href":"https:\/\/www.labeljoy.com\/es\/wp-json\/wp\/v2\/pages"}],"about":[{"href":"https:\/\/www.labeljoy.com\/es\/wp-json\/wp\/v2\/types\/page"}],"author":[{"embeddable":true,"href":"https:\/\/www.labeljoy.com\/es\/wp-json\/wp\/v2\/users\/12"}],"replies":[{"embeddable":true,"href":"https:\/\/www.labeljoy.com\/es\/wp-json\/wp\/v2\/comments?post=33127"}],"version-history":[{"count":6,"href":"https:\/\/www.labeljoy.com\/es\/wp-json\/wp\/v2\/pages\/33127\/revisions"}],"predecessor-version":[{"id":42903,"href":"https:\/\/www.labeljoy.com\/es\/wp-json\/wp\/v2\/pages\/33127\/revisions\/42903"}],"up":[{"embeddable":true,"href":"https:\/\/www.labeljoy.com\/es\/wp-json\/wp\/v2\/pages\/28878"}],"wp:attachment":[{"href":"https:\/\/www.labeljoy.com\/es\/wp-json\/wp\/v2\/media?parent=33127"}],"curies":[{"name":"wp","href":"https:\/\/api.w.org\/{rel}","templated":true}]}}