{"id":34039,"date":"2020-09-14T09:51:08","date_gmt":"2020-09-14T09:51:08","guid":{"rendered":"https:\/\/www.labeljoy.com\/?page_id=34039"},"modified":"2022-06-21T09:25:55","modified_gmt":"2022-06-21T09:25:55","slug":"generar-codigos-de-barra-sscc-18","status":"publish","type":"page","link":"https:\/\/www.labeljoy.com\/es\/soporte\/como-hacer\/generar-codigos-de-barra-sscc-18\/","title":{"rendered":"Generar c\u00f3digos de barra SSCC-18"},"content":{"rendered":"<h2>Crear un c\u00f3digo de barra SSCC-18<\/h2>\n<div class=\"lyte-wrapper\" title=\"Aprendiendo los c&oacute;digos de barras GS1 con Labeljoy\" style=\"width:640px;max-width:100%;margin:5px;\"><div class=\"lyMe\" id=\"WYL_06aKVeeSfOs\" itemprop=\"video\" itemscope itemtype=\"https:\/\/schema.org\/VideoObject\"><div><meta itemprop=\"thumbnailUrl\" content=\"https:\/\/www.labeljoy.com\/wp-content\/plugins\/wp-youtube-lyte\/lyteCache.php?origThumbUrl=https%3A%2F%2Fi.ytimg.com%2Fvi%2F06aKVeeSfOs%2Fhqdefault.jpg\" \/><meta itemprop=\"embedURL\" content=\"https:\/\/www.youtube.com\/embed\/06aKVeeSfOs\" \/><meta itemprop=\"duration\" content=\"PT1M16S\" \/><meta itemprop=\"uploadDate\" content=\"2020-10-06T23:19:27Z\" \/><\/div><div id=\"lyte_06aKVeeSfOs\" data-src=\"https:\/\/www.labeljoy.com\/wp-content\/plugins\/wp-youtube-lyte\/lyteCache.php?origThumbUrl=https%3A%2F%2Fi.ytimg.com%2Fvi%2F06aKVeeSfOs%2Fhqdefault.jpg\" class=\"pL\"><div class=\"tC\"><div class=\"tT\" itemprop=\"name\">Aprendiendo los c\u00f3digos de barras GS1 con Labeljoy<\/div><\/div><div class=\"play\"><\/div><div class=\"ctrl\"><div class=\"Lctrl\"><\/div><div class=\"Rctrl\"><\/div><\/div><\/div><noscript><a href=\"https:\/\/youtu.be\/06aKVeeSfOs\" rel=\"nofollow\"><img decoding=\"async\" src=\"https:\/\/www.labeljoy.com\/wp-content\/plugins\/wp-youtube-lyte\/lyteCache.php?origThumbUrl=https%3A%2F%2Fi.ytimg.com%2Fvi%2F06aKVeeSfOs%2F0.jpg\" alt=\"Aprendiendo los c&oacute;digos de barras GS1 con Labeljoy\" width=\"640\" height=\"340\" \/><br \/>Mire este video en YouTube<\/a><\/noscript><meta itemprop=\"description\" content=\"En este video, John nos muestra c\u00f3mo usar los c\u00f3digos GS1 para nuestros env\u00edos, imprime sus etiquetas GS1 con Labeljoy y las aplica a sus productos, embalajes y paletas. M\u00e1s informaci\u00f3n sobre los c\u00f3digos de barras GS1: https:\/\/www.labeljoy.com\/es\/soporte\/como-hacer\/generar-codigos-gs1-128\/ Cr\u00e9ditos de Vector Pictures : Vecteezy.com - freevector.com\"><\/div><\/div><div class=\"lL\" style=\"max-width:100%;width:640px;margin:5px;\"><\/div>\n<div class=\"lj-video-button hide\">\n  <a href=\"https:\/\/www.youtube.com\/embed\/06aKVeeSfOs?rel=0&autoplay=1\" data-featherlight=\"iframe\" data-featherlight-iframe-width=\"800\" data-featherlight-iframe-height=\"610\" data-featherlight-iframe-frameborder=\"0\" data-featherlight-iframe-allow=\"autoplay; encrypted-media\" data-featherlight-iframe-allowfullscreen=\"true\" title=\"Reproducir el video tutorial\">Reproducir el video tutorial <i class=\"fa fa-play-circle fa-2x\"><\/i><\/a>\n<\/div>\n<p>Comencemos creando una nueva etiqueta que contendr\u00e1 un c\u00f3digo de barra SSCC-18 (Contenedor de C\u00f3digo Serial de env\u00edo), que corresponde a AI 00 en GS1. Para poder crear este tipo de c\u00f3digo de barra necesitamos tener la siguiente informaci\u00f3n a la mano:<\/p>\n<ul>\n<li><strong>El prefijo GS1 de la compa\u00f1\u00eda<\/strong>. Esta informaci\u00f3n es otorgada por la autoridad local GS1, su longitud var\u00eda entre 7 y 10 d\u00edgitos.<\/li>\n<li><strong>Numero de Serial<\/strong>. Esta informaci\u00f3n puede ser cualquier n\u00famero y su longitud puede variar entre 6 y 9 d\u00edgitos.<\/li>\n<\/ul>\n<p>En este ejemplo pretenderemos que nuestro prefijo GS1 de la compa\u00f1\u00eda es el n\u00famero de 8 d\u00edgitos a continuaci\u00f3n: 12345678. Y nuestro n\u00famero de serial de env\u00edo es 4567.<br \/>\nPara convertir esta informaci\u00f3n en un c\u00f3digo de barra valido SSCC-18, esto es lo que necesitamos introducir en Labeljoy:<\/p>\n<ul>\n<li><strong>(00):<\/strong> l identificador de Aplicaci\u00f3n SSCC-18.<\/li>\n<li><strong>0:<\/strong> Prefijo (no necesitamos extender el n\u00famero de serial).<\/li>\n<li><strong>12345678: <\/strong>Nuestro prefijo GS1 de compa\u00f1\u00eda.<\/li>\n<li><strong>00004567: <\/strong>Nuestro numero de serial. Necesitamos formatear con ceros este n\u00famero ya que se deben llenar los 18 d\u00edgitos del SSCC-18.<\/li>\n<li><strong>0:<\/strong> Digito de verificaci\u00f3n. Introduciremos 0 y permitiremos que Labeljoy lo calcule por nosotros.<\/li>\n<\/ul>\n<p>El texto resultante que introduciremos en Labeljoy es: (00)012345678000045670:<\/p>\n<div><a class=\"hover-item\" data-gal=\"prettyPhoto[generate-gs1]\" href=\"http:\/\/www.labeljoy.com\/images\/how-to\/gs1-128\/image002.png\"><img decoding=\"async\" alt=\"Creador GS1-128 Labeljoy\" src=\"http:\/\/www.labeljoy.com\/images\/how-to\/gs1-128\/image002.png\" width=\"636\" height=\"483\"><\/a><\/div>\n<p>Y este es el s\u00edmbolo de c\u00f3digos de barra generado correspondiente:<\/p>\n<p><a class=\"hover-item\" data-gal=\"prettyPhoto[generate-gs1]\" href=\"http:\/\/www.labeljoy.com\/images\/how-to\/gs1-128\/image003.png\"><img decoding=\"async\" class=\"aligncenter\" alt=\"C\u00f3digo de barra SSCC-18\" src=\"http:\/\/www.labeljoy.com\/images\/how-to\/gs1-128\/image003.png\" width=\"285\" height=\"97\"><\/a><\/p>\n<p style=\"text-align: center\"><a href=\"http:\/\/www.labeljoy.com\/images\/how-to\/gs1-128\/GS1-128a.lpa\" class=\"large green tt-button\" target=\"_self\">&nbsp;Descargue este archivo Labeljoy <\/a>\n<p>Como puede apreciar, el ultimo digito es ahora 8 ya que es el digito de verificaci\u00f3n modulo-10 correcto.<br \/>\nTambi\u00e9n tome en cuenta que la opci\u00f3n <em>Comprobar secuencia<\/em> AI esta deshabilitada ya que este AI particular puede ser independiente de todos los dem\u00e1s. Aunque lo seleccionemos no hubiese hecho ninguna diferencia.<\/p>\n<p><em>Cr\u00e9ditos de las im\u00e1genes vectoriales de este v\u00eddeo: Vecteezy.com &#8211; freevector.com<\/em><\/p>\n<div class=\"also-like\">\n<strong>Tambi\u00e9n le puede interesar:<\/strong><\/p>\n<ul>\n<li><a href=\"https:\/\/www.labeljoy.com\/generar-codigo-de-barras-gratis\/\" title=\"Generador de c\u00f3digos de barras online\">Generador de c\u00f3digos de barras online<\/a><\/li>\n<\/ul>\n<\/div>\n","protected":false},"excerpt":{"rendered":"<p>Crear un c\u00f3digo de barra SSCC-18 Comencemos creando una nueva etiqueta que contendr\u00e1 un c\u00f3digo de barra SSCC-18 (Contenedor de C\u00f3digo Serial de env\u00edo), que corresponde a AI 00 en GS1. Para poder crear este tipo de c\u00f3digo de barra necesitamos tener la siguiente informaci\u00f3n a la mano: El prefijo GS1 de la compa\u00f1\u00eda. Esta &#8230; <a title=\"Generar c\u00f3digos de barra SSCC-18\" class=\"read-more\" href=\"https:\/\/www.labeljoy.com\/es\/soporte\/como-hacer\/generar-codigos-de-barra-sscc-18\/\" aria-label=\"Leer m\u00e1s sobre Generar c\u00f3digos de barra SSCC-18\">Read more<\/a><\/p>\n","protected":false},"author":2,"featured_media":0,"parent":2768,"menu_order":0,"comment_status":"open","ping_status":"closed","template":"","meta":{"inline_featured_image":false,"_monsterinsights_skip_tracking":false,"_monsterinsights_sitenote_active":false,"_monsterinsights_sitenote_note":"","_monsterinsights_sitenote_category":0,"footnotes":""},"class_list":{"0":"post-34039","1":"page","2":"type-page","3":"status-publish","5":"infinite-scroll-item"},"aioseo_notices":[],"_links":{"self":[{"href":"https:\/\/www.labeljoy.com\/es\/wp-json\/wp\/v2\/pages\/34039","targetHints":{"allow":["GET"]}}],"collection":[{"href":"https:\/\/www.labeljoy.com\/es\/wp-json\/wp\/v2\/pages"}],"about":[{"href":"https:\/\/www.labeljoy.com\/es\/wp-json\/wp\/v2\/types\/page"}],"author":[{"embeddable":true,"href":"https:\/\/www.labeljoy.com\/es\/wp-json\/wp\/v2\/users\/2"}],"replies":[{"embeddable":true,"href":"https:\/\/www.labeljoy.com\/es\/wp-json\/wp\/v2\/comments?post=34039"}],"version-history":[{"count":5,"href":"https:\/\/www.labeljoy.com\/es\/wp-json\/wp\/v2\/pages\/34039\/revisions"}],"predecessor-version":[{"id":37606,"href":"https:\/\/www.labeljoy.com\/es\/wp-json\/wp\/v2\/pages\/34039\/revisions\/37606"}],"up":[{"embeddable":true,"href":"https:\/\/www.labeljoy.com\/es\/wp-json\/wp\/v2\/pages\/2768"}],"wp:attachment":[{"href":"https:\/\/www.labeljoy.com\/es\/wp-json\/wp\/v2\/media?parent=34039"}],"curies":[{"name":"wp","href":"https:\/\/api.w.org\/{rel}","templated":true}]}}