{"id":35391,"date":"2021-03-11T15:21:16","date_gmt":"2021-03-11T15:21:16","guid":{"rendered":"https:\/\/www.labeljoy.com\/videos\/how-to-use-a-filter\/"},"modified":"2021-03-12T09:06:31","modified_gmt":"2021-03-12T09:06:31","slug":"filtrar-datos","status":"publish","type":"page","link":"https:\/\/www.labeljoy.com\/es\/videos\/filtrar-datos\/","title":{"rendered":"Filtrar datos"},"content":{"rendered":"<h2>Filtrar datos<\/h2>\n<p>Una vez que haya cargado los datos en Labeljoy 6 para crear sus etiquetas, puede decidir de aplicar un filtro para <strong>utilizar s\u00f3lo registros seleccionados<\/strong>, <strong>repetir la selecci\u00f3n<\/strong> tantas veces como sea necesario y <strong>cambiar el orden de impresi\u00f3n<\/strong>.<\/p>\n<p>&nbsp;<\/p>\n\n<div class=\"youtube-embed\" itemprop=\"video\" itemscope itemtype=\"https:\/\/schema.org\/VideoObject\">\n\t<meta itemprop=\"url\" content=\"https:\/\/www.youtube.com\/v\/FenLoTYP8w0\" \/>\n\t<meta itemprop=\"name\" content=\"Filtrar datos\" \/>\n\t<meta itemprop=\"description\" content=\"Filtrar datos\" \/>\n\t<meta itemprop=\"uploadDate\" content=\"2021-03-11T15:21:16+00:00\" \/>\n\t<meta itemprop=\"thumbnailUrl\" content=\"https:\/\/i.ytimg.com\/vi\/FenLoTYP8w0\/default.jpg\" \/>\n\t<meta itemprop=\"embedUrl\" content=\"https:\/\/www.youtube.com\/embed\/FenLoTYP8w0\" \/>\n\t<meta itemprop=\"height\" content=\"385\" \/>\n\t<meta itemprop=\"width\" content=\"640\" \/>\n\t<iframe style=\"border: 0;\" class=\"youtube-player\" width=\"640\" height=\"385\" src=\"https:\/\/www.youtube.com\/embed\/FenLoTYP8w0?modestbranding=1&fs=0&rel=0&loop=1&color=white&playlist=FenLoTYP8w0\"><\/iframe>\n<\/div>\n\n","protected":false},"excerpt":{"rendered":"<p>Filtrar datos Una vez que haya cargado los datos en Labeljoy 6 para crear sus etiquetas, puede decidir de aplicar un filtro para utilizar s\u00f3lo registros seleccionados, repetir la selecci\u00f3n tantas veces como sea necesario y cambiar el orden de impresi\u00f3n. &nbsp;<\/p>\n","protected":false},"author":2,"featured_media":0,"parent":28878,"menu_order":2,"comment_status":"open","ping_status":"closed","template":"page-template-left-sidebar.php","meta":{"inline_featured_image":false,"_monsterinsights_skip_tracking":false,"_monsterinsights_sitenote_active":false,"_monsterinsights_sitenote_note":"","_monsterinsights_sitenote_category":0,"footnotes":""},"class_list":{"0":"post-35391","1":"page","2":"type-page","3":"status-publish","5":"infinite-scroll-item"},"aioseo_notices":[],"_links":{"self":[{"href":"https:\/\/www.labeljoy.com\/es\/wp-json\/wp\/v2\/pages\/35391","targetHints":{"allow":["GET"]}}],"collection":[{"href":"https:\/\/www.labeljoy.com\/es\/wp-json\/wp\/v2\/pages"}],"about":[{"href":"https:\/\/www.labeljoy.com\/es\/wp-json\/wp\/v2\/types\/page"}],"author":[{"embeddable":true,"href":"https:\/\/www.labeljoy.com\/es\/wp-json\/wp\/v2\/users\/2"}],"replies":[{"embeddable":true,"href":"https:\/\/www.labeljoy.com\/es\/wp-json\/wp\/v2\/comments?post=35391"}],"version-history":[{"count":1,"href":"https:\/\/www.labeljoy.com\/es\/wp-json\/wp\/v2\/pages\/35391\/revisions"}],"predecessor-version":[{"id":35392,"href":"https:\/\/www.labeljoy.com\/es\/wp-json\/wp\/v2\/pages\/35391\/revisions\/35392"}],"up":[{"embeddable":true,"href":"https:\/\/www.labeljoy.com\/es\/wp-json\/wp\/v2\/pages\/28878"}],"wp:attachment":[{"href":"https:\/\/www.labeljoy.com\/es\/wp-json\/wp\/v2\/media?parent=35391"}],"curies":[{"name":"wp","href":"https:\/\/api.w.org\/{rel}","templated":true}]}}