{"id":35493,"date":"2021-03-25T16:43:46","date_gmt":"2021-03-25T16:43:46","guid":{"rendered":"https:\/\/www.labeljoy.com\/?page_id=35493"},"modified":"2021-04-10T14:54:26","modified_gmt":"2021-04-10T14:54:26","slug":"configuracion-avanzada-de-texto","status":"publish","type":"page","link":"https:\/\/www.labeljoy.com\/es\/videos\/configuracion-avanzada-de-texto\/","title":{"rendered":"Configuraci\u00f3n avanzada de texto"},"content":{"rendered":"<h2>Configuraci\u00f3n avanzada de texto<\/h2>\n<p>En este video le mostramos c\u00f3mo cambiar el formato de los campos que est\u00e1n conectados a una fuente de datos externa, <a href=\"https:\/\/www.labeljoy.com\/es\/videos\/como-cargar-datos-desde-excel\/\" title=\"C\u00f3mo cargar datos desde Excel\">como una hoja de c\u00e1lculo de Excel<\/a>.<\/p>\n<p>La configuraci\u00f3n avanzada de texto de <strong>Labeljoy<\/strong> le permite cambiar no s\u00f3lo la fuente, los colores, la alineaci\u00f3n y el tama\u00f1o de los campos individuales, sino tambi\u00e9n definir f\u00e1cilmente diferentes formatos para diferentes valores num\u00e9ricos, como monedas, porcentajes y formatos de fecha\/hora.<\/p>\n\n<div class=\"youtube-embed\" itemprop=\"video\" itemscope itemtype=\"https:\/\/schema.org\/VideoObject\">\n\t<meta itemprop=\"url\" content=\"https:\/\/www.youtube.com\/v\/xrSVncfkPUI\" \/>\n\t<meta itemprop=\"name\" content=\"Configuraci\u00f3n avanzada de texto\" \/>\n\t<meta itemprop=\"description\" content=\"Configuraci\u00f3n avanzada de texto\" \/>\n\t<meta itemprop=\"uploadDate\" content=\"2021-03-25T16:43:46+00:00\" \/>\n\t<meta itemprop=\"thumbnailUrl\" content=\"https:\/\/i.ytimg.com\/vi\/xrSVncfkPUI\/default.jpg\" \/>\n\t<meta itemprop=\"embedUrl\" content=\"https:\/\/www.youtube.com\/embed\/xrSVncfkPUI\" \/>\n\t<meta itemprop=\"height\" content=\"385\" \/>\n\t<meta itemprop=\"width\" content=\"640\" \/>\n\t<iframe style=\"border: 0;\" class=\"youtube-player\" width=\"640\" height=\"385\" src=\"https:\/\/www.youtube.com\/embed\/xrSVncfkPUI?modestbranding=1&fs=0&rel=0&loop=1&color=white&playlist=xrSVncfkPUI\"><\/iframe>\n<\/div>\n\n","protected":false},"excerpt":{"rendered":"<p>Configuraci\u00f3n avanzada de texto En este video le mostramos c\u00f3mo cambiar el formato de los campos que est\u00e1n conectados a una fuente de datos externa, como una hoja de c\u00e1lculo de Excel. La configuraci\u00f3n avanzada de texto de Labeljoy le permite cambiar no s\u00f3lo la fuente, los colores, la alineaci\u00f3n y el tama\u00f1o de los &#8230; <a title=\"Configuraci\u00f3n avanzada de texto\" class=\"read-more\" href=\"https:\/\/www.labeljoy.com\/es\/videos\/configuracion-avanzada-de-texto\/\" aria-label=\"Leer m\u00e1s sobre Configuraci\u00f3n avanzada de texto\">Read more<\/a><\/p>\n","protected":false},"author":12,"featured_media":0,"parent":28878,"menu_order":0,"comment_status":"open","ping_status":"closed","template":"page-template-left-sidebar.php","meta":{"inline_featured_image":false,"_monsterinsights_skip_tracking":false,"_monsterinsights_sitenote_active":false,"_monsterinsights_sitenote_note":"","_monsterinsights_sitenote_category":0,"footnotes":""},"class_list":{"0":"post-35493","1":"page","2":"type-page","3":"status-publish","5":"infinite-scroll-item"},"aioseo_notices":[],"_links":{"self":[{"href":"https:\/\/www.labeljoy.com\/es\/wp-json\/wp\/v2\/pages\/35493","targetHints":{"allow":["GET"]}}],"collection":[{"href":"https:\/\/www.labeljoy.com\/es\/wp-json\/wp\/v2\/pages"}],"about":[{"href":"https:\/\/www.labeljoy.com\/es\/wp-json\/wp\/v2\/types\/page"}],"author":[{"embeddable":true,"href":"https:\/\/www.labeljoy.com\/es\/wp-json\/wp\/v2\/users\/12"}],"replies":[{"embeddable":true,"href":"https:\/\/www.labeljoy.com\/es\/wp-json\/wp\/v2\/comments?post=35493"}],"version-history":[{"count":1,"href":"https:\/\/www.labeljoy.com\/es\/wp-json\/wp\/v2\/pages\/35493\/revisions"}],"predecessor-version":[{"id":35494,"href":"https:\/\/www.labeljoy.com\/es\/wp-json\/wp\/v2\/pages\/35493\/revisions\/35494"}],"up":[{"embeddable":true,"href":"https:\/\/www.labeljoy.com\/es\/wp-json\/wp\/v2\/pages\/28878"}],"wp:attachment":[{"href":"https:\/\/www.labeljoy.com\/es\/wp-json\/wp\/v2\/media?parent=35493"}],"curies":[{"name":"wp","href":"https:\/\/api.w.org\/{rel}","templated":true}]}}