{"id":36756,"date":"2022-01-20T14:34:12","date_gmt":"2022-01-20T14:34:12","guid":{"rendered":"https:\/\/www.labeljoy.com\/?page_id=36756"},"modified":"2022-01-20T14:34:15","modified_gmt":"2022-01-20T14:34:15","slug":"labeljoy-reader","status":"publish","type":"page","link":"https:\/\/www.labeljoy.com\/es\/labeljoy-reader\/","title":{"rendered":"Labeljoy Reader"},"content":{"rendered":"<h1>Labeljoy Reader<\/h1>\n<h2>El mejor Reader para el mejor software de c\u00f3digos de barras y etiquetado<\/h2>\n<p><img decoding=\"async\" src=\"https:\/\/www.labeljoy.com\/wp-content\/uploads\/2022\/01\/lebeljoy_reader.png\" alt=\"Labeljoy Reader\" width=\"670\" height=\"81\"><\/p>\n<p>Labeljoy Reader es una aplicaci\u00f3n para exportar e imprimir las etiquetas creadas con Labeljoy 6.<br \/>\n\u00a1Desc\u00e1rgalo y \u00fasalo gratis para siempre!<\/p>\n<p>&nbsp;<\/p>\n<h2>Labeljoy presenta Labeljoy Reader<\/h2>\n<p><a class=\"hover-item\" href=\"https:\/\/www.labeljoy.com\/wp-content\/uploads\/2022\/01\/lebeljoy_reader_02.png\" data-gal=\"prettyPhoto\"><img decoding=\"async\" style=\"border: none\" src=\"https:\/\/www.labeljoy.com\/wp-content\/uploads\/2022\/01\/lebeljoy_reader_02.png\" alt=\"Labeljoy Reader\" width=\"670\" height=\"575\"><\/a><\/p>\n<p>Labeljoy Reader es una aplicaci\u00f3n complementaria a Labeljoy 6 para exportar e imprimir f\u00e1cilmente tus proyectos en el formato de alta resoluci\u00f3n LJR.<\/p>\n<p>Se trata de una aplicaci\u00f3n gratuita que se puede descargar desde la p\u00e1gina web de Labeljoy;<br \/>\nCon Labeljoy Reader puedes abrir, consultar e imprimir archivos LJR, pero no editarlos.<\/p>\n","protected":false},"excerpt":{"rendered":"<p>Labeljoy Reader El mejor Reader para el mejor software de c\u00f3digos de barras y etiquetado Labeljoy Reader es una aplicaci\u00f3n para exportar e imprimir las etiquetas creadas con Labeljoy 6. \u00a1Desc\u00e1rgalo y \u00fasalo gratis para siempre! &nbsp; Labeljoy presenta Labeljoy Reader Labeljoy Reader es una aplicaci\u00f3n complementaria a Labeljoy 6 para exportar e imprimir f\u00e1cilmente &#8230; <a title=\"Labeljoy Reader\" class=\"read-more\" href=\"https:\/\/www.labeljoy.com\/es\/labeljoy-reader\/\" aria-label=\"Leer m\u00e1s sobre Labeljoy Reader\">Read more<\/a><\/p>\n","protected":false},"author":8,"featured_media":0,"parent":0,"menu_order":2,"comment_status":"closed","ping_status":"closed","template":"","meta":{"inline_featured_image":false,"_monsterinsights_skip_tracking":false,"_monsterinsights_sitenote_active":false,"_monsterinsights_sitenote_note":"","_monsterinsights_sitenote_category":0,"footnotes":""},"class_list":{"0":"post-36756","1":"page","2":"type-page","3":"status-publish","5":"infinite-scroll-item"},"aioseo_notices":[],"_links":{"self":[{"href":"https:\/\/www.labeljoy.com\/es\/wp-json\/wp\/v2\/pages\/36756","targetHints":{"allow":["GET"]}}],"collection":[{"href":"https:\/\/www.labeljoy.com\/es\/wp-json\/wp\/v2\/pages"}],"about":[{"href":"https:\/\/www.labeljoy.com\/es\/wp-json\/wp\/v2\/types\/page"}],"author":[{"embeddable":true,"href":"https:\/\/www.labeljoy.com\/es\/wp-json\/wp\/v2\/users\/8"}],"replies":[{"embeddable":true,"href":"https:\/\/www.labeljoy.com\/es\/wp-json\/wp\/v2\/comments?post=36756"}],"version-history":[{"count":1,"href":"https:\/\/www.labeljoy.com\/es\/wp-json\/wp\/v2\/pages\/36756\/revisions"}],"predecessor-version":[{"id":36757,"href":"https:\/\/www.labeljoy.com\/es\/wp-json\/wp\/v2\/pages\/36756\/revisions\/36757"}],"wp:attachment":[{"href":"https:\/\/www.labeljoy.com\/es\/wp-json\/wp\/v2\/media?parent=36756"}],"curies":[{"name":"wp","href":"https:\/\/api.w.org\/{rel}","templated":true}]}}