{"id":36758,"date":"2022-01-20T14:34:54","date_gmt":"2022-01-20T14:34:54","guid":{"rendered":"https:\/\/www.labeljoy.com\/?page_id=36758"},"modified":"2022-01-20T14:34:56","modified_gmt":"2022-01-20T14:34:56","slug":"por-que-utilizar-labeljoy-reader","status":"publish","type":"page","link":"https:\/\/www.labeljoy.com\/es\/por-que-utilizar-labeljoy-reader\/","title":{"rendered":"Por qu\u00e9 utilizar Labeljoy Reader"},"content":{"rendered":"<h1>Por qu\u00e9 utilizar Labeljoy Reader<\/h1>\n<p>Labeljoy Reader ofrece resultados de mejor calidad y es una excelente alternativa a otros lectores.<\/p>\n<p><a class=\"hover-item\" href=\"https:\/\/www.labeljoy.com\/wp-content\/uploads\/2022\/01\/Info_01.png\" data-gal=\"prettyPhoto\"><img decoding=\"async\" style=\"border: none\" src=\"https:\/\/www.labeljoy.com\/wp-content\/uploads\/2022\/01\/Info_01.png\" alt=\"Por qu\u00e9 utilizar Labeljoy Reader\" width=\"670\" height=\"641\"><\/a><\/p>\n<p>Una vez descargado e instalado, Labeljoy Reader no requiere una conexi\u00f3n activa a Internet y por lo tanto puede ser utilizado en lugares sin acceso a Internet.<\/p>\n<p>S\u00f3lo permite imprimir el proyecto exportado, sin posibilidad de modificar los contenidos.<\/p>\n<p>Gracias a la exportaci\u00f3n en alta definici\u00f3n, tambi\u00e9n es una herramienta nueva y eficaz para la impresi\u00f3n en imprentas.<\/p>\n<p><a class=\"hover-item\" href=\"https:\/\/www.labeljoy.com\/wp-content\/uploads\/2022\/01\/info_02.png\" data-gal=\"prettyPhoto\"><img decoding=\"async\" style=\"border: none\" src=\"https:\/\/www.labeljoy.com\/wp-content\/uploads\/2022\/01\/info_02.png\" alt=\"Por qu\u00e9 utilizar Labeljoy Reader\" width=\"670\" height=\"642\"><\/a><\/p>\n<p>Descarga ahora el software gratuito Labeljoy Reader, el \u00fanico lector que permite leer, imprimir e interactuar con los archivos LJR.<\/p>\n","protected":false},"excerpt":{"rendered":"<p>Por qu\u00e9 utilizar Labeljoy Reader Labeljoy Reader ofrece resultados de mejor calidad y es una excelente alternativa a otros lectores. Una vez descargado e instalado, Labeljoy Reader no requiere una conexi\u00f3n activa a Internet y por lo tanto puede ser utilizado en lugares sin acceso a Internet. S\u00f3lo permite imprimir el proyecto exportado, sin posibilidad &#8230; <a title=\"Por qu\u00e9 utilizar Labeljoy Reader\" class=\"read-more\" href=\"https:\/\/www.labeljoy.com\/es\/por-que-utilizar-labeljoy-reader\/\" aria-label=\"Leer m\u00e1s sobre Por qu\u00e9 utilizar Labeljoy Reader\">Read more<\/a><\/p>\n","protected":false},"author":8,"featured_media":0,"parent":0,"menu_order":2,"comment_status":"closed","ping_status":"closed","template":"","meta":{"inline_featured_image":false,"_monsterinsights_skip_tracking":false,"_monsterinsights_sitenote_active":false,"_monsterinsights_sitenote_note":"","_monsterinsights_sitenote_category":0,"footnotes":""},"class_list":{"0":"post-36758","1":"page","2":"type-page","3":"status-publish","5":"infinite-scroll-item"},"aioseo_notices":[],"_links":{"self":[{"href":"https:\/\/www.labeljoy.com\/es\/wp-json\/wp\/v2\/pages\/36758","targetHints":{"allow":["GET"]}}],"collection":[{"href":"https:\/\/www.labeljoy.com\/es\/wp-json\/wp\/v2\/pages"}],"about":[{"href":"https:\/\/www.labeljoy.com\/es\/wp-json\/wp\/v2\/types\/page"}],"author":[{"embeddable":true,"href":"https:\/\/www.labeljoy.com\/es\/wp-json\/wp\/v2\/users\/8"}],"replies":[{"embeddable":true,"href":"https:\/\/www.labeljoy.com\/es\/wp-json\/wp\/v2\/comments?post=36758"}],"version-history":[{"count":1,"href":"https:\/\/www.labeljoy.com\/es\/wp-json\/wp\/v2\/pages\/36758\/revisions"}],"predecessor-version":[{"id":36759,"href":"https:\/\/www.labeljoy.com\/es\/wp-json\/wp\/v2\/pages\/36758\/revisions\/36759"}],"wp:attachment":[{"href":"https:\/\/www.labeljoy.com\/es\/wp-json\/wp\/v2\/media?parent=36758"}],"curies":[{"name":"wp","href":"https:\/\/api.w.org\/{rel}","templated":true}]}}