{"id":36760,"date":"2022-01-20T14:35:59","date_gmt":"2022-01-20T14:35:59","guid":{"rendered":"https:\/\/www.labeljoy.com\/?page_id=36760"},"modified":"2022-01-27T10:00:25","modified_gmt":"2022-01-27T10:00:25","slug":"como-utilizar-labeljoy-reader","status":"publish","type":"page","link":"https:\/\/www.labeljoy.com\/es\/como-utilizar-labeljoy-reader\/","title":{"rendered":"C\u00f3mo utilizar Labeljoy Reader"},"content":{"rendered":"<h1>C\u00f3mo utilizar Labeljoy Reader<\/h1>\n<p>Abrir Labeljoy y cargar el proyecto que se desea exportar.<\/p>\n<p>Seleccionar lo que se quiere exportar: P\u00e1ginas, etiquetas o c\u00f3digos de barras.<\/p>\n<p><a class=\"hover-item\" href=\"https:\/\/www.labeljoy.com\/wp-content\/uploads\/2022\/01\/help_01.png\" data-gal=\"prettyPhoto\"><img decoding=\"async\" style=\"border: none\" src=\"https:\/\/www.labeljoy.com\/wp-content\/uploads\/2022\/01\/help_01.png\" alt=\"C\u00f3mo utilizar Labeljoy Reader\" width=\"670\" height=\"92\"><\/a><\/p>\n<p>Seleccionar &#8220;Labeljoy Reader&#8221; como formato de exportaci\u00f3n.<\/p>\n<p>Hacer clic en &#8220;Incluir archivo de origen&#8221; si quiere incluir su proyecto Labeljoy y hacer clic en &#8220;Guardar&#8221;. El software solicitar\u00e1 guardar el proyecto como, luego generar\u00e1 autom\u00e1ticamente el archivo *.ljr y abrir\u00e1 Labeljoy Reader.<\/p>\n<p><a class=\"hover-item\" href=\"https:\/\/www.labeljoy.com\/wp-content\/uploads\/2022\/01\/help_02.png\" data-gal=\"prettyPhoto\"><img decoding=\"async\" style=\"border: none\" src=\"https:\/\/www.labeljoy.com\/wp-content\/uploads\/2022\/01\/help_02.png\" alt=\"C\u00f3mo utilizar Labeljoy Reader\" width=\"670\" height=\"511\"><\/a><\/p>\n<p>Para m\u00e1s informaci\u00f3n puede consultar el video tutorial &#8220;<a href=\"https:\/\/www.labeljoy.com\/es\/video-tutorial-de-labeljoy-reader\/\" title=\"Exportar a Labeljoy Reader\">Exportar a Labeljoy Reader<\/a>&#8220;.<\/p>\n<p><em>* La exportaci\u00f3n a Labeljoy Reader est\u00e1 disponible para todos los tipos de licencia con una suscripci\u00f3n activa.<\/em><\/p>\n","protected":false},"excerpt":{"rendered":"<p>C\u00f3mo utilizar Labeljoy Reader Abrir Labeljoy y cargar el proyecto que se desea exportar. Seleccionar lo que se quiere exportar: P\u00e1ginas, etiquetas o c\u00f3digos de barras. Seleccionar &#8220;Labeljoy Reader&#8221; como formato de exportaci\u00f3n. Hacer clic en &#8220;Incluir archivo de origen&#8221; si quiere incluir su proyecto Labeljoy y hacer clic en &#8220;Guardar&#8221;. El software solicitar\u00e1 guardar &#8230; <a title=\"C\u00f3mo utilizar Labeljoy Reader\" class=\"read-more\" href=\"https:\/\/www.labeljoy.com\/es\/como-utilizar-labeljoy-reader\/\" aria-label=\"Leer m\u00e1s sobre C\u00f3mo utilizar Labeljoy Reader\">Read more<\/a><\/p>\n","protected":false},"author":8,"featured_media":0,"parent":0,"menu_order":2,"comment_status":"closed","ping_status":"closed","template":"","meta":{"inline_featured_image":false,"_monsterinsights_skip_tracking":false,"_monsterinsights_sitenote_active":false,"_monsterinsights_sitenote_note":"","_monsterinsights_sitenote_category":0,"footnotes":""},"class_list":{"0":"post-36760","1":"page","2":"type-page","3":"status-publish","5":"infinite-scroll-item"},"aioseo_notices":[],"_links":{"self":[{"href":"https:\/\/www.labeljoy.com\/es\/wp-json\/wp\/v2\/pages\/36760","targetHints":{"allow":["GET"]}}],"collection":[{"href":"https:\/\/www.labeljoy.com\/es\/wp-json\/wp\/v2\/pages"}],"about":[{"href":"https:\/\/www.labeljoy.com\/es\/wp-json\/wp\/v2\/types\/page"}],"author":[{"embeddable":true,"href":"https:\/\/www.labeljoy.com\/es\/wp-json\/wp\/v2\/users\/8"}],"replies":[{"embeddable":true,"href":"https:\/\/www.labeljoy.com\/es\/wp-json\/wp\/v2\/comments?post=36760"}],"version-history":[{"count":2,"href":"https:\/\/www.labeljoy.com\/es\/wp-json\/wp\/v2\/pages\/36760\/revisions"}],"predecessor-version":[{"id":36958,"href":"https:\/\/www.labeljoy.com\/es\/wp-json\/wp\/v2\/pages\/36760\/revisions\/36958"}],"wp:attachment":[{"href":"https:\/\/www.labeljoy.com\/es\/wp-json\/wp\/v2\/media?parent=36760"}],"curies":[{"name":"wp","href":"https:\/\/api.w.org\/{rel}","templated":true}]}}