{"id":38450,"date":"2022-07-19T09:12:03","date_gmt":"2022-07-19T09:12:03","guid":{"rendered":"https:\/\/www.labeljoy.com\/?page_id=38450"},"modified":"2026-01-30T07:56:12","modified_gmt":"2026-01-30T07:56:12","slug":"trucos-consejos","status":"publish","type":"page","link":"https:\/\/www.labeljoy.com\/es\/trucos-consejos\/","title":{"rendered":"Trucos &#038; Consejos"},"content":{"rendered":"<h1>Trucos &amp; Consejos<\/h1>\n<h2>Algunos consejos y trucos para disfrutar al m\u00e1ximo de Labeljoy<\/h2>\n<hr \/>\n<div id=\"title\" class=\"style-scope ytd-watch-metadata\">\n<h4 class=\"style-scope ytd-watch-metadata\">C\u00f3mo a\u00f1adir un salto de l\u00ednea en los c\u00f3digos QR<\/h4>\n<\/div>\n<div class=\"lyte-wrapper\" title=\"C&oacute;mo a&ntilde;adir un salto de l&iacute;nea en los c&oacute;digos QR\" style=\"width:640px;max-width:100%;margin:5px;\"><div class=\"lyMe\" id=\"WYL_kVHFsQ5WzPk\" itemprop=\"video\" itemscope itemtype=\"https:\/\/schema.org\/VideoObject\"><div><meta itemprop=\"thumbnailUrl\" content=\"https:\/\/www.labeljoy.com\/wp-content\/plugins\/wp-youtube-lyte\/lyteCache.php?origThumbUrl=https%3A%2F%2Fi.ytimg.com%2Fvi%2FkVHFsQ5WzPk%2Fhqdefault.jpg\" \/><meta itemprop=\"embedURL\" content=\"https:\/\/www.youtube.com\/embed\/kVHFsQ5WzPk\" \/><meta itemprop=\"duration\" content=\"PT1M12S\" \/><meta itemprop=\"uploadDate\" content=\"2022-07-18T12:00:31Z\" \/><\/div><div id=\"lyte_kVHFsQ5WzPk\" data-src=\"https:\/\/www.labeljoy.com\/wp-content\/plugins\/wp-youtube-lyte\/lyteCache.php?origThumbUrl=https%3A%2F%2Fi.ytimg.com%2Fvi%2FkVHFsQ5WzPk%2Fhqdefault.jpg\" class=\"pL\"><div class=\"tC\"><div class=\"tT\" itemprop=\"name\">C\u00f3mo a\u00f1adir un salto de l\u00ednea en los c\u00f3digos QR<\/div><\/div><div class=\"play\"><\/div><div class=\"ctrl\"><div class=\"Lctrl\"><\/div><div class=\"Rctrl\"><\/div><\/div><\/div><noscript><a href=\"https:\/\/youtu.be\/kVHFsQ5WzPk\" rel=\"nofollow\"><img decoding=\"async\" src=\"https:\/\/www.labeljoy.com\/wp-content\/plugins\/wp-youtube-lyte\/lyteCache.php?origThumbUrl=https%3A%2F%2Fi.ytimg.com%2Fvi%2FkVHFsQ5WzPk%2F0.jpg\" alt=\"C&oacute;mo a&ntilde;adir un salto de l&iacute;nea en los c&oacute;digos QR\" width=\"640\" height=\"340\" \/><br \/>Mire este video en YouTube<\/a><\/noscript><meta itemprop=\"description\" content=\"C\u00f3mo a\u00f1adir el car\u00e1cter de control &quot;salto de l\u00ednea&quot; en los c\u00f3digos QR Para m\u00e1s informaci\u00f3n: https:\/\/www.labeljoy.com\/es\/trucos-consejos\/\"><\/div><\/div><div class=\"lL\" style=\"max-width:100%;width:640px;margin:5px;\"><\/div>\n<div class=\"lj-video-button hide\">\n  <a href=\"https:\/\/www.youtube.com\/embed\/kVHFsQ5WzPk?rel=0&autoplay=1\" data-featherlight=\"iframe\" data-featherlight-iframe-width=\"800\" data-featherlight-iframe-height=\"610\" data-featherlight-iframe-frameborder=\"0\" data-featherlight-iframe-allow=\"autoplay; encrypted-media\" data-featherlight-iframe-allowfullscreen=\"true\" title=\"Reproducir video tutorial\">Reproducir video tutorial <i class=\"fa fa-play-circle fa-2x\"><\/i><\/a>\n<\/div>\n","protected":false},"excerpt":{"rendered":"<p>Trucos &amp; Consejos Algunos consejos y trucos para disfrutar al m\u00e1ximo de Labeljoy C\u00f3mo a\u00f1adir un salto de l\u00ednea en los c\u00f3digos QR<\/p>\n","protected":false},"author":8,"featured_media":0,"parent":0,"menu_order":0,"comment_status":"closed","ping_status":"closed","template":"","meta":{"inline_featured_image":false,"_monsterinsights_skip_tracking":false,"_monsterinsights_sitenote_active":false,"_monsterinsights_sitenote_note":"","_monsterinsights_sitenote_category":0,"footnotes":""},"class_list":{"0":"post-38450","1":"page","2":"type-page","3":"status-publish","5":"infinite-scroll-item"},"aioseo_notices":[],"_links":{"self":[{"href":"https:\/\/www.labeljoy.com\/es\/wp-json\/wp\/v2\/pages\/38450","targetHints":{"allow":["GET"]}}],"collection":[{"href":"https:\/\/www.labeljoy.com\/es\/wp-json\/wp\/v2\/pages"}],"about":[{"href":"https:\/\/www.labeljoy.com\/es\/wp-json\/wp\/v2\/types\/page"}],"author":[{"embeddable":true,"href":"https:\/\/www.labeljoy.com\/es\/wp-json\/wp\/v2\/users\/8"}],"replies":[{"embeddable":true,"href":"https:\/\/www.labeljoy.com\/es\/wp-json\/wp\/v2\/comments?post=38450"}],"version-history":[{"count":3,"href":"https:\/\/www.labeljoy.com\/es\/wp-json\/wp\/v2\/pages\/38450\/revisions"}],"predecessor-version":[{"id":44513,"href":"https:\/\/www.labeljoy.com\/es\/wp-json\/wp\/v2\/pages\/38450\/revisions\/44513"}],"wp:attachment":[{"href":"https:\/\/www.labeljoy.com\/es\/wp-json\/wp\/v2\/media?parent=38450"}],"curies":[{"name":"wp","href":"https:\/\/api.w.org\/{rel}","templated":true}]}}