{"id":40042,"date":"2023-10-12T09:07:48","date_gmt":"2023-10-12T09:07:48","guid":{"rendered":"https:\/\/www.labeljoy.com\/?page_id=40042"},"modified":"2023-10-17T14:00:09","modified_gmt":"2023-10-17T14:00:09","slug":"gs1-data-matrix","status":"publish","type":"page","link":"https:\/\/www.labeljoy.com\/es\/soporte\/generar-codigo-barras\/gs1-data-matrix\/","title":{"rendered":"GS1 Data Matrix"},"content":{"rendered":"<h1>C\u00f3digo de barras GS1 Data Matrix<\/h1>\n<blockquote><p>GS1 Data Matrix es un tipo de <strong>c\u00f3digo de barras bidimensional<\/strong> utilizado para codificar informaci\u00f3n que puede ser le\u00edda por dispositivos de escaneado, como los lectores de c\u00f3digos de barras. Fue desarrollado por GS1, una organizaci\u00f3n internacional para el desarrollo de est\u00e1ndares de codificaci\u00f3n de datos en los sectores de la cadena de suministro y la log\u00edstica.<\/p><\/blockquote>\n<p>A continuaci\u00f3n se indica informaci\u00f3n clave sobre GS1 Data Matrix:<\/p>\n<ol>\n<li><strong>Estructura<\/strong>: GS1 Data Matrix es una matriz bidimensional formada por una serie de puntos (o celdas) dispuestos en filas y columnas. Cada punto puede ser blanco o negro, y la disposici\u00f3n de estos puntos representa los datos codificados.<\/li>\n<li><strong>Codificaci\u00f3n de datos<\/strong>: GS1 Data Matrix puede codificar una variedad de tipos de datos, incluyendo n\u00fameros de lote, fechas de caducidad, n\u00fameros de serie y otra informaci\u00f3n relacionada con el producto. Tambi\u00e9n puede contener informaci\u00f3n relacionada con la identificaci\u00f3n \u00fanica de productos usando c\u00f3digos GS1 (tales como GTIN &#8211; Global Trade Item Number).<\/li>\n<li><strong>Uso<\/strong>: GS1 Data Matrix es ampliamente utilizado en muchos sectores diferentes, incluyendo alimentos, farmac\u00e9utica, automotriz y otras industrias de la cadena de suministro. Se utiliza para rastrear e identificar productos, facilitar la gesti\u00f3n de inventarios, garantizar el cumplimiento de la normativa y mejorar la eficiencia en las operaciones de fabricaci\u00f3n y log\u00edstica.<\/li>\n<li><strong>Dimensiones<\/strong>: El tama\u00f1o de GS1 Data Matrix puede variar seg\u00fan las necesidades. Puede ser muy reducido, adecuado para objetos m\u00e1s peque\u00f1os, o m\u00e1s grande para contener m\u00e1s informaci\u00f3n. La capacidad de almacenamiento de datos puede variar en consecuencia.<\/li>\n<li><strong>Difusi\u00f3n<\/strong>: GS1 Data Matrix se utiliza ampliamente en todo el mundo y es una norma reconocida en las industrias. Su adopci\u00f3n ha sido promovida por la organizaci\u00f3n GS1, que ha elaborado directrices para el uso eficaz de este c\u00f3digo de barras en diferentes industrias.<\/li>\n<\/ol>\n<p>En resumen, <strong>GS1 Data Matrix<\/strong> es un tipo de c\u00f3digo de barras bidimensional utilizado para codificar una amplia gama de informaci\u00f3n sobre productos y mercanc\u00edas. Es un componente clave en la gesti\u00f3n de la cadena de suministro y el seguimiento de productos en muchas industrias.<\/p>\n<div class=\"column-clear\"><\/div>\n<h2>S\u00edmbolo de GS1 Data Matrix<\/h2>\n<p><img decoding=\"async\" src=\"https:\/\/www.labeljoy.com\/wp-content\/uploads\/2023\/10\/codice_a_barre_gs1_data_matrix.png\" title=\"C\u00f3digo de barras GS1 Data Matrix\" width=\"200px\" height=\"194px\"><\/p>\n<p>A continuaci\u00f3n se muestra una imagen de un GS1 Data Matrix generado a partir de este c\u00f3digo:<br \/>\n<code>(01)12345678901234(17)131231(10)ABCD1234<\/code><\/p>\n<p>En este ejemplo:<\/p>\n<ul>\n<li><code>(01)12345678901234<\/code> representa un N\u00famero Global de Art\u00edculo Comercial (GTIN) que identifica un producto espec\u00edfico.<\/li>\n<li><code>(17)131231<\/code> representa una fecha de caducidad en el formato &#8220;AAMMDD&#8221; (a\u00f1o, mes, d\u00eda).<\/li>\n<li><code>(10)ABCD1234<\/code> podr\u00eda representar un n\u00famero de lote espec\u00edfico.<\/li>\n<\/ul>\n<div class=\"column-clear\"><\/div>\n<div class=\"tt-notification tip\"><p style=\"font-size:13px;\">\nTenga en cuenta que la representaci\u00f3n real del c\u00f3digo puede variar en funci\u00f3n de las especificaciones de formato y tama\u00f1o, pero deber\u00eda servir para hacerse una idea del aspecto de una GS1 Data Matrix y de c\u00f3mo puede utilizarse para codificar productos e informaci\u00f3n relacionada con productos.<br \/>\n<\/p><\/div>\n<div class=\"hr hr-dotted\">&nbsp;<\/div>\n<div class=\"one_half\">\n<p style=\"text-align: right\"><a href=\"https:\/\/www.labeljoy.com\/es\/comprar\/\" class=\"large blue tt-button\" target=\"_self\">Compra el Generador de GS1 Data Matrix<\/a>\n<\/div>\n<div class=\"one_half\">\n<p style=\"text-align: left\">&nbsp;&nbsp; &nbsp;&nbsp;<a href=\"https:\/\/www.labeljoy.com\/es\/download-es\/\" class=\"large green tt-button\" target=\"_self\">Descarga la versi\u00f3n gratuita<\/a>\n<\/div>\n","protected":false},"excerpt":{"rendered":"<p>C\u00f3digo de barras GS1 Data Matrix GS1 Data Matrix es un tipo de c\u00f3digo de barras bidimensional utilizado para codificar informaci\u00f3n que puede ser le\u00edda por dispositivos de escaneado, como los lectores de c\u00f3digos de barras. Fue desarrollado por GS1, una organizaci\u00f3n internacional para el desarrollo de est\u00e1ndares de codificaci\u00f3n de datos en los sectores &#8230; <a title=\"GS1 Data Matrix\" class=\"read-more\" href=\"https:\/\/www.labeljoy.com\/es\/soporte\/generar-codigo-barras\/gs1-data-matrix\/\" aria-label=\"Leer m\u00e1s sobre GS1 Data Matrix\">Read more<\/a><\/p>\n","protected":false},"author":8,"featured_media":0,"parent":2785,"menu_order":0,"comment_status":"closed","ping_status":"closed","template":"","meta":{"inline_featured_image":false,"_monsterinsights_skip_tracking":false,"_monsterinsights_sitenote_active":false,"_monsterinsights_sitenote_note":"","_monsterinsights_sitenote_category":0,"footnotes":""},"class_list":{"0":"post-40042","1":"page","2":"type-page","3":"status-publish","5":"infinite-scroll-item"},"aioseo_notices":[],"_links":{"self":[{"href":"https:\/\/www.labeljoy.com\/es\/wp-json\/wp\/v2\/pages\/40042","targetHints":{"allow":["GET"]}}],"collection":[{"href":"https:\/\/www.labeljoy.com\/es\/wp-json\/wp\/v2\/pages"}],"about":[{"href":"https:\/\/www.labeljoy.com\/es\/wp-json\/wp\/v2\/types\/page"}],"author":[{"embeddable":true,"href":"https:\/\/www.labeljoy.com\/es\/wp-json\/wp\/v2\/users\/8"}],"replies":[{"embeddable":true,"href":"https:\/\/www.labeljoy.com\/es\/wp-json\/wp\/v2\/comments?post=40042"}],"version-history":[{"count":2,"href":"https:\/\/www.labeljoy.com\/es\/wp-json\/wp\/v2\/pages\/40042\/revisions"}],"predecessor-version":[{"id":40083,"href":"https:\/\/www.labeljoy.com\/es\/wp-json\/wp\/v2\/pages\/40042\/revisions\/40083"}],"up":[{"embeddable":true,"href":"https:\/\/www.labeljoy.com\/es\/wp-json\/wp\/v2\/pages\/2785"}],"wp:attachment":[{"href":"https:\/\/www.labeljoy.com\/es\/wp-json\/wp\/v2\/media?parent=40042"}],"curies":[{"name":"wp","href":"https:\/\/api.w.org\/{rel}","templated":true}]}}