{"id":41293,"date":"2024-08-20T08:45:14","date_gmt":"2024-08-20T08:45:14","guid":{"rendered":"https:\/\/www.labeljoy.com\/?page_id=41293"},"modified":"2024-08-20T08:45:14","modified_gmt":"2024-08-20T08:45:14","slug":"code-32-es","status":"publish","type":"page","link":"https:\/\/www.labeljoy.com\/es\/soporte\/generar-codigo-barras\/code-32-es\/","title":{"rendered":"Code 32"},"content":{"rendered":"<style>\n.wp-caption-text {\n    text-align: center;\n    padding-top: 15px!important;\n}\n<\/style>\n<h1>C\u00f3mo generar c\u00f3digos de barras Code 32<\/h1>\n<blockquote><p><strong>El C\u00f3digo 32<\/strong>, tambi\u00e9n conocido como C\u00f3digo Farmac\u00e9utico, es un sistema adoptado por el Ministerio de Sanidad italiano para codificar e identificar los productos farmac\u00e9uticos.<\/p><\/blockquote>\n<p>Este sistema es esencial para garantizar una gesti\u00f3n uniforme y precisa de la informaci\u00f3n sobre medicamentos, facilitando as\u00ed la trazabilidad, la distribuci\u00f3n y el control de calidad.<\/p>\n<p>Se utiliza en diversos \u00e1mbitos de la asistencia sanitaria y la farmacolog\u00eda:<\/p>\n<p><strong>Ventajas:<\/strong><\/p>\n<ul>\n<li>Trazabilidad: Permite el seguimiento de los productos a lo largo de la cadena de distribuci\u00f3n, desde el fabricante al distribuidor y hasta el punto de venta o farmacia.<\/li>\n<li>Catalogaci\u00f3n: Facilita la gesti\u00f3n de la informaci\u00f3n en las bases de datos farmac\u00e9uticas, facilitando la identificaci\u00f3n y catalogaci\u00f3n de los productos.<\/li>\n<li>Control de calidad y seguridad**: Ayuda a garantizar que los medicamentos se distribuyen y utilizan de forma segura, evitando la distribuci\u00f3n de productos falsificados o no conformes.<\/li>\n<\/ul>\n<p>Representa un elemento fundamental del sistema de gesti\u00f3n de productos farmac\u00e9uticos en Italia. Gracias a su estructura precisa y a su conversi\u00f3n a base 32, ofrece una forma eficaz de identificar de forma \u00fanica cada envase de medicamento, mejorando la seguridad y la eficacia en la gesti\u00f3n de los medicamentos.<\/p>\n<div class=\"column-clear\"><\/div>\n<h2>Estructura del c\u00f3digo<\/h2>\n<figure style=\"width: 297px\" class=\"wp-caption alignnone\"><img decoding=\"async\" width=\"277\" height=\"145\" alt=\"Code 32 symbol\" src=\"https:\/\/www.labeljoy.com\/user-guide-lj6-files\/en\/bcd_code32_1.png\" width=\"307\"><figcaption class=\"wp-caption-text\">S\u00edmbolo del Code 32<\/figcaption><\/figure>\nEl c\u00f3digo de los medicamentos de uso humano consta de nueve d\u00edgitos en total, estructurados de la siguiente manera:<\/p>\n<ol>\n<li><strong>Siete d\u00edgitos iniciales:<\/strong> Estos d\u00edgitos identifican espec\u00edficamente el tipo de envase de cada especialidad medicinal. Cada combinaci\u00f3n representa un producto \u00fanico, distinguiendo entre diferentes formulaciones, concentraciones o formas farmac\u00e9uticas de un medicamento.<\/li>\n<li><strong>D\u00edgito inicial cero:<\/strong> Este d\u00edgito se a\u00f1ade al principio del c\u00f3digo num\u00e9rico, con lo que el total asciende a ocho d\u00edgitos. Su finalidad es garantizar la longitud uniforme del c\u00f3digo, facilitando el procesamiento y la integraci\u00f3n en sistemas inform\u00e1ticos.<\/li>\n<li><strong>Car\u00e1cter de control:<\/strong> El noveno d\u00edgito es un car\u00e1cter de control, utilizado para verificar la integridad del c\u00f3digo. Este car\u00e1cter ayuda a evitar errores de transcripci\u00f3n o mecanograf\u00eda, garantizando que el c\u00f3digo introducido es correcto.<\/li>\n<\/ol>\n<div class=\"column-clear\"><\/div>\n<h2>Especificaciones t\u00e9cnicas<\/h2>\n<p>Despu\u00e9s de formar el c\u00f3digo num\u00e9rico de nueve d\u00edgitos, se convierte a un formato alfanum\u00e9rico de seis caracteres utilizando base 32. La base 32 es un sistema de numeraci\u00f3n que utiliza 32 s\u00edmbolos para representar n\u00fameros. En este contexto, los s\u00edmbolos utilizados son:<\/p>\n<ul>\n<li>Los diez d\u00edgitos decimales: 0, 1, 2, 3, 4, 5, 6, 7, 8, 9<\/li>\n<li>Las letras del alfabeto anglosaj\u00f3n, con exclusi\u00f3n de las letras A, E, I, O, para evitar posibles confusiones con los d\u00edgitos y reducir el riesgo de errores de lectura o transcripci\u00f3n.<\/li>\n<\/ul>\n<p>El resultado final es un c\u00f3digo alfanum\u00e9rico de seis caracteres, \u00fanico para cada envase de medicamento.<\/p>\n<div class=\"hr hr-dotted\">&nbsp;<\/div>\n<div class=\"one_half\">\n<p style=\"text-align: right\"><a href=\"\/es\/comprar\/\" class=\"large blue tt-button\" target=\"_self\">Compra el Generador de Code 32<\/a>\n<\/div>\n<div class=\"one_half\">\n<p style=\"text-align: left\">&nbsp;&nbsp;&nbsp;&nbsp; <a href=\"\/es\/download-es\/\" class=\"large green tt-button\" target=\"_self\"> Descarga la versi\u00f3n gratuita <\/a>\n<\/div>\n","protected":false},"excerpt":{"rendered":"<p>C\u00f3mo generar c\u00f3digos de barras Code 32 El C\u00f3digo 32, tambi\u00e9n conocido como C\u00f3digo Farmac\u00e9utico, es un sistema adoptado por el Ministerio de Sanidad italiano para codificar e identificar los productos farmac\u00e9uticos. Este sistema es esencial para garantizar una gesti\u00f3n uniforme y precisa de la informaci\u00f3n sobre medicamentos, facilitando as\u00ed la trazabilidad, la distribuci\u00f3n y &#8230; <a title=\"Code 32\" class=\"read-more\" href=\"https:\/\/www.labeljoy.com\/es\/soporte\/generar-codigo-barras\/code-32-es\/\" aria-label=\"Leer m\u00e1s sobre Code 32\">Read more<\/a><\/p>\n","protected":false},"author":8,"featured_media":0,"parent":2785,"menu_order":0,"comment_status":"closed","ping_status":"closed","template":"","meta":{"inline_featured_image":false,"_monsterinsights_skip_tracking":false,"_monsterinsights_sitenote_active":false,"_monsterinsights_sitenote_note":"","_monsterinsights_sitenote_category":0,"footnotes":""},"class_list":{"0":"post-41293","1":"page","2":"type-page","3":"status-publish","5":"infinite-scroll-item"},"aioseo_notices":[],"_links":{"self":[{"href":"https:\/\/www.labeljoy.com\/es\/wp-json\/wp\/v2\/pages\/41293","targetHints":{"allow":["GET"]}}],"collection":[{"href":"https:\/\/www.labeljoy.com\/es\/wp-json\/wp\/v2\/pages"}],"about":[{"href":"https:\/\/www.labeljoy.com\/es\/wp-json\/wp\/v2\/types\/page"}],"author":[{"embeddable":true,"href":"https:\/\/www.labeljoy.com\/es\/wp-json\/wp\/v2\/users\/8"}],"replies":[{"embeddable":true,"href":"https:\/\/www.labeljoy.com\/es\/wp-json\/wp\/v2\/comments?post=41293"}],"version-history":[{"count":2,"href":"https:\/\/www.labeljoy.com\/es\/wp-json\/wp\/v2\/pages\/41293\/revisions"}],"predecessor-version":[{"id":41295,"href":"https:\/\/www.labeljoy.com\/es\/wp-json\/wp\/v2\/pages\/41293\/revisions\/41295"}],"up":[{"embeddable":true,"href":"https:\/\/www.labeljoy.com\/es\/wp-json\/wp\/v2\/pages\/2785"}],"wp:attachment":[{"href":"https:\/\/www.labeljoy.com\/es\/wp-json\/wp\/v2\/media?parent=41293"}],"curies":[{"name":"wp","href":"https:\/\/api.w.org\/{rel}","templated":true}]}}