{"id":41419,"date":"2024-09-06T13:59:00","date_gmt":"2024-09-06T13:59:00","guid":{"rendered":"https:\/\/www.labeljoy.com\/?page_id=41419"},"modified":"2024-09-06T14:05:10","modified_gmt":"2024-09-06T14:05:10","slug":"descarga-tu-version-de-labeljoy","status":"publish","type":"page","link":"https:\/\/www.labeljoy.com\/es\/descarga-tu-version-de-labeljoy\/","title":{"rendered":"Descarga tu versi\u00f3n de Labeljoy"},"content":{"rendered":"<style>\na#download_link {\n    color: #2d59a2;\n    margin-top: 20px;\n    display: inline-block;\n}\n<\/style>\n<p style=\"text-align: center;\">Ingrese su clave de licencia y descargue la \u00faltima versi\u00f3n disponible para usted:<\/p>\n<div id=\"dlError\" class=\"tt-notification error\" style=\"display: none;\">\n<p>Praesent sed mauris turpis, at molestie enim<\/p>\n<\/div>\n<p style=\"text-align: center;\"><input id=\"dl_lang\" name=\"dl_lang\" type=\"hidden\" value=\"en\" \/><input id=\"dl_licence\" name=\"dl_licence\" type=\"text\" value=\"\" placeholder=\"xxxx-xxxx-xxxx-xxxx\" style=\"margin: 0 1em 0 0;\"\/> <input id=\"dl_my_version\" name=\"dl_my_version\" type=\"button\" value=\"Descargar Ahora\" \/><\/p>\n<div id=\"upgrade_notice\" style=\"display: none;\">\n<div class=\"tt-notification warning\">\n<p><strong>Ops, su suscripci\u00f3n ha expirado:(<\/strong><br \/>\nSi desea descargar la \u00faltima versi\u00f3n de Labeljoy, debe renovar su suscripci\u00f3n.<\/p>\n<\/div>\n<h2>Porqu\u00e9 Renovar Su Suscripci\u00f3n<\/h2>\n<p>Deber\u00edas mantener tu copia de Labeljoy <strong>constantemente actualizada<\/strong>. Esto te permitir\u00e1 acceder a nuevas y mejoradas funciones, as\u00ed como disfrutar del <strong>soporte al cliente<\/strong> de Labeljoy.<\/p>\n<p>Si no tienes tiempo para encargarte de esto, \u00a1lo haremos por ti! Desarrollamos constantemente <strong>funciones innovadoras<\/strong> y <strong>caracter\u00edsticas adicionales<\/strong>, esforz\u00e1ndonos por ofrecer un servicio completo en todos los aspectos e ideal para tu negocio.<\/p>\n<p>La mejor herramienta para crear etiquetas, c\u00f3digos QR y c\u00f3digos de barras estar\u00e1 disponible para ti <strong>en su m\u00e1ximo potencial<\/strong> solo con la \u00faltima versi\u00f3n de Labeljoy.<\/p>\n<h3 style=\"text-align: center;\">Renueve su suscripci\u00f3n y descargue la \u00faltima versi\u00f3n de Labeljoy<\/h3>\n<p style=\"text-align: center;\"><a href=\"#\" id=\"upgrade_button\" class=\"jumbo green tt-button\" title=\"Renovar Mi Suscripci\u00f3n!\"> Renovar Mi Suscripci\u00f3n! <\/a><br \/>\n<a id=\"download_link\" title=\"\" href=\"#\">No, gracias, descargar mi versi\u00f3n de Labeljoy<\/a><\/p>\n<\/div>\n<div style=\"margin-top: 10em\">\r\n<script type='text\/javascript'>\r\nvar dl_lang = \"es\";\r\nvar dl_error = new Array(\r\n   \"Por favor complete el campo de licencia\",\r\n   \"Por favor verifique el formato del c\u00f3digo de licencia\",\r\n   \"Licencia no encontrada, por favor verifique nuevamente\",\r\n);\r\n<\/script>\r\n<\/div>\n","protected":false},"excerpt":{"rendered":"<p>Ingrese su clave de licencia y descargue la \u00faltima versi\u00f3n disponible para usted: Praesent sed mauris turpis, at molestie enim Ops, su suscripci\u00f3n ha expirado:( Si desea descargar la \u00faltima versi\u00f3n de Labeljoy, debe renovar su suscripci\u00f3n. Porqu\u00e9 Renovar Su Suscripci\u00f3n Deber\u00edas mantener tu copia de Labeljoy constantemente actualizada. Esto te permitir\u00e1 acceder a nuevas &#8230; <a title=\"Descarga tu versi\u00f3n de Labeljoy\" class=\"read-more\" href=\"https:\/\/www.labeljoy.com\/es\/descarga-tu-version-de-labeljoy\/\" aria-label=\"Leer m\u00e1s sobre Descarga tu versi\u00f3n de Labeljoy\">Read more<\/a><\/p>\n","protected":false},"author":8,"featured_media":0,"parent":0,"menu_order":0,"comment_status":"closed","ping_status":"closed","template":"","meta":{"inline_featured_image":false,"_monsterinsights_skip_tracking":false,"_monsterinsights_sitenote_active":false,"_monsterinsights_sitenote_note":"","_monsterinsights_sitenote_category":0,"footnotes":""},"class_list":{"0":"post-41419","1":"page","2":"type-page","3":"status-publish","5":"infinite-scroll-item"},"aioseo_notices":[],"_links":{"self":[{"href":"https:\/\/www.labeljoy.com\/es\/wp-json\/wp\/v2\/pages\/41419","targetHints":{"allow":["GET"]}}],"collection":[{"href":"https:\/\/www.labeljoy.com\/es\/wp-json\/wp\/v2\/pages"}],"about":[{"href":"https:\/\/www.labeljoy.com\/es\/wp-json\/wp\/v2\/types\/page"}],"author":[{"embeddable":true,"href":"https:\/\/www.labeljoy.com\/es\/wp-json\/wp\/v2\/users\/8"}],"replies":[{"embeddable":true,"href":"https:\/\/www.labeljoy.com\/es\/wp-json\/wp\/v2\/comments?post=41419"}],"version-history":[{"count":2,"href":"https:\/\/www.labeljoy.com\/es\/wp-json\/wp\/v2\/pages\/41419\/revisions"}],"predecessor-version":[{"id":41426,"href":"https:\/\/www.labeljoy.com\/es\/wp-json\/wp\/v2\/pages\/41419\/revisions\/41426"}],"wp:attachment":[{"href":"https:\/\/www.labeljoy.com\/es\/wp-json\/wp\/v2\/media?parent=41419"}],"curies":[{"name":"wp","href":"https:\/\/api.w.org\/{rel}","templated":true}]}}