{"id":41647,"date":"2024-09-06T14:38:43","date_gmt":"2024-09-06T14:38:43","guid":{"rendered":"https:\/\/www.labeljoy.com\/soporte\/como-hacer\/creare-codici-a-barre-da-excel\/"},"modified":"2024-10-08T13:14:04","modified_gmt":"2024-10-08T13:14:04","slug":"crear-codigos-de-barras-desde-excel","status":"publish","type":"page","link":"https:\/\/www.labeljoy.com\/es\/soporte\/como-hacer\/crear-codigos-de-barras-desde-excel\/","title":{"rendered":"Crear c\u00f3digos de barras desde Excel"},"content":{"rendered":"<h1>Crear c\u00f3digos de barras desde Excel<\/h1>\n<p><b>Labeljoy <\/b><span style=\"font-weight: 400;\">es un software especializado para la creaci\u00f3n de c\u00f3digos de barras.<\/span><\/p>\n<p><span style=\"font-weight: 400;\">Para generar un <\/span><b>c\u00f3digo de barras<\/b><span style=\"font-weight: 400;\">, seleccione el tipo de c\u00f3digo de barras deseado e ingrese la secuencia de datos, que pueden ser num\u00e9ricos o alfanum\u00e9ricos.<\/span><\/p>\n<p><span style=\"font-weight: 400;\">Los datos pueden ser ingresados manualmente o importados desde fuentes externas, como un archivo de Excel o bases de datos como MySQL, y Oracle entre otras.<\/span><\/p>\n<p><span style=\"font-weight: 400;\">Excel es una herramienta muy utilizada en las empresas para crear listas de precios, cat\u00e1logos y directorios debido a su facilidad de uso, flexibilidad y capacidad de procesamiento. <\/span><span style=\"font-weight: 400;\">Pero tambi\u00e9n es posible obtener archivos en formato Excel con software alternativo como OpenOffice, Google Sheets y otros, sin tener que adquirir necesariamente el paquete Office.\u00a0<\/span><\/p>\n<p><span style=\"font-weight: 400;\">Este breve tutorial mostrar\u00e1 c\u00f3mo combinar el uso de <\/span><b>Excel con Labeljoy<\/b><span style=\"font-weight: 400;\"> es la manera m\u00e1s eficaz para crear e imprimir etiquetas de c\u00f3digo de barras.<\/span><\/p>\n<p><span style=\"color: #474f55; font-family: inherit; font-size: 36px; font-style: inherit; font-weight: 600; background-color: var(--base-3);\">El archivo Excel y el v\u00ednculo a la fuente de datos<\/span><\/p>\n<p><span style=\"font-weight: 400;\">Empecemos con la hoja de Excel para crear etiquetas de productos con c\u00f3digo de barras:<\/span> <span style=\"font-weight: 400;\">\u00a0 <\/span> <span style=\"font-weight: 400;\">Para este ejemplo, se utilizar\u00e1 EAN 13 (GTIN-13); por tanto hay una columna que contiene una serie de n\u00fameros (una cadena de 12 d\u00edgitos para ser exactos), una columna de precio, y una columna para la descripci\u00f3n del art\u00edculo.<\/span><\/p>\n<p><a href=\"https:\/\/www.labeljoy.com\/wp-content\/uploads\/2024\/10\/Screenshot_48.jpg\"><img decoding=\"async\" class=\"alignnone wp-image-41616 size-full\" src=\"https:\/\/www.labeljoy.com\/wp-content\/uploads\/2024\/10\/Screenshot_48.jpg\" alt=\"Crear c\u00f3digos de barras desde Excel\" width=\"795\" height=\"328\" srcset=\"https:\/\/www.labeljoy.com\/wp-content\/uploads\/2024\/10\/Screenshot_48.jpg 795w, https:\/\/www.labeljoy.com\/wp-content\/uploads\/2024\/10\/Screenshot_48-300x124.jpg 300w, https:\/\/www.labeljoy.com\/wp-content\/uploads\/2024\/10\/Screenshot_48-768x317.jpg 768w\" sizes=\"(max-width: 795px) 100vw, 795px\" \/><\/a><\/p>\n<p><span style=\"font-weight: 400;\">El siguiente paso es crear una conexi\u00f3n de datos; seleccionar Excel y continuar.<\/span><\/p>\n<p><a href=\"https:\/\/www.labeljoy.com\/wp-content\/uploads\/2024\/10\/STEP1-1.jpg\"><img decoding=\"async\" class=\"alignnone wp-image-41720 size-full\" src=\"https:\/\/www.labeljoy.com\/wp-content\/uploads\/2024\/10\/STEP1-1.jpg\" alt=\"Crear c\u00f3digos de barras desde Excel\" width=\"696\" height=\"601\" srcset=\"https:\/\/www.labeljoy.com\/wp-content\/uploads\/2024\/10\/STEP1-1.jpg 696w, https:\/\/www.labeljoy.com\/wp-content\/uploads\/2024\/10\/STEP1-1-300x259.jpg 300w\" sizes=\"(max-width: 696px) 100vw, 696px\" \/><\/a><\/p>\n<p><span style=\"font-weight: 400;\">En la siguiente pantalla, seleccionar el archivo para la conexi\u00f3n de datos dentro de este proyecto Labeljoy. <\/span><\/p>\n<p><a href=\"https:\/\/www.labeljoy.com\/wp-content\/uploads\/2024\/10\/STEP2-1.jpg\"><img decoding=\"async\" class=\"alignnone wp-image-41711 size-full\" src=\"https:\/\/www.labeljoy.com\/wp-content\/uploads\/2024\/10\/STEP2-1.jpg\" alt=\"Crear c\u00f3digos de barras desde Excel\" width=\"697\" height=\"599\" srcset=\"https:\/\/www.labeljoy.com\/wp-content\/uploads\/2024\/10\/STEP2-1.jpg 697w, https:\/\/www.labeljoy.com\/wp-content\/uploads\/2024\/10\/STEP2-1-300x258.jpg 300w\" sizes=\"(max-width: 697px) 100vw, 697px\" \/><\/a><\/p>\n<p><span style=\"font-weight: 400;\">Si la primera fila de su archivo contiene los nombres de las columnas (encabezados), seleccione la primera opci\u00f3n, si no hay nombres de columnas presentes, se utilizar\u00e1n los nombres predeterminados de la hoja de Excel (opci\u00f3n 2).<\/span><\/p>\n<p><a href=\"https:\/\/www.labeljoy.com\/wp-content\/uploads\/2024\/10\/STEP3-1.jpg\"><img decoding=\"async\" class=\"alignnone wp-image-41702 size-full\" src=\"https:\/\/www.labeljoy.com\/wp-content\/uploads\/2024\/10\/STEP3-1.jpg\" alt=\"Crear c\u00f3digos de barras desde Excel\" width=\"699\" height=\"600\" srcset=\"https:\/\/www.labeljoy.com\/wp-content\/uploads\/2024\/10\/STEP3-1.jpg 699w, https:\/\/www.labeljoy.com\/wp-content\/uploads\/2024\/10\/STEP3-1-300x258.jpg 300w\" sizes=\"(max-width: 699px) 100vw, 699px\" \/><\/a><\/p>\n<p><span style=\"font-weight: 400;\">En este punto, simplemente haga clic en Siguiente para llegar a la siguiente pantalla.<\/span><\/p>\n<p><a href=\"https:\/\/www.labeljoy.com\/wp-content\/uploads\/2024\/10\/STEP4-1.jpg\"><img decoding=\"async\" class=\"alignnone wp-image-41693 size-full\" src=\"https:\/\/www.labeljoy.com\/wp-content\/uploads\/2024\/10\/STEP4-1.jpg\" alt=\"Crear c\u00f3digos de barras desde Excel\" width=\"698\" height=\"601\" srcset=\"https:\/\/www.labeljoy.com\/wp-content\/uploads\/2024\/10\/STEP4-1.jpg 698w, https:\/\/www.labeljoy.com\/wp-content\/uploads\/2024\/10\/STEP4-1-300x258.jpg 300w\" sizes=\"(max-width: 698px) 100vw, 698px\" \/><\/a><\/p>\n<p><span style=\"font-weight: 400;\">Esta es la vista previa de los datos que se cargar\u00e1n en las etiquetas; a continuaci\u00f3n, se crear\u00e1 una etiqueta para cada fila de la lista.<\/span><\/p>\n<p><span style=\"font-weight: 400;\">Cuando el asistente finalice, regresar\u00e1 a la pantalla principal del software Labeljoy, y ver\u00e1 que el n\u00famero de etiquetas creadas es igual al n\u00famero de filas de la hoja Excel.<\/span><\/p>\n<p><a href=\"https:\/\/www.labeljoy.com\/wp-content\/uploads\/2024\/10\/STEP5-1.jpg\"><img decoding=\"async\" class=\"alignnone wp-image-41684 size-full\" src=\"https:\/\/www.labeljoy.com\/wp-content\/uploads\/2024\/10\/STEP5-1.jpg\" alt=\"Crear c\u00f3digos de barras desde Excel\" width=\"1663\" height=\"872\" srcset=\"https:\/\/www.labeljoy.com\/wp-content\/uploads\/2024\/10\/STEP5-1.jpg 1663w, https:\/\/www.labeljoy.com\/wp-content\/uploads\/2024\/10\/STEP5-1-300x157.jpg 300w, https:\/\/www.labeljoy.com\/wp-content\/uploads\/2024\/10\/STEP5-1-1024x537.jpg 1024w, https:\/\/www.labeljoy.com\/wp-content\/uploads\/2024\/10\/STEP5-1-768x403.jpg 768w, https:\/\/www.labeljoy.com\/wp-content\/uploads\/2024\/10\/STEP5-1-1536x805.jpg 1536w\" sizes=\"(max-width: 1663px) 100vw, 1663px\" \/><\/a><\/p>\n<h2 style=\"margin-top: 2em;\">C\u00f3mo vincular datos de Excel a elementos de la etiqueta Labeljoy<\/h2>\n<p><span style=\"font-weight: 400;\">Hay varias maneras de vincular datos, aqu\u00ed se muestra un ejemplo sencillo.<\/span><\/p>\n<p><a href=\"https:\/\/www.labeljoy.com\/wp-content\/uploads\/2024\/10\/STEP6-1.jpg\"><img decoding=\"async\" class=\"alignnone wp-image-41675 size-full\" src=\"https:\/\/www.labeljoy.com\/wp-content\/uploads\/2024\/10\/STEP6-1.jpg\" alt=\"Crear c\u00f3digos de barras desde Excel\" width=\"918\" height=\"583\" srcset=\"https:\/\/www.labeljoy.com\/wp-content\/uploads\/2024\/10\/STEP6-1.jpg 918w, https:\/\/www.labeljoy.com\/wp-content\/uploads\/2024\/10\/STEP6-1-300x191.jpg 300w, https:\/\/www.labeljoy.com\/wp-content\/uploads\/2024\/10\/STEP6-1-768x488.jpg 768w\" sizes=\"(max-width: 918px) 100vw, 918px\" \/><\/a><\/p>\n<p><span style=\"font-weight: 400;\">Las flechas rojas indican el uso de los campos (Columnas de Excel). Dentro de los campos hay una columna llamada NAME y a la derecha se indica uno de los primeros elementos ingresados (elemento de texto).<\/span><\/p>\n<p><span style=\"font-weight: 400;\">En este punto basta con seleccionar el campo NAME para obtener lo siguiente.<\/span><\/p>\n<p><a href=\"https:\/\/www.labeljoy.com\/wp-content\/uploads\/2024\/10\/STEP7-1.jpg\"><img decoding=\"async\" class=\"alignnone wp-image-41666 size-full\" src=\"https:\/\/www.labeljoy.com\/wp-content\/uploads\/2024\/10\/STEP7-1.jpg\" alt=\"Crear c\u00f3digos de barras desde Excel\" width=\"914\" height=\"571\" srcset=\"https:\/\/www.labeljoy.com\/wp-content\/uploads\/2024\/10\/STEP7-1.jpg 914w, https:\/\/www.labeljoy.com\/wp-content\/uploads\/2024\/10\/STEP7-1-300x187.jpg 300w, https:\/\/www.labeljoy.com\/wp-content\/uploads\/2024\/10\/STEP7-1-768x480.jpg 768w\" sizes=\"(max-width: 914px) 100vw, 914px\" \/><\/a><\/p>\n<p><span style=\"font-weight: 400;\">Ahora siga el mismo procedimiento para el elemento C\u00f3digo de Barras, seleccione EAN 13 y as\u00f3ciele el campo BARCODE, obteniendo el resultado de la siguiente imagen.<\/span><\/p>\n<p><a href=\"https:\/\/www.labeljoy.com\/wp-content\/uploads\/2024\/10\/STEP8-1.jpg\"><img decoding=\"async\" class=\"alignnone wp-image-41657 size-full\" src=\"https:\/\/www.labeljoy.com\/wp-content\/uploads\/2024\/10\/STEP8-1.jpg\" alt=\"Crear c\u00f3digos de barras desde Excel\" width=\"912\" height=\"630\" srcset=\"https:\/\/www.labeljoy.com\/wp-content\/uploads\/2024\/10\/STEP8-1.jpg 912w, https:\/\/www.labeljoy.com\/wp-content\/uploads\/2024\/10\/STEP8-1-300x207.jpg 300w, https:\/\/www.labeljoy.com\/wp-content\/uploads\/2024\/10\/STEP8-1-768x531.jpg 768w\" sizes=\"(max-width: 912px) 100vw, 912px\" \/><\/a><\/p>\n<p><span style=\"font-weight: 400;\">Como paso final, cree un elemento de texto adicional y asocie el campo PRICE. Al tratarse de un elemento de precio ser\u00eda necesario personalizar el formato, eligiendo una divisa.<\/span><\/p>\n<p><a href=\"https:\/\/www.labeljoy.com\/wp-content\/uploads\/2024\/10\/STEP9-1.jpg\"><img decoding=\"async\" class=\"alignnone wp-image-41648 size-full\" src=\"https:\/\/www.labeljoy.com\/wp-content\/uploads\/2024\/10\/STEP9-1.jpg\" alt=\"Crear c\u00f3digos de barras desde Excel\" width=\"902\" height=\"637\" srcset=\"https:\/\/www.labeljoy.com\/wp-content\/uploads\/2024\/10\/STEP9-1.jpg 902w, https:\/\/www.labeljoy.com\/wp-content\/uploads\/2024\/10\/STEP9-1-300x212.jpg 300w, https:\/\/www.labeljoy.com\/wp-content\/uploads\/2024\/10\/STEP9-1-768x542.jpg 768w\" sizes=\"(max-width: 902px) 100vw, 902px\" \/><\/a><\/p>\n","protected":false},"excerpt":{"rendered":"<p>Crear c\u00f3digos de barras desde Excel Labeljoy es un software especializado para la creaci\u00f3n de c\u00f3digos de barras. Para generar un c\u00f3digo de barras, seleccione el tipo de c\u00f3digo de barras deseado e ingrese la secuencia de datos, que pueden ser num\u00e9ricos o alfanum\u00e9ricos. Los datos pueden ser ingresados manualmente o importados desde fuentes externas, &#8230; <a title=\"Crear c\u00f3digos de barras desde Excel\" class=\"read-more\" href=\"https:\/\/www.labeljoy.com\/es\/soporte\/como-hacer\/crear-codigos-de-barras-desde-excel\/\" aria-label=\"Leer m\u00e1s sobre Crear c\u00f3digos de barras desde Excel\">Read more<\/a><\/p>\n","protected":false},"author":8,"featured_media":0,"parent":2768,"menu_order":0,"comment_status":"closed","ping_status":"closed","template":"","meta":{"inline_featured_image":false,"_monsterinsights_skip_tracking":false,"_monsterinsights_sitenote_active":false,"_monsterinsights_sitenote_note":"","_monsterinsights_sitenote_category":0,"footnotes":""},"class_list":{"0":"post-41647","1":"page","2":"type-page","3":"status-publish","5":"infinite-scroll-item"},"aioseo_notices":[],"_links":{"self":[{"href":"https:\/\/www.labeljoy.com\/es\/wp-json\/wp\/v2\/pages\/41647","targetHints":{"allow":["GET"]}}],"collection":[{"href":"https:\/\/www.labeljoy.com\/es\/wp-json\/wp\/v2\/pages"}],"about":[{"href":"https:\/\/www.labeljoy.com\/es\/wp-json\/wp\/v2\/types\/page"}],"author":[{"embeddable":true,"href":"https:\/\/www.labeljoy.com\/es\/wp-json\/wp\/v2\/users\/8"}],"replies":[{"embeddable":true,"href":"https:\/\/www.labeljoy.com\/es\/wp-json\/wp\/v2\/comments?post=41647"}],"version-history":[{"count":5,"href":"https:\/\/www.labeljoy.com\/es\/wp-json\/wp\/v2\/pages\/41647\/revisions"}],"predecessor-version":[{"id":41916,"href":"https:\/\/www.labeljoy.com\/es\/wp-json\/wp\/v2\/pages\/41647\/revisions\/41916"}],"up":[{"embeddable":true,"href":"https:\/\/www.labeljoy.com\/es\/wp-json\/wp\/v2\/pages\/2768"}],"wp:attachment":[{"href":"https:\/\/www.labeljoy.com\/es\/wp-json\/wp\/v2\/media?parent=41647"}],"curies":[{"name":"wp","href":"https:\/\/api.w.org\/{rel}","templated":true}]}}