{"id":42575,"date":"2024-11-08T09:41:31","date_gmt":"2024-11-08T09:41:31","guid":{"rendered":"https:\/\/www.labeljoy.com\/warum-labeljoy-in-der-originalversion\/"},"modified":"2024-11-15T11:37:51","modified_gmt":"2024-11-15T11:37:51","slug":"por-que-elegir-labeljoy-original","status":"publish","type":"page","link":"https:\/\/www.labeljoy.com\/es\/por-que-elegir-labeljoy-original\/","title":{"rendered":"Por qu\u00e9 elegir Labeljoy original"},"content":{"rendered":"\n<p>Utilizar versiones pirateadas, descargadas ilegalmente o crackeadas de software como<strong> Labeljoy Barcode Software<\/strong> puede parecer una forma f\u00e1cil de ahorrar dinero. En realidad, esta elecci\u00f3n conlleva <strong>riesgos significativos<\/strong> que deberia conocer. Descubra por qu\u00e9 <strong>evitar <\/strong>las<strong> versiones crackeadas de Labeljoy<\/strong> es la opci\u00f3n m\u00e1s segura.<\/p>\n\n\n\n<figure class=\"gb-block-image gb-block-image-306c912b\"><img decoding=\"async\" width=\"1000\" height=\"490\" class=\"gb-image gb-image-306c912b\" src=\"https:\/\/www.labeljoy.com\/wp-content\/uploads\/2024\/11\/labeljoy-no-piracy.jpg\" alt=\"labeljoy-no-piracy\" title=\"Por qu\u00e9 elegir Labeljoy original\" srcset=\"https:\/\/www.labeljoy.com\/wp-content\/uploads\/2024\/11\/labeljoy-no-piracy.jpg 1000w, https:\/\/www.labeljoy.com\/wp-content\/uploads\/2024\/11\/labeljoy-no-piracy-300x147.jpg 300w, https:\/\/www.labeljoy.com\/wp-content\/uploads\/2024\/11\/labeljoy-no-piracy-768x376.jpg 768w\" sizes=\"(max-width: 1000px) 100vw, 1000px\" \/><\/figure>\n\n\n\n<h2 class=\"gb-headline gb-headline-de2ea2cd gb-headline-text\">Riesgos de seguridad de software pirateado<\/h2>\n\n\n\n<p>Software pirateado es a menudo un veh\u00edculo para <strong>virus <\/strong>y<strong> malware<\/strong> que pueden comprometer su ordenador y poner en riesgo sus <strong>datos personales<\/strong>. Las versiones crackeadas de Labeljoy pueden contener amenazas ocultas con riesgo de:<\/p>\n\n\n\n<ul class=\"wp-block-list\">\n<li>Detectar y <strong>robar datos sensibles<\/strong>.<\/li>\n\n\n\n<li><strong>Da\u00f1ar <\/strong>archivos del sistema.<\/li>\n\n\n\n<li>Convertir su dispositivo en un \u00ab<strong>zombi<\/strong>\u00bb para actividades fraudulentas en l\u00ednea.<\/li>\n<\/ul>\n\n\n\n<p><strong>Labeljoy <\/strong>protege los archivos creados por usuarios leg\u00edtimos con avanzados sistemas de seguridad. Cada archivo se marca de forma invisible y se vuelve inutilizable si se genera de forma ilegal. Esto significa que los usuarios de software pirata pueden descubrir al final que su trabajo no ha servido <strong>para nada<\/strong>.<\/p>\n\n\n\n<h3 class=\"gb-headline gb-headline-edf9094a gb-headline-text\">Riesgo de p\u00e9rdida de datos<\/h3>\n\n\n\n<p>Las <strong>versiones pirateadas<\/strong> de <strong>Labeljoy<\/strong> y otros programas son inestables y pueden provocar la <strong>p\u00e9rdida de documentos importantes<\/strong>, fotos y otros datos sensibles. El uso de software pirateado es un riesgo importante para la seguridad de su informaci\u00f3n personal.<\/p>\n\n\n\n<h3 class=\"gb-headline gb-headline-d6775a31 gb-headline-text\">Consecuencias legales y problemas de asistencia<\/h3>\n\n\n\n<h4 class=\"gb-headline gb-headline-b09eb3c0 gb-headline-text\">Infracci\u00f3n de las normativas<\/h4>\n\n\n\n<p>Descargar y utilizar <strong>software ilegal<\/strong> constituye una infracci\u00f3n de la ley y puede llevar a muchos <strong>problemas legales<\/strong> serios. Elegir una versi\u00f3n legal de Labeljoy asegura su <strong>tranquilidad<\/strong> al evitar potenciales medidas sancionadoras.<\/p>\n\n\n\n<h4 class=\"gb-headline gb-headline-fc4f00af gb-headline-text\">Sin asistencia ni soporte t\u00e9cnico<\/h4>\n\n\n\n<p>Al utilizar software pirata, <strong>no tendr\u00e1 acceso <\/strong>a <strong>servicio de asistencia<\/strong> al cliente ni a <strong>soporte t\u00e9cnico<\/strong>. Si surgen problemas, habr\u00e1 que resolverlos sin ayuda, con la consiguiente <strong>p\u00e9rdida de tiempo y recursos<\/strong>.<\/p>\n\n\n\n<h3 class=\"gb-headline gb-headline-6b64d108 gb-headline-text\">Problemas de rendimiento y da\u00f1os a la reputaci\u00f3n<\/h3>\n\n\n\n<h4 class=\"gb-headline gb-headline-01af2324 gb-headline-text\">Ordenador ralentizado e inestable<\/h4>\n\n\n\n<p>Los programas piratas suelen estar contaminados con <strong>errores<\/strong> y ralentizan el rendimiento de su dispositivo. El uso de una versi\u00f3n pirata de Labeljoy puede causar un <strong>mal funcionamiento<\/strong> del sistema y<strong> problemas de estabilidad<\/strong>.<\/p>\n\n\n\n<h4 class=\"gb-headline gb-headline-e83e1d3c gb-headline-text\">Riesgos para la reputaci\u00f3n corporativa<\/h4>\n\n\n\n<p>El uso de <strong>software pirateado<\/strong> representa un riesgo para la <strong>reputaci\u00f3n institucional<\/strong> de las empresas. Adoptar soluciones no autorizadas puede crear una imagen negativa y <strong>da\u00f1ar la confianza<\/strong> de los clientes.<\/p>\n\n\n\n<figure class=\"gb-block-image gb-block-image-89cd1315\"><img decoding=\"async\" width=\"1280\" height=\"731\" class=\"gb-image gb-image-89cd1315\" src=\"https:\/\/www.labeljoy.com\/wp-content\/uploads\/2024\/11\/img-2.jpg\" alt=\"computer-software-original\" title=\"Por qu\u00e9 elegir Labeljoy original\" srcset=\"https:\/\/www.labeljoy.com\/wp-content\/uploads\/2024\/11\/img-2.jpg 1280w, https:\/\/www.labeljoy.com\/wp-content\/uploads\/2024\/11\/img-2-300x171.jpg 300w, https:\/\/www.labeljoy.com\/wp-content\/uploads\/2024\/11\/img-2-1024x585.jpg 1024w, https:\/\/www.labeljoy.com\/wp-content\/uploads\/2024\/11\/img-2-768x439.jpg 768w\" sizes=\"(max-width: 1280px) 100vw, 1280px\" \/><\/figure>\n\n\n\n<h2 class=\"gb-headline gb-headline-6b9c87d1 gb-headline-text\">Por qu\u00e9 elegir Labeljoy original<\/h2>\n\n\n\n<p>Adquirir una versi\u00f3n original de <strong>Labeljoy Barcode Software <\/strong>es una inversi\u00f3n en seguridad y eficiencia. Los beneficios incluyen:<\/p>\n\n\n\n<ul class=\"wp-block-list\">\n<li><strong>Seguridad<\/strong>: la versi\u00f3n original de Labeljoy est\u00e1 protegida y actualizada, manteniendo su sistema a salvo de <strong>malware<\/strong>.<\/li>\n\n\n\n<li><strong>Fiabilidad<\/strong>: el software original funciona de forma estable, sin <strong>ralentizaciones<\/strong> ni errores.<\/li>\n\n\n\n<li><strong>Asistencia al cliente<\/strong>: siempre que sea necesario, puede contar con un <strong>servicio de atenci\u00f3n al cliente<\/strong> calificado.<\/li>\n\n\n\n<li><strong>Legitimidad<\/strong>: utilizar software original para cumplir las leyes y trabajar con<strong> tranquilidad<\/strong>.<\/li>\n\n\n\n<li><strong>Desarrollo<\/strong>: al elegir la versi\u00f3n legal, apoya el trabajo de los desarrolladores y favorece las<strong> mejoras <\/strong>e<strong> innovaciones <\/strong>del software.<\/li>\n<\/ul>\n\n\n\n<h2 class=\"gb-headline gb-headline-3b76b7a7 gb-headline-text\">Invertir en software original es la elecci\u00f3n acertada<\/h2>\n\n\n\n<p>En conclusi\u00f3n, invertir en la versi\u00f3n original de<strong> Labeljoy<\/strong> no s\u00f3lo lo protege de los riesgos de <strong>malware<\/strong> y <strong>p\u00e9rdida de datos<\/strong>, sino que tambi\u00e9n le garantiza asistencia y soporte t\u00e9cnico. Para su <strong>tranquilidad <\/strong>y<strong> productividad<\/strong>, se merece la seguridad y fiabilidad que s\u00f3lo una versi\u00f3n original puede ofrecer.<\/p>\n","protected":false},"excerpt":{"rendered":"<p>Utilizar versiones pirateadas, descargadas ilegalmente o crackeadas de software como Labeljoy Barcode Software puede parecer una forma f\u00e1cil de ahorrar dinero. En realidad, esta elecci\u00f3n conlleva riesgos significativos que deberia conocer. Descubra por qu\u00e9 evitar las versiones crackeadas de Labeljoy es la opci\u00f3n m\u00e1s segura. Riesgos de seguridad de software pirateado Software pirateado es a &#8230; <a title=\"Por qu\u00e9 elegir Labeljoy original\" class=\"read-more\" href=\"https:\/\/www.labeljoy.com\/es\/por-que-elegir-labeljoy-original\/\" aria-label=\"Leer m\u00e1s sobre Por qu\u00e9 elegir Labeljoy original\">Read more<\/a><\/p>\n","protected":false},"author":18,"featured_media":42530,"parent":0,"menu_order":0,"comment_status":"closed","ping_status":"closed","template":"","meta":{"inline_featured_image":false,"_monsterinsights_skip_tracking":false,"_monsterinsights_sitenote_active":false,"_monsterinsights_sitenote_note":"","_monsterinsights_sitenote_category":0,"footnotes":""},"class_list":{"0":"post-42575","1":"page","2":"type-page","3":"status-publish","4":"has-post-thumbnail","6":"infinite-scroll-item"},"aioseo_notices":[],"_links":{"self":[{"href":"https:\/\/www.labeljoy.com\/es\/wp-json\/wp\/v2\/pages\/42575","targetHints":{"allow":["GET"]}}],"collection":[{"href":"https:\/\/www.labeljoy.com\/es\/wp-json\/wp\/v2\/pages"}],"about":[{"href":"https:\/\/www.labeljoy.com\/es\/wp-json\/wp\/v2\/types\/page"}],"author":[{"embeddable":true,"href":"https:\/\/www.labeljoy.com\/es\/wp-json\/wp\/v2\/users\/18"}],"replies":[{"embeddable":true,"href":"https:\/\/www.labeljoy.com\/es\/wp-json\/wp\/v2\/comments?post=42575"}],"version-history":[{"count":1,"href":"https:\/\/www.labeljoy.com\/es\/wp-json\/wp\/v2\/pages\/42575\/revisions"}],"predecessor-version":[{"id":42576,"href":"https:\/\/www.labeljoy.com\/es\/wp-json\/wp\/v2\/pages\/42575\/revisions\/42576"}],"wp:featuredmedia":[{"embeddable":true,"href":"https:\/\/www.labeljoy.com\/es\/wp-json\/wp\/v2\/media\/42530"}],"wp:attachment":[{"href":"https:\/\/www.labeljoy.com\/es\/wp-json\/wp\/v2\/media?parent=42575"}],"curies":[{"name":"wp","href":"https:\/\/api.w.org\/{rel}","templated":true}]}}